{"id":764,"date":"2022-12-17T17:42:31","date_gmt":"2022-12-17T17:42:31","guid":{"rendered":"https:\/\/petworld.ma\/?post_type=product&#038;p=764"},"modified":"2026-04-27T10:48:43","modified_gmt":"2026-04-27T10:48:43","slug":"royal-canin-kitten-2-kg-4-kg-ou-10-kg","status":"publish","type":"product","link":"https:\/\/petworld.ma\/index.php\/produit\/royal-canin-kitten-2-kg-4-kg-ou-10-kg\/","title":{"rendered":"Royal Canin Kitten 2 kg | 4 kg |10 kg"},"content":{"rendered":"<div>\n<div>\n<h2>Aliment complet et \u00e9quilibr\u00e9 pour chats &#8211; Sp\u00e9cial chatons 2\u00e8me \u00e2ge (jusqu\u2019\u00e0 12 mois).<\/h2>\n<\/div>\n<\/div>\n<div>La croissance est une \u00e9tape essentielle dans la vie de votre chaton, car c\u2019est une p\u00e9riode de grands changements, de d\u00e9couvertes importantes et de nouvelles rencontres. Pendant cette p\u00e9riode, il est important de s\u2019assurer que votre chaton re\u00e7oive tous les nutriments dont il a besoin pour favoriser une croissance et un d\u00e9veloppement sain. \u00a0 Le deuxi\u00e8me \u00e2ge de croissance est une \u00e9tape cl\u00e9 pour votre chaton, car son syst\u00e8me immunitaire continue progressivement de se d\u00e9velopper mais il n\u2019est pas encore mature. La formule ROYAL CANIN\u00ae Kitten contribue \u00e0 renforcer les d\u00e9fenses naturelles de votre chaton pendant cette p\u00e9riode, notamment gr\u00e2ce \u00e0 un complexe d\u2019antioxydants, dont la tr\u00e8s b\u00e9n\u00e9fique vitamine E. \u00a0 ROYAL CANIN\u00ae Kitten convient aux chatons jusqu\u2019\u00e0 12 mois et pr\u00e9sente une meilleure tol\u00e9rance digestive gr\u00e2ce \u00e0 la L.I.P., une prot\u00e9ine s\u00e9lectionn\u00e9e pour son taux de digestibilit\u00e9 de 90%. \u00a0 Pour r\u00e9pondre aux pr\u00e9f\u00e9rences individuelles de chaque chat, ROYAL CANIN\u00ae Kitten est \u00e9galement disponible sous forme d&rsquo;\u00e9minc\u00e9s en sauce, en gel\u00e9e ou en mousse. Si vous envisagez une alimentation mixte, suivez simplement nos instructions pour vous assurer que votre chat re\u00e7oit une quantit\u00e9 ad\u00e9quate d\u2019aliments secs et humides pour un b\u00e9n\u00e9fice optimal.<\/div>\n<div><\/div>\n<div><strong>\u00a0 \u00a0BENEFICES :<\/strong><\/div>\n<div>\n<ul>\n<li>\n<div>Soutien du syst\u00e8me immunitaire<\/div>\n<div>La croissance est une \u00e9tape essentielle dans la vie de votre chaton\u00a0: c\u2019est le moment des grands changements, des d\u00e9couvertes et des nouvelles rencontres. Durant cette p\u00e9riode cl\u00e9, le syst\u00e8me immunitaire du chaton se construit progressivement. ROYAL CANIN\u00ae Kitten aide \u00e0 soutenir les d\u00e9fenses naturelles de votre chaton 2e \u00e2ge notamment gr\u00e2ce \u00e0 un complexe d\u2019antioxydants comprenant de la vitamine E.<\/div>\n<\/li>\n<li>\n<div>Sant\u00e9 digestive<\/div>\n<div>Tol\u00e9rance digestive renforc\u00e9e gr\u00e2ce \u00e0 des prot\u00e9ines hautement digestibles (L.I.P.*) et \u00e0 des pr\u00e9biotiques (dont FOS). *Prot\u00e9ines s\u00e9lectionn\u00e9es pour leur tr\u00e8s haute digestibilit\u00e9.<\/div>\n<\/li>\n<li>\n<div>Croissance saine<\/div>\n<div>Teneur adapt\u00e9e en prot\u00e9ines, vitamines et min\u00e9raux, notamment vitamine D et calcium. Contenu \u00e9nerg\u00e9tique \u00e9lev\u00e9 pour s\u2019adapter \u00e0 cette p\u00e9riode intense de croissance.<\/div>\n<\/li>\n<li>\n<div>L.I.P.<\/div>\n<div>Prot\u00e9ines s\u00e9lectionn\u00e9es pour leur digestibilit\u00e9 sup\u00e9rieure \u00e0 90 % (Royal Canin).<\/div>\n<\/li>\n<\/ul>\n<p><strong>\u00a0 \u00a0INFORMATIONS NUTRITIONELLES :<\/strong><\/p>\n<div>Composition : prot\u00e9ines de volaille d\u00e9shydrat\u00e9es, riz, isolat de prot\u00e9ines v\u00e9g\u00e9tales*, graisses animales, farine de ma\u00efs, hydrolysat de prot\u00e9ines animales, farine de bl\u00e9, gluten de ma\u00efs, levures et composants de levures, pulpe de betterave, fibres v\u00e9g\u00e9tales, huile de poisson, huile de soja, sels min\u00e9raux, fructo-oligosaccharides (0,38 %), t\u00e9guments et graines de psyllium, hydrolysat de levure (source de mannan-oligosaccharides), extrait de levure (source de b\u00eata-glucans), extrait de rose d\u2019Inde (source de lut\u00e9ine).<\/div>\n<p>Additifs (au kg)\u00a0: Additifs nutritionnels\u00a0: Vitamine A\u00a0: 21500\u00a0UI, Vitamine D3\u00a0: 800\u00a0UI, Vitamine E\u00a0: 600\u00a0mg, E1 (Fer)\u00a0: 32,3\u00a0mg, E2 (Iode)\u00a0: 3,2\u00a0mg, E4 (Cuivre)\u00a0: 9,9\u00a0mg, E5 (Mangan\u00e8se)\u00a0: 42\u00a0mg, E6 (Zinc)\u00a0: 116,5\u00a0mg, E8 (S\u00e9l\u00e9nium)\u00a0: 0,05\u00a0mg\u00a0&#8211; Additifs technologiques\u00a0: Clinoptilolite d\u2019origine s\u00e9dimentaire\u00a0: 10\u00a0g\u00a0&#8211; Conservateurs\u00a0&#8211; Antioxyg\u00e8nes.<\/p>\n<p>Constituants Analytiques : Prot\u00e9ine : 36 % &#8211; Teneur en mati\u00e8res grasses : 18 % &#8211; Cendres brutes : 7,7 % &#8211; Cellulose brute : 2,3 % &#8211; Calcium : 1,2 %.<\/p>\n<p>Mode d&#8217;emploi : voir tableau. Num\u00e9ro de lot et d\u2019identifiant usine, \u00e0 utiliser de pr\u00e9f\u00e9rence avant : voir sur l\u2019emballage. \u00c0 conserver dans un endroit sec et frais.<\/p>\n<p><strong>\u00a0 \u00a0RATIONS :<\/strong><\/p>\n<div data-gtm-vis-first-on-screen-40760133_376=\"176955\" data-gtm-vis-first-on-screen-40760133_379=\"176955\" data-gtm-vis-has-fired-40760133_376=\"1\" data-gtm-vis-has-fired-40760133_379=\"1\" data-gtm-vis-total-visible-time-40760133_376=\"500\" data-gtm-vis-total-visible-time-40760133_379=\"500\" data-tms=\"Product description\">\n<div>\n<div>\n<div>\n<div>\n<div>\n<table>\n<thead>\n<tr>\n<th>\u00c2ge du chaton (mois)<\/th>\n<th>1 &#8211; 2 mois<\/th>\n<th>3 &#8211; 4 mois<\/th>\n<th>5 &#8211; 6 mois<\/th>\n<th>7 &#8211; 12 mois<\/th>\n<\/tr>\n<\/thead>\n<tbody>\n<tr>\n<td>Poids du chaton (kg)<\/td>\n<td>0.4kg &#8211; 1kg<\/td>\n<td>1.3kg &#8211; 2kg<\/td>\n<td>2.3kg &#8211; 2.9kg<\/td>\n<td>3.1kg &#8211; 4kg<\/td>\n<\/tr>\n<tr>\n<td>Rationnement<\/td>\n<td>29g &#8211; 48g<\/td>\n<td>61g &#8211; 66g<\/td>\n<td>67g &#8211; 69g<\/td>\n<td>51g &#8211; 64g<\/td>\n<\/tr>\n<\/tbody>\n<\/table>\n<p><a href=\"https:\/\/wa.me\/212708052510\" target=\"_blank\" rel=\"noopener noreferrer\"><img decoding=\"async\" class=\"fr-fic fr-dib aligncenter\" src=\"https:\/\/cdn.youcan.shop\/stores\/d0742d556df94ddbc7ae4c9810aff04b\/others\/iDNijlUMVg9rOKXLcq0yDLWWuShGjxqxpHC3TPlg.png\" width=\"315\" height=\"83\" data-name=\"stores\/d0742d556df94ddbc7ae4c9810aff04b\/others\/iDNijlUMVg9rOKXLcq0yDLWWuShGjxqxpHC3TPlg.png\" \/><\/a><\/p>\n<\/div>\n<\/div>\n<\/div>\n<\/div>\n<\/div>\n<\/div>\n<\/div>\n","protected":false},"excerpt":{"rendered":"<p>Aliment complet et \u00e9quilibr\u00e9 pour chats &#8211; Sp\u00e9cial chatons 2\u00e8me \u00e2ge (jusqu\u2019\u00e0 12 mois). La croissance est une \u00e9tape essentielle dans la vie de votre chaton, car c\u2019est une p\u00e9riode de grands changements, de d\u00e9couvertes importantes et de nouvelles rencontres. Pendant cette p\u00e9riode, il est important de s\u2019assurer que votre chaton re\u00e7oive tous les nutriments [&#8230;]\n","protected":false},"featured_media":768,"template":"","meta":{"jetpack_publicize_message":"","jetpack_publicize_feature_enabled":true,"jetpack_social_post_already_shared":false,"jetpack_social_options":{"image_generator_settings":{"template":"highway","default_image_id":0,"font":"","enabled":false},"version":2}},"product_brand":[],"product_cat":[40],"product_tag":[],"class_list":{"0":"post-764","1":"product","2":"type-product","3":"status-publish","4":"has-post-thumbnail","6":"product_cat-coquettes-pour-chat","8":"first","9":"instock","10":"taxable","11":"shipping-taxable","12":"purchasable","13":"product-type-variable"},"supplier_id":null,"supplier_sku":"","barcode":null,"atum_controlled":true,"out_stock_date":null,"out_stock_threshold":null,"inheritable":true,"inbound_stock":0,"stock_on_hold":3,"sold_today":1,"sales_last_days":12,"reserved_stock":0,"customer_returns":0,"warehouse_damage":0,"lost_in_post":0,"other_logs":0,"out_stock_days":0,"lost_sales":0,"has_location":false,"update_date":"2026-04-28T12:41:56","atum_locations":[],"atum_stock_status":"instock","restock_status":false,"low_stock_amount":"","sales_update_date":"2026-04-28T12:41:56","calc_backorders":null,"jetpack_publicize_connections":[],"jetpack_sharing_enabled":true,"batches":[],"_links":{"self":[{"href":"https:\/\/petworld.ma\/index.php\/wp-json\/wp\/v2\/product\/764","targetHints":{"allow":["GET"]}}],"collection":[{"href":"https:\/\/petworld.ma\/index.php\/wp-json\/wp\/v2\/product"}],"about":[{"href":"https:\/\/petworld.ma\/index.php\/wp-json\/wp\/v2\/types\/product"}],"wp:featuredmedia":[{"embeddable":true,"href":"https:\/\/petworld.ma\/index.php\/wp-json\/wp\/v2\/media\/768"}],"wp:attachment":[{"href":"https:\/\/petworld.ma\/index.php\/wp-json\/wp\/v2\/media?parent=764"}],"wp:term":[{"taxonomy":"product_brand","embeddable":true,"href":"https:\/\/petworld.ma\/index.php\/wp-json\/wp\/v2\/product_brand?post=764"},{"taxonomy":"product_cat","embeddable":true,"href":"https:\/\/petworld.ma\/index.php\/wp-json\/wp\/v2\/product_cat?post=764"},{"taxonomy":"product_tag","embeddable":true,"href":"https:\/\/petworld.ma\/index.php\/wp-json\/wp\/v2\/product_tag?post=764"}],"curies":[{"name":"wp","href":"https:\/\/api.w.org\/{rel}","templated":true}]}}