{"id":7691,"date":"2024-04-01T14:40:45","date_gmt":"2024-04-01T14:40:45","guid":{"rendered":"https:\/\/petworld.ma\/?post_type=product&#038;p=7691"},"modified":"2026-05-09T14:38:18","modified_gmt":"2026-05-09T14:38:18","slug":"brit-care-pouchons-pour-chat-sterilise-healthy-rabbit-lapin-in-gravy-85-g","status":"publish","type":"product","link":"https:\/\/petworld.ma\/index.php\/produit\/brit-care-pouchons-pour-chat-sterilise-healthy-rabbit-lapin-in-gravy-85-g\/","title":{"rendered":"Brit Care Pochons en Sauce Pour Chat St\u00e9rilis\u00e9 Healthy Rabbit (Lapin) 85 g"},"content":{"rendered":"<div class=\"hidden-xs\">Filets en Sauce au Lapin Sain Enrichis en Argousier et Capucine.\u00a0Aliment complet sans c\u00e9r\u00e9ales Superpremium pour chats adultes st\u00e9rilis\u00e9s.<\/div>\n<div class=\"benefits\">\n<p>L\u2019alimentation du f\u00e9lin doit \u00eatre diversifi\u00e9e, savoureuse et surtout saine.\u00a0Les d\u00e9licieux sachets Brit Care servent \u00e0 la fois d&rsquo;aliment complet et de d\u00e9licieux compl\u00e9ment \u00e0 la nourriture s\u00e8che pour plus de vari\u00e9t\u00e9 et de saveur.\u00a0Ils conviennent particuli\u00e8rement aux chats tr\u00e8s exigeants ou aux chats ayant une alimentation probl\u00e9matique.\u00a0Gr\u00e2ce \u00e0 l&rsquo;ajout d&rsquo;argousier et de capucine, ils aident \u00e0 pr\u00e9venir les maladies des voies urinaires.<\/p>\n<\/div>\n<ul>\n<li>Formule sans c\u00e9r\u00e9ales<\/li>\n<li>85% de viande en filets<\/li>\n<li>Appel de saveur<\/li>\n<li>Antioxydants naturels : extrait de romarin<\/li>\n<\/ul>\n<p class=\"composition\"><strong>Composition :<\/strong>\u00a0filets \u00e0 85% viande (62% poulet, 15% foie, 8% lapin), bouillon, 1 % argousier, 0,5 % capucine, min\u00e9raux, f\u00e9cule de pois.<\/p>\n<p><strong>Ingr\u00e9dients analytiques :<\/strong>\u00a0prot\u00e9ines brutes 9,0 %, mati\u00e8res grasses brutes 3,0 %, fibres brutes 0,5 %, cendres brutes 2,0 %, humidit\u00e9 82,0 %, calcium 0,25 %, phosphore 0,2 %, sodium 0,3 %.<\/p>\n<p><strong>Composition nutritionnelle :<\/strong>\u00a0vitamine D3 (E671) 250 UI, vitamine E (3a700) 150 mg, biotine (3a880) 0,5 mg, zinc (3b606) 12 mg, mangan\u00e8se (3b502) 3 mg, fer (3b103) 10 mg, cuivre (3b405). ) 0,4 mg, iode (3b201) 0,7 mg, taurine (3a370) 500 mg, L-m\u00e9thionine (3c305) 2 000 mg.<\/p>\n<p><strong>\u00c9nergie m\u00e9tabolisable :<\/strong>\u00a0840 kcal\/kg.<\/p>\n","protected":false},"excerpt":{"rendered":"<p>Filets en Sauce au Lapin Sain Enrichis en Argousier et Capucine.\u00a0Aliment complet sans c\u00e9r\u00e9ales Superpremium pour chats adultes st\u00e9rilis\u00e9s. L\u2019alimentation du f\u00e9lin doit \u00eatre diversifi\u00e9e, savoureuse et surtout saine.\u00a0Les d\u00e9licieux sachets Brit Care servent \u00e0 la fois d&rsquo;aliment complet et de d\u00e9licieux compl\u00e9ment \u00e0 la nourriture s\u00e8che pour plus de vari\u00e9t\u00e9 et de saveur.\u00a0Ils conviennent [&#8230;]\n","protected":false},"featured_media":7692,"template":"","meta":{"jetpack_publicize_message":"","jetpack_publicize_feature_enabled":true,"jetpack_social_post_already_shared":false,"jetpack_social_options":{"image_generator_settings":{"template":"highway","default_image_id":0,"font":"","enabled":false},"version":2}},"product_brand":[],"product_cat":[41],"product_tag":[],"class_list":{"0":"post-7691","1":"product","2":"type-product","3":"status-publish","4":"has-post-thumbnail","6":"product_cat-friandises-et-pate-pour-chat","8":"first","9":"instock","10":"taxable","11":"shipping-taxable","12":"purchasable","13":"product-type-simple"},"supplier_id":5590,"supplier_sku":"","barcode":null,"atum_controlled":true,"out_stock_date":null,"out_stock_threshold":null,"inheritable":false,"inbound_stock":0,"stock_on_hold":0,"sold_today":0,"sales_last_days":55,"reserved_stock":0,"customer_returns":0,"warehouse_damage":0,"lost_in_post":0,"other_logs":0,"out_stock_days":0,"lost_sales":0,"has_location":false,"update_date":"2026-05-13T00:22:29","atum_locations":[],"atum_stock_status":"instock","restock_status":false,"low_stock_amount":24,"sales_update_date":"2026-05-13T00:22:29","calc_backorders":null,"jetpack_publicize_connections":[],"jetpack_sharing_enabled":true,"batches":[{"id":"2631","date_created":"2025-03-30 22:17:50","date_expiry":"2026-11-21 00:00:00","user_id":"2461","batch_number":"BritCPochSauChatSt\u00e9rilHealthyRabbit85g211126","location":"","quantity":"192.0000","quantity_available":"0.0000","units":"1","status":"archived","order_ids":"[19915,19984,20117,20206,22408,22448,23118,23238,23451,23470,23668,23796,23981,24260,24307,24448,24466,24777,24907,25057,25194,25320,25375,25537,25616,25669,25703,25766,26051,26294,26465,26712,26734,26766,26946,27734,27861,27996,28354,28482,28663,28693,28916,29201,29269]","supplier":"Brit","po":{"id":"2599","date_created":"2025-03-30 22:17:53","batch_id":"2631","po_number":"","supplier":"Brit","cost":null,"regular_price":null,"sale_price":null,"price_margin":null,"price_discount":null}},{"id":"2674","date_created":"2025-04-04 21:55:06","date_expiry":"2026-11-21 00:00:00","user_id":"2461","batch_number":"BritCPochSauChatSt\u00e9rilHealthyRabbit85g211126","location":"","quantity":"48.0000","quantity_available":"0.0000","units":"1","status":"archived","order_ids":"[20254,20398,20427,20482,20519,20635,20931,21034,21053,21392,21459,21823,21832,21912,22011,22028,22059,22264,22361,22379,32418,32522,32656]","supplier":"Brit","po":{"id":"2641","date_created":"2025-04-04 21:55:07","batch_id":"2674","po_number":"","supplier":"Brit","cost":null,"regular_price":null,"sale_price":null,"price_margin":null,"price_discount":null}},{"id":"4722","date_created":"2025-08-08 09:47:53","date_expiry":"2027-06-20 00:00:00","user_id":"2461","batch_number":"BritCPochSauChatSt\u00e9rilHealthyRabbit85g200627","location":"","quantity":"144.0000","quantity_available":"0.0000","units":"1","status":"archived","order_ids":"[29339,29349,29503,29549,29606,29608,29821,29900,29987,30362,30585,30723,30907,31121,31218,31238,29388,31335,31640,31726,31835,31904,32056,32656,32886,33518,33595,33940,34149,34657,34684,34711,34814,35244,35310,35450,35471,35476,35627,35738,35794,36195,36335]","supplier":"Brit","po":{"id":"4686","date_created":"2025-08-08 09:47:59","batch_id":"4722","po_number":"","supplier":"Brit","cost":null,"regular_price":null,"sale_price":null,"price_margin":null,"price_discount":null}},{"id":"8419","date_created":"2026-03-23 12:26:58","date_expiry":"2027-02-20 00:00:00","user_id":"2461","batch_number":"BritCPochSauChatSt\u00e9rilHealthyRabbit85g200227","location":"","quantity":"240.0000","quantity_available":"141.0000","units":"1","status":"active","order_ids":"[38518,38591,38633,38753,39119,39148,39357,39495,39683,39701,39840,40032,40392,40397,40429,40571,40626,40787,40821,41174,41197,41199,41211,41291,41295,41678]","supplier":"BRIT","po":{"id":"8347","date_created":"2026-03-23 12:26:58","batch_id":"8419","po_number":"","supplier":"BRIT","cost":null,"regular_price":null,"sale_price":null,"price_margin":null,"price_discount":null}}],"_links":{"self":[{"href":"https:\/\/petworld.ma\/index.php\/wp-json\/wp\/v2\/product\/7691","targetHints":{"allow":["GET"]}}],"collection":[{"href":"https:\/\/petworld.ma\/index.php\/wp-json\/wp\/v2\/product"}],"about":[{"href":"https:\/\/petworld.ma\/index.php\/wp-json\/wp\/v2\/types\/product"}],"wp:featuredmedia":[{"embeddable":true,"href":"https:\/\/petworld.ma\/index.php\/wp-json\/wp\/v2\/media\/7692"}],"wp:attachment":[{"href":"https:\/\/petworld.ma\/index.php\/wp-json\/wp\/v2\/media?parent=7691"}],"wp:term":[{"taxonomy":"product_brand","embeddable":true,"href":"https:\/\/petworld.ma\/index.php\/wp-json\/wp\/v2\/product_brand?post=7691"},{"taxonomy":"product_cat","embeddable":true,"href":"https:\/\/petworld.ma\/index.php\/wp-json\/wp\/v2\/product_cat?post=7691"},{"taxonomy":"product_tag","embeddable":true,"href":"https:\/\/petworld.ma\/index.php\/wp-json\/wp\/v2\/product_tag?post=7691"}],"curies":[{"name":"wp","href":"https:\/\/api.w.org\/{rel}","templated":true}]}}