{"id":7765,"date":"2024-04-04T15:20:50","date_gmt":"2024-04-04T15:20:50","guid":{"rendered":"https:\/\/petworld.ma\/?post_type=product&#038;p=7765"},"modified":"2026-02-14T23:33:15","modified_gmt":"2026-02-14T23:33:15","slug":"collier-anti-traction-trixie-premium-noir-pour-grand-chien","status":"publish","type":"product","link":"https:\/\/petworld.ma\/index.php\/produit\/collier-anti-traction-trixie-premium-noir-pour-grand-chien\/","title":{"rendered":"Collier anti-traction Trixie Premium, Noir pour Grand Chien 45-70cm"},"content":{"rendered":"<p>Facilitez-vous la vie gr\u00e2ce au collier anti-traction Trixie Premium et profitez pleinement de vos promenades avec votre chien ! Lorsque le chien tire, le collier\u00a0<b>se resserre automatiquement sur son cou<\/b>. Le collier se rel\u00e2che d\u00e8s que la laisse est \u00e0 nouveau d\u00e9tendue.<\/p>\n<p>Le collier anti-traction de Trixie est\u00a0<strong>r\u00e9glable en continu dans la largeur<\/strong>\u00a0pour s&rsquo;adapter parfaitement au cou de votre chien. Pour l&rsquo;enfiler, il suffit de le passer par-dessus la t\u00eate du chien : il ne pr\u00e9sente\u00a0<strong>aucune fermeture<\/strong>\u00a0qui pourrait compliquer sa mise en place. Il poss\u00e8de un anneau pour fixer la laisse et un \u0153illet pour accrocher une m\u00e9daille ou un pendentif lumineux.<\/p>\n<p><strong>Caract\u00e9ristiques du collier anti-traction Trixie Premium, noir pour chien :<\/strong><\/p>\n<ul>\n<li style=\"list-style-type: none\">\n<ul>\n<li>beau collier anti-traction pour les chiens de moyennes \u00e0 grandes races<\/li>\n<li><strong>anti-traction :\u00a0<\/strong>le collier se resserre automatiquement sur le cou du chien lorsqu&rsquo;il tire et\u00a0se rel\u00e2che quand la laisse est \u00e0 nouveau d\u00e9tendue<\/li>\n<li><strong>r\u00e9glable en continu :\u00a0<\/strong>s&rsquo;ajuste dans la longueur pour s&rsquo;adapter au cou du chien<\/li>\n<li><strong>facile d&rsquo;utilisation :<\/strong>\u00a0s&rsquo;enfile par-dessus la t\u00eate, ne peut pas s&rsquo;ouvrir<\/li>\n<li>mat\u00e9riaux r\u00e9sistants : en polyester robuste en en m\u00e9tal<\/li>\n<li>\u0153illet pratique au niveau du logo : pour accrocher une m\u00e9daille ou un pendentif lumineux<\/li>\n<li>style sobre et \u00e9l\u00e9gant : s&rsquo;associe facilement avec d&rsquo;autres accessoires<\/li>\n<li>anneau : pour fixer la laisse<\/li>\n<li><strong>type de fermeture :\u00a0<\/strong>cha\u00eene<\/li>\n<li><strong>mat\u00e9riaux :<\/strong>\n<ul>\n<li>collier : polyester<\/li>\n<li>anneau, cha\u00eene, coulisse : m\u00e9tal<\/li>\n<li>logo avec \u0153illet : plastique<\/li>\n<\/ul>\n<\/li>\n<li><strong>coloris :\u00a0<\/strong>noir<\/li>\n<li><strong>dimensions :\u00a0<\/strong>taille L\u2013XL : 45\u201370 cm de tour de cou, l\u00a02,5 cm<\/li>\n<\/ul>\n<\/li>\n<\/ul>\n","protected":false},"excerpt":{"rendered":"<p>Produite de qualit\u00e9 import\u00e9 d&rsquo;Europe<\/p>\n","protected":false},"featured_media":7766,"template":"","meta":{"jetpack_publicize_message":"","jetpack_publicize_feature_enabled":true,"jetpack_social_post_already_shared":false,"jetpack_social_options":{"image_generator_settings":{"template":"highway","default_image_id":0,"font":"","enabled":false},"version":2}},"product_brand":[],"product_cat":[92,106],"product_tag":[],"class_list":{"0":"post-7765","1":"product","2":"type-product","3":"status-publish","4":"has-post-thumbnail","6":"product_cat-harnais-et-laisses-pour-chien","7":"product_cat-jouet-et-dressage","9":"first","10":"instock","11":"taxable","12":"shipping-taxable","13":"purchasable","14":"product-type-simple"},"supplier_id":5587,"supplier_sku":"76117","barcode":null,"atum_controlled":true,"out_stock_date":null,"out_stock_threshold":null,"inheritable":false,"inbound_stock":0,"stock_on_hold":0,"sold_today":0,"sales_last_days":0,"reserved_stock":0,"customer_returns":0,"warehouse_damage":0,"lost_in_post":0,"other_logs":0,"out_stock_days":0,"lost_sales":0,"has_location":false,"update_date":"2026-05-01T00:16:33","atum_locations":[],"atum_stock_status":"instock","restock_status":false,"low_stock_amount":0,"sales_update_date":"2026-05-01T00:16:33","calc_backorders":null,"jetpack_publicize_connections":[],"jetpack_sharing_enabled":true,"batches":[],"_links":{"self":[{"href":"https:\/\/petworld.ma\/index.php\/wp-json\/wp\/v2\/product\/7765","targetHints":{"allow":["GET"]}}],"collection":[{"href":"https:\/\/petworld.ma\/index.php\/wp-json\/wp\/v2\/product"}],"about":[{"href":"https:\/\/petworld.ma\/index.php\/wp-json\/wp\/v2\/types\/product"}],"wp:featuredmedia":[{"embeddable":true,"href":"https:\/\/petworld.ma\/index.php\/wp-json\/wp\/v2\/media\/7766"}],"wp:attachment":[{"href":"https:\/\/petworld.ma\/index.php\/wp-json\/wp\/v2\/media?parent=7765"}],"wp:term":[{"taxonomy":"product_brand","embeddable":true,"href":"https:\/\/petworld.ma\/index.php\/wp-json\/wp\/v2\/product_brand?post=7765"},{"taxonomy":"product_cat","embeddable":true,"href":"https:\/\/petworld.ma\/index.php\/wp-json\/wp\/v2\/product_cat?post=7765"},{"taxonomy":"product_tag","embeddable":true,"href":"https:\/\/petworld.ma\/index.php\/wp-json\/wp\/v2\/product_tag?post=7765"}],"curies":[{"name":"wp","href":"https:\/\/api.w.org\/{rel}","templated":true}]}}