{"id":7800,"date":"2024-04-06T13:33:11","date_gmt":"2024-04-06T13:33:11","guid":{"rendered":"https:\/\/petworld.ma\/index.php\/produit\/simba-20kg-boeuf\/"},"modified":"2026-03-12T16:20:59","modified_gmt":"2026-03-12T16:20:59","slug":"simba-20kg-boeuf","status":"publish","type":"product","link":"https:\/\/petworld.ma\/index.php\/produit\/simba-20kg-boeuf\/","title":{"rendered":"Simba Croquettes Viande 20kg"},"content":{"rendered":"<p>SIMBA CAT CROQUETTES AU BOEUF est un aliment complet pour chat adulte.\u00a0La formulation a \u00e9t\u00e9 d\u00e9velopp\u00e9e avec une combinaison sp\u00e9cifique de vitamines A-D3-E pour r\u00e9pondre aux besoins nutritionnels des chats.\u00a0\u00a0Une alimentation \u00e9quilibr\u00e9e formul\u00e9e avec des ingr\u00e9dients de qualit\u00e9 comme la viande de b\u0153uf, source de prot\u00e9ines et de min\u00e9raux, s\u00e9lectionn\u00e9s pour sa capacit\u00e9 naturelle \u00e0 r\u00e9pondre aux besoins quotidiens des animaux.\u00a0\u00a0Sans colorants artificiels ni conservateurs ajout\u00e9s.<\/p>\n<p><strong>Composition:<\/strong><\/p>\n<p>C\u00e9r\u00e9ales, viandes et d\u00e9riv\u00e9s (5% b\u0153uf), huiles et graisses, sous-produits d&rsquo;origine v\u00e9g\u00e9tale, levures, substances min\u00e9rales.<\/p>\n<p><strong>Composants analytiques\u00a0:<\/strong><\/p>\n<p>Prot\u00e9ines brutes : 26 %, Cellulose brute : 2,5 %, Mati\u00e8res grasses brutes : 11 %, Cendres brutes : 8,5 %.\u00a0\u00a0\u00c9nergie m\u00e9tabolisable 3835 kcal\/kg.<\/p>\n<p><strong>ADDITIFS NUTRITIONNELS<\/strong>\u00a0\/kg : Vitamine A (ac\u00e9tate de r\u00e9tinyle) 15 000 UI, Vitamine D3 1 050 UI, Vitamine E (ac\u00e9tate d&rsquo;alpha-tocoph\u00e9ryle) 45 mg, S\u00e9l\u00e9nium (s\u00e9l\u00e9nite de sodium 0,17 mg) 0,08 mg, Mangan\u00e8se (sulfate de mangan\u00e8se monohydrat\u00e9 40 mg) 13 mg, Zinc (oxyde de zinc 75,8 mg) : 61,2 mg, Cuivre (sulfate de cuivre(II) pentahydrat\u00e9 20,4 mg) 5,2 mg, Fer (II) monohydrat\u00e9 132 mg) 43,7 mg, Iode (iodate de calcium anhydre 1,07 mg) 0,7 mg, DL-m\u00e9thionine techniquement pure 1 000 mg, taurine : 600 mg.<\/p>\n<p><strong>ADDITIFS TECHNOLOGIQUES :<\/strong>\u00a0Antioxydants.<\/p>\n<p><strong>Instructions d&rsquo;alimentation\u00a0:<\/strong><\/p>\n<p>La ration journali\u00e8re recommand\u00e9e indiqu\u00e9e dans le tableau pr\u00e9sent sur le sachet et peut \u00eatre r\u00e9partie en 2 repas quotidiens.\u00a0Les quantit\u00e9s peuvent \u00eatre adapt\u00e9es selon la taille, l&rsquo;\u00e2ge et les conditions de vie de l&rsquo;animal.\u00a0\u00a0Laissez toujours de l\u2019eau fra\u00eeche et propre \u00e0 disposition.\u00a0\u00a0Lorsque le produit remplace un autre type d&rsquo;aliment et\/ou de r\u00e9gime, il est recommand\u00e9 de l&rsquo;introduire progressivement, sur au moins 1 semaine.\u00a0\u00a0Aliments pour chats impropres \u00e0 la consommation humaine.<\/p>\n","protected":false},"excerpt":{"rendered":"<p>Made in Italy!!<\/p>\n","protected":false},"featured_media":7816,"template":"","meta":{"jetpack_publicize_message":"","jetpack_publicize_feature_enabled":true,"jetpack_social_post_already_shared":false,"jetpack_social_options":{"image_generator_settings":{"template":"highway","default_image_id":0,"font":"","enabled":false},"version":2}},"product_brand":[],"product_cat":[40],"product_tag":[],"class_list":{"0":"post-7800","1":"product","2":"type-product","3":"status-publish","4":"has-post-thumbnail","6":"product_cat-coquettes-pour-chat","8":"first","9":"instock","10":"taxable","11":"shipping-taxable","12":"purchasable","13":"product-type-simple"},"supplier_id":5588,"supplier_sku":"1609","barcode":null,"atum_controlled":true,"out_stock_date":null,"out_stock_threshold":null,"inheritable":false,"inbound_stock":0,"stock_on_hold":0,"sold_today":0,"sales_last_days":0,"reserved_stock":0,"customer_returns":0,"warehouse_damage":0,"lost_in_post":0,"other_logs":0,"out_stock_days":0,"lost_sales":0,"has_location":false,"update_date":"2026-05-06T00:17:17","atum_locations":[],"atum_stock_status":"instock","restock_status":false,"low_stock_amount":1,"sales_update_date":"2026-05-06T00:17:17","calc_backorders":0,"jetpack_publicize_connections":[],"jetpack_sharing_enabled":true,"batches":[{"id":"658","date_created":"2024-10-18 17:23:34","date_expiry":"2026-04-28 00:00:00","user_id":"2760","batch_number":"SIMBACHAT20KG280426","location":"","quantity":"1.0000","quantity_available":"0.0000","units":"1","status":"archived","order_ids":"[16625]","supplier":"mera","po":{"id":"639","date_created":"2024-10-18 17:23:34","batch_id":"658","po_number":"","supplier":"mera","cost":null,"regular_price":null,"sale_price":null,"price_margin":null,"price_discount":null}},{"id":"659","date_created":"2024-10-18 17:33:36","date_expiry":"2025-11-08 00:00:00","user_id":"2760","batch_number":"SIMBACHAT20KG081125","location":"","quantity":"1.0000","quantity_available":"0.0000","units":"1","status":"archived","order_ids":"[15115]","supplier":"mera","po":{"id":"640","date_created":"2024-10-18 17:33:37","batch_id":"659","po_number":"","supplier":"mera","cost":null,"regular_price":null,"sale_price":null,"price_margin":null,"price_discount":null}},{"id":"1986","date_created":"2025-02-13 20:48:28","date_expiry":"2026-06-22 00:00:00","user_id":"2760","batch_number":"SIMBACHAT20KG220626","location":"","quantity":"5.0000","quantity_available":"0.0000","units":"1","status":"archived","order_ids":"[18661,18936,25504,26729,28278]","supplier":"mera","po":{"id":"1958","date_created":"2025-02-13 20:48:31","batch_id":"1986","po_number":"","supplier":"mera","cost":null,"regular_price":null,"sale_price":null,"price_margin":null,"price_discount":null}},{"id":"5659","date_created":"2025-10-07 14:57:50","date_expiry":"2026-08-18 00:00:00","user_id":"2760","batch_number":"SIMBACHAT20KG180826","location":"","quantity":"2.0000","quantity_available":"1.0000","units":"1","status":"active","order_ids":"[31796]","supplier":"mera","po":{"id":"5614","date_created":"2025-10-07 14:57:52","batch_id":"5659","po_number":"","supplier":"mera","cost":null,"regular_price":null,"sale_price":null,"price_margin":null,"price_discount":null}},{"id":"6685","date_created":"2025-12-15 09:49:25","date_expiry":"2026-08-18 00:00:00","user_id":"2760","batch_number":"SIMBACHAT20KG180826","location":"","quantity":"5.0000","quantity_available":"5.0000","units":"1","status":"active","order_ids":null,"supplier":"MERA","po":{"id":"6631","date_created":"2025-12-15 09:49:26","batch_id":"6685","po_number":"","supplier":"MERA","cost":null,"regular_price":null,"sale_price":null,"price_margin":null,"price_discount":null}}],"_links":{"self":[{"href":"https:\/\/petworld.ma\/index.php\/wp-json\/wp\/v2\/product\/7800","targetHints":{"allow":["GET"]}}],"collection":[{"href":"https:\/\/petworld.ma\/index.php\/wp-json\/wp\/v2\/product"}],"about":[{"href":"https:\/\/petworld.ma\/index.php\/wp-json\/wp\/v2\/types\/product"}],"wp:featuredmedia":[{"embeddable":true,"href":"https:\/\/petworld.ma\/index.php\/wp-json\/wp\/v2\/media\/7816"}],"wp:attachment":[{"href":"https:\/\/petworld.ma\/index.php\/wp-json\/wp\/v2\/media?parent=7800"}],"wp:term":[{"taxonomy":"product_brand","embeddable":true,"href":"https:\/\/petworld.ma\/index.php\/wp-json\/wp\/v2\/product_brand?post=7800"},{"taxonomy":"product_cat","embeddable":true,"href":"https:\/\/petworld.ma\/index.php\/wp-json\/wp\/v2\/product_cat?post=7800"},{"taxonomy":"product_tag","embeddable":true,"href":"https:\/\/petworld.ma\/index.php\/wp-json\/wp\/v2\/product_tag?post=7800"}],"curies":[{"name":"wp","href":"https:\/\/api.w.org\/{rel}","templated":true}]}}