{"id":7817,"date":"2024-04-07T15:41:56","date_gmt":"2024-04-07T15:41:56","guid":{"rendered":"https:\/\/petworld.ma\/?post_type=product&#038;p=7817"},"modified":"2026-03-12T16:41:48","modified_gmt":"2026-03-12T16:41:48","slug":"simba-croquettes-poulet-20kg","status":"publish","type":"product","link":"https:\/\/petworld.ma\/index.php\/produit\/simba-croquettes-poulet-20kg\/","title":{"rendered":"Simba Croquettes Poulet Pour Chat 20kg"},"content":{"rendered":"<p><strong>SIMBA<\/strong> <b>CAT CROQUETTES AU POULET<\/b>\u00a0est un aliment complet pour chat adulte. La formulation a \u00e9t\u00e9 d\u00e9velopp\u00e9e avec une combinaison d\u00e9di\u00e9e de vitamines A-D3-E pour r\u00e9pondre aux besoins nutritionnels des chats. Une alimentation \u00e9quilibr\u00e9e formul\u00e9e avec des ingr\u00e9dients de qualit\u00e9 comme le poulet, source de prot\u00e9ines et min\u00e9raux, choisis pour leur capacit\u00e9 naturelle \u00e0 r\u00e9pondre aux besoins quotidiens des animaux. Sans colorants ni conservateurs artificiels ajout\u00e9s.<br \/>\n<strong>Information nutritionnelle:-<\/strong><\/p>\n<p><strong>Composition :-<\/strong>\u00a0C\u00e9r\u00e9ales, viandes et sous-produits animaux (poulet 5%), huiles et graisses, sous-produits d&rsquo;origine v\u00e9g\u00e9tale, levures, min\u00e9raux.<\/p>\n<p><strong><span dir=\"ltr\" role=\"presentation\">Constituants analytiques\u00a0:\u00a0&#8211;<\/span><\/strong>\u00a0Prot\u00e9ines brutes\u00a0: 26\u00a0%, Cellulose brute\u00a0: 2,5\u00a0%, Mati\u00e8res grasses brutes\u00a0: 11\u00a0%, Cendres brutes\u00a0: 8,5\u00a0%. \u00c9nergie m\u00e9tabolis\u00e9e : 3835 kcal\/kg.<\/p>\n","protected":false},"excerpt":{"rendered":"<p>Made in Italy!!<\/p>\n","protected":false},"featured_media":7818,"template":"","meta":{"jetpack_publicize_message":"","jetpack_publicize_feature_enabled":true,"jetpack_social_post_already_shared":false,"jetpack_social_options":{"image_generator_settings":{"template":"highway","default_image_id":0,"font":"","enabled":false},"version":2}},"product_brand":[],"product_cat":[40],"product_tag":[],"class_list":{"0":"post-7817","1":"product","2":"type-product","3":"status-publish","4":"has-post-thumbnail","6":"product_cat-coquettes-pour-chat","8":"first","9":"instock","10":"taxable","11":"shipping-taxable","12":"purchasable","13":"product-type-simple"},"supplier_id":5588,"supplier_sku":"","barcode":null,"atum_controlled":true,"out_stock_date":null,"out_stock_threshold":null,"inheritable":false,"inbound_stock":0,"stock_on_hold":0,"sold_today":0,"sales_last_days":0,"reserved_stock":0,"customer_returns":0,"warehouse_damage":0,"lost_in_post":0,"other_logs":0,"out_stock_days":0,"lost_sales":0,"has_location":false,"update_date":"2026-05-09T00:19:46","atum_locations":[],"atum_stock_status":"instock","restock_status":false,"low_stock_amount":3,"sales_update_date":"2026-05-09T00:19:46","calc_backorders":0,"jetpack_publicize_connections":[],"jetpack_sharing_enabled":true,"batches":[{"id":"929","date_created":"2024-11-23 18:12:57","date_expiry":"2025-11-07 00:00:00","user_id":"2760","batch_number":"SIMBACroqChatPoulet20KG071125","location":"","quantity":"1.0000","quantity_available":"0.0000","units":"1","status":"archived","order_ids":"[14944]","supplier":"mera","po":{"id":"906","date_created":"2024-11-23 18:12:57","batch_id":"929","po_number":"","supplier":"mera","cost":null,"regular_price":null,"sale_price":null,"price_margin":null,"price_discount":null}},{"id":"1143","date_created":"2024-12-11 01:38:17","date_expiry":"2026-04-22 00:00:00","user_id":"2760","batch_number":"SIMBACroqChatPoulet20KG22042026","location":"","quantity":"1.0000","quantity_available":"0.0000","units":"1","status":"archived","order_ids":"[15593]","supplier":"mera","po":{"id":"1119","date_created":"2024-12-11 01:38:17","batch_id":"1143","po_number":"","supplier":"mera","cost":null,"regular_price":null,"sale_price":null,"price_margin":null,"price_discount":null}},{"id":"1985","date_created":"2025-02-13 20:45:47","date_expiry":"2026-06-22 00:00:00","user_id":"2760","batch_number":"SIMBACroqChatPoulet20KG220626","location":"","quantity":"5.0000","quantity_available":"0.0000","units":"1","status":"archived","order_ids":"[18661,18927,18936,20207,21330]","supplier":"mera","po":{"id":"1957","date_created":"2025-02-13 20:45:50","batch_id":"1985","po_number":"","supplier":"mera","cost":null,"regular_price":null,"sale_price":null,"price_margin":null,"price_discount":null}},{"id":"3519","date_created":"2025-05-19 20:55:59","date_expiry":"2026-08-18 00:00:00","user_id":"2760","batch_number":"SIMBACroqChatPoulet20KG180826","location":"","quantity":"3.0000","quantity_available":"0.0000","units":"1","status":"archived","order_ids":"[23893,24280,25379]","supplier":"mera","po":{"id":"3486","date_created":"2025-05-19 20:55:59","batch_id":"3519","po_number":"","supplier":"mera","cost":null,"regular_price":null,"sale_price":null,"price_margin":null,"price_discount":null}},{"id":"4867","date_created":"2025-08-10 17:16:33","date_expiry":"2026-08-18 00:00:00","user_id":"2760","batch_number":"SIMBACroqChatPoulet20KG180826","location":"","quantity":"1.0000","quantity_available":"0.0000","units":"1","status":"archived","order_ids":"[26457]","supplier":"mera","po":{"id":"4831","date_created":"2025-08-10 17:16:34","batch_id":"4867","po_number":"","supplier":"mera","cost":null,"regular_price":null,"sale_price":null,"price_margin":null,"price_discount":null}},{"id":"5210","date_created":"2025-09-08 09:04:33","date_expiry":"2026-08-18 00:00:00","user_id":"2760","batch_number":"SIMBACroqChatPoulet20KG180826","location":"","quantity":"1.0000","quantity_available":"0.0000","units":"1","status":"archived","order_ids":"[27975]","supplier":"mera","po":{"id":"5167","date_created":"2025-09-08 09:04:33","batch_id":"5210","po_number":"","supplier":"mera","cost":null,"regular_price":null,"sale_price":null,"price_margin":null,"price_discount":null}},{"id":"5516","date_created":"2025-09-25 10:58:13","date_expiry":"2026-11-13 00:00:00","user_id":"2760","batch_number":"SIMBACroqChatPoulet20KG131126","location":"","quantity":"2.0000","quantity_available":"0.0000","units":"1","status":"archived","order_ids":"[28496,29091]","supplier":"mera","po":{"id":"5470","date_created":"2025-09-25 10:58:14","batch_id":"5516","po_number":"","supplier":"mera","cost":null,"regular_price":null,"sale_price":null,"price_margin":null,"price_discount":null}},{"id":"5597","date_created":"2025-10-02 09:59:05","date_expiry":"2026-11-13 00:00:00","user_id":"2760","batch_number":"SIMBACroqChatPoulet20KG131126","location":"","quantity":"1.0000","quantity_available":"0.0000","units":"1","status":"archived","order_ids":"[28756]","supplier":"mera","po":{"id":"5551","date_created":"2025-10-02 09:59:08","batch_id":"5597","po_number":"","supplier":"mera","cost":null,"regular_price":null,"sale_price":null,"price_margin":null,"price_discount":null}},{"id":"5791","date_created":"2025-10-18 13:35:24","date_expiry":"2026-11-13 00:00:00","user_id":"2760","batch_number":"SIMBACroqChatPoulet20KG131126","location":"","quantity":"2.0000","quantity_available":"0.0000","units":"1","status":"archived","order_ids":"[29572,34812,35984,37156,37182]","supplier":"mera","po":{"id":"5741","date_created":"2025-10-18 13:35:25","batch_id":"5791","po_number":"","supplier":"mera","cost":null,"regular_price":null,"sale_price":null,"price_margin":null,"price_discount":null}},{"id":"5982","date_created":"2025-11-04 13:23:07","date_expiry":"2027-01-31 00:00:00","user_id":"2760","batch_number":"SIMBACroqChatPoulet20KG310127","location":"","quantity":"3.0000","quantity_available":"3.0000","units":"1","status":"active","order_ids":null,"supplier":"mera","po":{"id":"5925","date_created":"2025-11-04 13:23:07","batch_id":"5982","po_number":"","supplier":"mera","cost":null,"regular_price":null,"sale_price":null,"price_margin":null,"price_discount":null}},{"id":"6681","date_created":"2025-12-15 09:39:52","date_expiry":"2027-05-12 00:00:00","user_id":"2760","batch_number":"SIMBACroqChatPoulet20KG12052027","location":"","quantity":"4.0000","quantity_available":"4.0000","units":"1","status":"active","order_ids":null,"supplier":"mera","po":{"id":"6627","date_created":"2025-12-15 09:39:53","batch_id":"6681","po_number":"","supplier":"mera","cost":null,"regular_price":null,"sale_price":null,"price_margin":null,"price_discount":null}}],"_links":{"self":[{"href":"https:\/\/petworld.ma\/index.php\/wp-json\/wp\/v2\/product\/7817","targetHints":{"allow":["GET"]}}],"collection":[{"href":"https:\/\/petworld.ma\/index.php\/wp-json\/wp\/v2\/product"}],"about":[{"href":"https:\/\/petworld.ma\/index.php\/wp-json\/wp\/v2\/types\/product"}],"wp:featuredmedia":[{"embeddable":true,"href":"https:\/\/petworld.ma\/index.php\/wp-json\/wp\/v2\/media\/7818"}],"wp:attachment":[{"href":"https:\/\/petworld.ma\/index.php\/wp-json\/wp\/v2\/media?parent=7817"}],"wp:term":[{"taxonomy":"product_brand","embeddable":true,"href":"https:\/\/petworld.ma\/index.php\/wp-json\/wp\/v2\/product_brand?post=7817"},{"taxonomy":"product_cat","embeddable":true,"href":"https:\/\/petworld.ma\/index.php\/wp-json\/wp\/v2\/product_cat?post=7817"},{"taxonomy":"product_tag","embeddable":true,"href":"https:\/\/petworld.ma\/index.php\/wp-json\/wp\/v2\/product_tag?post=7817"}],"curies":[{"name":"wp","href":"https:\/\/api.w.org\/{rel}","templated":true}]}}