{"id":7848,"date":"2024-04-09T10:58:44","date_gmt":"2024-04-09T10:58:44","guid":{"rendered":"https:\/\/petworld.ma\/?post_type=product&#038;p=7848"},"modified":"2025-11-05T14:09:20","modified_gmt":"2025-11-05T14:09:20","slug":"lit-premium-chat-chien-canijess-ultradoux-78x60x22cm-bleu","status":"publish","type":"product","link":"https:\/\/petworld.ma\/index.php\/produit\/lit-premium-chat-chien-canijess-ultradoux-78x60x22cm-bleu\/","title":{"rendered":"Lit premium Chat\/Chien Canijess ultradoux (78x60x22cm) Bleu"},"content":{"rendered":"<p>Tissu tr\u00e8s doux, assure un endroit chaud et confortable pour dormir pour votre chien ou votre chat.<\/p>\n<p>Confort de couchage optimal gr\u00e2ce \u00e0 la zone de couchage moelleuse et au rembourrage en polyester doux.<\/p>\n<p>Lavage \u00e0 la main recommand\u00e9.<\/p>\n<p>&nbsp;<\/p>\n<p>Dimensions : <span style=\"font-size: 14.4px\">L 78 cm x 60 cm x 22 cm<\/span><\/p>\n","protected":false},"excerpt":{"rendered":"<p>Tissu tr\u00e8s doux, assure un endroit chaud et confortable pour dormir pour votre chien ou votre chat. Confort de couchage optimal gr\u00e2ce \u00e0 la zone de couchage moelleuse et au rembourrage en polyester doux. Lavage \u00e0 la main recommand\u00e9. &nbsp; Dimensions : L 78 cm x 60 cm x 22 cm<\/p>\n","protected":false},"featured_media":7849,"template":"","meta":{"jetpack_publicize_message":"","jetpack_publicize_feature_enabled":true,"jetpack_social_post_already_shared":false,"jetpack_social_options":{"image_generator_settings":{"template":"highway","default_image_id":0,"font":"","enabled":false},"version":2}},"product_brand":[],"product_cat":[124,125],"product_tag":[],"class_list":{"0":"post-7848","1":"product","2":"type-product","3":"status-publish","4":"has-post-thumbnail","6":"product_cat-lits-et-cages","7":"product_cat-lits-et-cages-chien","9":"first","10":"onbackorder","11":"sale","12":"taxable","13":"shipping-taxable","14":"purchasable","15":"product-type-simple"},"supplier_id":5587,"supplier_sku":"","barcode":null,"atum_controlled":true,"out_stock_date":"2025-11-05 14:09:21","out_stock_threshold":null,"inheritable":false,"inbound_stock":0,"stock_on_hold":0,"sold_today":0,"sales_last_days":0,"reserved_stock":0,"customer_returns":0,"warehouse_damage":0,"lost_in_post":0,"other_logs":0,"out_stock_days":189,"lost_sales":0,"has_location":false,"update_date":"2026-05-14T00:01:10","atum_locations":[],"atum_stock_status":"onbackorder","restock_status":false,"low_stock_amount":0,"sales_update_date":"2026-05-14T00:01:10","calc_backorders":0,"jetpack_publicize_connections":[],"jetpack_sharing_enabled":true,"batches":[],"_links":{"self":[{"href":"https:\/\/petworld.ma\/index.php\/wp-json\/wp\/v2\/product\/7848","targetHints":{"allow":["GET"]}}],"collection":[{"href":"https:\/\/petworld.ma\/index.php\/wp-json\/wp\/v2\/product"}],"about":[{"href":"https:\/\/petworld.ma\/index.php\/wp-json\/wp\/v2\/types\/product"}],"wp:featuredmedia":[{"embeddable":true,"href":"https:\/\/petworld.ma\/index.php\/wp-json\/wp\/v2\/media\/7849"}],"wp:attachment":[{"href":"https:\/\/petworld.ma\/index.php\/wp-json\/wp\/v2\/media?parent=7848"}],"wp:term":[{"taxonomy":"product_brand","embeddable":true,"href":"https:\/\/petworld.ma\/index.php\/wp-json\/wp\/v2\/product_brand?post=7848"},{"taxonomy":"product_cat","embeddable":true,"href":"https:\/\/petworld.ma\/index.php\/wp-json\/wp\/v2\/product_cat?post=7848"},{"taxonomy":"product_tag","embeddable":true,"href":"https:\/\/petworld.ma\/index.php\/wp-json\/wp\/v2\/product_tag?post=7848"}],"curies":[{"name":"wp","href":"https:\/\/api.w.org\/{rel}","templated":true}]}}