{"id":7857,"date":"2024-04-09T11:43:24","date_gmt":"2024-04-09T11:43:24","guid":{"rendered":"https:\/\/petworld.ma\/?post_type=product&#038;p=7857"},"modified":"2026-04-03T16:22:24","modified_gmt":"2026-04-03T16:22:24","slug":"carnilove-cat-sensitive","status":"publish","type":"product","link":"https:\/\/petworld.ma\/index.php\/produit\/carnilove-cat-sensitive\/","title":{"rendered":"Carnilove Croquettes Cat Salmon Sensitive (DIGESTION SENSIBLE, POIL LONG) 2kg | 6kg"},"content":{"rendered":"<div class=\"container pt-30\">\n<div class=\"row\">\n<div class=\"col-12\">\n<div class=\"container pt-30\">\n<div class=\"row\">\n<div class=\"col-10\">\n<div class=\"container pt-30\">\n<div class=\"row\">\n<div class=\"col-10\">\n<p class=\"benefits__content\">FORMULE SANS CEREALES ET SANS POMMES DE TERRE POUR LES CHATS ADULTES AYANT UN SYSTEME DIGESTIF SENSIBLE OU LE POIL LONG. ALIMENT COMPLET POUR CHATS.<\/p>\n<p class=\"benefits__content\">Pour rester en forme, les chats adultes ont besoin d&rsquo;une alimentation riche en prot\u00e9ines de qualit\u00e9 et parfaitement \u00e9quilibr\u00e9e en acides amin\u00e9s essentiels. La formule de Carnilove Salmon pour chats adultes respecte la composition du r\u00e9gime alimentaire naturel du chat. La chair et la graisse de saumon constituent d&rsquo;excellentes sources d&rsquo;acides gras insatur\u00e9s Om\u00e9ga-3 qui, en plus de leurs propri\u00e9t\u00e9s anti-inflammatoires, ont un effet b\u00e9n\u00e9fique sur la qualit\u00e9 de la peau et du pelage.<\/p>\n<p>Le saumon est aussi une source de prot\u00e9ines non allerg\u00e9niques convenant parfaitement aux chats ayant un syst\u00e8me digestif sensible. Les fruits des bois, les l\u00e9gumes et les herbes aromatiques de la formule apportent chaque jour les nutriments, vitamines, min\u00e9raux et antioxydants indispensables au maintien d&rsquo;une parfaite condition physique et au d\u00e9veloppement des d\u00e9fenses naturelles.<\/p>\n<h2>COMPOSITION<\/h2>\n<p>chair de saumon moulue d\u00e9shydrat\u00e9e (30 %), pois jaunes (17 %), saumon hydrolis\u00e9 (16 %), chair de hareng moulue d\u00e9shydrat\u00e9e (14 %), graisse de poulet (conserv\u00e9e par des tocoph\u00e9rols, 9 %), foie de poulet (3 %), huile de saumon (3 %), amidon de tapioca (2 %), pommes (2 %), carottes (1 %), graines de lin (1 %), pois chiches (1 %), coquilles de crustac\u00e9s hydrolys\u00e9es (source de glucosamine, 0,026 %), extrait de cartilage (source de chondro\u00eftine, 0,016 %), levure de bi\u00e8re (source de manno-oligosaccharides, 0,016 %), racine de chicor\u00e9e (source de fructo-oligosaccharides, 0,012 %), Yucca schidigera (0,01 %), algues (0,01 %), psyllium (0,01 %), thym (0,01 %), romarin (0,01 %), origan (0,01 %), airelles (0,0008 %), myrtilles (0,0008 %), framboises (0,0008 %).<\/p>\n<h2>ADDITIFS NUTRITIONNELS POUR 1 KG<\/h2>\n<p>vitamine A (3a672a) 23 000 I.U., vitamine D3 (3a671) 940 I.U., vitamine E (3a700) 650 mg, vitamine C (3a312) 300 mg, taurine (3a370) 2 400 mg, chlorure de choline (3a890) 2 200 mg, L-carnitine (3a910) 65 mg, nicotinamide (3a315) 45 mg, biotine (3a880) 1,8 mg, zinc (3b606) 150 mg, mangan\u00e8se (3b504) 55 mg, fer (3b106) 48 mg, cuivre (3b406) 11 mg, iode (3b201) 3,8 mg, s\u00e9l\u00e9nium (3b810) 0,23 mg, L-m\u00e9thionine (3c305) 14 mg, arginine (3c3.6.1) 12 mg, L-lysine (3.2.3.) 10 mg.<\/p>\n<h2>COMPOSANT ANALYTIQUES POUR 1 KG<\/h2>\n<p>prot\u00e9ines brutes 36 %, graisse brute 17 %, fibres\u00a0 brutes 2 %, cendres brutes 8,8 %, humidit\u00e9 10 %, calcium 1,3 %, phosphore 1 %, sodium 0,6 %, magn\u00e9sium 0,08 %.<\/p>\n<h2>\u00c9NERGIE M\u00c9TABOLISABLE<\/h2>\n<p>3 850 kcal\/kg. Acides gras Om\u00e9ga-3: 1,05 %, Acides gras Om\u00e9ga-6: 2,42 %.<\/p>\n<\/div>\n<\/div>\n<\/div>\n<\/div>\n<\/div>\n<\/div>\n<\/div>\n<\/div>\n<\/div>\n","protected":false},"excerpt":{"rendered":"<p>FORMULE SANS CEREALES ET SANS POMMES DE TERRE POUR LES CHATS ADULTES AYANT UN SYSTEME DIGESTIF SENSIBLE OU LE POIL LONG. ALIMENT COMPLET POUR CHATS. Pour rester en forme, les chats adultes ont besoin d&rsquo;une alimentation riche en prot\u00e9ines de qualit\u00e9 et parfaitement \u00e9quilibr\u00e9e en acides amin\u00e9s essentiels. La formule de Carnilove Salmon pour chats [&#8230;]\n","protected":false},"featured_media":7862,"template":"","meta":{"jetpack_publicize_message":"","jetpack_publicize_feature_enabled":true,"jetpack_social_post_already_shared":false,"jetpack_social_options":{"image_generator_settings":{"template":"highway","default_image_id":0,"font":"","enabled":false},"version":2}},"product_brand":[],"product_cat":[40],"product_tag":[],"class_list":{"0":"post-7857","1":"product","2":"type-product","3":"status-publish","4":"has-post-thumbnail","6":"product_cat-coquettes-pour-chat","8":"first","9":"instock","10":"taxable","11":"shipping-taxable","12":"purchasable","13":"product-type-variable"},"supplier_id":7839,"supplier_sku":"","barcode":null,"atum_controlled":true,"out_stock_date":null,"out_stock_threshold":null,"inheritable":true,"inbound_stock":0,"stock_on_hold":0,"sold_today":0,"sales_last_days":0,"reserved_stock":0,"customer_returns":0,"warehouse_damage":0,"lost_in_post":0,"other_logs":0,"out_stock_days":0,"lost_sales":0,"has_location":false,"update_date":"2026-05-07T00:17:04","atum_locations":[],"atum_stock_status":"instock","restock_status":false,"low_stock_amount":"","sales_update_date":"2026-05-07T00:17:04","calc_backorders":null,"jetpack_publicize_connections":[],"jetpack_sharing_enabled":true,"batches":[{"id":"543","date_created":"2024-10-06 18:01:58","date_expiry":"2025-05-23 00:00:00","user_id":"1","batch_number":"CarniloveChatSalmon23052025","location":"","quantity":"2.0000","quantity_available":"0.0000","units":"1","status":"archived","order_ids":"[14223,14745]","supplier":"Carnilove","po":{"id":"526","date_created":"2024-10-06 18:02:01","batch_id":"543","po_number":"","supplier":"Carnilove","cost":null,"regular_price":null,"sale_price":null,"price_margin":null,"price_discount":null}}],"_links":{"self":[{"href":"https:\/\/petworld.ma\/index.php\/wp-json\/wp\/v2\/product\/7857","targetHints":{"allow":["GET"]}}],"collection":[{"href":"https:\/\/petworld.ma\/index.php\/wp-json\/wp\/v2\/product"}],"about":[{"href":"https:\/\/petworld.ma\/index.php\/wp-json\/wp\/v2\/types\/product"}],"wp:featuredmedia":[{"embeddable":true,"href":"https:\/\/petworld.ma\/index.php\/wp-json\/wp\/v2\/media\/7862"}],"wp:attachment":[{"href":"https:\/\/petworld.ma\/index.php\/wp-json\/wp\/v2\/media?parent=7857"}],"wp:term":[{"taxonomy":"product_brand","embeddable":true,"href":"https:\/\/petworld.ma\/index.php\/wp-json\/wp\/v2\/product_brand?post=7857"},{"taxonomy":"product_cat","embeddable":true,"href":"https:\/\/petworld.ma\/index.php\/wp-json\/wp\/v2\/product_cat?post=7857"},{"taxonomy":"product_tag","embeddable":true,"href":"https:\/\/petworld.ma\/index.php\/wp-json\/wp\/v2\/product_tag?post=7857"}],"curies":[{"name":"wp","href":"https:\/\/api.w.org\/{rel}","templated":true}]}}