{"id":7864,"date":"2024-04-09T12:51:17","date_gmt":"2024-04-09T12:51:17","guid":{"rendered":"https:\/\/petworld.ma\/?post_type=product&#038;p=7864"},"modified":"2026-04-02T19:16:57","modified_gmt":"2026-04-02T19:16:57","slug":"carnilove-cat-sterilised-fresh-crap-trout","status":"publish","type":"product","link":"https:\/\/petworld.ma\/index.php\/produit\/carnilove-cat-sterilised-fresh-crap-trout\/","title":{"rendered":"Carnilove Croquettes Cat Sterilised Fresh Crap Trout  (Chat st\u00e9rilis\u00e9 au Carpe et Truite) 2kg | 6kg"},"content":{"rendered":"<div class=\"container pt-30\">\n<div class=\"row\">\n<div class=\"col-12\">\n<div class=\"container pt-30\">\n<div class=\"row\">\n<div class=\"col-10\">\n<div class=\"container pt-30\">\n<div class=\"row\">\n<div class=\"col-10\">\n<p class=\"benefits__content\">FORMULE SANS C\u00c9R\u00c9ALES ET SANS POMMES DE TERRE CONTENANT DE LA VIANDE FRA\u00ceCHE POUR CHATS ST\u00c9RILIS\u00c9S. ALIMENT COMPLET POUR CHATS.<\/p>\n<p class=\"benefits__content\">Chaque chat est unique ; mais tous sont des carnivores ind\u00e9pendants, des pr\u00e9dateurs intr\u00e9pides dot\u00e9s d&rsquo;un v\u00e9ritable instinct de chasseur.<\/p>\n<p>Carnilove Fresh Carp &amp; Trout est un aliment \u00e9quilibr\u00e9, \u00e9labor\u00e9 dans le respect des lois de la nature. Sa formule riche en poisson frais et en fruits de mer int\u00e8gre aussi des l\u00e9gumes, des baies et des herbes aromatiques vari\u00e9es. La teneur r\u00e9duite en min\u00e9raux pr\u00e9serve les fonctions r\u00e9nales et urinaires, tandis que les antioxydants naturels issus des fruits et des herbes aromatiques exercent une action purifiante et anti-inflammatoire. Le retour \u00e0 une alimentation naturelle aide les chats st\u00e9rilis\u00e9s \u00e0 rester au meilleur de leur forme.<\/p>\n<h2>COMPOSITION<\/h2>\n<p>carpe fra\u00eeche (25 %), truite s\u00e9ch\u00e9e (20 %), saumon hydrolis\u00e9 (14 %), saumon s\u00e9ch\u00e9 (12 %), citrouille, graisse de poulet (conserv\u00e9e par des tocoph\u00e9rols, 4 %), pois chiches, pois, foie de poulet (3 %), huile de saumon (2 %), pommes, carottes, graine de lin, coquilles de crustac\u00e9s hydrolys\u00e9es (source de glucosamine, 0,026 %), extrait de cartilage (source de chondro\u00eftine, 0,016 %), levure de bi\u00e8re (source de manno-oligosaccharides, 0,015 %), racines de chicor\u00e9e (source de fructo-oligosaccharides, 0,012 %), Yucca schidigera (0,01 %), algues (0,01 %), psyllium (0,01 %), thym (0,01 %), romarin (0,01 %), origan (0,01 %), airelles (0,0008 %), myrtilles (0,0008 %), argousier (0,0008 %), racine de gingembre (0,0008 %), sauge (0,0008 %).<\/p>\n<h2>ADDITIFS NUTRITIONNELS POUR 1 KG<\/h2>\n<p>vitamine A (3a672a) 23 000 U.I., vitamine D3 (3a671) 940 U.I., vitamine E (3a700) 650 mg, vitamine C (3a312) 300 mg, taurine (3a370) 2 400 mg, chlorure de choline (3a890) 2 200 mg, L-carnitine (3a910) 65 mg, niacinamide (3a315) 45 mg, biotine (3a880) 1,8 mg, ch\u00e9late de zinc et d&rsquo;acides amin\u00e9s hydrat\u00e9 (3b606) 100 mg, ch\u00e9late ferreux d&rsquo;acides amin\u00e9s, hydrat\u00e9 (3b106) 48 mg, ch\u00e9late de mangan\u00e8se d&rsquo;acides amin\u00e9s, hydrat\u00e9 (3b504) 55 mg, iodure de potassium (3b201) 3,8 mg, ch\u00e9late cuivreux d&rsquo;acides amin\u00e9s, hydrat\u00e9 (3b406) 11 mg, forme organique du s\u00e9l\u00e9nium produite par Saccharomyces cerevisiae CNCM I-3060 (3b810) 0,2 mg, L-m\u00e9thionine (3c305) 14 mg, arginine (3c3.6.1.) 12 mg, L-lysine (3.2.3.) 10 mg. Contient des antioxyg\u00e8nes naturels purs.<\/p>\n<h2>COMPOSANT ANALYTIQUES POUR 1 KG<\/h2>\n<p>prot\u00e9ine brute 34,0 %, graisse brute 14,0 %, humidit\u00e9 10,0 %, cendres brutes 9,5 %, cellulose brute 3,5 %, calcium 0,9 %, phosphore 0,8 %, sodium 1,2 %, magn\u00e9sium 0,04 %, acides gras Om\u00e9ga-3 0,8 %, acides gras Om\u00e9ga-6 1,7 %, EPA (20:5 n-3) 0,1 %, DHA (22:6 n-3) 0,2 %.<\/p>\n<h2>\u00c9NERGIE M\u00c9TABOLISABLE<\/h2>\n<p>3 630 kcal\/kg<\/p>\n<\/div>\n<\/div>\n<\/div>\n<\/div>\n<\/div>\n<\/div>\n<\/div>\n<\/div>\n<\/div>\n","protected":false},"excerpt":{"rendered":"<p>FORMULE SANS C\u00c9R\u00c9ALES ET SANS POMMES DE TERRE CONTENANT DE LA VIANDE FRA\u00ceCHE POUR CHATS ST\u00c9RILIS\u00c9S. ALIMENT COMPLET POUR CHATS. Chaque chat est unique ; mais tous sont des carnivores ind\u00e9pendants, des pr\u00e9dateurs intr\u00e9pides dot\u00e9s d&rsquo;un v\u00e9ritable instinct de chasseur. Carnilove Fresh Carp &amp; Trout est un aliment \u00e9quilibr\u00e9, \u00e9labor\u00e9 dans le respect des lois [&#8230;]\n","protected":false},"featured_media":7865,"template":"","meta":{"jetpack_publicize_message":"","jetpack_publicize_feature_enabled":true,"jetpack_social_post_already_shared":false,"jetpack_social_options":{"image_generator_settings":{"template":"highway","default_image_id":0,"font":"","enabled":false},"version":2}},"product_brand":[],"product_cat":[40],"product_tag":[],"class_list":{"0":"post-7864","1":"product","2":"type-product","3":"status-publish","4":"has-post-thumbnail","6":"product_cat-coquettes-pour-chat","8":"first","9":"outofstock","10":"taxable","11":"shipping-taxable","12":"purchasable","13":"product-type-variable"},"supplier_id":7839,"supplier_sku":"","barcode":null,"atum_controlled":true,"out_stock_date":null,"out_stock_threshold":null,"inheritable":true,"inbound_stock":0,"stock_on_hold":0,"sold_today":0,"sales_last_days":0,"reserved_stock":0,"customer_returns":0,"warehouse_damage":0,"lost_in_post":0,"other_logs":0,"out_stock_days":0,"lost_sales":0,"has_location":false,"update_date":"2026-05-08T00:19:39","atum_locations":[],"atum_stock_status":"outofstock","restock_status":false,"low_stock_amount":"","sales_update_date":"2026-05-08T00:19:38","calc_backorders":null,"jetpack_publicize_connections":[],"jetpack_sharing_enabled":true,"batches":[],"_links":{"self":[{"href":"https:\/\/petworld.ma\/index.php\/wp-json\/wp\/v2\/product\/7864","targetHints":{"allow":["GET"]}}],"collection":[{"href":"https:\/\/petworld.ma\/index.php\/wp-json\/wp\/v2\/product"}],"about":[{"href":"https:\/\/petworld.ma\/index.php\/wp-json\/wp\/v2\/types\/product"}],"wp:featuredmedia":[{"embeddable":true,"href":"https:\/\/petworld.ma\/index.php\/wp-json\/wp\/v2\/media\/7865"}],"wp:attachment":[{"href":"https:\/\/petworld.ma\/index.php\/wp-json\/wp\/v2\/media?parent=7864"}],"wp:term":[{"taxonomy":"product_brand","embeddable":true,"href":"https:\/\/petworld.ma\/index.php\/wp-json\/wp\/v2\/product_brand?post=7864"},{"taxonomy":"product_cat","embeddable":true,"href":"https:\/\/petworld.ma\/index.php\/wp-json\/wp\/v2\/product_cat?post=7864"},{"taxonomy":"product_tag","embeddable":true,"href":"https:\/\/petworld.ma\/index.php\/wp-json\/wp\/v2\/product_tag?post=7864"}],"curies":[{"name":"wp","href":"https:\/\/api.w.org\/{rel}","templated":true}]}}