{"id":7875,"date":"2024-04-09T13:33:24","date_gmt":"2024-04-09T13:33:24","guid":{"rendered":"https:\/\/petworld.ma\/?post_type=product&#038;p=7875"},"modified":"2026-05-13T13:41:59","modified_gmt":"2026-05-13T13:41:59","slug":"carnilove-cat-hairball-control-duck-pheasant-canard-faisan-2kg","status":"publish","type":"product","link":"https:\/\/petworld.ma\/index.php\/produit\/carnilove-cat-hairball-control-duck-pheasant-canard-faisan-2kg\/","title":{"rendered":"Carnilove Croquettes Cat Hairball Control Duck and Pheasant (Canard et Faisan) 2kg | 6kg"},"content":{"rendered":"<div class=\"container pt-30\">\n<div class=\"row\">\n<div class=\"col-12\">\n<div class=\"container pt-30\">\n<div class=\"row\">\n<div class=\"col-10\">\n<div class=\"container pt-30\">\n<div class=\"row\">\n<div class=\"col-10\">\n<p>FORMULE SANS CEREALES ET SANS POMMES DE TERRE POUR\u00a0 LESCHATS ADULTES, ENRICHIE EN FIBRES DE BETTERAVE POUR FAVORISER L&rsquo;ELIMINATION DES BOULES DE POIL. ALIMENT COMPLET POUR CHATS.<\/p>\n<p>Pour rester en forme, les chats adultes ont besoin d&rsquo;une alimentation de qualit\u00e9 riche en prot\u00e9ines et parfaitement \u00e9quilibr\u00e9e en acides amin\u00e9s essentiels. La formule de Carnilove Duck &amp; Pheasant pour chats adultes respecte la composition du r\u00e9gime alimentaire naturel du chat.<\/p>\n<p>L&rsquo;association des viandes de canard et de faisan rend ces croquettes savoureuses, faciles \u00e0 dig\u00e9rer et riches en nutriments naturels. Elles renforcent le m\u00e9tabolisme et maintiennent les chats en pleine forme. La teneur accrue en fibres naturelles facilite la digestion et l&rsquo;\u00e9limination des boules de poils. Les fruits des bois, les l\u00e9gumes et les herbes aromatiques de la formule apportent chaque jour les nutriments, vitamines, min\u00e9raux et antioxydants indispensables au maintien d&rsquo;une parfaite condition physique et au d\u00e9veloppement des d\u00e9fenses naturelles.<\/p>\n<h2>COMPOSITION<\/h2>\n<p>viande de canard moulue d\u00e9shydrat\u00e9e (34 %), viande de faisan moulue d\u00e9shydrat\u00e9e (25 %), pois jaunes (12 %), graisse de poulet (conserv\u00e9e par des tocoph\u00e9rols, 6 %), pulpe de betterave (5 %), canard frais (5 %), amidon de tapioca (2 %), foie de poulet (3 %), pommes (2 %), huile de saumon (2 %), carottes (1 %), graines de lin (1 %), pois chiches (1 %), coquilles de crustac\u00e9s hydrolys\u00e9es (source de glucosamine, 0,026 %), extrait de cartilage (source de chondro\u00eftine, 0,016 %), levure de bi\u00e8re (source de manno-oligosaccharides, 0,016 %), racine de chicor\u00e9e (source de fructo-oligosaccharides, 0,012 %), Yucca schidigera (0,01 %), algues (0,01 %), psyllium (0,01 %), thym (0,01 %), romarin (0,01 %), origan (0,01 %), airelles (0,0008 %), myrtilles (0,0008 %), framboises (0,0008 %).<\/p>\n<h2>ADDITIFS NUTRITIONNELS POUR 1 KG<\/h2>\n<p>vitamine A (3a672a) 23 000 I.U., vitamine D3 (3a671) 940 I.U., vitamine E (3a700) 650 mg, vitamine C (3a312) 300 mg, taurine (3a370) 2 400 mg, chlorure de choline (3a890) 2 200 mg, L-carnitine (3a910) 65 mg, nicotinamide (3a315) 45 mg, biotine (3a880) 1,8 mg, zinc (3b606) 150 mg, mangan\u00e8se (3b504) 55 mg, fer (3b106) 48 mg, cuivre (3b406) 11 mg, iode (3b201) 3,8 mg, s\u00e9l\u00e9nium (3b810) 0,23 mg, L-m\u00e9thionine (3c305) 14 mg, arginine (3c3.6.1) 12 mg, L-lysine (3.2.3.) 10 mg.<\/p>\n<h2>COMPOSANT ANALYTIQUES POUR 1 KG<\/h2>\n<p>prot\u00e9ines brutes 40 %, graisse brute 18 %, fibres brutes 5 %, cendres brutes 7,8 %, humidit\u00e9 10 %, calcium 1,4 %, phosphore 1,1 %, sodium 0,3 %, magn\u00e9sium 0,08 %.<\/p>\n<h2>\u00c9NERGIE M\u00c9TABOLISABLE<\/h2>\n<p>3 800 kcal\/kg. Acides gras Om\u00e9ga-3: 0,33 %, Acides gras Om\u00e9ga-6: 2,28 %.<\/p>\n<\/div>\n<\/div>\n<\/div>\n<\/div>\n<\/div>\n<\/div>\n<\/div>\n<\/div>\n<\/div>\n","protected":false},"excerpt":{"rendered":"<p>FORMULE SANS CEREALES ET SANS POMMES DE TERRE POUR\u00a0 LESCHATS ADULTES, ENRICHIE EN FIBRES DE BETTERAVE POUR FAVORISER L&rsquo;ELIMINATION DES BOULES DE POIL. ALIMENT COMPLET POUR CHATS. Pour rester en forme, les chats adultes ont besoin d&rsquo;une alimentation de qualit\u00e9 riche en prot\u00e9ines et parfaitement \u00e9quilibr\u00e9e en acides amin\u00e9s essentiels. La formule de Carnilove Duck [&#8230;]\n","protected":false},"featured_media":7879,"template":"","meta":{"jetpack_publicize_message":"","jetpack_publicize_feature_enabled":true,"jetpack_social_post_already_shared":false,"jetpack_social_options":{"image_generator_settings":{"template":"highway","default_image_id":0,"font":"","enabled":false},"version":2}},"product_brand":[],"product_cat":[40],"product_tag":[],"class_list":{"0":"post-7875","1":"product","2":"type-product","3":"status-publish","4":"has-post-thumbnail","6":"product_cat-coquettes-pour-chat","8":"first","9":"outofstock","10":"taxable","11":"shipping-taxable","12":"purchasable","13":"product-type-variable"},"supplier_id":7839,"supplier_sku":"","barcode":null,"atum_controlled":true,"out_stock_date":null,"out_stock_threshold":null,"inheritable":true,"inbound_stock":0,"stock_on_hold":1,"sold_today":1,"sales_last_days":3,"reserved_stock":0,"customer_returns":0,"warehouse_damage":0,"lost_in_post":0,"other_logs":0,"out_stock_days":0,"lost_sales":0,"has_location":false,"update_date":"2026-05-13T18:36:10","atum_locations":[],"atum_stock_status":"instock","restock_status":false,"low_stock_amount":"","sales_update_date":"2026-05-10T00:18:53","calc_backorders":null,"jetpack_publicize_connections":[],"jetpack_sharing_enabled":true,"batches":[],"_links":{"self":[{"href":"https:\/\/petworld.ma\/index.php\/wp-json\/wp\/v2\/product\/7875","targetHints":{"allow":["GET"]}}],"collection":[{"href":"https:\/\/petworld.ma\/index.php\/wp-json\/wp\/v2\/product"}],"about":[{"href":"https:\/\/petworld.ma\/index.php\/wp-json\/wp\/v2\/types\/product"}],"wp:featuredmedia":[{"embeddable":true,"href":"https:\/\/petworld.ma\/index.php\/wp-json\/wp\/v2\/media\/7879"}],"wp:attachment":[{"href":"https:\/\/petworld.ma\/index.php\/wp-json\/wp\/v2\/media?parent=7875"}],"wp:term":[{"taxonomy":"product_brand","embeddable":true,"href":"https:\/\/petworld.ma\/index.php\/wp-json\/wp\/v2\/product_brand?post=7875"},{"taxonomy":"product_cat","embeddable":true,"href":"https:\/\/petworld.ma\/index.php\/wp-json\/wp\/v2\/product_cat?post=7875"},{"taxonomy":"product_tag","embeddable":true,"href":"https:\/\/petworld.ma\/index.php\/wp-json\/wp\/v2\/product_tag?post=7875"}],"curies":[{"name":"wp","href":"https:\/\/api.w.org\/{rel}","templated":true}]}}