{"id":7915,"date":"2024-04-12T13:08:48","date_gmt":"2024-04-12T13:08:48","guid":{"rendered":"https:\/\/petworld.ma\/?post_type=product&#038;p=7915"},"modified":"2026-04-27T13:00:42","modified_gmt":"2026-04-27T13:00:42","slug":"carnilove-dog-fresh-ostrich-lamb-pour-chien-de-petite-taille-autruche-et-agneau-1-5kg","status":"publish","type":"product","link":"https:\/\/petworld.ma\/index.php\/produit\/carnilove-dog-fresh-ostrich-lamb-pour-chien-de-petite-taille-autruche-et-agneau-1-5kg\/","title":{"rendered":"Carnilove Dog Croquettes Fresh Ostrich &amp; Lamb Pour Chien de petite taille (Autruche et Agneau) 1.5kg|6kg"},"content":{"rendered":"<hr \/>\n<p class=\"benefits__content\"><strong>FORMULE SANS C\u00c9R\u00c9ALES ET SANS POMMES DE TERRE CONTENANT DE LA VIANDE FRA\u00ceCHE POUR CHIENS ADULTES DE PETITES RACES. ALIMENT COMPLET POUR CHIENS.<\/strong><\/p>\n<p class=\"benefits__content\">\u00c9labor\u00e9e dans le respect des lois de la nature et en r\u00e9ponse aux besoins sp\u00e9cifiques de votre petit chien, la formule Carnilove Fresh Ostrich &amp; Lamb apporte une alimentation \u00e9quilibr\u00e9e. Riche en viande fra\u00eeche, elle int\u00e8gre aussi des l\u00e9gumes, des baies et des herbes aromatiques vari\u00e9es. Revenir \u00e0 un r\u00e9gime alimentaire naturel est la garantie d&rsquo;une absorption optimale des nutriments et d&rsquo;une excellente digestion, deux facteurs qui contribuent \u00e0 maintenir les chiens de petites races en parfaite condition physique.<\/p>\n<p>Pauvre en mati\u00e8res grasses et en cholest\u00e9rol mais riche en prot\u00e9ines, la viande d&rsquo;autruche constitue une excellente source d&rsquo;\u00e9nergie et d&rsquo;acides amin\u00e9s pour tous les chiens. On dit souvent que la viande d&rsquo;autruche est la viande rouge la plus saine. Associ\u00e9e \u00e0 l&rsquo;agneau, elle est absolument d\u00e9licieuse. De plus, l&rsquo;autruche et l&rsquo;agneau sont consid\u00e9r\u00e9s comme des sources de prot\u00e9ines hypoallerg\u00e9niques, qui ne causent aucun probl\u00e8me de d\u00e9mangeaisons.<\/p>\n<h2>COMPOSITION<\/h2>\n<p>autruche fra\u00eeche (26 %), agneau s\u00e9ch\u00e9 (20 %), dinde s\u00e9ch\u00e9e (20 %), graisse de poulet (conserv\u00e9e par des tocoph\u00e9rols, 9 %), citrouille, pois chiches, pois, foie de poulet (3 %), huile de saumon (2 %), pommes, carottes, graine de lin, coquilles de crustac\u00e9s hydrolys\u00e9es (source de glucosamine, 0,026 %), extrait de cartilage (source de chondro\u00eftine, 0,016 %), levure de bi\u00e8re (source de manno-oligosaccharides, 0,015 %), racines de chicor\u00e9e (source de fructo-oligosaccharides, 0,01 %), Yucca schidigera (0,01 %), algues (0,01 %), psyllium (0,01 %), thym (0,01 %), romarin (0,01 %), origan (0,01 %), airelles (0,0008 %), myrtilles (0,0008 %), argousier (0,0008 %), racine de gingembre (0,0008 %), sauge (0,0008 %).<\/p>\n<h2>ADDITIFS NUTRITIONNELS POUR 1 KG<\/h2>\n<p>vitamine A (3a672a) 20 000 U.I., vitamine D3 (3a671) 1 500 U.I., vitamine E (3a700) 400 mg, ch\u00e9late de zinc et d&rsquo;acides amin\u00e9s hydrat\u00e9 (3b606) 85 mg, ch\u00e9late ferreux d&rsquo;acides amin\u00e9s, hydrat\u00e9 (3b106) 70 mg, ch\u00e9late de mangan\u00e8se d&rsquo;acides amin\u00e9s, hydrat\u00e9 (3b504) 35 mg, iodure de potassium (3b201) 0,65 mg, ch\u00e9late cuivreux d&rsquo;acides amin\u00e9s, hydrat\u00e9 (3b406) 15 mg, forme organique du s\u00e9l\u00e9nium produite par Saccharomyces cerevisiae CNCM I-3060 (3b810) 0,2 mg. Contient des antioxyg\u00e8nes naturels purs.<\/p>\n<h2>COMPOSANT ANALYTIQUES POUR 1 KG<\/h2>\n<p>prot\u00e9ine brute 30,0 %, graisse brute 17,0 %, humidit\u00e9 10,0 %, cendres brutes 8,2 %, cellulose brute 3,5 %, calcium 1,6 %, phosphore 1,3 %, sodium 0,3 %, acides gras Om\u00e9ga-3 0,6 %, acides gras Om\u00e9ga-6 1,8 %, EPA (20:5 n-3) 0,08 %, DHA (22:6 n-3) 0,1 %.<\/p>\n<h2>\u00c9NERGIE M\u00c9TABOLISABLE<\/h2>\n<p>3 770 kcal\/kg<\/p>\n","protected":false},"excerpt":{"rendered":"<p>Autruche et agneau frais pour chiens de petite race<br \/>\nEXCELLENTE DIGESTION<\/p>\n","protected":false},"featured_media":7917,"template":"","meta":{"jetpack_publicize_message":"","jetpack_publicize_feature_enabled":true,"jetpack_social_post_already_shared":false,"jetpack_social_options":{"image_generator_settings":{"template":"highway","default_image_id":0,"font":"","enabled":false},"version":2}},"product_brand":[],"product_cat":[26],"product_tag":[],"class_list":{"0":"post-7915","1":"product","2":"type-product","3":"status-publish","4":"has-post-thumbnail","6":"product_cat-croquettes","8":"first","9":"instock","10":"taxable","11":"shipping-taxable","12":"purchasable","13":"product-type-variable"},"supplier_id":7839,"supplier_sku":"","barcode":null,"atum_controlled":true,"out_stock_date":null,"out_stock_threshold":null,"inheritable":true,"inbound_stock":0,"stock_on_hold":0,"sold_today":0,"sales_last_days":0,"reserved_stock":0,"customer_returns":0,"warehouse_damage":0,"lost_in_post":0,"other_logs":0,"out_stock_days":0,"lost_sales":0,"has_location":false,"update_date":"2026-05-12T00:23:07","atum_locations":[],"atum_stock_status":"instock","restock_status":false,"low_stock_amount":"","sales_update_date":"2026-05-12T00:23:07","calc_backorders":null,"jetpack_publicize_connections":[],"jetpack_sharing_enabled":true,"batches":[],"_links":{"self":[{"href":"https:\/\/petworld.ma\/index.php\/wp-json\/wp\/v2\/product\/7915","targetHints":{"allow":["GET"]}}],"collection":[{"href":"https:\/\/petworld.ma\/index.php\/wp-json\/wp\/v2\/product"}],"about":[{"href":"https:\/\/petworld.ma\/index.php\/wp-json\/wp\/v2\/types\/product"}],"wp:featuredmedia":[{"embeddable":true,"href":"https:\/\/petworld.ma\/index.php\/wp-json\/wp\/v2\/media\/7917"}],"wp:attachment":[{"href":"https:\/\/petworld.ma\/index.php\/wp-json\/wp\/v2\/media?parent=7915"}],"wp:term":[{"taxonomy":"product_brand","embeddable":true,"href":"https:\/\/petworld.ma\/index.php\/wp-json\/wp\/v2\/product_brand?post=7915"},{"taxonomy":"product_cat","embeddable":true,"href":"https:\/\/petworld.ma\/index.php\/wp-json\/wp\/v2\/product_cat?post=7915"},{"taxonomy":"product_tag","embeddable":true,"href":"https:\/\/petworld.ma\/index.php\/wp-json\/wp\/v2\/product_tag?post=7915"}],"curies":[{"name":"wp","href":"https:\/\/api.w.org\/{rel}","templated":true}]}}