{"id":8023,"date":"2024-04-18T09:23:20","date_gmt":"2024-04-18T09:23:20","guid":{"rendered":"https:\/\/petworld.ma\/?post_type=product&#038;p=8023"},"modified":"2026-01-29T15:33:41","modified_gmt":"2026-01-29T15:33:41","slug":"collier-en-acier-inoxydable-pour-chien-plaque-or","status":"publish","type":"product","link":"https:\/\/petworld.ma\/index.php\/produit\/collier-en-acier-inoxydable-pour-chien-plaque-or\/","title":{"rendered":"Collier en Acier Inoxydable pour Chien Plaqu\u00e9 Or"},"content":{"rendered":"<p>Cha\u00eene de chien en acier: fabriqu\u00e9 en acier inoxydable 316L, avec une r\u00e9sistance et une durabilit\u00e9 maximales, plaqu\u00e9 or 18 carats, collier de chien super solide.<\/p>\n<p><img loading=\"lazy\" decoding=\"async\" class=\"alignnone size-medium wp-image-8029\" src=\"https:\/\/petworld.ma\/wp-content\/uploads\/2024\/04\/Collier-chien-or-3-292x300.png\" alt=\"\" width=\"292\" height=\"300\" srcset=\"https:\/\/petworld.ma\/wp-content\/uploads\/2024\/04\/Collier-chien-or-3-292x300.png 292w, https:\/\/petworld.ma\/wp-content\/uploads\/2024\/04\/Collier-chien-or-3.png 428w\" sizes=\"auto, (max-width: 292px) 100vw, 292px\" \/><\/p>\n<p>&nbsp;<\/p>\n","protected":false},"excerpt":{"rendered":"<p>Produite de qualit\u00e9 et solide<\/p>\n","protected":false},"featured_media":8031,"template":"","meta":{"jetpack_publicize_message":"","jetpack_publicize_feature_enabled":true,"jetpack_social_post_already_shared":false,"jetpack_social_options":{"image_generator_settings":{"template":"highway","default_image_id":0,"font":"","enabled":false},"version":2}},"product_brand":[],"product_cat":[92,106],"product_tag":[],"class_list":{"0":"post-8023","1":"product","2":"type-product","3":"status-publish","4":"has-post-thumbnail","6":"product_cat-harnais-et-laisses-pour-chien","7":"product_cat-jouet-et-dressage","9":"first","10":"outofstock","11":"taxable","12":"shipping-taxable","13":"purchasable","14":"product-type-variable"},"supplier_id":5587,"supplier_sku":"","barcode":null,"atum_controlled":true,"out_stock_date":null,"out_stock_threshold":null,"inheritable":true,"inbound_stock":0,"stock_on_hold":0,"sold_today":0,"sales_last_days":0,"reserved_stock":0,"customer_returns":0,"warehouse_damage":0,"lost_in_post":0,"other_logs":0,"out_stock_days":0,"lost_sales":0,"has_location":false,"update_date":"2026-04-22T18:44:41","atum_locations":[],"atum_stock_status":"outofstock","restock_status":false,"low_stock_amount":"","sales_update_date":"2026-04-22T18:44:41","calc_backorders":null,"jetpack_publicize_connections":[],"jetpack_sharing_enabled":true,"batches":[],"_links":{"self":[{"href":"https:\/\/petworld.ma\/index.php\/wp-json\/wp\/v2\/product\/8023","targetHints":{"allow":["GET"]}}],"collection":[{"href":"https:\/\/petworld.ma\/index.php\/wp-json\/wp\/v2\/product"}],"about":[{"href":"https:\/\/petworld.ma\/index.php\/wp-json\/wp\/v2\/types\/product"}],"wp:featuredmedia":[{"embeddable":true,"href":"https:\/\/petworld.ma\/index.php\/wp-json\/wp\/v2\/media\/8031"}],"wp:attachment":[{"href":"https:\/\/petworld.ma\/index.php\/wp-json\/wp\/v2\/media?parent=8023"}],"wp:term":[{"taxonomy":"product_brand","embeddable":true,"href":"https:\/\/petworld.ma\/index.php\/wp-json\/wp\/v2\/product_brand?post=8023"},{"taxonomy":"product_cat","embeddable":true,"href":"https:\/\/petworld.ma\/index.php\/wp-json\/wp\/v2\/product_cat?post=8023"},{"taxonomy":"product_tag","embeddable":true,"href":"https:\/\/petworld.ma\/index.php\/wp-json\/wp\/v2\/product_tag?post=8023"}],"curies":[{"name":"wp","href":"https:\/\/api.w.org\/{rel}","templated":true}]}}