{"id":8045,"date":"2024-04-18T14:20:48","date_gmt":"2024-04-18T14:20:48","guid":{"rendered":"https:\/\/petworld.ma\/?post_type=product&#038;p=8045"},"modified":"2026-04-22T09:28:30","modified_gmt":"2026-04-22T09:28:30","slug":"fontaine-deau-electrique-tres-silencieuse-et-elegante-pour-chien-et-chat","status":"publish","type":"product","link":"https:\/\/petworld.ma\/index.php\/produit\/fontaine-deau-electrique-tres-silencieuse-et-elegante-pour-chien-et-chat\/","title":{"rendered":"Fontaine d&rsquo;eau \u00e9lectrique tr\u00e8s silencieuse et \u00e9legante (pour chien et chat)"},"content":{"rendered":"<p id=\"tl_2\">1. Grande capacit\u00e9: 3 litres<\/p>\n<p id=\"tl_3\">2. HAUTE QUALIT\u00c9: ce distributeur d&rsquo;eau est fabriqu\u00e9 en mat\u00e9riau de qualit\u00e9 alimentaire, sans BPA, durable, facile \u00e0 utiliser et \u00e0 nettoyer.<\/p>\n<p id=\"tl_4\">3. Syst\u00e8me de filtration : En plus de garder l&rsquo;eau fra\u00eeche par la circulation, le syst\u00e8me de filtration avec le charbon actif + coton+ la r\u00e9sine \u00e9changeuse d&rsquo;ions + le tissu non tiss\u00e9 \u00e9pais<\/p>\n<p>4. Pompe \u00e0 eau ultra-silencieuse: la pompe \u00e0 eau de ce distributeur d&rsquo;eau est ultra-silencieuse<\/p>\n<p>&nbsp;<\/p>\n<p>Les filtres sont disponible sur notre site : <a href=\"https:\/\/petworld.ma\/index.php\/produit\/filtre-pour-fontaine-deau\/\">voir le lien<\/a><\/p>\n<p id=\"tl_13\">\n","protected":false},"excerpt":{"rendered":"<p>Grande capacit\u00e9: 3 litres<\/p>\n<p>Les filtres sont disponible sur notre site : <a href=\"https:\/\/petworld.ma\/index.php\/produit\/filtre-pour-fontaine-deau\/\">voir le lien<\/a><\/p>\n","protected":false},"featured_media":8050,"template":"","meta":{"jetpack_publicize_message":"","jetpack_publicize_feature_enabled":true,"jetpack_social_post_already_shared":false,"jetpack_social_options":{"image_generator_settings":{"template":"highway","default_image_id":0,"font":"","enabled":false},"version":2}},"product_brand":[],"product_cat":[133,134],"product_tag":[],"class_list":{"0":"post-8045","1":"product","2":"type-product","3":"status-publish","4":"has-post-thumbnail","6":"product_cat-gamelle","7":"product_cat-gamelles","9":"first","10":"instock","11":"sale","12":"taxable","13":"shipping-taxable","14":"purchasable","15":"product-type-variable"},"supplier_id":5592,"supplier_sku":"","barcode":null,"atum_controlled":true,"out_stock_date":"2024-04-18 14:20:48","out_stock_threshold":null,"inheritable":true,"inbound_stock":0,"stock_on_hold":1,"sold_today":0,"sales_last_days":2,"reserved_stock":0,"customer_returns":0,"warehouse_damage":0,"lost_in_post":0,"other_logs":0,"out_stock_days":725,"lost_sales":0,"has_location":false,"update_date":"2026-04-22T09:29:01","atum_locations":[],"atum_stock_status":"instock","restock_status":false,"low_stock_amount":"","sales_update_date":"2026-04-14T00:07:08","calc_backorders":null,"jetpack_publicize_connections":[],"jetpack_sharing_enabled":true,"batches":[],"_links":{"self":[{"href":"https:\/\/petworld.ma\/index.php\/wp-json\/wp\/v2\/product\/8045","targetHints":{"allow":["GET"]}}],"collection":[{"href":"https:\/\/petworld.ma\/index.php\/wp-json\/wp\/v2\/product"}],"about":[{"href":"https:\/\/petworld.ma\/index.php\/wp-json\/wp\/v2\/types\/product"}],"wp:featuredmedia":[{"embeddable":true,"href":"https:\/\/petworld.ma\/index.php\/wp-json\/wp\/v2\/media\/8050"}],"wp:attachment":[{"href":"https:\/\/petworld.ma\/index.php\/wp-json\/wp\/v2\/media?parent=8045"}],"wp:term":[{"taxonomy":"product_brand","embeddable":true,"href":"https:\/\/petworld.ma\/index.php\/wp-json\/wp\/v2\/product_brand?post=8045"},{"taxonomy":"product_cat","embeddable":true,"href":"https:\/\/petworld.ma\/index.php\/wp-json\/wp\/v2\/product_cat?post=8045"},{"taxonomy":"product_tag","embeddable":true,"href":"https:\/\/petworld.ma\/index.php\/wp-json\/wp\/v2\/product_tag?post=8045"}],"curies":[{"name":"wp","href":"https:\/\/api.w.org\/{rel}","templated":true}]}}