{"id":8063,"date":"2024-04-18T15:47:31","date_gmt":"2024-04-18T15:47:31","guid":{"rendered":"https:\/\/petworld.ma\/?post_type=product&#038;p=8063"},"modified":"2024-12-18T14:46:41","modified_gmt":"2024-12-18T14:46:41","slug":"sac-a-dos-avec-grand-hublot-waterproof","status":"publish","type":"product","link":"https:\/\/petworld.ma\/index.php\/produit\/sac-a-dos-avec-grand-hublot-waterproof\/","title":{"rendered":"Sac \u00e0 dos avec Grand Hublot Waterproof"},"content":{"rendered":"<p>Imperm\u00e9able<\/p>\n<p>D\u00e9couvrez notre capsule spatiale pour sac \u00e0 dos Cat Carrier ! Id\u00e9ale pour voyager avec votre chat, elle offre confort et s\u00e9curit\u00e9. Fabriqu\u00e9e en mat\u00e9riaux durables et respirants, avec une bulle transparente pour\u00a0 ue votre chat puisse observer son environnement. Pratique avec son bol d&rsquo;eau amovible. Parfait pour toutes vos aventures avec votre compagnon f\u00e9lin !<\/p>\n<p>Dimensions :35 cm x 27 cm x 43cm<\/p>\n<p><img decoding=\"async\" class=\"fr-fic fr-dib aligncenter\" src=\"https:\/\/cdn.youcan.shop\/stores\/d0742d556df94ddbc7ae4c9810aff04b\/others\/eHejTtt10PluvJMLLHoSXqY6OaZvVYJ1LpX6SJHn.png\" width=\"277\" height=\"73\" data-name=\"stores\/d0742d556df94ddbc7ae4c9810aff04b\/others\/eHejTtt10PluvJMLLHoSXqY6OaZvVYJ1LpX6SJHn.png\" \/><\/p>\n","protected":false},"excerpt":{"rendered":"<p>Imperm\u00e9able D\u00e9couvrez notre capsule spatiale pour sac \u00e0 dos Cat Carrier ! Id\u00e9ale pour voyager avec votre chat, elle offre confort et s\u00e9curit\u00e9. Fabriqu\u00e9e en mat\u00e9riaux durables et respirants, avec une bulle transparente pour\u00a0 ue votre chat puisse observer son environnement. Pratique avec son bol d&rsquo;eau amovible. Parfait pour toutes vos aventures avec votre compagnon [&#8230;]\n","protected":false},"featured_media":8064,"template":"","meta":{"jetpack_publicize_message":"","jetpack_publicize_feature_enabled":true,"jetpack_social_post_already_shared":false,"jetpack_social_options":{"image_generator_settings":{"template":"highway","default_image_id":0,"font":"","enabled":false},"version":2}},"product_brand":[],"product_cat":[91,90],"product_tag":[],"class_list":{"0":"post-8063","1":"product","2":"type-product","3":"status-publish","4":"has-post-thumbnail","6":"product_cat-sac-de-transport-pour-chat","7":"product_cat-sac-de-transport-pour-chien","9":"first","10":"outofstock","11":"taxable","12":"shipping-taxable","13":"purchasable","14":"product-type-simple"},"supplier_id":8054,"supplier_sku":"","barcode":null,"atum_controlled":true,"out_stock_date":"2024-12-18 14:46:41","out_stock_threshold":null,"inheritable":false,"inbound_stock":0,"stock_on_hold":0,"sold_today":0,"sales_last_days":0,"reserved_stock":0,"customer_returns":0,"warehouse_damage":0,"lost_in_post":0,"other_logs":0,"out_stock_days":496,"lost_sales":0,"has_location":false,"update_date":"2026-04-29T00:13:50","atum_locations":[],"atum_stock_status":"outofstock","restock_status":false,"low_stock_amount":1,"sales_update_date":"2026-04-29T00:13:50","calc_backorders":null,"jetpack_publicize_connections":[],"jetpack_sharing_enabled":true,"batches":[],"_links":{"self":[{"href":"https:\/\/petworld.ma\/index.php\/wp-json\/wp\/v2\/product\/8063","targetHints":{"allow":["GET"]}}],"collection":[{"href":"https:\/\/petworld.ma\/index.php\/wp-json\/wp\/v2\/product"}],"about":[{"href":"https:\/\/petworld.ma\/index.php\/wp-json\/wp\/v2\/types\/product"}],"wp:featuredmedia":[{"embeddable":true,"href":"https:\/\/petworld.ma\/index.php\/wp-json\/wp\/v2\/media\/8064"}],"wp:attachment":[{"href":"https:\/\/petworld.ma\/index.php\/wp-json\/wp\/v2\/media?parent=8063"}],"wp:term":[{"taxonomy":"product_brand","embeddable":true,"href":"https:\/\/petworld.ma\/index.php\/wp-json\/wp\/v2\/product_brand?post=8063"},{"taxonomy":"product_cat","embeddable":true,"href":"https:\/\/petworld.ma\/index.php\/wp-json\/wp\/v2\/product_cat?post=8063"},{"taxonomy":"product_tag","embeddable":true,"href":"https:\/\/petworld.ma\/index.php\/wp-json\/wp\/v2\/product_tag?post=8063"}],"curies":[{"name":"wp","href":"https:\/\/api.w.org\/{rel}","templated":true}]}}