{"id":81,"date":"2022-12-15T14:08:20","date_gmt":"2022-12-15T14:08:20","guid":{"rendered":"http:\/\/petworld.ma\/?post_type=product&#038;p=81"},"modified":"2026-04-16T18:24:19","modified_gmt":"2026-04-16T18:24:19","slug":"hills-science-plan-aliment-pour-chat-adulte-au-thon-1-5kg","status":"publish","type":"product","link":"https:\/\/petworld.ma\/index.php\/produit\/hills-science-plan-aliment-pour-chat-adulte-au-thon-1-5kg\/","title":{"rendered":"Hill&rsquo;s Science Plan Croquettes pour Chat Adulte au Thon (1.5kg)"},"content":{"rendered":"<p>Hill&rsquo;s\u2122 Science Plan\u2122 CHAT ADULT au THON est un aliment complet pour les chats adultes de 1 \u00e0 6 ans.<\/p>\n<p>Les croquettes pour chats HILL\u2019S SCIENCE PLAN Adult sont sp\u00e9cialement formul\u00e9es pour r\u00e9pondre aux besoins \u00e9nerg\u00e9tiques des chats dans la force de l\u2019\u00e2ge. Elabor\u00e9 \u00e0 partir d\u2019ingr\u00e9dient de haute qualit\u00e9, faciles \u00e0 dig\u00e9rer.<\/p>\n<ul type=\"disc\">\n<li>Contient de la taurine essentielle pour la sant\u00e9 cardiaque et une teneur \u00e9quilibr\u00e9e en min\u00e9raux pour la sant\u00e9 des reins et de la vessie.<\/li>\n<li>Des prot\u00e9ines de haute qualit\u00e9 pour pr\u00e9server la masse musculaire<\/li>\n<li>Avec de la vitamine E et des acides gras om\u00e9ga-3 &amp; -6 pour une peau saine et un pelage brillant<\/li>\n<li><\/li>\n<\/ul>\n<h4><strong>Recommandations:<\/strong><\/h4>\n<p>Chats adultes 1 &#8211; 6 ans.<\/p>\n<h4><strong>Ne pas utiliser cet aliment:<\/strong><\/h4>\n<p>Chez les chatons et les femelles en gestation ou en lactation. Pendant la gestation et la lactation, utiliser les croquettes ou les aliments humides HILL&rsquo;S SCIENCE PLAN Kitten<\/p>\n<p style=\"text-align: center;\"><a href=\"https:\/\/wa.me\/212708052510\" target=\"_blank\" rel=\"noopener noreferrer\"><img decoding=\"async\" class=\"fr-fic fr-dib\" src=\"https:\/\/cdn.youcan.shop\/stores\/d0742d556df94ddbc7ae4c9810aff04b\/others\/DUzHiKIC6i9v8CBcwslWe0PK4ONy3UsI7GUnRMzx.png\" width=\"273\" height=\"72\" data-name=\"stores\/d0742d556df94ddbc7ae4c9810aff04b\/others\/DUzHiKIC6i9v8CBcwslWe0PK4ONy3UsI7GUnRMzx.png\" \/><\/a><\/p>\n","protected":false},"excerpt":{"rendered":"<p>Hill&rsquo;s\u2122 Science Plan\u2122 CHAT ADULT au THON est un aliment complet pour les chats adultes de 1 \u00e0 6 ans. Les croquettes pour chats HILL\u2019S SCIENCE PLAN Adult sont sp\u00e9cialement formul\u00e9es pour r\u00e9pondre aux besoins \u00e9nerg\u00e9tiques des chats dans la force de l\u2019\u00e2ge. Elabor\u00e9 \u00e0 partir d\u2019ingr\u00e9dient de haute qualit\u00e9, faciles \u00e0 dig\u00e9rer. Contient de [&#8230;]\n","protected":false},"featured_media":259,"template":"","meta":{"jetpack_publicize_message":"","jetpack_publicize_feature_enabled":true,"jetpack_social_post_already_shared":true,"jetpack_social_options":{"image_generator_settings":{"template":"highway","default_image_id":0,"font":"","enabled":false},"version":2}},"product_brand":[],"product_cat":[40],"product_tag":[],"class_list":{"0":"post-81","1":"product","2":"type-product","3":"status-publish","4":"has-post-thumbnail","6":"product_cat-coquettes-pour-chat","8":"first","9":"instock","10":"taxable","11":"shipping-taxable","12":"purchasable","13":"product-type-simple"},"supplier_id":5603,"supplier_sku":"604073","barcode":null,"atum_controlled":true,"out_stock_date":null,"out_stock_threshold":null,"inheritable":false,"inbound_stock":0,"stock_on_hold":0,"sold_today":0,"sales_last_days":0,"reserved_stock":0,"customer_returns":0,"warehouse_damage":0,"lost_in_post":0,"other_logs":0,"out_stock_days":0,"lost_sales":0,"has_location":false,"update_date":"2026-04-28T00:16:31","atum_locations":[],"atum_stock_status":"instock","restock_status":false,"low_stock_amount":2,"sales_update_date":"2026-04-28T00:16:31","calc_backorders":null,"jetpack_publicize_connections":[],"jetpack_sharing_enabled":true,"batches":[{"id":"863","date_created":"2024-11-15 19:43:50","date_expiry":"2026-03-31 00:00:00","user_id":"2760","batch_number":"HILLS ADULTTUNA1.5KG","location":"","quantity":"2.0000","quantity_available":"0.0000","units":"1","status":"archived","order_ids":"[23700]","supplier":"Hill&#039;s","po":{"id":"839","date_created":"2024-11-15 19:43:51","batch_id":"863","po_number":"","supplier":"Hill&#039;s","cost":null,"regular_price":null,"sale_price":null,"price_margin":null,"price_discount":null}},{"id":"4679","date_created":"2025-08-02 15:52:24","date_expiry":"2026-08-31 00:00:00","user_id":"2760","batch_number":"HILLS ADULTTUNA1.5KG0826","location":"","quantity":"2.0000","quantity_available":"0.0000","units":"1","status":"archived","order_ids":"[29796,29826]","supplier":"HILLS","po":{"id":"4643","date_created":"2025-08-02 15:52:25","batch_id":"4679","po_number":"","supplier":"HILLS","cost":null,"regular_price":null,"sale_price":null,"price_margin":null,"price_discount":null}},{"id":"6470","date_created":"2025-12-05 17:56:48","date_expiry":"2027-04-09 00:00:00","user_id":"2760","batch_number":"HILLS ADULTTUNA1.5KG0427","location":"","quantity":"2.0000","quantity_available":"0.0000","units":"1","status":"archived","order_ids":"[31540,33125]","supplier":"HILLS","po":{"id":"6416","date_created":"2025-12-05 17:56:49","batch_id":"6470","po_number":"","supplier":"HILLS","cost":null,"regular_price":null,"sale_price":null,"price_margin":null,"price_discount":null}},{"id":"6735","date_created":"2025-12-18 12:57:30","date_expiry":"2027-04-09 00:00:00","user_id":"2760","batch_number":"HILLS ADULTTUNA1.5KG0427","location":"","quantity":"1.0000","quantity_available":"0.0000","units":"1","status":"archived","order_ids":"[37374]","supplier":"HILLS","po":{"id":"6681","date_created":"2025-12-18 12:57:31","batch_id":"6735","po_number":"","supplier":"HILLS","cost":null,"regular_price":null,"sale_price":null,"price_margin":null,"price_discount":null}},{"id":"7242","date_created":"2026-01-20 14:28:55","date_expiry":"2027-04-09 00:00:00","user_id":"2760","batch_number":"HILLS ADULTTUNA1.5KG0427","location":"","quantity":"1.0000","quantity_available":"0.0000","units":"1","status":"archived","order_ids":"[38917]","supplier":"HILLS","po":{"id":"7178","date_created":"2026-01-20 14:28:56","batch_id":"7242","po_number":"","supplier":"HILLS","cost":null,"regular_price":null,"sale_price":null,"price_margin":null,"price_discount":null}},{"id":"8353","date_created":"2026-03-19 10:14:23","date_expiry":"2027-02-09 00:00:00","user_id":"2760","batch_number":"HILLS ADULTTUNA1.5KG0227","location":"","quantity":"1.0000","quantity_available":"1.0000","units":"1","status":"active","order_ids":"[39103]","supplier":"HILLS","po":{"id":"8281","date_created":"2026-03-19 10:14:23","batch_id":"8353","po_number":"","supplier":"HILLS","cost":null,"regular_price":null,"sale_price":null,"price_margin":null,"price_discount":null}},{"id":"8868","date_created":"2026-04-16 18:24:18","date_expiry":"2027-04-09 00:00:00","user_id":"2760","batch_number":"HILLS ADULTTUNA1.5KG0427","location":"","quantity":"1.0000","quantity_available":"1.0000","units":"1","status":"active","order_ids":null,"supplier":"HILLS","po":{"id":"8795","date_created":"2026-04-16 18:24:19","batch_id":"8868","po_number":"","supplier":"HILLS","cost":null,"regular_price":null,"sale_price":null,"price_margin":null,"price_discount":null}}],"_links":{"self":[{"href":"https:\/\/petworld.ma\/index.php\/wp-json\/wp\/v2\/product\/81","targetHints":{"allow":["GET"]}}],"collection":[{"href":"https:\/\/petworld.ma\/index.php\/wp-json\/wp\/v2\/product"}],"about":[{"href":"https:\/\/petworld.ma\/index.php\/wp-json\/wp\/v2\/types\/product"}],"wp:featuredmedia":[{"embeddable":true,"href":"https:\/\/petworld.ma\/index.php\/wp-json\/wp\/v2\/media\/259"}],"wp:attachment":[{"href":"https:\/\/petworld.ma\/index.php\/wp-json\/wp\/v2\/media?parent=81"}],"wp:term":[{"taxonomy":"product_brand","embeddable":true,"href":"https:\/\/petworld.ma\/index.php\/wp-json\/wp\/v2\/product_brand?post=81"},{"taxonomy":"product_cat","embeddable":true,"href":"https:\/\/petworld.ma\/index.php\/wp-json\/wp\/v2\/product_cat?post=81"},{"taxonomy":"product_tag","embeddable":true,"href":"https:\/\/petworld.ma\/index.php\/wp-json\/wp\/v2\/product_tag?post=81"}],"curies":[{"name":"wp","href":"https:\/\/api.w.org\/{rel}","templated":true}]}}