{"id":8186,"date":"2024-04-23T10:42:07","date_gmt":"2024-04-23T10:42:07","guid":{"rendered":"https:\/\/petworld.ma\/?post_type=product&#038;p=8186"},"modified":"2026-03-05T13:38:02","modified_gmt":"2026-03-05T13:38:02","slug":"millet-pour-oiseaux","status":"publish","type":"product","link":"https:\/\/petworld.ma\/index.php\/produit\/millet-pour-oiseaux\/","title":{"rendered":"Millet pour oiseaux sac de 1kg, 2kg et 4kg"},"content":{"rendered":"<p>Le millet apporte aux oiseaux les nutriments n\u00e9cessaires \u00e0 leur sant\u00e9, \u00e0 leur bien-\u00eatre et \u00e0 leur d\u00e9veloppement. Ces graines de c\u00e9r\u00e9ale sont excellentes pour les oiseaux puisque cet aliment naturel a une bonne teneur en\u00a0<b>oligo\u00e9l\u00e9ments<\/b>, en\u00a0<b>glucides\u00a0<\/b>et en\u00a0<b>lipides<\/b>.<\/p>\n<p>Cette c\u00e9r\u00e9ale contient pr\u00e8s de 70 % de glucides, une teneur suffisante, voire importante, pour un bon apport en <b>\u00e9nergie<\/b>. Les oligo\u00e9l\u00e9ments contenus dans le millet contribuent \u00e9galement au\u00a0<b>renforcement du syst\u00e8me immunitaire<\/b>\u00a0des oiseaux. Par ailleurs, ces graines se dig\u00e8rent facilement et fluidifient la d\u00e9jection.<br \/>\nAussi, les grappes de millet accroch\u00e9es dans la voli\u00e8re mettent en\u00a0<b>confiance\u00a0<\/b>les oiseaux nouvellement adopt\u00e9s. Le grappillage des graines les met \u00e0 l\u2019aise. Enfin, les graines de millet permettent aux<b>\u00a0jeunes oiseaux<\/b>\u00a0d\u2019apprendre \u00e0 se nourrir seuls. Avant de les donner aux jeunes volatiles, les graines doivent \u00eatre tremp\u00e9es dans de l\u2019eau ti\u00e8de pendant 24 heures pour favoriser un leur germination.<\/p>\n<p>Ces <b>graines\u00a0<\/b>sont plut\u00f4t destin\u00e9es aux jeunes oiseaux et aux volatiles qui ont un bec faible, le millet en\u00a0<b>grappe\u00a0<\/b>convient mieux aux oiseaux qui viennent d\u2019\u00eatre adopt\u00e9s ainsi qu\u2019aux volatiles agit\u00e9s ou turbulents, tandis que le millet\u00a0<b>rouge\u00a0<\/b>ou roux est \u00e0 privil\u00e9gier lorsque l\u2019oiseau manque d\u2019app\u00e9tit puisque les volatiles semblent avoir une pr\u00e9f\u00e9rence pour les graines plus color\u00e9es.<\/p>\n","protected":false},"excerpt":{"rendered":"<p>Le millet apporte aux oiseaux les nutriments n\u00e9cessaires \u00e0 leur sant\u00e9, \u00e0 leur bien-\u00eatre et \u00e0 leur d\u00e9veloppement. Ces graines de c\u00e9r\u00e9ale sont excellentes pour les oiseaux puisque cet aliment naturel a une bonne teneur en\u00a0oligo\u00e9l\u00e9ments, en\u00a0glucides\u00a0et en\u00a0lipides. Cette c\u00e9r\u00e9ale contient pr\u00e8s de 70 % de glucides, une teneur suffisante, voire importante, pour un bon [&#8230;]\n","protected":false},"featured_media":8189,"template":"","meta":{"jetpack_publicize_message":"","jetpack_publicize_feature_enabled":true,"jetpack_social_post_already_shared":false,"jetpack_social_options":{"image_generator_settings":{"template":"highway","default_image_id":0,"font":"","enabled":false},"version":2}},"product_brand":[],"product_cat":[141],"product_tag":[],"class_list":{"0":"post-8186","1":"product","2":"type-product","3":"status-publish","4":"has-post-thumbnail","6":"product_cat-oiseaux","8":"first","9":"onbackorder","10":"taxable","11":"shipping-taxable","12":"purchasable","13":"product-type-variable"},"supplier_id":5595,"supplier_sku":"","barcode":null,"atum_controlled":true,"out_stock_date":null,"out_stock_threshold":null,"inheritable":true,"inbound_stock":0,"stock_on_hold":0,"sold_today":0,"sales_last_days":0,"reserved_stock":0,"customer_returns":0,"warehouse_damage":0,"lost_in_post":0,"other_logs":0,"out_stock_days":0,"lost_sales":0,"has_location":false,"update_date":"2026-04-25T00:11:27","atum_locations":[],"atum_stock_status":"onbackorder","restock_status":false,"low_stock_amount":"","sales_update_date":"2026-04-25T00:11:27","calc_backorders":-3,"jetpack_publicize_connections":[],"jetpack_sharing_enabled":true,"batches":[],"_links":{"self":[{"href":"https:\/\/petworld.ma\/index.php\/wp-json\/wp\/v2\/product\/8186","targetHints":{"allow":["GET"]}}],"collection":[{"href":"https:\/\/petworld.ma\/index.php\/wp-json\/wp\/v2\/product"}],"about":[{"href":"https:\/\/petworld.ma\/index.php\/wp-json\/wp\/v2\/types\/product"}],"wp:featuredmedia":[{"embeddable":true,"href":"https:\/\/petworld.ma\/index.php\/wp-json\/wp\/v2\/media\/8189"}],"wp:attachment":[{"href":"https:\/\/petworld.ma\/index.php\/wp-json\/wp\/v2\/media?parent=8186"}],"wp:term":[{"taxonomy":"product_brand","embeddable":true,"href":"https:\/\/petworld.ma\/index.php\/wp-json\/wp\/v2\/product_brand?post=8186"},{"taxonomy":"product_cat","embeddable":true,"href":"https:\/\/petworld.ma\/index.php\/wp-json\/wp\/v2\/product_cat?post=8186"},{"taxonomy":"product_tag","embeddable":true,"href":"https:\/\/petworld.ma\/index.php\/wp-json\/wp\/v2\/product_tag?post=8186"}],"curies":[{"name":"wp","href":"https:\/\/api.w.org\/{rel}","templated":true}]}}