{"id":8262,"date":"2024-04-26T15:23:43","date_gmt":"2024-04-26T15:23:43","guid":{"rendered":"https:\/\/petworld.ma\/?post_type=product&#038;p=8262"},"modified":"2026-04-27T09:31:48","modified_gmt":"2026-04-27T09:31:48","slug":"perroquet-vinci-loros-grand-mix-parrots","status":"publish","type":"product","link":"https:\/\/petworld.ma\/index.php\/produit\/perroquet-vinci-loros-grand-mix-parrots\/","title":{"rendered":"Perroquet: M\u00e9lange Vinci Loros Grand Mix Parrots 700g"},"content":{"rendered":"<p>M\u00e9lange pour grands perroquets VINCI Complete Food. Poid: 700g<\/p>\n<p>Notre m\u00e9lange de graines pour grands perroquets est le choix parfait pour assurer une alimentation \u00e9quilibr\u00e9e et nutritive.<br \/>\nIl contient un m\u00e9lange \u00e9quilibr\u00e9 de c\u00e9r\u00e9ales, de graines et de noix qui apportent les valeurs nutritionnelles n\u00e9cessaires au d\u00e9veloppement optimal de vos oiseaux.<br \/>\nLes grands perroquets ont besoin d&rsquo;une alimentation riche en nutriments pour rester en bonne sant\u00e9 et actifs, et notre m\u00e9lange fournit tout ce dont ils ont besoin pour rester forts et pleins d&rsquo;\u00e9nergie. De plus, gr\u00e2ce \u00e0 la s\u00e9lection rigoureuse des ingr\u00e9dients, vous pouvez \u00eatre s\u00fbr que votre perroquet re\u00e7oit une alimentation compl\u00e8te et \u00e9quilibr\u00e9e.<\/p>\n<p><strong>Composition:<\/strong><br \/>\nGraines de tournesol, arachides d\u00e9cortiqu\u00e9es, graines de tournesol miniatures, carthame, bl\u00e9, avoine d\u00e9cortiqu\u00e9e, graines de tournesol blanches, ma\u00efs, boules m\u00e9lang\u00e9es (ma\u00efs, son de bl\u00e9, farine de biscuit, seigle, farine de colza, gluten, carbonate de calcium, sel) Graines de chanvre, noires graines de tournesol, coques d&rsquo;arachide, corn flakes, platanites extrud\u00e9s (farine d&rsquo;orge, farine de ma\u00efs, farine de soja, farine de bl\u00e9), orge, perroquets extrud\u00e9s (c\u00e9r\u00e9ales, d\u00e9riv\u00e9s de graines, fruits ol\u00e9iques, huiles v\u00e9g\u00e9tales, levure de bi\u00e8re s\u00e9ch\u00e9e, min\u00e9raux) Graines de courge, \u00e9glantier, piment, aloe vera et huile v\u00e9g\u00e9tale.<\/p>\n","protected":false},"excerpt":{"rendered":"<p>Porduit import\u00e9 d&rsquo;Europe.<\/p>\n<p>Poid: 700g<\/p>\n","protected":false},"featured_media":8267,"template":"","meta":{"jetpack_publicize_message":"","jetpack_publicize_feature_enabled":true,"jetpack_social_post_already_shared":false,"jetpack_social_options":{"image_generator_settings":{"template":"highway","default_image_id":0,"font":"","enabled":false},"version":2}},"product_brand":[],"product_cat":[141],"product_tag":[],"class_list":{"0":"post-8262","1":"product","2":"type-product","3":"status-publish","4":"has-post-thumbnail","6":"product_cat-oiseaux","8":"first","9":"instock","10":"taxable","11":"shipping-taxable","12":"purchasable","13":"product-type-simple"},"supplier_id":5595,"supplier_sku":"","barcode":null,"atum_controlled":true,"out_stock_date":null,"out_stock_threshold":null,"inheritable":false,"inbound_stock":0,"stock_on_hold":2,"sold_today":2,"sales_last_days":4,"reserved_stock":0,"customer_returns":0,"warehouse_damage":0,"lost_in_post":0,"other_logs":0,"out_stock_days":0,"lost_sales":0,"has_location":false,"update_date":"2026-04-27T17:35:50","atum_locations":[],"atum_stock_status":"instock","restock_status":false,"low_stock_amount":10,"sales_update_date":"2026-04-27T17:35:50","calc_backorders":0,"jetpack_publicize_connections":[],"jetpack_sharing_enabled":true,"batches":[{"id":"2095","date_created":"2025-02-21 15:04:51","date_expiry":"2026-11-30 00:00:00","user_id":"2760","batch_number":"M\u00e9langeVinciLorosGrandMixParrots700g1126","location":"","quantity":"24.0000","quantity_available":"0.0000","units":"1","status":"archived","order_ids":"[18186,20450,22044,25144,25427,25440,25564,28373,29007]","supplier":"Ownat","po":{"id":"2065","date_created":"2025-02-21 15:04:54","batch_id":"2095","po_number":"","supplier":"Ownat","cost":null,"regular_price":null,"sale_price":null,"price_margin":null,"price_discount":null}},{"id":"5941","date_created":"2025-10-30 22:23:51","date_expiry":"2027-06-30 00:00:00","user_id":"2760","batch_number":"M\u00e9langeVinciLorosGrandMixParrots700g0627","location":"","quantity":"24.0000","quantity_available":"0.0000","units":"1","status":"archived","order_ids":"[30113,30319,30637,30797,31151,32203,33377,33470,34461,34562,34810,35517,37378]","supplier":"Ownat","po":{"id":"5879","date_created":"2025-10-30 22:23:51","batch_id":"5941","po_number":"","supplier":"Ownat","cost":null,"regular_price":null,"sale_price":null,"price_margin":null,"price_discount":null}},{"id":"7648","date_created":"2026-02-12 11:12:15","date_expiry":"2027-06-30 00:00:00","user_id":"2760","batch_number":"M\u00e9langeVinciLorosGrandMixParrots700g0627","location":"","quantity":"24.0000","quantity_available":"13.0000","units":"1","status":"active","order_ids":"[37378,38552,39138,39673,40630,40771]","supplier":"Ownat","po":{"id":"7583","date_created":"2026-02-12 11:12:15","batch_id":"7648","po_number":"","supplier":"Ownat","cost":null,"regular_price":null,"sale_price":null,"price_margin":null,"price_discount":null}}],"_links":{"self":[{"href":"https:\/\/petworld.ma\/index.php\/wp-json\/wp\/v2\/product\/8262","targetHints":{"allow":["GET"]}}],"collection":[{"href":"https:\/\/petworld.ma\/index.php\/wp-json\/wp\/v2\/product"}],"about":[{"href":"https:\/\/petworld.ma\/index.php\/wp-json\/wp\/v2\/types\/product"}],"wp:featuredmedia":[{"embeddable":true,"href":"https:\/\/petworld.ma\/index.php\/wp-json\/wp\/v2\/media\/8267"}],"wp:attachment":[{"href":"https:\/\/petworld.ma\/index.php\/wp-json\/wp\/v2\/media?parent=8262"}],"wp:term":[{"taxonomy":"product_brand","embeddable":true,"href":"https:\/\/petworld.ma\/index.php\/wp-json\/wp\/v2\/product_brand?post=8262"},{"taxonomy":"product_cat","embeddable":true,"href":"https:\/\/petworld.ma\/index.php\/wp-json\/wp\/v2\/product_cat?post=8262"},{"taxonomy":"product_tag","embeddable":true,"href":"https:\/\/petworld.ma\/index.php\/wp-json\/wp\/v2\/product_tag?post=8262"}],"curies":[{"name":"wp","href":"https:\/\/api.w.org\/{rel}","templated":true}]}}