{"id":8292,"date":"2024-04-27T14:11:46","date_gmt":"2024-04-27T14:11:46","guid":{"rendered":"https:\/\/petworld.ma\/?post_type=product&#038;p=8292"},"modified":"2026-04-21T13:38:13","modified_gmt":"2026-04-21T13:38:13","slug":"perruche-melange-pour-perruches-vinci-periquitos-500g","status":"publish","type":"product","link":"https:\/\/petworld.ma\/index.php\/produit\/perruche-melange-pour-perruches-vinci-periquitos-500g\/","title":{"rendered":"Perruche: M\u00e9lange pour perruches Vinci Periquitos 500g"},"content":{"rendered":"<p>M\u00e9lange pour Perruches VINCI Complete Food. Poid: 500g<\/p>\n<p>Ce m\u00e9lange contient une vari\u00e9t\u00e9 de graines et de c\u00e9r\u00e9ales riche en \u00e9l\u00e9ments nutritionnels essentiels pour maintenir la sant\u00e9 et le bonheur des Perruches.<\/p>\n<div>Ce produit est riche en une vari\u00e9t\u00e9 de vitamines et de min\u00e9raux pour maintenir la sant\u00e9 des oiseaux. Une gamme de graines de haute qualit\u00e9 pour garantir une bonne alimentation aux oiseaux. Il contient un pourcentage \u00e9lev\u00e9 de calcium, b\u00e9n\u00e9fique pour les os et les muscles.<\/div>\n<div><\/div>\n<div>\n<div>Caract\u00e9ristiques du produit<\/div>\n<ul>\n<li>Il contient un groupe de c\u00e9r\u00e9ales et de graines \u00e0 haute valeur nutritionnelle.<\/li>\n<li>Fabriqu\u00e9 par des v\u00e9t\u00e9rinaires avec soin.<\/li>\n<li>R\u00e9pond \u00e0 tous les besoins \u00e9nerg\u00e9tiques quotidiens des oiseaux.<\/li>\n<li>Son go\u00fbt est d\u00e9licieux et un grand pourcentage d\u2019oiseaux pr\u00e9f\u00e8rent le manger.<\/li>\n<li>Une alimentation excellente, b\u00e9n\u00e9fique et \u00e9quilibr\u00e9e pour plus de vitalit\u00e9.<\/li>\n<li>Il maintient le syst\u00e8me immunitaire et facilite la digestion et le m\u00e9tabolisme.<\/li>\n<li>Il contient un groupe sp\u00e9cial de vitamines A, B et D qui aident les oiseaux \u00e0 grandir de mani\u00e8re saine et satisfaisante.<\/li>\n<li>Il contient des mati\u00e8res premi\u00e8res internationales et de haute qualit\u00e9.<\/li>\n<\/ul>\n<\/div>\n","protected":false},"excerpt":{"rendered":"<p>Porduit import\u00e9 d&rsquo;Europe.<\/p>\n<p>Poid: 500g<\/p>\n","protected":false},"featured_media":8293,"template":"","meta":{"jetpack_publicize_message":"","jetpack_publicize_feature_enabled":true,"jetpack_social_post_already_shared":false,"jetpack_social_options":{"image_generator_settings":{"template":"highway","default_image_id":0,"font":"","enabled":false},"version":2}},"product_brand":[],"product_cat":[141],"product_tag":[],"class_list":{"0":"post-8292","1":"product","2":"type-product","3":"status-publish","4":"has-post-thumbnail","6":"product_cat-oiseaux","8":"first","9":"outofstock","10":"taxable","11":"shipping-taxable","12":"purchasable","13":"product-type-simple"},"supplier_id":5595,"supplier_sku":"","barcode":null,"atum_controlled":true,"out_stock_date":"2026-04-20 17:59:31","out_stock_threshold":null,"inheritable":false,"inbound_stock":0,"stock_on_hold":0,"sold_today":0,"sales_last_days":0,"reserved_stock":0,"customer_returns":0,"warehouse_damage":0,"lost_in_post":0,"other_logs":0,"out_stock_days":14,"lost_sales":32,"has_location":false,"update_date":"2026-05-05T00:17:33","atum_locations":[],"atum_stock_status":"outofstock","restock_status":false,"low_stock_amount":4,"sales_update_date":"2026-05-05T00:17:33","calc_backorders":null,"jetpack_publicize_connections":[],"jetpack_sharing_enabled":true,"batches":[{"id":"1730","date_created":"2025-01-23 10:25:02","date_expiry":"2026-10-30 00:00:00","user_id":"2760","batch_number":"Perruche:M\u00e9langepourperruchesVinciPeriquitos500g301026","location":"","quantity":"20.0000","quantity_available":"0.0000","units":"1","status":"archived","order_ids":"[17578,18121,18676,20772,22917,25297,26271,26437,26648,26864,27055,27182]","supplier":"Ownat","po":{"id":"1704","date_created":"2025-01-23 10:25:05","batch_id":"1730","po_number":"","supplier":"Ownat","cost":null,"regular_price":null,"sale_price":null,"price_margin":null,"price_discount":null}},{"id":"6227","date_created":"2025-11-16 12:14:23","date_expiry":"2027-08-30 00:00:00","user_id":"2760","batch_number":"Perruche:M\u00e9langepourperruchesVinciPeriquitos500g300827","location":"","quantity":"20.0000","quantity_available":"0.0000","units":"1","status":"archived","order_ids":"[31381,31497,32597,34898,37067,37083,37999,38439,38697,38812,40028]","supplier":"Ownat","po":{"id":"6173","date_created":"2025-11-16 12:14:23","batch_id":"6227","po_number":"","supplier":"Ownat","cost":null,"regular_price":null,"sale_price":null,"price_margin":null,"price_discount":null}}],"_links":{"self":[{"href":"https:\/\/petworld.ma\/index.php\/wp-json\/wp\/v2\/product\/8292","targetHints":{"allow":["GET"]}}],"collection":[{"href":"https:\/\/petworld.ma\/index.php\/wp-json\/wp\/v2\/product"}],"about":[{"href":"https:\/\/petworld.ma\/index.php\/wp-json\/wp\/v2\/types\/product"}],"wp:featuredmedia":[{"embeddable":true,"href":"https:\/\/petworld.ma\/index.php\/wp-json\/wp\/v2\/media\/8293"}],"wp:attachment":[{"href":"https:\/\/petworld.ma\/index.php\/wp-json\/wp\/v2\/media?parent=8292"}],"wp:term":[{"taxonomy":"product_brand","embeddable":true,"href":"https:\/\/petworld.ma\/index.php\/wp-json\/wp\/v2\/product_brand?post=8292"},{"taxonomy":"product_cat","embeddable":true,"href":"https:\/\/petworld.ma\/index.php\/wp-json\/wp\/v2\/product_cat?post=8292"},{"taxonomy":"product_tag","embeddable":true,"href":"https:\/\/petworld.ma\/index.php\/wp-json\/wp\/v2\/product_tag?post=8292"}],"curies":[{"name":"wp","href":"https:\/\/api.w.org\/{rel}","templated":true}]}}