{"id":8295,"date":"2024-04-27T14:34:08","date_gmt":"2024-04-27T14:34:08","guid":{"rendered":"https:\/\/petworld.ma\/?post_type=product&#038;p=8295"},"modified":"2026-04-08T16:20:24","modified_gmt":"2026-04-08T16:20:24","slug":"calopsitte-melange-pour-calopsitte-vinci-cotorras-1kg","status":"publish","type":"product","link":"https:\/\/petworld.ma\/index.php\/produit\/calopsitte-melange-pour-calopsitte-vinci-cotorras-1kg\/","title":{"rendered":"Calopsitte : M\u00e9lange pour calopsitte Vinci Cotorras 1kg"},"content":{"rendered":"<p>M\u00e9lange pour Calopsitte VINCI Complete Food. Poid: 1kg<\/p>\n<div>\n<p>Aliment pour nymphes, roselles et autres perroquets de petite et moyenne taille, \u00e0 base de graines s\u00e9lectionn\u00e9es qui apportent tous les nutriments n\u00e9cessaires<\/p>\n<p><strong>Composition :<\/strong>\u00a0Millet jaune, millet rouge, graine \u00e0 canaris, petite graine de tournesol, avoine pel\u00e9e, carthame, orge, tournesol noir et blanc graines, produits de boulangerie et protection des p\u00e2tes, graines de chanvre, bl\u00e9, huile v\u00e9g\u00e9tale et ar\u00f4me de banane<\/p>\n<\/div>\n","protected":false},"excerpt":{"rendered":"<p>Porduit import\u00e9 d&rsquo;Europe.<\/p>\n<p>Poid: 1kg<\/p>\n","protected":false},"featured_media":8296,"template":"","meta":{"jetpack_publicize_message":"","jetpack_publicize_feature_enabled":true,"jetpack_social_post_already_shared":false,"jetpack_social_options":{"image_generator_settings":{"template":"highway","default_image_id":0,"font":"","enabled":false},"version":2}},"product_brand":[],"product_cat":[141],"product_tag":[],"class_list":{"0":"post-8295","1":"product","2":"type-product","3":"status-publish","4":"has-post-thumbnail","6":"product_cat-oiseaux","8":"first","9":"outofstock","10":"taxable","11":"shipping-taxable","12":"purchasable","13":"product-type-simple"},"supplier_id":5595,"supplier_sku":"110","barcode":null,"atum_controlled":true,"out_stock_date":"2026-04-08 16:20:25","out_stock_threshold":null,"inheritable":false,"inbound_stock":0,"stock_on_hold":0,"sold_today":0,"sales_last_days":0,"reserved_stock":0,"customer_returns":0,"warehouse_damage":0,"lost_in_post":0,"other_logs":0,"out_stock_days":16,"lost_sales":246,"has_location":false,"update_date":"2026-04-25T00:12:06","atum_locations":[],"atum_stock_status":"outofstock","restock_status":false,"low_stock_amount":4,"sales_update_date":"2026-04-25T00:12:05","calc_backorders":null,"jetpack_publicize_connections":[],"jetpack_sharing_enabled":true,"batches":[{"id":"1729","date_created":"2025-01-23 10:20:51","date_expiry":"2026-10-30 00:00:00","user_id":"2461","batch_number":"CalopsitteM\u00e9langepourcalopsitteVinciCotorras1kg1026","location":"","quantity":"12.0000","quantity_available":"0.0000","units":"1","status":"archived","order_ids":"[17984,20699,21906,22044,22917,24046,25059]","supplier":"Ownat","po":{"id":"1703","date_created":"2025-01-23 10:20:54","batch_id":"1729","po_number":"","supplier":"Ownat","cost":null,"regular_price":null,"sale_price":null,"price_margin":null,"price_discount":null}},{"id":"4109","date_created":"2025-06-26 20:45:58","date_expiry":"2027-05-30 00:00:00","user_id":"2461","batch_number":"CalopsitteM\u00e9langepourcalopsitteVinciCotorras1kg0527","location":"","quantity":"12.0000","quantity_available":"0.0000","units":"1","status":"archived","order_ids":"[25564,27182,27705,28371,29079,29957,30328,30717,30797]","supplier":"Ownat","po":{"id":"4073","date_created":"2025-06-26 20:45:58","batch_id":"4109","po_number":"","supplier":"Ownat","cost":null,"regular_price":null,"sale_price":null,"price_margin":null,"price_discount":null}},{"id":"6297","date_created":"2025-11-23 23:38:21","date_expiry":"2027-08-30 00:00:00","user_id":"2461","batch_number":"CalopsitteM\u00e9langepourcalopsitteVinciCotorras1kg0827","location":"","quantity":"12.0000","quantity_available":"0.0000","units":"1","status":"archived","order_ids":"[30944,31316,31338,31381,31732,31813]","supplier":"Ownat","po":{"id":"6243","date_created":"2025-11-23 23:38:22","batch_id":"6297","po_number":"","supplier":"Ownat","cost":null,"regular_price":null,"sale_price":null,"price_margin":null,"price_discount":null}},{"id":"7013","date_created":"2026-01-01 10:09:44","date_expiry":"2027-08-30 00:00:00","user_id":"2461","batch_number":"CalopsitteM\u00e9langepourcalopsitteVinciCotorras1kg0827","location":"","quantity":"12.0000","quantity_available":"0.0000","units":"1","status":"archived","order_ids":"[33140,33252,34429,34772,36799,37067,37484,38812,39190]","supplier":"Ownat","po":{"id":"6952","date_created":"2026-01-01 10:09:44","batch_id":"7013","po_number":"","supplier":"Ownat","cost":null,"regular_price":null,"sale_price":null,"price_margin":null,"price_discount":null}}],"_links":{"self":[{"href":"https:\/\/petworld.ma\/index.php\/wp-json\/wp\/v2\/product\/8295","targetHints":{"allow":["GET"]}}],"collection":[{"href":"https:\/\/petworld.ma\/index.php\/wp-json\/wp\/v2\/product"}],"about":[{"href":"https:\/\/petworld.ma\/index.php\/wp-json\/wp\/v2\/types\/product"}],"wp:featuredmedia":[{"embeddable":true,"href":"https:\/\/petworld.ma\/index.php\/wp-json\/wp\/v2\/media\/8296"}],"wp:attachment":[{"href":"https:\/\/petworld.ma\/index.php\/wp-json\/wp\/v2\/media?parent=8295"}],"wp:term":[{"taxonomy":"product_brand","embeddable":true,"href":"https:\/\/petworld.ma\/index.php\/wp-json\/wp\/v2\/product_brand?post=8295"},{"taxonomy":"product_cat","embeddable":true,"href":"https:\/\/petworld.ma\/index.php\/wp-json\/wp\/v2\/product_cat?post=8295"},{"taxonomy":"product_tag","embeddable":true,"href":"https:\/\/petworld.ma\/index.php\/wp-json\/wp\/v2\/product_tag?post=8295"}],"curies":[{"name":"wp","href":"https:\/\/api.w.org\/{rel}","templated":true}]}}