{"id":8300,"date":"2024-04-27T16:20:37","date_gmt":"2024-04-27T16:20:37","guid":{"rendered":"https:\/\/petworld.ma\/?post_type=product&#038;p=8300"},"modified":"2026-04-08T17:07:34","modified_gmt":"2026-04-08T17:07:34","slug":"inseparables-melange-pour-inseparables-vinci-agapornis-lovebird-1kg","status":"publish","type":"product","link":"https:\/\/petworld.ma\/index.php\/produit\/inseparables-melange-pour-inseparables-vinci-agapornis-lovebird-1kg\/","title":{"rendered":"Ins\u00e9parables : M\u00e9lange pour Ins\u00e9parables Vinci Agapornis Lovebird 1kg"},"content":{"rendered":"<p>M\u00e9lange pour Ins\u00e9parables VINCI Complete Food. Poid: 1kg<\/p>\n<div>\n<p>Le m\u00e9lange Ins\u00e9parables Vinci est formul\u00e9 avec un ensemble de graines de qualit\u00e9 et avec le dosage adapt\u00e9 pour que vos Tourtereaux aient une alimentation ad\u00e9quate et \u00e9quilibr\u00e9e.<\/p>\n<h3><strong>Un aliment complet et vari\u00e9 pour Agapornis<\/strong><\/h3>\n<p>Emball\u00e9 sous\u00a0\u00a0<strong>atmosph\u00e8re contr\u00f4l\u00e9e<\/strong>\u00a0\u00a0pour offrir un aliment s\u00fbr, exempt de bact\u00e9ries et d&rsquo;insectes.<\/p>\n<p><strong>Les Tourtereaux ou Tourtereaux<\/strong>\u00a0sont des oiseaux magnifiques et indissociables.<\/p>\n<p><strong>C&rsquo;est une esp\u00e8ce tr\u00e8s amicale et intelligente<\/strong>\u00a0, la meilleure r\u00e9compense que vous puissiez lui offrir au quotidien est une alimentation saine et ad\u00e9quate pour\u00a0<strong>\u00a0renforcer ses instincts et promouvoir ses capacit\u00e9s.<\/strong><\/p>\n<h2><strong>Avantages de Vinci Feed pour les tourtereaux<br \/>\n<\/strong><\/h2>\n<ul>\n<li>Atmosph\u00e8re modifi\u00e9e lors du conditionnement<\/li>\n<li>100% fra\u00eecheur garantie.<\/li>\n<li>Des graines de qualit\u00e9 pour nourrir les tourtereaux<\/li>\n<li>Avec les bienfaits du potassium et du magn\u00e9sium.<\/li>\n<\/ul>\n<p><strong>Ingr\u00e9dients: <\/strong>Millet jaune, alpiste des Canaries, millet rouge, avoine d\u00e9cortiqu\u00e9e, graines de carthame, orge, graines (lin et niger), sarrasin, graines de chanvre, produits de boulangerie et de fabrication de p\u00e2tes alimentaires, bl\u00e9, petites graines de tournesol, huile v\u00e9g\u00e9tale et ar\u00f4me banane.<\/p>\n<p>&nbsp;<\/p>\n<\/div>\n","protected":false},"excerpt":{"rendered":"<p>Porduit import\u00e9 d&rsquo;Europe.<\/p>\n<p>Poid: 1kg<\/p>\n","protected":false},"featured_media":8301,"template":"","meta":{"jetpack_publicize_message":"","jetpack_publicize_feature_enabled":true,"jetpack_social_post_already_shared":false,"jetpack_social_options":{"image_generator_settings":{"template":"highway","default_image_id":0,"font":"","enabled":false},"version":2}},"product_brand":[],"product_cat":[141],"product_tag":[],"class_list":{"0":"post-8300","1":"product","2":"type-product","3":"status-publish","4":"has-post-thumbnail","6":"product_cat-oiseaux","8":"first","9":"outofstock","10":"taxable","11":"shipping-taxable","12":"purchasable","13":"product-type-simple"},"supplier_id":5595,"supplier_sku":"97","barcode":null,"atum_controlled":true,"out_stock_date":"2026-04-08 17:07:34","out_stock_threshold":null,"inheritable":false,"inbound_stock":0,"stock_on_hold":2,"sold_today":0,"sales_last_days":0,"reserved_stock":0,"customer_returns":0,"warehouse_damage":0,"lost_in_post":0,"other_logs":0,"out_stock_days":20,"lost_sales":291,"has_location":false,"update_date":"2026-04-29T00:16:12","atum_locations":[],"atum_stock_status":"outofstock","restock_status":false,"low_stock_amount":8,"sales_update_date":"2026-04-29T00:16:11","calc_backorders":null,"jetpack_publicize_connections":[],"jetpack_sharing_enabled":true,"batches":[{"id":"1760","date_created":"2025-01-24 23:34:31","date_expiry":"2026-10-30 00:00:00","user_id":"2461","batch_number":"Ins\u00e9parablesM\u00e9langeLovebird1kg1026","location":"","quantity":"24.0000","quantity_available":"0.0000","units":"1","status":"archived","order_ids":"[18041,18121,18619,19201,19723,20199,21035,21085,21920,23169,23191,24354,24474]","supplier":"Ownat","po":{"id":"1734","date_created":"2025-01-24 23:34:34","batch_id":"1760","po_number":"","supplier":"Ownat","cost":null,"regular_price":null,"sale_price":null,"price_margin":null,"price_discount":null}},{"id":"4108","date_created":"2025-06-26 20:42:44","date_expiry":"2027-05-30 00:00:00","user_id":"2461","batch_number":"Ins\u00e9parablesM\u00e9langeLovebird1kg0527","location":"","quantity":"12.0000","quantity_available":"0.0000","units":"1","status":"archived","order_ids":"[24474,24773,29056,29566,29902,30170]","supplier":"Ownat","po":{"id":"4072","date_created":"2025-06-26 20:42:44","batch_id":"4108","po_number":"","supplier":"Ownat","cost":null,"regular_price":null,"sale_price":null,"price_margin":null,"price_discount":null}},{"id":"6119","date_created":"2025-11-11 22:48:49","date_expiry":"2027-05-30 00:00:00","user_id":"2461","batch_number":"Ins\u00e9parablesM\u00e9langeLovebird1kg0527","location":"","quantity":"24.0000","quantity_available":"0.0000","units":"1","status":"archived","order_ids":"[30277,30986,31316,32646,34948,35027,35591,36460,36738,37091,37302,38298,38751,39147]","supplier":"Ownat","po":{"id":"6066","date_created":"2025-11-11 22:48:50","batch_id":"6119","po_number":"","supplier":"Ownat","cost":null,"regular_price":null,"sale_price":null,"price_margin":null,"price_discount":null}}],"_links":{"self":[{"href":"https:\/\/petworld.ma\/index.php\/wp-json\/wp\/v2\/product\/8300","targetHints":{"allow":["GET"]}}],"collection":[{"href":"https:\/\/petworld.ma\/index.php\/wp-json\/wp\/v2\/product"}],"about":[{"href":"https:\/\/petworld.ma\/index.php\/wp-json\/wp\/v2\/types\/product"}],"wp:featuredmedia":[{"embeddable":true,"href":"https:\/\/petworld.ma\/index.php\/wp-json\/wp\/v2\/media\/8301"}],"wp:attachment":[{"href":"https:\/\/petworld.ma\/index.php\/wp-json\/wp\/v2\/media?parent=8300"}],"wp:term":[{"taxonomy":"product_brand","embeddable":true,"href":"https:\/\/petworld.ma\/index.php\/wp-json\/wp\/v2\/product_brand?post=8300"},{"taxonomy":"product_cat","embeddable":true,"href":"https:\/\/petworld.ma\/index.php\/wp-json\/wp\/v2\/product_cat?post=8300"},{"taxonomy":"product_tag","embeddable":true,"href":"https:\/\/petworld.ma\/index.php\/wp-json\/wp\/v2\/product_tag?post=8300"}],"curies":[{"name":"wp","href":"https:\/\/api.w.org\/{rel}","templated":true}]}}