{"id":850,"date":"2022-12-17T19:55:54","date_gmt":"2022-12-17T19:55:54","guid":{"rendered":"https:\/\/petworld.ma\/?post_type=product&#038;p=850"},"modified":"2026-04-20T20:24:18","modified_gmt":"2026-04-20T20:24:18","slug":"hills-science-plan-aliment-pour-chat-mature-adulte-7-poulet-1-5kg","status":"publish","type":"product","link":"https:\/\/petworld.ma\/index.php\/produit\/hills-science-plan-aliment-pour-chat-mature-adulte-7-poulet-1-5kg\/","title":{"rendered":"Hill&rsquo;s Science Plan Croquettes pour Chat Mature Adulte +7 Poulet (1.5kg)"},"content":{"rendered":"<div class=\"product-section description-section\">\n<div class=\"single-description fr-view\">\n<p>Hill&rsquo;s\u2122 Science Plan\u2122\u00a0MATURE ADULT CAT FOOD au POULET (poulet 13 % ; total volaille 20 % ) est un aliment complet pour les chats \u00e0 partir de 7 ans.<\/p>\n<p>Les croquettes HILL\u2019S SCIENCE PLAN Mature Adult aident les chats \u00e0 lutter contre les signes du vieillissement. Fournit un m\u00e9lange d&rsquo;ingr\u00e9dients synergiques pour renforcer l\u2019\u00e9nergie et soutenir l\u2019activit\u00e9 des chats \u00e2g\u00e9s.<\/p>\n<ul>\n<li>Contient de la taurine essentielle pour la sant\u00e9 cardiaque et une teneur \u00e9quilibr\u00e9e en min\u00e9raux pour la sant\u00e9 des reins et de la vessie<\/li>\n<li>Avec de la vitamine E et des acides gras om\u00e9ga-3 &amp; -6 pour une belle peau et un pelage brillant<\/li>\n<li>Des ingr\u00e9dients faciles \u00e0 dig\u00e9rer et des fibres naturelles pour une digestion saine<\/li>\n<\/ul>\n<p><strong><u>Recommandations:<\/u><\/strong><\/p>\n<p>Chats matures de 7 ans et +.<\/p>\n<p><strong><u>Ne pas utiliser cet aliment:<\/u><\/strong><\/p>\n<p>Chez les chatons et les femelles en gestation ou en lactation. Pendant la gestation et la lactation, utiliser les croquettes ou les aliments humides HILL&rsquo;S SCIENCE PLAN Kitten<\/p>\n<p><a href=\"https:\/\/wa.me\/212708052510\" target=\"_blank\" rel=\"noopener noreferrer\"><img decoding=\"async\" class=\"fr-fic fr-dib aligncenter\" src=\"https:\/\/cdn.youcan.shop\/stores\/d0742d556df94ddbc7ae4c9810aff04b\/others\/W3KIHOWyGQ1BBQCT8sFFDo7hcGpqOZKbCMfpIcO4.png\" width=\"280\" height=\"74\" data-name=\"stores\/d0742d556df94ddbc7ae4c9810aff04b\/others\/W3KIHOWyGQ1BBQCT8sFFDo7hcGpqOZKbCMfpIcO4.png\" \/><\/a><\/p>\n<\/div>\n<\/div>\n<div class=\"product-section add-to-cart-section\">\n<div class=\"quantity\"><\/div>\n<\/div>\n","protected":false},"excerpt":{"rendered":"<p>Hill&rsquo;s\u2122 Science Plan\u2122\u00a0MATURE ADULT CAT FOOD au POULET (poulet 13 % ; total volaille 20 % ) est un aliment complet pour les chats \u00e0 partir de 7 ans. Les croquettes HILL\u2019S SCIENCE PLAN Mature Adult aident les chats \u00e0 lutter contre les signes du vieillissement. Fournit un m\u00e9lange d&rsquo;ingr\u00e9dients synergiques pour renforcer l\u2019\u00e9nergie et [&#8230;]\n","protected":false},"featured_media":855,"template":"","meta":{"jetpack_publicize_message":"","jetpack_publicize_feature_enabled":true,"jetpack_social_post_already_shared":false,"jetpack_social_options":{"image_generator_settings":{"template":"highway","default_image_id":0,"font":"","enabled":false},"version":2}},"product_brand":[],"product_cat":[40],"product_tag":[],"class_list":{"0":"post-850","1":"product","2":"type-product","3":"status-publish","4":"has-post-thumbnail","6":"product_cat-coquettes-pour-chat","8":"first","9":"instock","10":"taxable","11":"shipping-taxable","12":"purchasable","13":"product-type-simple"},"supplier_id":5603,"supplier_sku":"604097","barcode":null,"atum_controlled":true,"out_stock_date":null,"out_stock_threshold":null,"inheritable":false,"inbound_stock":0,"stock_on_hold":0,"sold_today":0,"sales_last_days":1,"reserved_stock":0,"customer_returns":0,"warehouse_damage":0,"lost_in_post":0,"other_logs":0,"out_stock_days":0,"lost_sales":0,"has_location":false,"update_date":"2026-04-28T09:25:52","atum_locations":[],"atum_stock_status":"instock","restock_status":false,"low_stock_amount":4,"sales_update_date":"2026-04-28T09:25:52","calc_backorders":0,"jetpack_publicize_connections":[],"jetpack_sharing_enabled":true,"batches":[{"id":"389","date_created":"2024-09-29 19:21:12","date_expiry":"2025-09-30 00:00:00","user_id":"2760","batch_number":"HILLSSPlanMature300925","location":"","quantity":"1.0000","quantity_available":"0.0000","units":"1","status":"archived","order_ids":"[12996]","supplier":"Hill&#039;s","po":{"id":"379","date_created":"2024-09-29 19:21:13","batch_id":"389","po_number":"","supplier":"Hill&#039;s","cost":null,"regular_price":null,"sale_price":null,"price_margin":null,"price_discount":null}},{"id":"459","date_created":"2024-09-30 18:37:35","date_expiry":"2026-01-30 00:00:00","user_id":"2760","batch_number":"HILLSSPlanMature300126","location":"","quantity":"4.0000","quantity_available":"0.0000","units":"1","status":"archived","order_ids":"[13964,14643,15180,25703,26017,26080]","supplier":"Hill&#039;s","po":{"id":"443","date_created":"2024-09-30 18:37:35","batch_id":"459","po_number":"","supplier":"Hill&#039;s","cost":null,"regular_price":null,"sale_price":null,"price_margin":null,"price_discount":null}},{"id":"1288","date_created":"2024-12-19 17:44:49","date_expiry":"2026-01-06 00:00:00","user_id":"2760","batch_number":"HILLSSPlanMature060126","location":"","quantity":"2.0000","quantity_available":"0.0000","units":"1","status":"archived","order_ids":"[21441,22604]","supplier":"Hill&#039;s","po":{"id":"1261","date_created":"2024-12-19 17:44:52","batch_id":"1288","po_number":"","supplier":"Hill&#039;s","cost":null,"regular_price":null,"sale_price":null,"price_margin":null,"price_discount":null}},{"id":"3723","date_created":"2025-06-01 18:40:47","date_expiry":"2026-04-08 00:00:00","user_id":"2760","batch_number":"HILLSSPlanMature080426","location":"","quantity":"1.0000","quantity_available":"0.0000","units":"1","status":"archived","order_ids":"[26277]","supplier":"Hill&#039;s","po":{"id":"3689","date_created":"2025-06-01 18:40:47","batch_id":"3723","po_number":"","supplier":"Hill&#039;s","cost":null,"regular_price":null,"sale_price":null,"price_margin":null,"price_discount":null}},{"id":"5106","date_created":"2025-09-01 21:20:05","date_expiry":"2026-11-07 00:00:00","user_id":"2760","batch_number":"HILLSSPlanMature071126","location":"","quantity":"1.0000","quantity_available":"0.0000","units":"1","status":"archived","order_ids":"[26873]","supplier":"HILLS","po":{"id":"5069","date_created":"2025-09-01 21:20:06","batch_id":"5106","po_number":"","supplier":"HILLS","cost":null,"regular_price":null,"sale_price":null,"price_margin":null,"price_discount":null}},{"id":"5552","date_created":"2025-09-28 22:36:46","date_expiry":"2026-11-30 00:00:00","user_id":"2760","batch_number":"HILLSSPlanMature1126","location":"","quantity":"2.0000","quantity_available":"0.0000","units":"1","status":"archived","order_ids":"[28303,29416]","supplier":"HILLS","po":{"id":"5506","date_created":"2025-09-28 22:36:48","batch_id":"5552","po_number":"","supplier":"HILLS","cost":null,"regular_price":null,"sale_price":null,"price_margin":null,"price_discount":null}},{"id":"6471","date_created":"2025-12-05 17:57:52","date_expiry":"2027-04-10 00:00:00","user_id":"2760","batch_number":"HILLSSPlanMature100427","location":"","quantity":"3.0000","quantity_available":"0.0000","units":"1","status":"archived","order_ids":"[32923,33678,34079]","supplier":"HILLS","po":{"id":"6417","date_created":"2025-12-05 17:57:53","batch_id":"6471","po_number":"","supplier":"HILLS","cost":null,"regular_price":null,"sale_price":null,"price_margin":null,"price_discount":null}},{"id":"6737","date_created":"2025-12-18 13:00:06","date_expiry":"2027-04-10 00:00:00","user_id":"2760","batch_number":"HILLSSPlanMature100427","location":"","quantity":"1.0000","quantity_available":"1.0000","units":"1","status":"active","order_ids":"[32717,36549,37404,40374]","supplier":"HILLS","po":{"id":"6683","date_created":"2025-12-18 13:00:07","batch_id":"6737","po_number":"","supplier":"HILLS","cost":null,"regular_price":null,"sale_price":null,"price_margin":null,"price_discount":null}},{"id":"7973","date_created":"2026-02-26 15:59:42","date_expiry":"2027-05-16 00:00:00","user_id":"2760","batch_number":"HILLSSPlanMature160527","location":"","quantity":"0.0000","quantity_available":"0.0000","units":"1","status":"archived","order_ids":null,"supplier":"HILLS","po":{"id":"7911","date_created":"2026-02-26 15:59:42","batch_id":"7973","po_number":"","supplier":"HILLS","cost":null,"regular_price":null,"sale_price":null,"price_margin":null,"price_discount":null}},{"id":"8355","date_created":"2026-03-19 10:21:06","date_expiry":"2027-05-16 00:00:00","user_id":"2760","batch_number":"HILLSSPlanMature160527","location":"","quantity":"4.0000","quantity_available":"4.0000","units":"1","status":"active","order_ids":null,"supplier":"HILLS","po":{"id":"8283","date_created":"2026-03-19 10:21:07","batch_id":"8355","po_number":"","supplier":"HILLS","cost":null,"regular_price":null,"sale_price":null,"price_margin":null,"price_discount":null}}],"_links":{"self":[{"href":"https:\/\/petworld.ma\/index.php\/wp-json\/wp\/v2\/product\/850","targetHints":{"allow":["GET"]}}],"collection":[{"href":"https:\/\/petworld.ma\/index.php\/wp-json\/wp\/v2\/product"}],"about":[{"href":"https:\/\/petworld.ma\/index.php\/wp-json\/wp\/v2\/types\/product"}],"wp:featuredmedia":[{"embeddable":true,"href":"https:\/\/petworld.ma\/index.php\/wp-json\/wp\/v2\/media\/855"}],"wp:attachment":[{"href":"https:\/\/petworld.ma\/index.php\/wp-json\/wp\/v2\/media?parent=850"}],"wp:term":[{"taxonomy":"product_brand","embeddable":true,"href":"https:\/\/petworld.ma\/index.php\/wp-json\/wp\/v2\/product_brand?post=850"},{"taxonomy":"product_cat","embeddable":true,"href":"https:\/\/petworld.ma\/index.php\/wp-json\/wp\/v2\/product_cat?post=850"},{"taxonomy":"product_tag","embeddable":true,"href":"https:\/\/petworld.ma\/index.php\/wp-json\/wp\/v2\/product_tag?post=850"}],"curies":[{"name":"wp","href":"https:\/\/api.w.org\/{rel}","templated":true}]}}