{"id":86,"date":"2022-12-15T17:32:47","date_gmt":"2022-12-15T17:32:47","guid":{"rendered":"http:\/\/petworld.ma\/?post_type=product&#038;p=86"},"modified":"2026-04-04T17:45:41","modified_gmt":"2026-04-04T17:45:41","slug":"royal-canin-bouledogue-francais-adulte-3-kg","status":"publish","type":"product","link":"https:\/\/petworld.ma\/index.php\/produit\/royal-canin-bouledogue-francais-adulte-3-kg\/","title":{"rendered":"Royal Canin Bouledogue Fran\u00e7ais Adulte 3 Kg"},"content":{"rendered":"<div>\n<div>\n<div>\n<div>\n<h2>Aliment complet pour chiens \u00a0&#8211; Sp\u00e9cialement con\u00e7u pour Bouledogue Fran\u00e7ais adulte, \u00e0 partir de 12 mois.<\/h2>\n<\/div>\n<\/div>\n<div><span style=\"color: #555555;\">Le Bouledogue Fran\u00e7ais est une race de petite taille \u00e0 la musculature puissante, au corps compact et \u00e0 l\u2019ossature solide. Ces chiens vigoureux sont g\u00e9n\u00e9ralement vifs, actifs et intelligents. ROYAL CANIN\u00ae French Bulldog Adult est sp\u00e9cialement formul\u00e9 pour r\u00e9pondre \u00e0 tous les besoins nutritionnels de votre chien adulte et convient aux Bouledogues Fran\u00e7ais de plus de 12 mois. \u00a0 Pour entretenir sa puissante musculature, le Bouledogue Fran\u00e7ais a besoin d\u2019exercice r\u00e9gulier. De courtes promenades sont plus b\u00e9n\u00e9fiques \u00e0 ses os et ses articulations que le fait de courir ou de sauter. La nutrition est \u00e9galement essentielle pour entretenir efficacement sa masse musculaire, c\u2019est pourquoi ROYAL CANIN\u00ae French Bulldog Adult contient de la L-Carnitine et une teneur optimale en prot\u00e9ines. \u00a0 ROYAL CANIN\u00ae French Bulldog Adult offre \u00e9galement \u00e0 votre chien des nutriments sp\u00e9cifiques, dont un complexe sp\u00e9cialement dos\u00e9 d\u2019EPA et de DHA pour pr\u00e9server et renforcer la sant\u00e9 de la peau et du pelage particulier de votre Bouledogue Fran\u00e7ais. \u00a0 De plus, ROYAL CANIN\u00ae French Bulldog Adult contribue au maintien d\u2019une sant\u00e9 digestive optimale en favorisant un bon \u00e9quilibre de la flore intestinale. Ceci aide \u00e0 r\u00e9duire les flatulences excessives et att\u00e9nue l\u2019odeur de ses selles.<\/span><\/div>\n<\/div>\n<\/div>\n<div>\n<p><strong>\u00a0 \u00a0BENEFICES :<\/strong><\/p>\n<ul>\n<li>\n<div>Masse musculaire<\/div>\n<div>French Bulldog Adult contribue \u00e0 maintenir la masse musculaire gr\u00e2ce \u00e0 une teneur adapt\u00e9e en prot\u00e9ine (26 %). Cette formule contient de la L-carnitine.<\/div>\n<\/li>\n<li>\n<div>Peau saine<\/div>\n<div>French Bulldog Adult aide \u00e0 renforcer le r\u00f4le \u00ab barri\u00e8re \u00bb de la peau (complexe exclusif) et \u00e0 maintenir la sant\u00e9 de la peau (EPA et DHA).<\/div>\n<\/li>\n<li>\n<div>R\u00e9duction des odeurs<\/div>\n<div>Cette formule aide \u00e0 r\u00e9duire la fermentation intestinale qui peut causer des troubles digestifs, des flatulences et des selles malodorantes.<\/div>\n<\/li>\n<li>\n<div>Croquette de conception exclusive : m\u00e2choire brachyc\u00e9phale<\/div>\n<div>Une croquette exclusivement con\u00e7ue pour faciliter la pr\u00e9hension et encourager la mastication chez le Bouledogue Fran\u00e7ais.<\/div>\n<\/li>\n<\/ul>\n<p><strong>\u00a0 \u00a0INFORMATIONS NUTRITIONELLES :<\/strong><\/p>\n<div>Composition : riz, bl\u00e9, graisses animales, prot\u00e9ines de porc d\u00e9shydrat\u00e9es, isolat de prot\u00e9ines v\u00e9g\u00e9tales*, prot\u00e9ines de volaille d\u00e9shydrat\u00e9es, hydrolysat de prot\u00e9ines animales, pulpe de betterave, sels min\u00e9raux, huile de poisson, huile de soja, fructo-oligo-saccharides, hydrolysat de crustac\u00e9 (source de glucosamine), extrait de rose d\u2019inde (source de lut\u00e9ine), hydrolysat de cartilage (source de chondro\u00eftine).<\/div>\n<p>Additifs (au kg)\u00a0: Additifs nutritionnels\u00a0: Vitamine A\u00a0: 30500\u00a0UI, Vitamine D3\u00a0: 800\u00a0UI, E1 (Fer)\u00a0: 47\u00a0mg, E2 (Iode)\u00a0: 4,7\u00a0mg, E4 (Cuivre)\u00a0: 15\u00a0mg, E5 (Mangan\u00e8se)\u00a0: 61\u00a0mg, E6 (Zinc)\u00a0: 142\u00a0mg, E8 (S\u00e9l\u00e9nium)\u00a0: 0,1\u00a0mg, L-carnitine\u00a0: 100\u00a0mg\u00a0&#8211; Additifs technologiques\u00a0: Clinoptilolite d\u2019origine s\u00e9dimentaire\u00a0: 10\u00a0g\u00a0&#8211; Additifs sensoriels\u00a0: Extrait de th\u00e9 (source de polyph\u00e9nols)\u00a0: 150\u00a0mg\u00a0&#8211; Conservateurs\u00a0&#8211; Antioxyg\u00e8nes.<\/p>\n<p>Constituants analytiques : Prot\u00e9ine : 26,0 % &#8211; Teneur en mati\u00e8res grasses : 18,0 % &#8211; Cendres brutes : 6,0 % &#8211; Cellulose brute : 1,3 % &#8211; EPA\/DHA : 4 g\/kg.<\/p>\n<p>*L.I.P. : prot\u00e9ine s\u00e9lectionn\u00e9e pour sa tr\u00e8s haute digestibilit\u00e9.<\/p>\n<p>Mode d\u2019emploi : voir tableau. Num\u00e9ro de lot et d\u2019identifiant usine, \u00e0 utiliser de pr\u00e9f\u00e9rence avant : voir sur l\u2019emballage. \u00c0 conserver dans un endroit sec et frais.<\/p>\n<p><a href=\"https:\/\/wa.me\/212708052510\" target=\"_blank\" rel=\"noopener noreferrer\"><img loading=\"lazy\" decoding=\"async\" class=\"fr-fic fr-dib aligncenter\" src=\"https:\/\/cdn.youcan.shop\/stores\/d0742d556df94ddbc7ae4c9810aff04b\/others\/PxQ5cQk76qdL4m2C7Be4FhKWnKJ5ds3gPitYfeBi.png\" width=\"288\" height=\"76\" data-name=\"stores\/d0742d556df94ddbc7ae4c9810aff04b\/others\/PxQ5cQk76qdL4m2C7Be4FhKWnKJ5ds3gPitYfeBi.png\" \/><\/a><\/p>\n<\/div>\n","protected":false},"excerpt":{"rendered":"<p>Aliment complet pour chiens \u00a0&#8211; Sp\u00e9cialement con\u00e7u pour Bouledogue Fran\u00e7ais adulte, \u00e0 partir de 12 mois. Le Bouledogue Fran\u00e7ais est une race de petite taille \u00e0 la musculature puissante, au corps compact et \u00e0 l\u2019ossature solide. Ces chiens vigoureux sont g\u00e9n\u00e9ralement vifs, actifs et intelligents. ROYAL CANIN\u00ae French Bulldog Adult est sp\u00e9cialement formul\u00e9 pour r\u00e9pondre [&#8230;]\n","protected":false},"featured_media":283,"template":"","meta":{"jetpack_publicize_message":"","jetpack_publicize_feature_enabled":true,"jetpack_social_post_already_shared":false,"jetpack_social_options":{"image_generator_settings":{"template":"highway","default_image_id":0,"font":"","enabled":false},"version":2}},"product_brand":[],"product_cat":[26],"product_tag":[],"class_list":{"0":"post-86","1":"product","2":"type-product","3":"status-publish","4":"has-post-thumbnail","6":"product_cat-croquettes","8":"first","9":"instock","10":"taxable","11":"shipping-taxable","12":"purchasable","13":"product-type-simple"},"supplier_id":5587,"supplier_sku":"7082","barcode":null,"atum_controlled":true,"out_stock_date":null,"out_stock_threshold":null,"inheritable":false,"inbound_stock":0,"stock_on_hold":0,"sold_today":0,"sales_last_days":0,"reserved_stock":0,"customer_returns":0,"warehouse_damage":0,"lost_in_post":0,"other_logs":0,"out_stock_days":0,"lost_sales":0,"has_location":false,"update_date":"2026-04-04T17:45:43","atum_locations":[],"atum_stock_status":"instock","restock_status":false,"low_stock_amount":15,"sales_update_date":"2026-04-04T17:44:59","calc_backorders":null,"jetpack_publicize_connections":[],"jetpack_sharing_enabled":true,"batches":[{"id":"198","date_created":"2024-09-29 10:40:26","date_expiry":"2025-12-30 00:00:00","user_id":"2760","batch_number":"RCBouledogueAdult301225","location":"","quantity":"4.0000","quantity_available":"0.0000","units":"1","status":"archived","order_ids":"[12400,13817,14119,14670,14815,14866,14867,15053,16936,17140,18179,18506,19553]","supplier":"Royal Canin","po":{"id":"193","date_created":"2024-09-29 10:40:26","batch_id":"198","po_number":"","supplier":"Royal Canin","cost":null,"regular_price":null,"sale_price":null,"price_margin":null,"price_discount":null}},{"id":"1082","date_created":"2024-12-08 10:58:03","date_expiry":"2025-12-30 00:00:00","user_id":"2760","batch_number":"RCBouledogueAdult301225","location":"","quantity":"1.0000","quantity_available":"0.0000","units":"1","status":"archived","order_ids":"[16044]","supplier":"Royal Canin","po":{"id":"1059","date_created":"2024-12-08 10:58:04","batch_id":"1082","po_number":"","supplier":"Royal Canin","cost":null,"regular_price":null,"sale_price":null,"price_margin":null,"price_discount":null}},{"id":"1417","date_created":"2024-12-27 00:05:26","date_expiry":"2026-03-21 00:00:00","user_id":"2760","batch_number":"RCBouledogueAdult210326","location":"","quantity":"1.0000","quantity_available":"0.0000","units":"1","status":"archived","order_ids":"[20261]","supplier":"Royal Canin","po":{"id":"1391","date_created":"2024-12-27 00:05:29","batch_id":"1417","po_number":"","supplier":"Royal Canin","cost":null,"regular_price":null,"sale_price":null,"price_margin":null,"price_discount":null}},{"id":"1780","date_created":"2025-01-27 22:30:44","date_expiry":"2026-05-24 00:00:00","user_id":"2760","batch_number":"RCBouledogueAdult240526","location":"","quantity":"2.0000","quantity_available":"0.0000","units":"1","status":"archived","order_ids":"[21132]","supplier":"Royal Canin","po":{"id":"1754","date_created":"2025-01-27 22:30:47","batch_id":"1780","po_number":"","supplier":"Royal Canin","cost":null,"regular_price":null,"sale_price":null,"price_margin":null,"price_discount":null}},{"id":"2285","date_created":"2025-03-07 23:13:58","date_expiry":"2026-06-16 00:00:00","user_id":"2760","batch_number":"RCBouledogueAdult160626","location":"","quantity":"1.0000","quantity_available":"0.0000","units":"1","status":"archived","order_ids":"[21132]","supplier":"Royal Canin","po":{"id":"2254","date_created":"2025-03-07 23:14:01","batch_id":"2285","po_number":"","supplier":"Royal Canin","cost":null,"regular_price":null,"sale_price":null,"price_margin":null,"price_discount":null}},{"id":"2457","date_created":"2025-03-25 23:56:42","date_expiry":"2026-07-14 00:00:00","user_id":"2760","batch_number":"RCBouledogueAdult140726","location":"","quantity":"1.0000","quantity_available":"0.0000","units":"1","status":"archived","order_ids":"[21521]","supplier":"Royal Canin","po":{"id":"2426","date_created":"2025-03-25 23:56:45","batch_id":"2457","po_number":"","supplier":"Royal Canin","cost":null,"regular_price":null,"sale_price":null,"price_margin":null,"price_discount":null}},{"id":"2577","date_created":"2025-03-29 23:16:56","date_expiry":"2026-07-14 00:00:00","user_id":"2760","batch_number":"RCBouledogueAdult140726","location":"","quantity":"1.0000","quantity_available":"0.0000","units":"1","status":"archived","order_ids":"[21624]","supplier":"Royal Canin","po":{"id":"2545","date_created":"2025-03-29 23:16:59","batch_id":"2577","po_number":"","supplier":"Royal Canin","cost":null,"regular_price":null,"sale_price":null,"price_margin":null,"price_discount":null}},{"id":"2877","date_created":"2025-04-10 01:03:38","date_expiry":"2026-08-06 00:00:00","user_id":"2760","batch_number":"RCBouledogueAdult060826","location":"","quantity":"2.0000","quantity_available":"0.0000","units":"1","status":"archived","order_ids":"[21624]","supplier":"Royal Canin","po":{"id":"2844","date_created":"2025-04-10 01:03:39","batch_id":"2877","po_number":"","supplier":"Royal Canin","cost":null,"regular_price":null,"sale_price":null,"price_margin":null,"price_discount":null}},{"id":"3301","date_created":"2025-05-07 22:21:58","date_expiry":"2026-09-24 00:00:00","user_id":"2760","batch_number":"RCBouledogueAdult240926","location":"","quantity":"2.0000","quantity_available":"0.0000","units":"1","status":"archived","order_ids":"[22173,23117]","supplier":"Royal Canin","po":{"id":"3268","date_created":"2025-05-07 22:21:58","batch_id":"3301","po_number":"","supplier":"Royal Canin","cost":null,"regular_price":null,"sale_price":null,"price_margin":null,"price_discount":null}},{"id":"3456","date_created":"2025-05-17 09:32:24","date_expiry":"2026-09-24 00:00:00","user_id":"2760","batch_number":"RCBouledogueAdult240926","location":"","quantity":"4.0000","quantity_available":"0.0000","units":"1","status":"archived","order_ids":"[23117,24157]","supplier":"Royal Canin","po":{"id":"3423","date_created":"2025-05-17 09:32:24","batch_id":"3456","po_number":"","supplier":"Royal Canin","cost":null,"regular_price":null,"sale_price":null,"price_margin":null,"price_discount":null}},{"id":"3601","date_created":"2025-05-25 12:41:19","date_expiry":"2026-08-28 00:00:00","user_id":"2760","batch_number":"RCBouledogueAdult28086","location":"","quantity":"1.0000","quantity_available":"0.0000","units":"1","status":"archived","order_ids":"[23117]","supplier":"Royal Canin","po":{"id":"3568","date_created":"2025-05-25 12:41:19","batch_id":"3601","po_number":"","supplier":"Royal Canin","cost":null,"regular_price":null,"sale_price":null,"price_margin":null,"price_discount":null}},{"id":"4217","date_created":"2025-07-02 20:57:58","date_expiry":"2026-11-30 00:00:00","user_id":"2760","batch_number":"RCBouledogueAdult301126","location":"","quantity":"3.0000","quantity_available":"0.0000","units":"1","status":"archived","order_ids":"[25084,25250]","supplier":"Royal Canin","po":{"id":"4180","date_created":"2025-07-02 20:57:59","batch_id":"4217","po_number":"","supplier":"Royal Canin","cost":null,"regular_price":null,"sale_price":null,"price_margin":null,"price_discount":null}},{"id":"4318","date_created":"2025-07-11 20:34:21","date_expiry":"2026-11-30 00:00:00","user_id":"2760","batch_number":"RCBouledogueAdult301126","location":"","quantity":"3.0000","quantity_available":"0.0000","units":"1","status":"archived","order_ids":"[26463]","supplier":"Royal Canin","po":{"id":"4281","date_created":"2025-07-11 20:34:22","batch_id":"4318","po_number":"","supplier":"Royal Canin","cost":null,"regular_price":null,"sale_price":null,"price_margin":null,"price_discount":null}},{"id":"5053","date_created":"2025-08-30 08:09:36","date_expiry":"2026-11-01 00:00:00","user_id":"2760","batch_number":"RCBouledogueAdult011126","location":"","quantity":"3.0000","quantity_available":"0.0000","units":"1","status":"archived","order_ids":"[26565,28567,29260]","supplier":"Royal Canin","po":{"id":"5016","date_created":"2025-08-30 08:09:37","batch_id":"5053","po_number":"","supplier":"Royal Canin","cost":null,"regular_price":null,"sale_price":null,"price_margin":null,"price_discount":null}},{"id":"5116","date_created":"2025-09-04 12:25:51","date_expiry":"2026-11-01 00:00:00","user_id":"2760","batch_number":"RCBouledogueAdult011126","location":"","quantity":"4.0000","quantity_available":"0.0000","units":"1","status":"archived","order_ids":"[30630,31015]","supplier":"Royal Canin","po":{"id":"5079","date_created":"2025-09-04 12:25:52","batch_id":"5116","po_number":"","supplier":"Royal Canin","cost":null,"regular_price":null,"sale_price":null,"price_margin":null,"price_discount":null}},{"id":"5747","date_created":"2025-10-16 23:05:15","date_expiry":"2027-01-14 00:00:00","user_id":"2760","batch_number":"RCBouledogueAdult140127","location":"","quantity":"1.0000","quantity_available":"0.0000","units":"1","status":"archived","order_ids":"[31142]","supplier":"Royal Canin","po":{"id":"5700","date_created":"2025-10-16 23:05:15","batch_id":"5747","po_number":"","supplier":"Royal Canin","cost":null,"regular_price":null,"sale_price":null,"price_margin":null,"price_discount":null}},{"id":"5861","date_created":"2025-10-28 22:13:15","date_expiry":"2027-01-14 00:00:00","user_id":"2760","batch_number":"RCBouledogueAdult140127","location":"","quantity":"1.0000","quantity_available":"0.0000","units":"1","status":"archived","order_ids":"[31142,32375]","supplier":"Royal Canin","po":{"id":"5808","date_created":"2025-10-28 22:13:15","batch_id":"5861","po_number":"","supplier":"Royal Canin","cost":null,"regular_price":null,"sale_price":null,"price_margin":null,"price_discount":null}},{"id":"6340","date_created":"2025-11-24 15:40:53","date_expiry":"2027-03-07 00:00:00","user_id":"2760","batch_number":"RCBouledogueAdult070327","location":"","quantity":"0.0000","quantity_available":"0.0000","units":"1","status":"archived","order_ids":null,"supplier":"Royal Canin","po":{"id":"6286","date_created":"2025-11-24 15:40:54","batch_id":"6340","po_number":"","supplier":"Royal Canin","cost":null,"regular_price":null,"sale_price":null,"price_margin":null,"price_discount":null}},{"id":"6497","date_created":"2025-12-07 09:56:31","date_expiry":"2027-03-21 00:00:00","user_id":"2760","batch_number":"RCBouledogueAdult210327","location":"","quantity":"6.0000","quantity_available":"0.0000","units":"1","status":"archived","order_ids":"[32375,33490,33685]","supplier":"Royal Canin","po":{"id":"6443","date_created":"2025-12-07 09:56:32","batch_id":"6497","po_number":"","supplier":"Royal Canin","cost":null,"regular_price":null,"sale_price":null,"price_margin":null,"price_discount":null}},{"id":"7089","date_created":"2026-01-10 12:06:55","date_expiry":"2027-04-19 00:00:00","user_id":"2760","batch_number":"RCBouledogueAdult190427","location":"","quantity":"2.0000","quantity_available":"0.0000","units":"1","status":"archived","order_ids":"[36178]","supplier":"Royal Canin","po":{"id":"7025","date_created":"2026-01-10 12:06:56","batch_id":"7089","po_number":"","supplier":"Royal Canin","cost":null,"regular_price":null,"sale_price":null,"price_margin":null,"price_discount":null}},{"id":"7307","date_created":"2026-01-22 16:43:35","date_expiry":"2027-04-19 00:00:00","user_id":"2760","batch_number":"RCBouledogueAdult190427","location":"","quantity":"4.0000","quantity_available":"2.0000","units":"1","status":"active","order_ids":"[36178,37476]","supplier":"Royal Canin","po":{"id":"7243","date_created":"2026-01-22 16:43:36","batch_id":"7307","po_number":"","supplier":"Royal Canin","cost":null,"regular_price":null,"sale_price":null,"price_margin":null,"price_discount":null}},{"id":"8152","date_created":"2026-03-08 02:12:03","date_expiry":"2027-05-30 00:00:00","user_id":"2760","batch_number":"RCBouledogueAdult300527","location":"","quantity":"3.0000","quantity_available":"3.0000","units":"1","status":"active","order_ids":null,"supplier":"Royal Canin","po":{"id":"8091","date_created":"2026-03-08 02:12:03","batch_id":"8152","po_number":"","supplier":"Royal Canin","cost":null,"regular_price":null,"sale_price":null,"price_margin":null,"price_discount":null}},{"id":"8690","date_created":"2026-04-04 17:45:40","date_expiry":"2027-07-30 00:00:00","user_id":"2760","batch_number":"RCBouledogueAdult300727","location":"","quantity":"7.0000","quantity_available":"7.0000","units":"1","status":"active","order_ids":null,"supplier":"Royal Canin","po":{"id":"8618","date_created":"2026-04-04 17:45:40","batch_id":"8690","po_number":"","supplier":"Royal Canin","cost":null,"regular_price":null,"sale_price":null,"price_margin":null,"price_discount":null}}],"_links":{"self":[{"href":"https:\/\/petworld.ma\/index.php\/wp-json\/wp\/v2\/product\/86","targetHints":{"allow":["GET"]}}],"collection":[{"href":"https:\/\/petworld.ma\/index.php\/wp-json\/wp\/v2\/product"}],"about":[{"href":"https:\/\/petworld.ma\/index.php\/wp-json\/wp\/v2\/types\/product"}],"wp:featuredmedia":[{"embeddable":true,"href":"https:\/\/petworld.ma\/index.php\/wp-json\/wp\/v2\/media\/283"}],"wp:attachment":[{"href":"https:\/\/petworld.ma\/index.php\/wp-json\/wp\/v2\/media?parent=86"}],"wp:term":[{"taxonomy":"product_brand","embeddable":true,"href":"https:\/\/petworld.ma\/index.php\/wp-json\/wp\/v2\/product_brand?post=86"},{"taxonomy":"product_cat","embeddable":true,"href":"https:\/\/petworld.ma\/index.php\/wp-json\/wp\/v2\/product_cat?post=86"},{"taxonomy":"product_tag","embeddable":true,"href":"https:\/\/petworld.ma\/index.php\/wp-json\/wp\/v2\/product_tag?post=86"}],"curies":[{"name":"wp","href":"https:\/\/api.w.org\/{rel}","templated":true}]}}