{"id":8646,"date":"2024-05-14T15:16:30","date_gmt":"2024-05-14T15:16:30","guid":{"rendered":"https:\/\/petworld.ma\/?post_type=product&#038;p=8646"},"modified":"2026-04-27T23:44:07","modified_gmt":"2026-04-27T23:44:07","slug":"hills-science-plan-patee-adulte-pour-chats-en-pochon-poulet-12x85g","status":"publish","type":"product","link":"https:\/\/petworld.ma\/index.php\/produit\/hills-science-plan-patee-adulte-pour-chats-en-pochon-poulet-12x85g\/","title":{"rendered":"HILL&rsquo;S SCIENCE PLAN P\u00e2t\u00e9e Adulte pour Chats en pochon Poulet 85g"},"content":{"rendered":"<div class=\"productAwareRichText richText component section default-style even col-xs-12 initialized\">\n<div class=\"component-content\">\n<div class=\"richText-content\">\n<div id=\"DESCR_TINY-bloc-2\" class=\"stylusBloc stylusBloc--autogen stylusBloc--text\">\n<div class=\"stylusBloc__content\">\n<p>Cet aliment humide apporte \u00e0 votre chat adulte de la vitamine E et des acides gras om\u00e9ga-3 et om\u00e9ga-6 qui nourrissent sa peau, ainsi que des prot\u00e9ines de haute qualit\u00e9 qui favorisent sa masse musculaire. Gr\u00e2ce \u00e0 une teneur \u00e9quilibr\u00e9e en acides amin\u00e9s et en min\u00e9raux, cet aliment soutient la sant\u00e9 cardiaque et les fonctions r\u00e9nales et urinaires de votre chat adulte.<br \/>\nVous pouvez les utiliser en compl\u00e9ment des croquettes\u00a0<strong>Hill&rsquo;s Science Plan Adult<\/strong><\/p>\n<\/div>\n<\/div>\n<div id=\"DESCR_TINY-bloc-3\" class=\"stylusBloc stylusBloc--text\">\n<div class=\"stylusBloc__content\">\n<div class=\"zms-title-div\">\n<div class=\"zms-title\" data-size=\"t1\"><strong>Caract\u00e9ristiques<\/strong><\/div>\n<\/div>\n<div class=\"zms-title-div\">\n<div class=\"zms-title\" data-size=\"t3\">Hill&rsquo;s Science Plan sachet repas Pack mixte pour chat adulte<\/div>\n<\/div>\n<p data-lt-tmp-id=\"lt-582384\" data-gramm=\"false\">&#8211; Aliment humide pour chat adulte de 1 \u00e0 6 ans<br \/>\n&#8211; 3 saveurs : poulet, b\u0153uf et poissons<br \/>\n&#8211; A partir d&rsquo;ingr\u00e9dients de haute qualit\u00e9<br \/>\n&#8211; Avec\u00a0de la taurine pour la bonne sant\u00e9 cardiaque<br \/>\n&#8211; Teneur \u00e9quilibr\u00e9e en min\u00e9raux pour la sant\u00e9 des reins et de la vessie<br \/>\n&#8211; Prot\u00e9ines de haute qualit\u00e9<\/p>\n<div class=\"zm-title\">TABLEAU ANALYTIQUE<\/div>\n<table class=\"table table-bordered table-striped\">\n<tbody>\n<tr>\n<td>Prot\u00e9ines (%) :<\/td>\n<td>7.7<\/td>\n<\/tr>\n<tr>\n<td>Mati\u00e8re grasse (%) :<\/td>\n<td>4.1<\/td>\n<\/tr>\n<tr>\n<td>Humidit\u00e9 (%) :<\/td>\n<td>81.5<\/td>\n<\/tr>\n<tr>\n<td>Fibre \/ cellulose (%) :<\/td>\n<td>0.41<\/td>\n<\/tr>\n<tr>\n<td>Mati\u00e8re inorganique \/ cendre brute (%) :<\/td>\n<td>1.2<\/td>\n<\/tr>\n<tr>\n<td>Calcium (%) :<\/td>\n<td>0.14<\/td>\n<\/tr>\n<tr>\n<td>Phosphore (%) :<\/td>\n<td>0.12<\/td>\n<\/tr>\n<\/tbody>\n<\/table>\n<div><\/div>\n<div class=\"zm-title\">TABLEAU DES RATIONS<\/div>\n<table class=\"table table-bordered table-striped\">\n<thead>\n<tr>\n<th colspan=\"20\">\u00c2ge : Adulte<\/th>\n<\/tr>\n<\/thead>\n<tbody>\n<tr class=\"hidden-xs\">\n<td class=\"text-center\">2 kg<\/td>\n<td class=\"text-center\">3 kg<\/td>\n<td class=\"text-center\">4 kg<\/td>\n<td class=\"text-center\">5 kg<\/td>\n<td class=\"text-center\">6 kg<\/td>\n<td class=\"text-center\">7+ kg<\/td>\n<\/tr>\n<tr>\n<td class=\"text-center\" data-label=\"Poids : 2 kg\">2 gr\/j<\/td>\n<td class=\"text-center\" data-label=\"Poids : 3 kg\">2 3\/4 gr\/j<\/td>\n<td class=\"text-center\" data-label=\"Poids : 4 kg\">3 1\/2 gr\/j<\/td>\n<td class=\"text-center\" data-label=\"Poids : 5 kg\">4 1\/4 gr\/j<\/td>\n<td class=\"text-center\" data-label=\"Poids : 6 kg\">4 3\/4 gr\/j<\/td>\n<td class=\"text-center\" data-label=\"Poids : 7+ kg\">3\/4 par kg gr\/j<\/td>\n<\/tr>\n<\/tbody>\n<\/table>\n<p><b>Ingr\u00e9dient<\/b>\u00a0: Poulet (31%), porc, amidon de ma\u00efs, sucres, farine de froment, prot\u00e9ine de pois, min\u00e9raux, cellulose, \u0153uf entier en poudre, prot\u00e9ines de porc d\u00e9shydrat\u00e9es, vitamines, oligo-\u00e9l\u00e9ments, huile de tournesol, taurine et b\u00eata-carot\u00e8ne. Color\u00e9 avec du caramel naturel.<\/p>\n<\/div>\n<\/div>\n<\/div>\n<\/div>\n<\/div>\n","protected":false},"excerpt":{"rendered":"<div class=\"product-short-description\">\n<p>La nourriture\u00a0<strong>Hill&rsquo;s Science Plan sachet repas pour chat adulte<\/strong>\u00a0est une alimentation adapt\u00e9e pour les chats adultes de 1 \u00e0 6 ans. Elle apporte tous les nutriments n\u00e9cessaires pour contribuer \u00e0 la bonne sant\u00e9 digestive de votre f\u00e9lin, renforcer son syst\u00e8me immunitaire et maintenir un beau pelage et sa masse musculaire. Elabor\u00e9s \u00e0 partir d&rsquo;ingr\u00e9dients de haute qualit\u00e9 et facilement digestibles, les sachets fraicheur Hill&rsquo;s Science Plan Adult sont sp\u00e9cialement formul\u00e9s pour fournir \u00e0 votre fid\u00e8le compagnon toute l\u2019\u00e9nergie dont il a besoin.<\/p>\n<\/div>\n","protected":false},"featured_media":8649,"template":"","meta":{"jetpack_publicize_message":"","jetpack_publicize_feature_enabled":true,"jetpack_social_post_already_shared":false,"jetpack_social_options":{"image_generator_settings":{"template":"highway","default_image_id":0,"font":"","enabled":false},"version":2}},"product_brand":[],"product_cat":[41],"product_tag":[],"class_list":{"0":"post-8646","1":"product","2":"type-product","3":"status-publish","4":"has-post-thumbnail","6":"product_cat-friandises-et-pate-pour-chat","8":"first","9":"instock","10":"taxable","11":"shipping-taxable","12":"purchasable","13":"product-type-simple"},"supplier_id":5603,"supplier_sku":"604003","barcode":null,"atum_controlled":true,"out_stock_date":null,"out_stock_threshold":null,"inheritable":false,"inbound_stock":0,"stock_on_hold":2,"sold_today":0,"sales_last_days":15,"reserved_stock":0,"customer_returns":0,"warehouse_damage":0,"lost_in_post":0,"other_logs":0,"out_stock_days":0,"lost_sales":0,"has_location":false,"update_date":"2026-04-28T13:35:03","atum_locations":[],"atum_stock_status":"instock","restock_status":false,"low_stock_amount":60,"sales_update_date":"2026-04-28T13:35:03","calc_backorders":null,"jetpack_publicize_connections":[],"jetpack_sharing_enabled":true,"batches":[{"id":"1574","date_created":"2025-01-09 23:04:19","date_expiry":"2025-09-30 00:00:00","user_id":"2760","batch_number":"HILLSSCIENCEPLANP\u00e2t\u00e9eAdultepourChatsenpochonPoulet85g300925","location":"","quantity":"20.0000","quantity_available":"0.0000","units":"1","status":"archived","order_ids":"[25398,25503]","supplier":"Hill&#039;s","po":{"id":"1548","date_created":"2025-01-09 23:04:22","batch_id":"1574","po_number":"","supplier":"Hill&#039;s","cost":null,"regular_price":null,"sale_price":null,"price_margin":null,"price_discount":null}},{"id":"1741","date_created":"2025-01-23 21:52:09","date_expiry":"2025-09-12 00:00:00","user_id":"2760","batch_number":"HILLSSPP\u00e2t\u00e9eAdultepourChatsenPoulet85g120925","location":"","quantity":"24.0000","quantity_available":"0.0000","units":"1","status":"archived","order_ids":"[17107,17290,17601,18111,18660]","supplier":"Hill&#039;s","po":{"id":"1715","date_created":"2025-01-23 21:52:11","batch_id":"1741","po_number":"","supplier":"Hill&#039;s","cost":null,"regular_price":null,"sale_price":null,"price_margin":null,"price_discount":null}},{"id":"1826","date_created":"2025-01-31 10:47:03","date_expiry":"2025-03-31 00:00:00","user_id":"2760","batch_number":"HILLSPP\u00e2t\u00e9eAdultepourChatsenPoulet85g310325","location":"","quantity":"11.0000","quantity_available":"0.0000","units":"1","status":"archived","order_ids":"[17601,18111]","supplier":"HILLS","po":{"id":"1800","date_created":"2025-01-31 10:47:06","batch_id":"1826","po_number":"","supplier":"HILLS","cost":null,"regular_price":null,"sale_price":null,"price_margin":null,"price_discount":null}},{"id":"1835","date_created":"2025-01-31 21:20:49","date_expiry":"2025-09-12 00:00:00","user_id":"2760","batch_number":"HILLSSPAdulteChatspochonPoulet85g120925","location":"","quantity":"24.0000","quantity_available":"0.0000","units":"1","status":"archived","order_ids":"[18660,19169,19783,20766,21150]","supplier":"Hill&#039;s","po":{"id":"1809","date_created":"2025-01-31 21:20:51","batch_id":"1835","po_number":"","supplier":"Hill&#039;s","cost":null,"regular_price":null,"sale_price":null,"price_margin":null,"price_discount":null}},{"id":"1941","date_created":"2025-02-11 20:51:26","date_expiry":"2025-09-12 00:00:00","user_id":"2760","batch_number":"HILLSSPP\u00e2t\u00e9eAdulteChatsPoulet85g120925","location":"","quantity":"24.0000","quantity_available":"0.0000","units":"1","status":"archived","order_ids":"[21586,21647,22179,22525]","supplier":"Hill&#039;s","po":{"id":"1913","date_created":"2025-02-11 20:51:28","batch_id":"1941","po_number":"","supplier":"Hill&#039;s","cost":null,"regular_price":null,"sale_price":null,"price_margin":null,"price_discount":null}},{"id":"2405","date_created":"2025-03-19 23:10:14","date_expiry":"2025-09-12 00:00:00","user_id":"2760","batch_number":"HILLSSPP\u00e2t\u00e9eAdulteChatsPoulet85g120925","location":"","quantity":"24.0000","quantity_available":"0.0000","units":"1","status":"archived","order_ids":"[23467,24201,25269,25351]","supplier":"Hill&#039;s","po":{"id":"2374","date_created":"2025-03-19 23:10:17","batch_id":"2405","po_number":"","supplier":"Hill&#039;s","cost":null,"regular_price":null,"sale_price":null,"price_margin":null,"price_discount":null}},{"id":"2825","date_created":"2025-04-09 23:56:36","date_expiry":"2025-09-12 00:00:00","user_id":"2760","batch_number":"HILLSSPP\u00e2t\u00e9eAdulteChatsPoulet85g120925","location":"","quantity":"24.0000","quantity_available":"0.0000","units":"1","status":"archived","order_ids":"[25351,25398]","supplier":"Hill&#039;s","po":{"id":"2794","date_created":"2025-04-09 23:56:43","batch_id":"2825","po_number":"","supplier":"Hill&#039;s","cost":null,"regular_price":null,"sale_price":null,"price_margin":null,"price_discount":null}},{"id":"5107","date_created":"2025-09-01 21:21:57","date_expiry":"2026-10-15 00:00:00","user_id":"2760","batch_number":"HILLSSPP\u00e2t\u00e9eAdulteChatsPoulet85g151026","location":"","quantity":"60.0000","quantity_available":"0.0000","units":"1","status":"archived","order_ids":"[26633,26789,27712,27947,28062,28096,30564,32765,33790,37814,38212,38816,40038]","supplier":"HILLS","po":{"id":"5070","date_created":"2025-09-01 21:21:58","batch_id":"5107","po_number":"","supplier":"HILLS","cost":null,"regular_price":null,"sale_price":null,"price_margin":null,"price_discount":null}},{"id":"5556","date_created":"2025-09-28 22:42:57","date_expiry":"2026-10-01 00:00:00","user_id":"2760","batch_number":"HILLSSPP\u00e2t\u00e9eAdulteChatsPoulet85g1026","location":"","quantity":"12.0000","quantity_available":"0.0000","units":"1","status":"archived","order_ids":"[28366,29155,29416,29458,29593,30398,30564]","supplier":"HILLS","po":{"id":"5510","date_created":"2025-09-28 22:42:58","batch_id":"5556","po_number":"","supplier":"HILLS","cost":null,"regular_price":null,"sale_price":null,"price_margin":null,"price_discount":null}},{"id":"6008","date_created":"2025-11-05 12:27:30","date_expiry":"2026-10-15 00:00:00","user_id":"2760","batch_number":"HILLSSPP\u00e2t\u00e9eAdulteChatsPoulet85g151026","location":"","quantity":"36.0000","quantity_available":"25.0000","units":"1","status":"active","order_ids":"[40038,40313,40851]","supplier":"HILLS","po":{"id":"5951","date_created":"2025-11-05 12:27:30","batch_id":"6008","po_number":"","supplier":"HILLS","cost":null,"regular_price":null,"sale_price":null,"price_margin":null,"price_discount":null}},{"id":"7979","date_created":"2026-02-26 16:06:25","date_expiry":"2027-01-26 00:00:00","user_id":"2760","batch_number":"HILLSSPP\u00e2t\u00e9eAdulteChatsPoulet85g260127","location":"","quantity":"12.0000","quantity_available":"12.0000","units":"1","status":"active","order_ids":null,"supplier":"HILLS","po":{"id":"7917","date_created":"2026-02-26 16:06:25","batch_id":"7979","po_number":"","supplier":"HILLS","cost":null,"regular_price":null,"sale_price":null,"price_margin":null,"price_discount":null}},{"id":"8849","date_created":"2026-04-16 18:06:53","date_expiry":"2027-01-26 00:00:00","user_id":"2760","batch_number":"HILLSSPP\u00e2t\u00e9eAdulteChatsPoulet85g260127","location":"","quantity":"12.0000","quantity_available":"12.0000","units":"1","status":"active","order_ids":null,"supplier":"HILLS","po":{"id":"8776","date_created":"2026-04-16 18:06:53","batch_id":"8849","po_number":"","supplier":"HILLS","cost":null,"regular_price":null,"sale_price":null,"price_margin":null,"price_discount":null}}],"_links":{"self":[{"href":"https:\/\/petworld.ma\/index.php\/wp-json\/wp\/v2\/product\/8646","targetHints":{"allow":["GET"]}}],"collection":[{"href":"https:\/\/petworld.ma\/index.php\/wp-json\/wp\/v2\/product"}],"about":[{"href":"https:\/\/petworld.ma\/index.php\/wp-json\/wp\/v2\/types\/product"}],"wp:featuredmedia":[{"embeddable":true,"href":"https:\/\/petworld.ma\/index.php\/wp-json\/wp\/v2\/media\/8649"}],"wp:attachment":[{"href":"https:\/\/petworld.ma\/index.php\/wp-json\/wp\/v2\/media?parent=8646"}],"wp:term":[{"taxonomy":"product_brand","embeddable":true,"href":"https:\/\/petworld.ma\/index.php\/wp-json\/wp\/v2\/product_brand?post=8646"},{"taxonomy":"product_cat","embeddable":true,"href":"https:\/\/petworld.ma\/index.php\/wp-json\/wp\/v2\/product_cat?post=8646"},{"taxonomy":"product_tag","embeddable":true,"href":"https:\/\/petworld.ma\/index.php\/wp-json\/wp\/v2\/product_tag?post=8646"}],"curies":[{"name":"wp","href":"https:\/\/api.w.org\/{rel}","templated":true}]}}