{"id":8652,"date":"2024-05-14T15:31:09","date_gmt":"2024-05-14T15:31:09","guid":{"rendered":"https:\/\/petworld.ma\/?post_type=product&#038;p=8652"},"modified":"2026-05-07T11:32:44","modified_gmt":"2026-05-07T11:32:44","slug":"hills-science-plan-pate-pour-chaton","status":"publish","type":"product","link":"https:\/\/petworld.ma\/index.php\/produit\/hills-science-plan-pate-pour-chaton\/","title":{"rendered":"HILL&rsquo;S SCIENCE PLAN Pat\u00e9 pour Chaton avec sauce au Poulet 85g"},"content":{"rendered":"<div class=\"productAwareRichText richText component section default-style even col-xs-12 initialized\">\n<div class=\"component-content\">\n<div class=\"richText-content\">\n<div id=\"DESCR_TINY-bloc-2\" class=\"stylusBloc stylusBloc--text\">\n<div class=\"stylusBloc__content\">\n<p>La nourriture<b> P\u00e2t\u00e9es Hill&rsquo;s Science Plan Kitten au Poulet pour Chaton<\/b>\u00a0apporte tous les nutriments essentiels pour favoriser le bon d\u00e9veloppement, la bonne sant\u00e9 et la croissance de votre chaton jusqu&rsquo;\u00e0 l&rsquo;\u00e2ge adulte.<br \/>\nLa recette se coompose de DHA, issu\u00a0d&rsquo;huile de poisson qui permet le d\u00e9veloppement des yeux et du cerveau. Gr\u00e2ce \u00e0 la pr\u00e9sence d&rsquo;ingr\u00e9dients de haute qualit\u00e9, cet aliment apporte des prot\u00e9ines de haute qualit\u00e9 pour\u00a0soutenir la croissance et le d\u00e9veloppement musculaire de votre jeune chat.\u00a0Des antioxydants \u00e0 l\u2019efficacit\u00e9 cliniquement prouv\u00e9e pour renforcer le syst\u00e8me immunitaire.<br \/>\nLa teneur \u00e9quilibr\u00e9e en min\u00e9raux favorise la solidit\u00e9 des os et des dents pour garder votre chaton en bonne sant\u00e9 tout au long de sa premi\u00e8re ann\u00e9e de vie.<\/p>\n<\/div>\n<\/div>\n<div id=\"DESCR_TINY-bloc-3\" class=\"stylusBloc stylusBloc--text\">\n<div class=\"stylusBloc__content\">\n<div class=\"zms-title-div\">\n<div class=\"zms-title\" data-size=\"t1\"><strong>Caract\u00e9ristiques<\/strong><\/div>\n<\/div>\n<div class=\"zms-title-div\">\n<div class=\"zms-title\" data-size=\"t2\">P\u00e2t\u00e9es Hill&rsquo;s Science Plan Kitten au Poulet pour Chaton<\/div>\n<\/div>\n<p data-lt-tmp-id=\"lt-332287\" data-gramm=\"false\">&#8211; Aliment humide pour chaton<br \/>\n&#8211; Favorise le bon d\u00e9veloppement et la croissance<br \/>\n&#8211; Contribue au bon fonctionnement du cerveau<br \/>\n&#8211; Avec des ingr\u00e9dients de haute qualit\u00e9<br \/>\n&#8211; Teneur \u00e9quilibr\u00e9e en min\u00e9raux<\/p>\n<\/div>\n<\/div>\n<\/div>\n<\/div>\n<\/div>\n","protected":false},"excerpt":{"rendered":"<div class=\"product-short-description\">\n<p><strong>HILL&rsquo;S Science Plan<\/strong>\u00a0est une des marques haut de gamme dans le monde de l&rsquo;alimentation pour chat. La gamme compl\u00e8te et adapt\u00e9e HILL&rsquo;S r\u00e9pondra aux besoins en nutriments et en \u00e9nergie de votre compagnon, quelque soit sa race, sa taille ou son degr\u00e9 d&rsquo;activit\u00e9. Il trouvera ainsi son \u00e9quilibre quotidien gr\u00e2ce \u00e0 des ingr\u00e9dients de haute qualit\u00e9 soigneusement s\u00e9lectionn\u00e9s.<\/p>\n<\/div>\n","protected":false},"featured_media":8653,"template":"","meta":{"jetpack_publicize_message":"","jetpack_publicize_feature_enabled":true,"jetpack_social_post_already_shared":false,"jetpack_social_options":{"image_generator_settings":{"template":"highway","default_image_id":0,"font":"","enabled":false},"version":2}},"product_brand":[],"product_cat":[41],"product_tag":[],"class_list":{"0":"post-8652","1":"product","2":"type-product","3":"status-publish","4":"has-post-thumbnail","6":"product_cat-friandises-et-pate-pour-chat","8":"first","9":"instock","10":"taxable","11":"shipping-taxable","12":"purchasable","13":"product-type-simple"},"supplier_id":5603,"supplier_sku":"604034","barcode":null,"atum_controlled":true,"out_stock_date":null,"out_stock_threshold":null,"inheritable":false,"inbound_stock":0,"stock_on_hold":0,"sold_today":0,"sales_last_days":12,"reserved_stock":0,"customer_returns":0,"warehouse_damage":0,"lost_in_post":0,"other_logs":0,"out_stock_days":0,"lost_sales":0,"has_location":false,"update_date":"2026-05-08T21:20:27","atum_locations":[],"atum_stock_status":"instock","restock_status":false,"low_stock_amount":60,"sales_update_date":"2026-05-08T21:20:27","calc_backorders":null,"jetpack_publicize_connections":[],"jetpack_sharing_enabled":true,"batches":[{"id":"923","date_created":"2024-11-22 18:23:44","date_expiry":"2025-03-12 00:00:00","user_id":"2760","batch_number":"HILLSPochonChicken120325","location":"","quantity":"68.0000","quantity_available":"0.0000","units":"1","status":"archived","order_ids":"[15006,15383,15591,15843,15907,16537,16559,16621,18033,18119,18162,18308,18311,18491,18767]","supplier":"Hill&#039;s","po":{"id":"900","date_created":"2024-11-22 18:23:44","batch_id":"923","po_number":"","supplier":"Hill&#039;s","cost":null,"regular_price":null,"sale_price":null,"price_margin":null,"price_discount":null}},{"id":"1429","date_created":"2024-12-27 22:26:19","date_expiry":"2025-09-10 00:00:00","user_id":"2760","batch_number":"HILLSPochonChicken100925","location":"","quantity":"12.0000","quantity_available":"0.0000","units":"1","status":"archived","order_ids":"[19157,20523,20636]","supplier":"Hill&#039;s","po":{"id":"1402","date_created":"2024-12-27 22:26:22","batch_id":"1429","po_number":"","supplier":"Hill&#039;s","cost":null,"regular_price":null,"sale_price":null,"price_margin":null,"price_discount":null}},{"id":"1576","date_created":"2025-01-09 23:13:14","date_expiry":"2025-09-10 00:00:00","user_id":"2760","batch_number":"HILLSPochonChicken100925","location":"","quantity":"82.0000","quantity_available":"0.0000","units":"1","status":"archived","order_ids":"[21785,22606]","supplier":"Hill&#039;s","po":{"id":"1550","date_created":"2025-01-09 23:13:17","batch_id":"1576","po_number":"","supplier":"Hill&#039;s","cost":null,"regular_price":null,"sale_price":null,"price_margin":null,"price_discount":null}},{"id":"2827","date_created":"2025-04-09 23:58:19","date_expiry":"2025-09-10 00:00:00","user_id":"2760","batch_number":"HILLSPochonChicken100925","location":"","quantity":"17.0000","quantity_available":"0.0000","units":"1","status":"archived","order_ids":"[20636,20899,20954,21205,21785]","supplier":"Hill&#039;s","po":{"id":"2795","date_created":"2025-04-09 23:58:19","batch_id":"2827","po_number":"","supplier":"Hill&#039;s","cost":null,"regular_price":null,"sale_price":null,"price_margin":null,"price_discount":null}},{"id":"3637","date_created":"2025-05-29 08:30:19","date_expiry":"2026-01-13 00:00:00","user_id":"2760","batch_number":"HILLSPochonChicken130126","location":"","quantity":"24.0000","quantity_available":"0.0000","units":"1","status":"archived","order_ids":"[22606,23158,25070,25119,25121,25226,25259]","supplier":"Hill&#039;s","po":{"id":"3605","date_created":"2025-05-29 08:30:22","batch_id":"3637","po_number":"","supplier":"Hill&#039;s","cost":null,"regular_price":null,"sale_price":null,"price_margin":null,"price_discount":null}},{"id":"3730","date_created":"2025-06-01 18:51:06","date_expiry":"2026-01-13 00:00:00","user_id":"2760","batch_number":"HILLSPochonChicken130126","location":"","quantity":"36.0000","quantity_available":"0.0000","units":"1","status":"archived","order_ids":"[25261,25324,25330,25538,25584,25610,25708,25859]","supplier":"Hill&#039;s","po":{"id":"3695","date_created":"2025-06-01 18:51:07","batch_id":"3730","po_number":"","supplier":"Hill&#039;s","cost":null,"regular_price":null,"sale_price":null,"price_margin":null,"price_discount":null}},{"id":"4047","date_created":"2025-06-18 21:13:20","date_expiry":"2026-01-13 00:00:00","user_id":"2760","batch_number":"HILLSPochonChicken130126","location":"","quantity":"12.0000","quantity_available":"0.0000","units":"1","status":"archived","order_ids":"[23609,24790,25041,25070]","supplier":"Hill&#039;s","po":{"id":"4012","date_created":"2025-06-18 21:13:23","batch_id":"4047","po_number":"","supplier":"Hill&#039;s","cost":null,"regular_price":null,"sale_price":null,"price_margin":null,"price_discount":null}},{"id":"5108","date_created":"2025-09-01 21:25:47","date_expiry":"2026-08-19 00:00:00","user_id":"2760","batch_number":"HILLSPochonChicken190826","location":"","quantity":"60.0000","quantity_available":"0.0000","units":"1","status":"archived","order_ids":"[26671,29894,29927,31287,31730,33004,33790,33792,34275,34663]","supplier":"HILLS","po":{"id":"5071","date_created":"2025-09-01 21:25:47","batch_id":"5108","po_number":"","supplier":"HILLS","cost":null,"regular_price":null,"sale_price":null,"price_margin":null,"price_discount":null}},{"id":"5558","date_created":"2025-09-28 22:46:23","date_expiry":"2026-08-01 00:00:00","user_id":"2760","batch_number":"HILLSPochonChicken0826","location":"","quantity":"12.0000","quantity_available":"0.0000","units":"1","status":"archived","order_ids":"[28232,28400,28791,29873,29894]","supplier":"HILLS","po":{"id":"5512","date_created":"2025-09-28 22:46:23","batch_id":"5558","po_number":"","supplier":"HILLS","cost":null,"regular_price":null,"sale_price":null,"price_margin":null,"price_discount":null}},{"id":"6010","date_created":"2025-11-05 13:15:42","date_expiry":"2027-01-27 00:00:00","user_id":"2760","batch_number":"HILLSPochonChicken270127","location":"","quantity":"12.0000","quantity_available":"0.0000","units":"1","status":"archived","order_ids":"[36124,36226,36261]","supplier":"HILLS","po":{"id":"5953","date_created":"2025-11-05 13:15:43","batch_id":"6010","po_number":"","supplier":"HILLS","cost":null,"regular_price":null,"sale_price":null,"price_margin":null,"price_discount":null}},{"id":"6043","date_created":"2025-11-06 16:02:48","date_expiry":"2027-01-27 00:00:00","user_id":"2760","batch_number":"HILLSPochonChicken270127","location":"","quantity":"6.0000","quantity_available":"0.0000","units":"1","status":"archived","order_ids":"[35099,35669,35703]","supplier":"HILLS","po":{"id":"5989","date_created":"2025-11-06 16:02:49","batch_id":"6043","po_number":"","supplier":"HILLS","cost":null,"regular_price":null,"sale_price":null,"price_margin":null,"price_discount":null}},{"id":"6738","date_created":"2025-12-18 13:01:24","date_expiry":"2027-01-27 00:00:00","user_id":"2760","batch_number":"HILLSPochonChicken270127","location":"","quantity":"12.0000","quantity_available":"0.0000","units":"1","status":"archived","order_ids":"[36261]","supplier":"HILLS","po":{"id":"6684","date_created":"2025-12-18 13:01:25","batch_id":"6738","po_number":"","supplier":"HILLS","cost":null,"regular_price":null,"sale_price":null,"price_margin":null,"price_discount":null}},{"id":"7977","date_created":"2026-02-26 16:04:31","date_expiry":"2027-04-23 00:00:00","user_id":"2760","batch_number":"HILLSPochonChicken230427","location":"","quantity":"36.0000","quantity_available":"0.0000","units":"1","status":"archived","order_ids":"[36808,36982,37044,37456,37722,38119,38178]","supplier":"HILLS","po":{"id":"7915","date_created":"2026-02-26 16:04:32","batch_id":"7977","po_number":"","supplier":"HILLS","cost":null,"regular_price":null,"sale_price":null,"price_margin":null,"price_discount":null}},{"id":"8358","date_created":"2026-03-19 10:29:18","date_expiry":"2027-04-23 00:00:00","user_id":"2760","batch_number":"HILLSPochonChicken230427","location":"","quantity":"48.0000","quantity_available":"23.0000","units":"1","status":"active","order_ids":"[38178,40636,40738]","supplier":"HILLS","po":{"id":"8286","date_created":"2026-03-19 10:29:18","batch_id":"8358","po_number":"","supplier":"HILLS","cost":null,"regular_price":null,"sale_price":null,"price_margin":null,"price_discount":null}},{"id":"8557","date_created":"2026-03-27 12:51:57","date_expiry":"2027-04-23 00:00:00","user_id":"2760","batch_number":"HILLSPochonChicken230427","location":"","quantity":"24.0000","quantity_available":"0.0000","units":"1","status":"archived","order_ids":"[38549,38732,39284,39436,39718,40011,40393]","supplier":"HILLS","po":{"id":"8485","date_created":"2026-03-27 12:51:57","batch_id":"8557","po_number":"","supplier":"HILLS","cost":null,"regular_price":null,"sale_price":null,"price_margin":null,"price_discount":null}},{"id":"8848","date_created":"2026-04-16 18:06:24","date_expiry":"2027-04-23 00:00:00","user_id":"2760","batch_number":"HILLSPochonChicken230427","location":"","quantity":"12.0000","quantity_available":"0.0000","units":"1","status":"archived","order_ids":"[40393,40636]","supplier":"HILLS","po":{"id":"8775","date_created":"2026-04-16 18:06:25","batch_id":"8848","po_number":"","supplier":"HILLS","cost":null,"regular_price":null,"sale_price":null,"price_margin":null,"price_discount":null}},{"id":"9227","date_created":"2026-04-30 09:59:47","date_expiry":"2027-07-01 00:00:00","user_id":"2760","batch_number":"HILLSPochonChicken010727","location":"","quantity":"12.0000","quantity_available":"12.0000","units":"1","status":"active","order_ids":null,"supplier":"HILLS","po":{"id":"9150","date_created":"2026-04-30 09:59:47","batch_id":"9227","po_number":"","supplier":"HILLS","cost":null,"regular_price":null,"sale_price":null,"price_margin":null,"price_discount":null}},{"id":"9350","date_created":"2026-05-07 11:32:43","date_expiry":"2027-07-01 00:00:00","user_id":"2760","batch_number":"HILLSPochonChicken010727","location":"","quantity":"36.0000","quantity_available":"36.0000","units":"1","status":"active","order_ids":null,"supplier":"HILLS","po":{"id":"9272","date_created":"2026-05-07 11:32:43","batch_id":"9350","po_number":"","supplier":"HILLS","cost":null,"regular_price":null,"sale_price":null,"price_margin":null,"price_discount":null}}],"_links":{"self":[{"href":"https:\/\/petworld.ma\/index.php\/wp-json\/wp\/v2\/product\/8652","targetHints":{"allow":["GET"]}}],"collection":[{"href":"https:\/\/petworld.ma\/index.php\/wp-json\/wp\/v2\/product"}],"about":[{"href":"https:\/\/petworld.ma\/index.php\/wp-json\/wp\/v2\/types\/product"}],"wp:featuredmedia":[{"embeddable":true,"href":"https:\/\/petworld.ma\/index.php\/wp-json\/wp\/v2\/media\/8653"}],"wp:attachment":[{"href":"https:\/\/petworld.ma\/index.php\/wp-json\/wp\/v2\/media?parent=8652"}],"wp:term":[{"taxonomy":"product_brand","embeddable":true,"href":"https:\/\/petworld.ma\/index.php\/wp-json\/wp\/v2\/product_brand?post=8652"},{"taxonomy":"product_cat","embeddable":true,"href":"https:\/\/petworld.ma\/index.php\/wp-json\/wp\/v2\/product_cat?post=8652"},{"taxonomy":"product_tag","embeddable":true,"href":"https:\/\/petworld.ma\/index.php\/wp-json\/wp\/v2\/product_tag?post=8652"}],"curies":[{"name":"wp","href":"https:\/\/api.w.org\/{rel}","templated":true}]}}