{"id":8697,"date":"2024-05-16T15:19:58","date_gmt":"2024-05-16T15:19:58","guid":{"rendered":"https:\/\/petworld.ma\/?post_type=product&#038;p=8697"},"modified":"2026-04-30T10:19:31","modified_gmt":"2026-04-30T10:19:31","slug":"hills-science-plan-aliment-pour-chien-adulte-perfect-weight-1-5kg","status":"publish","type":"product","link":"https:\/\/petworld.ma\/index.php\/produit\/hills-science-plan-aliment-pour-chien-adulte-perfect-weight-1-5kg\/","title":{"rendered":"Hill\u2019s Science Plan Aliment Pour Chien Adulte Perfect Weight &#8211; Petite Race (1.5kg)"},"content":{"rendered":"<div class=\"product-section description-section\">\n<div class=\"single-description fr-view\">\n<div class=\"productAwareRichText richText component section default-style even col-xs-12 initialized\">\n<div class=\"component-content\">\n<div class=\"richText-content\">\n<p><span class=\"nowrap\">HILL&rsquo;S SCIENCE PLAN<\/span>\u00a0Aliment pour Chien Adulte de petite et tr\u00e8s petite race Perfect Weight au poulet fournit une d\u00e9licieuse nutrition cliniquement prouv\u00e9e pour atteindre et maintenir un poids sant\u00e9. Notre formule riche en prot\u00e9ines et en fibres enrichie en L-carnitine et en huile de noix de coco aide \u00e0 soutenir le m\u00e9tabolisme des animaux domestiques.&gt; Principaux avantages Perte de poids s\u00fbre et efficace avec des r\u00e9sultats visibles Maintien d&rsquo;un poids sant\u00e9 et maintien du poids dans le temps Fibres pr\u00e9biotiques pour une digestion douce<\/p>\n<\/div>\n<\/div>\n<\/div>\n<div class=\"conditionalBox box component section pdp-2019-only-pd even col-xs-12\"><strong><span style=\"font-size: 14.4px;\">Informations compl\u00e9mentaires :<\/span><\/strong><\/div>\n<div class=\"conditionalBox box component section pdp-2019-only-pd odd col-xs-12\">\n<div id=\"0412457811\" class=\"component-content\">\n<div class=\"paragraphSystem content\">\n<div class=\"productAwareRichText richText component section col-xs-12 productawarerichtext default-style initialized\">\n<div class=\"component-content\">\n<div class=\"richText-content\">\n<p>Chez Hill&rsquo;s, nous \u00e9tudions depuis plus d&rsquo;une d\u00e9cennie l&rsquo;impact de la nutrition sur le fonctionnement cellulaire des animaux domestiques. Nous avons appris que les animaux minces ont un profil biologique diff\u00e9rent de celui des animaux en surpoids. Notre formule riche en prot\u00e9ines et en fibres, enrichie en L-carnitine et en huile de noix de coco, aide \u00e0 soutenir le m\u00e9tabolisme des animaux de compagnie pour un poids id\u00e9al.<\/p>\n<\/div>\n<\/div>\n<\/div>\n<\/div>\n<\/div>\n<\/div>\n<div class=\"box component section pdp-2019-only-pd even col-xs-12\">\n<div id=\"648710132\" class=\"component-content\">\n<div class=\"paragraphSystem content\">\n<div class=\"productAwareRichText richText component section default-style first odd last col-xs-12 initialized\">\n<div class=\"component-content\">\n<div class=\"richText-content\">\n<p>Les aliments <span class=\"nowrap\">SCIENCE PLAN<\/span>\u00a0sont disponibles dans une vari\u00e9t\u00e9 de croquettes et de friandises r\u00e9pondant aux besoins uniques de votre chien, ainsi qu&rsquo;en aliments humides aux saveurs d\u00e9licieuses et vari\u00e9es, que votre chien va adorer.<\/p>\n<\/div>\n<\/div>\n<\/div>\n<\/div>\n<\/div>\n<\/div>\n<div class=\"conditionalBox box component section default-style odd col-xs-12\">\n<div id=\"1517239228\" class=\"component-content\">\n<div class=\"paragraphSystem content\">\n<div class=\"productAwareRichText richText component section col-xs-12 productawarerichtext default-style initialized\">\n<div class=\"component-content\">\n<div class=\"richText-content\">\n<h4><strong>Recommandations :<\/strong><\/h4>\n<p>Chiens adultes de 1 an et plus pesant jusqu&rsquo;\u00e0 10 kg \u00e0 l&rsquo;\u00e2ge adulte et qui ont besoin de moins de calories (chiens moins actifs, st\u00e9rilis\u00e9s ou sujets \u00e0 la prise de poids).<\/p>\n<\/div>\n<\/div>\n<\/div>\n<\/div>\n<\/div>\n<\/div>\n<div class=\"conditionalBox box component section default-style even col-xs-12\">\n<div id=\"1014499245\" class=\"component-content\">\n<div class=\"paragraphSystem content\">\n<div class=\"productAwareRichText richText component section default-style first odd last col-xs-12 initialized\">\n<div class=\"component-content\">\n<div class=\"richText-content\">\n<h4><strong>Ne pas utiliser cet aliment :<\/strong><\/h4>\n<p>Chiots, femelles en gestation ou en lactation. Pendant la gestation ou la lactation, utilisez l&rsquo;aliment pour chiot\u00a0<span class=\"nowrap\">HILL&rsquo;S SCIENCE PLAN<\/span>\u00a0Small &amp; Mini Puppy.<\/p>\n<\/div>\n<div class=\"productAwareRichText richText component section default-style first odd col-xs-12 col-lg-12 col-lg-offset-0 initialized\">\n<div class=\"component-content\">\n<div class=\"richText-content\">\n<p><strong>COMPOSITION<\/strong>: Froment, farine de gluten de ma\u00efs, ma\u00efs, prot\u00e9ines d\u00e9shydrat\u00e9es de poulet et de dinde, farine de son de pois, hydrolysat de prot\u00e9ines animales, cellulose, marc de tomate d\u00e9shydrat\u00e9, graines de lin, graisses animales, pulpe de betterave s\u00e9ch\u00e9e, huile de noix de coco (2,2%), substances min\u00e9rales, carottes d\u00e9shydrat\u00e9es.<\/p>\n<\/div>\n<\/div>\n<\/div>\n<div class=\"productAwareRichText richText component section default-style even col-xs-12 col-lg-12 col-lg-offset-0 initialized\">\n<div class=\"component-content\">\n<div class=\"richText-content\">\n<p><strong>CONSTITUANTS ANALYTIQUES:<\/strong> Prot\u00e9ines 25,4%, Teneur en mati\u00e8res grasses 11,3%, Cellulose brute 12,1%, Cendres brutes 5,2%, Calcium 0,75%, Phosphore 0,61%, Sodium 0,28%, Potassium 0,78%, Magn\u00e9sium 0,12%; par kg: Vitamine A 11 662UI, Vitamine D3 776UI, Vitamine E 690mg, Vitamine C 105mg, B\u00eata-carot\u00e8ne 1,5mg, L-Carnitine 377mg.<\/p>\n<\/div>\n<\/div>\n<\/div>\n<div class=\"productAwareRichText richText component section default-style odd last col-xs-12 col-lg-12 col-lg-offset-0 initialized\">\n<div class=\"component-content\">\n<div class=\"richText-content\">\n<p><strong>ADDITIFS PAR KG:<\/strong> Additifs nutritionnels: 3b103 (Fer) 75,3mg, 3b202 (Iode) 1,2mg, 3b405 (Cuivre) 7,4mg, 3b502 (Mangan\u00e8se) 7,8mg, 3b603 (Zinc) 156mg, 3b801 (S\u00e9l\u00e9nium) 0,2mg; avec un antioxydant naturel.<\/p>\n<\/div>\n<\/div>\n<\/div>\n<\/div>\n<\/div>\n<\/div>\n<\/div>\n<\/div>\n<\/div>\n<\/div>\n","protected":false},"excerpt":{"rendered":"<div class=\"conditionalBox box component section default-style even col-xs-12\">\n<div id=\"1096030739\" class=\"component-content\">\n<div class=\"paragraphSystem content\">\n<div class=\"productAwareRichText richText component section col-xs-12 productawarerichtext default-style initialized\">\n<div class=\"component-content\">\n<div class=\"richText-content\">\n<p><span class=\"nowrap\">Hill&rsquo;s Science Plan<\/span> ALIMENT POUR CHIEN ADULTE SMALL &amp; MINI PERFECT WEIGHT au POULET (poulet 7 %) est un aliment complet pour les chiens adultes de petit race \u00e0 partir de 1 an l\u00e9g\u00e8rement en surpoids ou ayant tendance \u00e0 prendre du poids.<\/p>\n<\/div>\n<\/div>\n<\/div>\n<\/div>\n<\/div>\n<\/div>\n","protected":false},"featured_media":8701,"template":"","meta":{"jetpack_publicize_message":"","jetpack_publicize_feature_enabled":true,"jetpack_social_post_already_shared":false,"jetpack_social_options":{"image_generator_settings":{"template":"highway","default_image_id":0,"font":"","enabled":false},"version":2}},"product_brand":[],"product_cat":[26],"product_tag":[],"class_list":{"0":"post-8697","1":"product","2":"type-product","3":"status-publish","4":"has-post-thumbnail","6":"product_cat-croquettes","8":"first","9":"instock","10":"taxable","11":"shipping-taxable","12":"purchasable","13":"product-type-simple"},"supplier_id":5603,"supplier_sku":"604255","barcode":null,"atum_controlled":true,"out_stock_date":null,"out_stock_threshold":null,"inheritable":false,"inbound_stock":0,"stock_on_hold":0,"sold_today":0,"sales_last_days":0,"reserved_stock":0,"customer_returns":0,"warehouse_damage":0,"lost_in_post":0,"other_logs":0,"out_stock_days":0,"lost_sales":0,"has_location":false,"update_date":"2026-05-11T00:20:44","atum_locations":[],"atum_stock_status":"instock","restock_status":false,"low_stock_amount":2,"sales_update_date":"2026-05-11T00:20:43","calc_backorders":null,"jetpack_publicize_connections":[],"jetpack_sharing_enabled":true,"batches":[{"id":"603","date_created":"2024-10-10 12:16:14","date_expiry":"2025-10-31 00:00:00","user_id":"2760","batch_number":"HILLSAdult1.5KG311025","location":"","quantity":"1.0000","quantity_available":"0.0000","units":"1","status":"archived","order_ids":"[14936]","supplier":"Hill&#039;s","po":{"id":"586","date_created":"2024-10-10 12:16:14","batch_id":"603","po_number":"","supplier":"Hill&#039;s","cost":null,"regular_price":null,"sale_price":null,"price_margin":null,"price_discount":null}},{"id":"1064","date_created":"2024-12-06 23:36:19","date_expiry":"2025-11-22 00:00:00","user_id":"2760","batch_number":"HILLSAdult1.5KG221125","location":"","quantity":"1.0000","quantity_available":"0.0000","units":"1","status":"archived","order_ids":"[19158]","supplier":"Hill&#039;s","po":{"id":"1041","date_created":"2024-12-06 23:36:19","batch_id":"1064","po_number":"","supplier":"Hill&#039;s","cost":null,"regular_price":null,"sale_price":null,"price_margin":null,"price_discount":null}},{"id":"2484","date_created":"2025-03-26 02:25:00","date_expiry":"2026-04-30 00:00:00","user_id":"2760","batch_number":"HILLSAdult1.5KG0426","location":"","quantity":"1.0000","quantity_available":"0.0000","units":"1","status":"archived","order_ids":"[28761]","supplier":"Hill&#039;s","po":{"id":"2452","date_created":"2025-03-26 02:25:03","batch_id":"2484","po_number":"","supplier":"Hill&#039;s","cost":null,"regular_price":null,"sale_price":null,"price_margin":null,"price_discount":null}},{"id":"3433","date_created":"2025-05-15 20:43:51","date_expiry":"2026-04-30 00:00:00","user_id":"2760","batch_number":"HILLSAdult1.5KG0426","location":"","quantity":"2.0000","quantity_available":"0.0000","units":"1","status":"archived","order_ids":"[29703,34779]","supplier":"Hill&#039;s","po":{"id":"3400","date_created":"2025-05-15 20:43:51","batch_id":"3433","po_number":"","supplier":"Hill&#039;s","cost":null,"regular_price":null,"sale_price":null,"price_margin":null,"price_discount":null}},{"id":"6284","date_created":"2025-11-22 12:09:15","date_expiry":"2026-11-28 00:00:00","user_id":"2760","batch_number":"HILLSAdult1.5KG1126","location":"","quantity":"1.0000","quantity_available":"0.0000","units":"1","status":"archived","order_ids":"[36679]","supplier":"HILLS","po":{"id":"6230","date_created":"2025-11-22 12:09:16","batch_id":"6284","po_number":"","supplier":"HILLS","cost":null,"regular_price":null,"sale_price":null,"price_margin":null,"price_discount":null}},{"id":"7980","date_created":"2026-02-26 16:06:58","date_expiry":"2027-02-10 00:00:00","user_id":"2760","batch_number":"HILLSAdult1.5KG1027","location":"","quantity":"1.0000","quantity_available":"0.0000","units":"1","status":"archived","order_ids":"[36787]","supplier":"HILLS","po":{"id":"7918","date_created":"2026-02-26 16:06:58","batch_id":"7980","po_number":"","supplier":"HILLS","cost":null,"regular_price":null,"sale_price":null,"price_margin":null,"price_discount":null}},{"id":"8568","date_created":"2026-03-27 13:02:37","date_expiry":"2027-08-01 00:00:00","user_id":"2760","batch_number":"HILLSAdult1.5KG0827","location":"","quantity":"1.0000","quantity_available":"0.0000","units":"1","status":"archived","order_ids":"[40374]","supplier":"HILLS","po":{"id":"8496","date_created":"2026-03-27 13:02:38","batch_id":"8568","po_number":"","supplier":"HILLS","cost":null,"regular_price":null,"sale_price":null,"price_margin":null,"price_discount":null}},{"id":"8850","date_created":"2026-04-16 18:07:17","date_expiry":"2027-08-01 00:00:00","user_id":"2760","batch_number":"HILLSAdult1.5KG0827","location":"","quantity":"1.0000","quantity_available":"1.0000","units":"1","status":"active","order_ids":null,"supplier":"HILLS","po":{"id":"8777","date_created":"2026-04-16 18:07:17","batch_id":"8850","po_number":"","supplier":"HILLS","cost":null,"regular_price":null,"sale_price":null,"price_margin":null,"price_discount":null}},{"id":"9236","date_created":"2026-04-30 10:19:31","date_expiry":"2027-08-01 00:00:00","user_id":"2760","batch_number":"HILLSAdult1.5KG0827","location":"","quantity":"1.0000","quantity_available":"1.0000","units":"1","status":"active","order_ids":null,"supplier":"HILLS","po":{"id":"9159","date_created":"2026-04-30 10:19:31","batch_id":"9236","po_number":"","supplier":"HILLS","cost":null,"regular_price":null,"sale_price":null,"price_margin":null,"price_discount":null}}],"_links":{"self":[{"href":"https:\/\/petworld.ma\/index.php\/wp-json\/wp\/v2\/product\/8697","targetHints":{"allow":["GET"]}}],"collection":[{"href":"https:\/\/petworld.ma\/index.php\/wp-json\/wp\/v2\/product"}],"about":[{"href":"https:\/\/petworld.ma\/index.php\/wp-json\/wp\/v2\/types\/product"}],"wp:featuredmedia":[{"embeddable":true,"href":"https:\/\/petworld.ma\/index.php\/wp-json\/wp\/v2\/media\/8701"}],"wp:attachment":[{"href":"https:\/\/petworld.ma\/index.php\/wp-json\/wp\/v2\/media?parent=8697"}],"wp:term":[{"taxonomy":"product_brand","embeddable":true,"href":"https:\/\/petworld.ma\/index.php\/wp-json\/wp\/v2\/product_brand?post=8697"},{"taxonomy":"product_cat","embeddable":true,"href":"https:\/\/petworld.ma\/index.php\/wp-json\/wp\/v2\/product_cat?post=8697"},{"taxonomy":"product_tag","embeddable":true,"href":"https:\/\/petworld.ma\/index.php\/wp-json\/wp\/v2\/product_tag?post=8697"}],"curies":[{"name":"wp","href":"https:\/\/api.w.org\/{rel}","templated":true}]}}