{"id":8718,"date":"2024-05-17T14:57:19","date_gmt":"2024-05-17T14:57:19","guid":{"rendered":"https:\/\/petworld.ma\/?post_type=product&#038;p=8718"},"modified":"2026-05-09T18:32:58","modified_gmt":"2026-05-09T18:32:58","slug":"sachets-plaisir-85g-deminces-urinary-support-au-poisson","status":"publish","type":"product","link":"https:\/\/petworld.ma\/index.php\/produit\/sachets-plaisir-85g-deminces-urinary-support-au-poisson\/","title":{"rendered":"Plaisir Sachets 85g d&rsquo;\u00e9minc\u00e9s Urinary Support Au Poisson"},"content":{"rendered":"<div class=\"product__description js-anim-sov\" data-anchor-name=\"description\">\n<h2 class=\"product__description-title\"><strong>NOUVELLE FORMULE !<\/strong>\u00a0TENEUR EN DL M\u00c9THIONINE AUGMENT\u00c9E POUR PLUS D&rsquo;EFFICACIT\u00c9, ET D\u00c9SORMAIS SANS COLORANTS !<\/h2>\n<div class=\"product__description-text\">Cette formule a \u00e9t\u00e9 d\u00e9velopp\u00e9e pour favoriser l\u2019acidification des urines et pr\u00e9venir des probl\u00e8mes urinaires de votre chat avec un apport en DL-M\u00e9thionine et en cranberry, rem\u00e8de traditionnel connu. Un apport adapt\u00e9 en min\u00e9raux et un taux \u00e9lev\u00e9 en humidit\u00e9 vont \u00e9galement aider \u00e0 maintenir son syst\u00e8me urinaire sain.<\/div>\n<\/div>\n<div class=\"product__characteristics js-anim-sov\">\n<div class=\"product__characteristics-title\"><\/div>\n<div class=\"product__characteristic\">\n<p><img decoding=\"async\" class=\"product__characteristic-image lazyautosizes lazyloaded\" src=\"https:\/\/lesrepasplaisir.fr\/cdn\/shop\/files\/picto_urinary_1x1_crop_center.png?v=6685726308462578459\" alt=\"\" data-widths=\"[80, 160]\" data-ratio=\"container\" data-sizes=\"auto\" data-srcset=\"\/\/lesrepasplaisir.fr\/cdn\/shop\/files\/picto_urinary_80x80_crop_center.png?v=6685726308462578459 80w, \/\/lesrepasplaisir.fr\/cdn\/shop\/files\/picto_urinary_160x160_crop_center.png?v=6685726308462578459 160w\" \/><\/p>\n<div class=\"product__characteristic-content\">\n<div class=\"product__characteristic-title\">Soutient un syst\u00e8me urinaire sain<\/div>\n<aside class=\"product__characteristic-text\">Vous souhaitez pr\u00e9venir l&rsquo;apparition d&rsquo;affections urinaires chez votre chat en lui donnant une alimentation humide adapt\u00e9e: cette recette est celle qu&rsquo;il vous faut.<\/aside>\n<\/div>\n<\/div>\n<div class=\"product__characteristic\">\n<p><img decoding=\"async\" class=\"product__characteristic-image lazyautosizes lazyloaded\" src=\"https:\/\/lesrepasplaisir.fr\/cdn\/shop\/files\/picto_care_nouvelle_formule_plus_efficace_1x1_crop_center.png?v=10732096261097089559\" alt=\"\" data-widths=\"[80, 160]\" data-ratio=\"container\" data-sizes=\"auto\" data-srcset=\"\/\/lesrepasplaisir.fr\/cdn\/shop\/files\/picto_care_nouvelle_formule_plus_efficace_80x80_crop_center.png?v=10732096261097089559 80w, \/\/lesrepasplaisir.fr\/cdn\/shop\/files\/picto_care_nouvelle_formule_plus_efficace_160x160_crop_center.png?v=10732096261097089559 160w\" \/><\/p>\n<div class=\"product__characteristic-content\">\n<div class=\"product__characteristic-title\">Teneur en DL m\u00e9thionine augment\u00e9e<\/div>\n<aside class=\"product__characteristic-text\">La DL m\u00e9thionine est un acide amin\u00e9 qui aide \u00e0 maintenir un bon pH urinaire, en acidifiant les urines. Notre nouvelle recette en contient davantage pour une pr\u00e9vention plus efficace.<\/aside>\n<\/div>\n<\/div>\n<div class=\"product__characteristic\">\n<p><img decoding=\"async\" class=\"product__characteristic-image lazyautosizes lazyloaded\" src=\"https:\/\/lesrepasplaisir.fr\/cdn\/shop\/files\/sans_colorants_3_1x1_crop_center.png?v=5200481212381423402\" alt=\"\" data-widths=\"[80, 160]\" data-ratio=\"container\" data-sizes=\"auto\" data-srcset=\"\/\/lesrepasplaisir.fr\/cdn\/shop\/files\/sans_colorants_3_80x80_crop_center.png?v=5200481212381423402 80w, \/\/lesrepasplaisir.fr\/cdn\/shop\/files\/sans_colorants_3_160x160_crop_center.png?v=5200481212381423402 160w\" \/><\/p>\n<div class=\"product__characteristic-content\">\n<div class=\"product__characteristic-title\">Sans colorants<\/div>\n<aside class=\"product__characteristic-text\">Parce qu&rsquo;ils m\u00e9ritent le meilleur, nos \u00e9minc\u00e9s en sauce Care Urinary Support ne contiennent pas de colorants.<\/aside>\n<\/div>\n<\/div>\n<div class=\"product__characteristic\">\n<div class=\"product__characteristic-content\">\n<div class=\"product__characteristic-title\"><\/div>\n<aside class=\"product__characteristic-text\"><\/aside>\n<\/div>\n<\/div>\n<\/div>\n<div class=\"product__tabs js-anim-sov\">\n<div class=\"product__tab\" data-drawer=\"\">\n<p class=\"product__tab-header\"><strong>COMPOSITION<\/strong><\/p>\n<div class=\"product__tab-content\" data-drawer-content=\"\">Ciandes et sous-produits animaux 34.4%, poissons et sous-produits de poissons (poisson 4%), sous-produits d&rsquo;origine v\u00e9g\u00e9tale, fruits (cranberries d\u00e9shydrat\u00e9s 0.4%), substances min\u00e9rales, sucres.<\/div>\n<div data-drawer-content=\"\"><\/div>\n<\/div>\n<\/div>\n","protected":false},"excerpt":{"rendered":"<p>NOUVELLE FORMULE !\u00a0TENEUR EN DL M\u00c9THIONINE AUGMENT\u00c9E POUR PLUS D&rsquo;EFFICACIT\u00c9, ET D\u00c9SORMAIS SANS COLORANTS ! Cette formule a \u00e9t\u00e9 d\u00e9velopp\u00e9e pour favoriser l\u2019acidification des urines et pr\u00e9venir des probl\u00e8mes urinaires de votre chat avec un apport en DL-M\u00e9thionine et en cranberry, rem\u00e8de traditionnel connu. Un apport adapt\u00e9 en min\u00e9raux et un taux \u00e9lev\u00e9 en humidit\u00e9 [&#8230;]\n","protected":false},"featured_media":8720,"template":"","meta":{"jetpack_publicize_message":"","jetpack_publicize_feature_enabled":true,"jetpack_social_post_already_shared":true,"jetpack_social_options":{"image_generator_settings":{"template":"highway","default_image_id":0,"font":"","enabled":false},"version":2}},"product_brand":[],"product_cat":[41],"product_tag":[],"class_list":{"0":"post-8718","1":"product","2":"type-product","3":"status-publish","4":"has-post-thumbnail","6":"product_cat-friandises-et-pate-pour-chat","8":"first","9":"instock","10":"taxable","11":"shipping-taxable","12":"purchasable","13":"product-type-simple"},"supplier_id":5587,"supplier_sku":"6789","barcode":null,"atum_controlled":true,"out_stock_date":null,"out_stock_threshold":null,"inheritable":false,"inbound_stock":0,"stock_on_hold":20,"sold_today":20,"sales_last_days":26,"reserved_stock":0,"customer_returns":0,"warehouse_damage":0,"lost_in_post":0,"other_logs":0,"out_stock_days":0,"lost_sales":0,"has_location":false,"update_date":"2026-05-09T18:33:02","atum_locations":[],"atum_stock_status":"instock","restock_status":false,"low_stock_amount":22,"sales_update_date":"2026-05-09T18:33:02","calc_backorders":null,"jetpack_publicize_connections":[],"jetpack_sharing_enabled":true,"batches":[{"id":"1094","date_created":"2024-12-08 12:04:41","date_expiry":"2025-05-01 00:00:00","user_id":"2760","batch_number":"SachetsPlaisir85gd\\\\\\\\\\\\\\\\\\\\\\\\\\\\\\\\\\\\\\\\\\\\\\\\\\\\\\\\\\\\\\\\\\\\\\\\\\\\\\\\\\\\\\\\\\\\\\\\\\\\\\\\\\\\\\\\\\\\\\\\\\\\\\\\\\\\\\\\\\\\\\\\\\\\\\\\\\\\\\\\\\\\\\\\\\\\\\\\\\\\\\\\\\\\\\\\\\\\\\\\\\\\\\\\\\\\\\\\\\\\\\\\\\\\\\\\\\\\\\\\\\\\\\\\\\\\\\'\u00e9minc\u00e9sUrinarySupportAuPoisson","location":"","quantity":"12.0000","quantity_available":"0.0000","units":"1","status":"archived","order_ids":"[15370,15664,15805,15900,16080]","supplier":"Royal Canin","po":{"id":"1070","date_created":"2024-12-08 12:04:42","batch_id":"1094","po_number":"","supplier":"Royal Canin","cost":null,"regular_price":null,"sale_price":null,"price_margin":null,"price_discount":null}},{"id":"1210","date_created":"2024-12-16 10:28:08","date_expiry":"2025-12-01 00:00:00","user_id":"2760","batch_number":"SachetsPlaisir85g\u00e9minc\u00e9sUrinarySupportAuPoisson011225","location":"","quantity":"12.0000","quantity_available":"0.0000","units":"1","status":"archived","order_ids":"[16485,16694,16982,17009]","supplier":"Royal Canin","po":{"id":"1183","date_created":"2024-12-16 10:28:09","batch_id":"1210","po_number":"","supplier":"Royal Canin","cost":null,"regular_price":null,"sale_price":null,"price_margin":null,"price_discount":null}},{"id":"1254","date_created":"2024-12-17 23:21:12","date_expiry":"2025-05-01 00:00:00","user_id":"2760","batch_number":"SachetsPlaisir85g\u00e9minc\u00e9sUrinarySupportAuPoisson010525","location":"","quantity":"24.0000","quantity_available":"0.0000","units":"1","status":"archived","order_ids":"[16080,16129,16166,16481,16485]","supplier":"Royal Canin","po":{"id":"1227","date_created":"2024-12-17 23:21:14","batch_id":"1254","po_number":"","supplier":"Royal Canin","cost":null,"regular_price":null,"sale_price":null,"price_margin":null,"price_discount":null}},{"id":"2053","date_created":"2025-02-19 20:28:03","date_expiry":"2025-06-02 00:00:00","user_id":"2760","batch_number":"SachetsPlaisir85g\u00e9minc\u00e9sUrinarySupportAuPoisson020625","location":"","quantity":"24.0000","quantity_available":"0.0000","units":"1","status":"archived","order_ids":"[18285,18393,18454,18827]","supplier":"Royal Canin","po":{"id":"2023","date_created":"2025-02-19 20:28:05","batch_id":"2053","po_number":"","supplier":"Royal Canin","cost":null,"regular_price":null,"sale_price":null,"price_margin":null,"price_discount":null}},{"id":"2234","date_created":"2025-03-06 02:07:00","date_expiry":"2025-06-02 00:00:00","user_id":"2760","batch_number":"SachetsPlaisir85g\u00e9minc\u00e9sUrinarySupportAuPoisson020625","location":"","quantity":"12.0000","quantity_available":"0.0000","units":"1","status":"archived","order_ids":"[18827]","supplier":"Royal Canin","po":{"id":"2203","date_created":"2025-03-06 02:07:03","batch_id":"2234","po_number":"","supplier":"Royal Canin","cost":null,"regular_price":null,"sale_price":null,"price_margin":null,"price_discount":null}},{"id":"6690","date_created":"2025-12-15 13:09:40","date_expiry":"2027-07-01 00:00:00","user_id":"2760","batch_number":"SachetsPlaisir85g\u00e9minc\u00e9sUrinarySupportAuPoisson010727","location":"","quantity":"12.0000","quantity_available":"0.0000","units":"1","status":"archived","order_ids":"[32099,32179,32843,33617]","supplier":"Royal Canin","po":{"id":"6636","date_created":"2025-12-15 13:09:41","batch_id":"6690","po_number":"","supplier":"Royal Canin","cost":null,"regular_price":null,"sale_price":null,"price_margin":null,"price_discount":null}},{"id":"6861","date_created":"2025-12-23 14:08:40","date_expiry":"2027-07-01 00:00:00","user_id":"2760","batch_number":"SachetsPlaisir85g\u00e9minc\u00e9sUrinarySupportAuPoisson010727","location":"","quantity":"12.0000","quantity_available":"0.0000","units":"1","status":"archived","order_ids":"[33617,34132]","supplier":"Royal Canin","po":{"id":"6800","date_created":"2025-12-23 14:08:41","batch_id":"6861","po_number":"","supplier":"Royal Canin","cost":null,"regular_price":null,"sale_price":null,"price_margin":null,"price_discount":null}},{"id":"6862","date_created":"2025-12-23 14:08:41","date_expiry":"2027-07-01 00:00:00","user_id":"2760","batch_number":"SachetsPlaisir85g\u00e9minc\u00e9sUrinarySupportAuPoisson010727","location":"","quantity":"48.0000","quantity_available":"0.0000","units":"1","status":"archived","order_ids":"[34132,35009,35240,35450,35632]","supplier":"Royal Canin","po":{"id":"6801","date_created":"2025-12-23 14:08:42","batch_id":"6862","po_number":"","supplier":"Royal Canin","cost":null,"regular_price":null,"sale_price":null,"price_margin":null,"price_discount":null}},{"id":"7811","date_created":"2026-02-19 12:26:00","date_expiry":"2027-07-01 00:00:00","user_id":"2760","batch_number":"SachetsPlaisir85g\u00e9minc\u00e9sUrinarySupportAuPoisson010727","location":"","quantity":"72.0000","quantity_available":"0.0000","units":"1","status":"archived","order_ids":"[36090,36159,36342,36462,36635]","supplier":"Royal Canin","po":{"id":"7746","date_created":"2026-02-19 12:26:01","batch_id":"7811","po_number":"","supplier":"Royal Canin","cost":null,"regular_price":null,"sale_price":null,"price_margin":null,"price_discount":null}},{"id":"7913","date_created":"2026-02-24 20:32:54","date_expiry":"2027-09-01 00:00:00","user_id":"2760","batch_number":"SachetsPlaisir85g\u00e9minc\u00e9sUrinarySupportAuPoisson010927","location":"","quantity":"240.0000","quantity_available":"172.0000","units":"1","status":"active","order_ids":"[37013,37410,37811,38034,38102,38693,40082,41206,41687]","supplier":"Royal Canin","po":{"id":"7851","date_created":"2026-02-24 20:32:55","batch_id":"7913","po_number":"","supplier":"Royal Canin","cost":null,"regular_price":null,"sale_price":null,"price_margin":null,"price_discount":null}}],"_links":{"self":[{"href":"https:\/\/petworld.ma\/index.php\/wp-json\/wp\/v2\/product\/8718","targetHints":{"allow":["GET"]}}],"collection":[{"href":"https:\/\/petworld.ma\/index.php\/wp-json\/wp\/v2\/product"}],"about":[{"href":"https:\/\/petworld.ma\/index.php\/wp-json\/wp\/v2\/types\/product"}],"wp:featuredmedia":[{"embeddable":true,"href":"https:\/\/petworld.ma\/index.php\/wp-json\/wp\/v2\/media\/8720"}],"wp:attachment":[{"href":"https:\/\/petworld.ma\/index.php\/wp-json\/wp\/v2\/media?parent=8718"}],"wp:term":[{"taxonomy":"product_brand","embeddable":true,"href":"https:\/\/petworld.ma\/index.php\/wp-json\/wp\/v2\/product_brand?post=8718"},{"taxonomy":"product_cat","embeddable":true,"href":"https:\/\/petworld.ma\/index.php\/wp-json\/wp\/v2\/product_cat?post=8718"},{"taxonomy":"product_tag","embeddable":true,"href":"https:\/\/petworld.ma\/index.php\/wp-json\/wp\/v2\/product_tag?post=8718"}],"curies":[{"name":"wp","href":"https:\/\/api.w.org\/{rel}","templated":true}]}}