{"id":874,"date":"2022-12-17T20:29:18","date_gmt":"2022-12-17T20:29:18","guid":{"rendered":"https:\/\/petworld.ma\/?post_type=product&#038;p=874"},"modified":"2026-04-25T00:47:01","modified_gmt":"2026-04-25T00:47:01","slug":"hills-science-plan-aliment-pour-chat-adulte-urinary-health-poulet-1-5kg","status":"publish","type":"product","link":"https:\/\/petworld.ma\/index.php\/produit\/hills-science-plan-aliment-pour-chat-adulte-urinary-health-poulet-1-5kg\/","title":{"rendered":"Hill\u2019s Science Plan Croquettes Pour Chat Adulte Urinary Health Poulet (1.5kg | 7kg)"},"content":{"rendered":"<p>SCIENCE PLAN\u2122 FELINE ADULT URINARY HEALTH STERILISED CAT POULET (poulet 33 % ; total volaille 52 %) est un aliment complet pour les chats adultes pour soutenir la sant\u00e9 urinaire. Egalement adapt\u00e9 aux chats st\u00e9rilis\u00e9s. Il apporte une nutrition pr\u00e9cis\u00e9ment \u00e9quilibr\u00e9e. Sans ar\u00f4mes, colorants ou conservateurs artificiels ajout\u00e9s.<\/p>\n<h2>Description<\/h2>\n<ul type=\"disc\">\n<li>Min\u00e9raux contr\u00f4l\u00e9s pour soutenir un syst\u00e8me urinaire sain.<\/li>\n<li>Prot\u00e9ines de poulet de haute qualit\u00e9 pour un repas nutritif savoureux.<\/li>\n<li>Om\u00e9ga-6 et vitamine E pour une peau et un pelage sains.<\/li>\n<\/ul>\n<p><a href=\"https:\/\/wa.me\/212708052510\" target=\"_blank\" rel=\"noopener noreferrer\"><img decoding=\"async\" class=\"fr-fic fr-dib aligncenter\" src=\"https:\/\/cdn.youcan.shop\/stores\/d0742d556df94ddbc7ae4c9810aff04b\/others\/SubZt6r28hyAQ7nMj9ezDgalbAGO3uSxBizbI3RH.png\" width=\"318\" height=\"84\" data-name=\"stores\/d0742d556df94ddbc7ae4c9810aff04b\/others\/SubZt6r28hyAQ7nMj9ezDgalbAGO3uSxBizbI3RH.png\" \/><\/a><\/p>\n","protected":false},"excerpt":{"rendered":"<p>SCIENCE PLAN\u2122 FELINE ADULT URINARY HEALTH STERILISED CAT POULET (poulet 33 % ; total volaille 52 %) est un aliment complet pour les chats adultes pour soutenir la sant\u00e9 urinaire. Egalement adapt\u00e9 aux chats st\u00e9rilis\u00e9s. Il apporte une nutrition pr\u00e9cis\u00e9ment \u00e9quilibr\u00e9e. Sans ar\u00f4mes, colorants ou conservateurs artificiels ajout\u00e9s. Description Min\u00e9raux contr\u00f4l\u00e9s pour soutenir un syst\u00e8me [&#8230;]\n","protected":false},"featured_media":875,"template":"","meta":{"jetpack_publicize_message":"","jetpack_publicize_feature_enabled":true,"jetpack_social_post_already_shared":false,"jetpack_social_options":{"image_generator_settings":{"template":"highway","default_image_id":0,"font":"","enabled":false},"version":2}},"product_brand":[],"product_cat":[40],"product_tag":[],"class_list":{"0":"post-874","1":"product","2":"type-product","3":"status-publish","4":"has-post-thumbnail","6":"product_cat-coquettes-pour-chat","8":"first","9":"instock","10":"taxable","11":"shipping-taxable","12":"purchasable","13":"product-type-variable"},"supplier_id":5603,"supplier_sku":"","barcode":null,"atum_controlled":true,"out_stock_date":null,"out_stock_threshold":null,"inheritable":true,"inbound_stock":0,"stock_on_hold":1,"sold_today":0,"sales_last_days":3,"reserved_stock":0,"customer_returns":0,"warehouse_damage":0,"lost_in_post":0,"other_logs":0,"out_stock_days":0,"lost_sales":0,"has_location":false,"update_date":"2026-04-28T00:14:45","atum_locations":[],"atum_stock_status":"instock","restock_status":false,"low_stock_amount":"","sales_update_date":"2026-04-23T18:44:34","calc_backorders":null,"jetpack_publicize_connections":[],"jetpack_sharing_enabled":true,"batches":[],"_links":{"self":[{"href":"https:\/\/petworld.ma\/index.php\/wp-json\/wp\/v2\/product\/874","targetHints":{"allow":["GET"]}}],"collection":[{"href":"https:\/\/petworld.ma\/index.php\/wp-json\/wp\/v2\/product"}],"about":[{"href":"https:\/\/petworld.ma\/index.php\/wp-json\/wp\/v2\/types\/product"}],"wp:featuredmedia":[{"embeddable":true,"href":"https:\/\/petworld.ma\/index.php\/wp-json\/wp\/v2\/media\/875"}],"wp:attachment":[{"href":"https:\/\/petworld.ma\/index.php\/wp-json\/wp\/v2\/media?parent=874"}],"wp:term":[{"taxonomy":"product_brand","embeddable":true,"href":"https:\/\/petworld.ma\/index.php\/wp-json\/wp\/v2\/product_brand?post=874"},{"taxonomy":"product_cat","embeddable":true,"href":"https:\/\/petworld.ma\/index.php\/wp-json\/wp\/v2\/product_cat?post=874"},{"taxonomy":"product_tag","embeddable":true,"href":"https:\/\/petworld.ma\/index.php\/wp-json\/wp\/v2\/product_tag?post=874"}],"curies":[{"name":"wp","href":"https:\/\/api.w.org\/{rel}","templated":true}]}}