{"id":8769,"date":"2024-05-20T14:08:38","date_gmt":"2024-05-20T14:08:38","guid":{"rendered":"https:\/\/petworld.ma\/?post_type=product&#038;p=8769"},"modified":"2026-05-04T18:01:22","modified_gmt":"2026-05-04T18:01:22","slug":"os-perones-de-jambon-90g","status":"publish","type":"product","link":"https:\/\/petworld.ma\/index.php\/produit\/os-perones-de-jambon-90g\/","title":{"rendered":"Os P\u00e9ron\u00e8s Jambon trait\u00e9s (3pi\u00e8ces) 90g"},"content":{"rendered":"<p>Os de jambon &#8211; f\u00e9mur de porc\u00a0<strong>,<\/strong> mati\u00e8re alimentaire pour chiens adultes (petite et grande race) <strong>.<\/strong><\/p>\n<p>&#8211; Sans additifs<br \/>\n&#8211; Formule sans gluten<\/p>\n<p><strong>Poids :<\/strong> 90 g<br \/>\n<strong>Longueur :<\/strong> 25 \u00e0 30 cm<\/p>\n<p>Fabriqu\u00e9 en Italie<\/p>\n","protected":false},"excerpt":{"rendered":"<p><strong>Poids :<\/strong> 90 g<br \/>\n<strong>Longueur :<\/strong> 25 \u00e0 30 cm<\/p>\n<p>Fabriqu\u00e9 en Italie<\/p>\n","protected":false},"featured_media":8776,"template":"","meta":{"jetpack_publicize_message":"","jetpack_publicize_feature_enabled":true,"jetpack_social_post_already_shared":false,"jetpack_social_options":{"image_generator_settings":{"template":"highway","default_image_id":0,"font":"","enabled":false},"version":2}},"product_brand":[],"product_cat":[217,39],"product_tag":[],"class_list":{"0":"post-8769","1":"product","2":"type-product","3":"status-publish","4":"has-post-thumbnail","6":"product_cat-dentifrice-soin-buccal-hygiene-et-soins","7":"product_cat-friandises-et-pates-pour-chien","9":"first","10":"instock","11":"taxable","12":"shipping-taxable","13":"purchasable","14":"product-type-simple"},"supplier_id":8770,"supplier_sku":"AB921","barcode":null,"atum_controlled":true,"out_stock_date":null,"out_stock_threshold":null,"inheritable":false,"inbound_stock":0,"stock_on_hold":0,"sold_today":0,"sales_last_days":2,"reserved_stock":0,"customer_returns":0,"warehouse_damage":0,"lost_in_post":0,"other_logs":0,"out_stock_days":0,"lost_sales":0,"has_location":false,"update_date":"2026-05-11T10:09:43","atum_locations":[],"atum_stock_status":"instock","restock_status":false,"low_stock_amount":15,"sales_update_date":"2026-05-11T10:09:42","calc_backorders":0,"jetpack_publicize_connections":[],"jetpack_sharing_enabled":true,"batches":[{"id":"113","date_created":"2024-09-16 15:53:28","date_expiry":"2025-12-01 00:00:00","user_id":"2461","batch_number":"os2","location":"","quantity":"101.0000","quantity_available":"0.0000","units":"1","status":"archived","order_ids":"[11605,11785,11814,11856,11878,12084,12302,12727,12744,13087,13271,13539,13806,13878,14017,14403,14406,14687,14811,14921,14923,14967,15041,15042,15047,15136,15179,15358,15773,15855,16079,16110,16119,16173,16240,16280,17120,17123,17153,17338]","supplier":"GreenTown kennel","po":{"id":"109","date_created":"2024-09-16 15:53:29","batch_id":"113","po_number":"","supplier":"GreenTown kennel","cost":null,"regular_price":null,"sale_price":null,"price_margin":null,"price_discount":null}},{"id":"4296","date_created":"2025-07-09 10:03:47","date_expiry":"2027-02-01 00:00:00","user_id":"2461","batch_number":"os0227","location":"","quantity":"80.0000","quantity_available":"28.0000","units":"1","status":"active","order_ids":"[24276,24445,24461,24781,24895,25246,25359,25514,25612,25617,25857,26111,26695,26713,26767,26980,27187,28236,28634,29045,29617,30923,31828,33160,34439,34940,36048,38552,38730,40630,40982,41364]","supplier":"GreenTown kennel","po":{"id":"4259","date_created":"2025-07-09 10:03:48","batch_id":"4296","po_number":"","supplier":"GreenTown kennel","cost":null,"regular_price":null,"sale_price":null,"price_margin":null,"price_discount":null}}],"_links":{"self":[{"href":"https:\/\/petworld.ma\/index.php\/wp-json\/wp\/v2\/product\/8769","targetHints":{"allow":["GET"]}}],"collection":[{"href":"https:\/\/petworld.ma\/index.php\/wp-json\/wp\/v2\/product"}],"about":[{"href":"https:\/\/petworld.ma\/index.php\/wp-json\/wp\/v2\/types\/product"}],"wp:featuredmedia":[{"embeddable":true,"href":"https:\/\/petworld.ma\/index.php\/wp-json\/wp\/v2\/media\/8776"}],"wp:attachment":[{"href":"https:\/\/petworld.ma\/index.php\/wp-json\/wp\/v2\/media?parent=8769"}],"wp:term":[{"taxonomy":"product_brand","embeddable":true,"href":"https:\/\/petworld.ma\/index.php\/wp-json\/wp\/v2\/product_brand?post=8769"},{"taxonomy":"product_cat","embeddable":true,"href":"https:\/\/petworld.ma\/index.php\/wp-json\/wp\/v2\/product_cat?post=8769"},{"taxonomy":"product_tag","embeddable":true,"href":"https:\/\/petworld.ma\/index.php\/wp-json\/wp\/v2\/product_tag?post=8769"}],"curies":[{"name":"wp","href":"https:\/\/api.w.org\/{rel}","templated":true}]}}