{"id":8791,"date":"2024-05-20T16:13:39","date_gmt":"2024-05-20T16:13:39","guid":{"rendered":"https:\/\/petworld.ma\/?post_type=product&#038;p=8791"},"modified":"2026-03-29T14:01:50","modified_gmt":"2026-03-29T14:01:50","slug":"herbe-catnip-spray-a-chat-60ml-flamingo","status":"publish","type":"product","link":"https:\/\/petworld.ma\/index.php\/produit\/herbe-catnip-spray-a-chat-60ml-flamingo\/","title":{"rendered":"Herbe Catnip Spray Flamingo Chat 25ml"},"content":{"rendered":"<div class=\"mb-2\">\n<p>Faites plaisir \u00e0 votre chat avec cette d\u00e9licieuse CATNIP SPRAY SNIF ! Cette spray contient 100% de catnip naturelle et rendra votre chat compl\u00e8tement extatique. Id\u00e9al pour vaporiser sur les jouets et les griffoirs. Disponible en 60ml et 25ml.<\/p>\n<div class=\"ai-notice-icon\" data-tippy-options=\"{&quot;content&quot;:&quot;Ce texte a u00e9tu00e9 gu00e9nu00e9ru00e9 et traduit u00e0 l'aide de l'IA&quot;}\"><\/div>\n<\/div>\n<div class=\"cms-element-text\">\n<ul>\n<li>Mat\u00e9riau : herbe-aux-chats<\/li>\n<\/ul>\n<\/div>\n<p><img decoding=\"async\" class=\"product-recycle-info-image mt-3 mb-3\" src=\"https:\/\/flamingo.xcdn.nl\/FRDoosjeFlesjemetdopLabel_RC_01.jpg?s=24&amp;f=s:0:160:1:1\" alt=\"fpp-theme.product-detail.buy-widget.recycle-info\" width=\"216\" height=\"53\" \/><\/p>\n<p>&nbsp;<\/p>\n<p>&nbsp;<\/p>\n","protected":false},"excerpt":{"rendered":"<p>Faites plaisir \u00e0 votre chat avec cette d\u00e9licieuse CATNIP SPRAY SNIF ! Cette spray contient 100% de catnip naturelle et rendra votre chat compl\u00e8tement extatique. Id\u00e9al pour vaporiser sur les jouets et les griffoirs. Disponible en 60ml et 25ml. Mat\u00e9riau : herbe-aux-chats &nbsp; &nbsp;<\/p>\n","protected":false},"featured_media":8793,"template":"","meta":{"jetpack_publicize_message":"","jetpack_publicize_feature_enabled":true,"jetpack_social_post_already_shared":true,"jetpack_social_options":{"image_generator_settings":{"template":"highway","default_image_id":0,"font":"","enabled":false},"version":2}},"product_brand":[],"product_cat":[95,100,94],"product_tag":[],"class_list":{"0":"post-8791","1":"product","2":"type-product","3":"status-publish","4":"has-post-thumbnail","6":"product_cat-arbres-a-chat","7":"product_cat-accessoires-jouets-et-colliers","8":"product_cat-litieres-et-bacs","10":"first","11":"instock","12":"taxable","13":"shipping-taxable","14":"purchasable","15":"product-type-variable"},"supplier_id":8770,"supplier_sku":"","barcode":null,"atum_controlled":true,"out_stock_date":"2024-12-18 14:45:49","out_stock_threshold":null,"inheritable":true,"inbound_stock":0,"stock_on_hold":0,"sold_today":0,"sales_last_days":0,"reserved_stock":0,"customer_returns":0,"warehouse_damage":0,"lost_in_post":0,"other_logs":0,"out_stock_days":494,"lost_sales":0,"has_location":false,"update_date":"2026-04-27T00:13:22","atum_locations":[],"atum_stock_status":"instock","restock_status":false,"low_stock_amount":"","sales_update_date":"2026-04-27T00:13:22","calc_backorders":null,"jetpack_publicize_connections":[],"jetpack_sharing_enabled":true,"batches":[],"_links":{"self":[{"href":"https:\/\/petworld.ma\/index.php\/wp-json\/wp\/v2\/product\/8791","targetHints":{"allow":["GET"]}}],"collection":[{"href":"https:\/\/petworld.ma\/index.php\/wp-json\/wp\/v2\/product"}],"about":[{"href":"https:\/\/petworld.ma\/index.php\/wp-json\/wp\/v2\/types\/product"}],"wp:featuredmedia":[{"embeddable":true,"href":"https:\/\/petworld.ma\/index.php\/wp-json\/wp\/v2\/media\/8793"}],"wp:attachment":[{"href":"https:\/\/petworld.ma\/index.php\/wp-json\/wp\/v2\/media?parent=8791"}],"wp:term":[{"taxonomy":"product_brand","embeddable":true,"href":"https:\/\/petworld.ma\/index.php\/wp-json\/wp\/v2\/product_brand?post=8791"},{"taxonomy":"product_cat","embeddable":true,"href":"https:\/\/petworld.ma\/index.php\/wp-json\/wp\/v2\/product_cat?post=8791"},{"taxonomy":"product_tag","embeddable":true,"href":"https:\/\/petworld.ma\/index.php\/wp-json\/wp\/v2\/product_tag?post=8791"}],"curies":[{"name":"wp","href":"https:\/\/api.w.org\/{rel}","templated":true}]}}