{"id":8893,"date":"2024-05-24T20:05:47","date_gmt":"2024-05-24T20:05:47","guid":{"rendered":"https:\/\/petworld.ma\/index.php\/produit\/nexgard-chien-30kg-60kg\/"},"modified":"2026-04-23T15:09:40","modified_gmt":"2026-04-23T15:09:40","slug":"nexgard-chien-2kg-60kg","status":"publish","type":"product","link":"https:\/\/petworld.ma\/index.php\/produit\/nexgard-chien-2kg-60kg\/","title":{"rendered":"Anti-puce et Vermifuge pour Chiens (2kg \u00e0 60kg)"},"content":{"rendered":"<p>\u2013 Traitement des infestations par les puces et les tiques chez les\u00a0chiens, lorsqu\u2019une pr\u00e9vention concomitante de la dirofilariose (larves de\u00a0<i>Dirofilaria immitis<\/i>), de l\u2019angiostrongylose (r\u00e9duction du taux de formes immatures (L5) et d\u2019adultes d\u2019<i>Angiostrongylus vasorum<\/i>), th\u00e9laziose (adultes de\u00a0<i>Thelazia<\/i>\u00a0<i>Callipaeda<\/i>) et\/ou un traitement des infestations par les n\u00e9matodes gastro-intestinaux est indiqu\u00e9.<\/p>\n<p>\u2013 Traitement des infestations par les puces (<i>Ctenocephalides felis<\/i>\u00a0et\u00a0<i>C. canis<\/i>) chez les\u00a0chiens\u00a0pendant 5 semaines.<\/p>\n<p>\u2013 Traitement des infestations par les tiques (<i>Dermacentor reticulatus, Ixodes ricinus, Ixodes hexagonus, Rhipicephalus sanguineus<\/i>) chez les\u00a0chiens\u00a0pendant 4 semaines.<\/p>\n<p>Les puces et les tiques doivent \u00eatre attach\u00e9es \u00e0 l\u2019animal et avoir commenc\u00e9 \u00e0 se nourrir pour \u00eatre expos\u00e9es \u00e0 la substance active.<\/p>\n<p>\u2013 Traitement des infestations par les n\u00e9matodes gastro-intestinaux adultes des esp\u00e8ces suivantes : ascarides (<i>Toxocara canis<\/i>\u00a0et\u00a0<i>Toxascaris leonina<\/i>), ankylostomes (<i>Ancylostoma caninum<\/i>,\u00a0<i>Ancylostoma braziliense<\/i>\u00a0et\u00a0<i>Ancylostoma ceylanicum<\/i>) et trichures (<i>Trichuris vulpis<\/i>).<\/p>\n<p>\u2013 Traitement de la d\u00e9mod\u00e9cie (due \u00e0\u00a0<i>Demodex canis<\/i>).<\/p>\n<p>\u2013 Traitement de la gale sarcoptique (due \u00e0\u00a0<i>Sarcoptes scabiei var. canis<\/i>).<\/p>\n<p>\u2013 Pr\u00e9vention de la dirofilariose (larves de\u00a0<i>Dirofilaria immitis<\/i>) avec une administration mensuelle.<\/p>\n<p>\u2013 Pr\u00e9vention de l\u2019angiostrongylose (par diminution du taux d\u2019infestation par des formes immatures (L5) et adultes d\u2019<i>Angiostrongylus<\/i>\u00a0<i>vasorum<\/i>) avec une administration mensuelle.<\/p>\n<p>\u2013 Pr\u00e9vention de l\u2019\u00e9tablissement de la th\u00e9laziose (infection par le ver oculaire adulte de\u00a0<i>Thelazia callipaeda<\/i>) avec une administration mensuelle.<\/p>\n<p>Mode d\u2019administration<\/p>\n<p>Les comprim\u00e9s sont \u00e0 croquer et sont app\u00e9tents pour la majorit\u00e9 des\u00a0chiens. Si le chien n\u2019accepte pas directement les comprim\u00e9s, ils peuvent \u00eatre administr\u00e9s avec de la nourriture.<\/p>\n<p>Sch\u00e9ma th\u00e9rapeutique<\/p>\n<p>Le sch\u00e9ma th\u00e9rapeutique doit \u00eatre bas\u00e9 sur le diagnostic v\u00e9t\u00e9rinaire et la situation \u00e9pid\u00e9miologique locale.<\/p>\n<p>Pour les chiens de plus de 60 kg, une combinaison appropri\u00e9e de comprim\u00e9s \u00e0 croquer doit \u00eatre utilis\u00e9e.<\/p>\n","protected":false},"excerpt":{"rendered":"<p>\u2013 Traitement des infestations par les puces et les tiques chez les\u00a0chiens, lorsqu\u2019une pr\u00e9vention concomitante de la dirofilariose (larves de\u00a0Dirofilaria immitis), de l\u2019angiostrongylose (r\u00e9duction du taux de formes immatures (L5) et d\u2019adultes d\u2019Angiostrongylus vasorum), th\u00e9laziose (adultes de\u00a0Thelazia\u00a0Callipaeda) et\/ou un traitement des infestations par les n\u00e9matodes gastro-intestinaux est indiqu\u00e9. \u2013 Traitement des infestations par les puces [&#8230;]\n","protected":false},"featured_media":9582,"template":"","meta":{"jetpack_publicize_message":"","jetpack_publicize_feature_enabled":true,"jetpack_social_post_already_shared":true,"jetpack_social_options":{"image_generator_settings":{"template":"highway","default_image_id":0,"font":"","enabled":false},"version":2}},"product_brand":[],"product_cat":[228],"product_tag":[],"class_list":{"0":"post-8893","1":"product","2":"type-product","3":"status-publish","4":"has-post-thumbnail","6":"product_cat-antiparasitaires-vermifuges","8":"first","9":"instock","10":"taxable","11":"shipping-taxable","12":"purchasable","13":"product-type-variable"},"supplier_id":null,"supplier_sku":"","barcode":null,"atum_controlled":true,"out_stock_date":null,"out_stock_threshold":null,"inheritable":true,"inbound_stock":0,"stock_on_hold":1,"sold_today":0,"sales_last_days":1,"reserved_stock":0,"customer_returns":0,"warehouse_damage":0,"lost_in_post":0,"other_logs":0,"out_stock_days":0,"lost_sales":0,"has_location":false,"update_date":"2026-05-01T13:16:28","atum_locations":[],"atum_stock_status":"instock","restock_status":false,"low_stock_amount":"","sales_update_date":"2026-05-01T09:40:55","calc_backorders":null,"jetpack_publicize_connections":[],"jetpack_sharing_enabled":true,"batches":[],"_links":{"self":[{"href":"https:\/\/petworld.ma\/index.php\/wp-json\/wp\/v2\/product\/8893","targetHints":{"allow":["GET"]}}],"collection":[{"href":"https:\/\/petworld.ma\/index.php\/wp-json\/wp\/v2\/product"}],"about":[{"href":"https:\/\/petworld.ma\/index.php\/wp-json\/wp\/v2\/types\/product"}],"wp:featuredmedia":[{"embeddable":true,"href":"https:\/\/petworld.ma\/index.php\/wp-json\/wp\/v2\/media\/9582"}],"wp:attachment":[{"href":"https:\/\/petworld.ma\/index.php\/wp-json\/wp\/v2\/media?parent=8893"}],"wp:term":[{"taxonomy":"product_brand","embeddable":true,"href":"https:\/\/petworld.ma\/index.php\/wp-json\/wp\/v2\/product_brand?post=8893"},{"taxonomy":"product_cat","embeddable":true,"href":"https:\/\/petworld.ma\/index.php\/wp-json\/wp\/v2\/product_cat?post=8893"},{"taxonomy":"product_tag","embeddable":true,"href":"https:\/\/petworld.ma\/index.php\/wp-json\/wp\/v2\/product_tag?post=8893"}],"curies":[{"name":"wp","href":"https:\/\/api.w.org\/{rel}","templated":true}]}}