{"id":8924,"date":"2024-05-27T14:22:21","date_gmt":"2024-05-27T14:22:21","guid":{"rendered":"https:\/\/petworld.ma\/?post_type=product&#038;p=8924"},"modified":"2026-03-23T10:21:44","modified_gmt":"2026-03-23T10:21:44","slug":"dousti-croquettes-chat-thon-20kg","status":"publish","type":"product","link":"https:\/\/petworld.ma\/index.php\/produit\/dousti-croquettes-chat-thon-20kg\/","title":{"rendered":"Dousti Croquettes Chat Thon 20kg"},"content":{"rendered":"<div class=\"woocommerce-tabs wc-tabs-wrapper\">\n<div id=\"tab-description\" class=\"woocommerce-Tabs-panel woocommerce-Tabs-panel--description panel entry-content wc-tab\" role=\"tabpanel\" aria-labelledby=\"tab-title-description\">\n<p>Aliment complet pour chats adultes de toutes races. Id\u00e9al pour l&rsquo;alimentation quotidienne. Vitamines A, D3 et E.<\/p>\n<\/div>\n<\/div>\n<section class=\"related products\">\n<div class=\"tit-relacionados\"><strong style=\"color: #555555;font-size: 14.4px\">Composition : <\/strong><span style=\"color: #555555;font-size: 14.4px\">Viandes et sous-produits animaux, c\u00e9r\u00e9ales, sous-produits v\u00e9g\u00e9taux, huiles et graisses, farine de thon (5%) parois cellulaires de levures inactives cultiv\u00e9es sur substrats d&rsquo;origine v\u00e9g\u00e9tale (mannanes 50 mg\/kg, b\u00eata-glucanes 50 mg\/kg), glucosamine (25 mg\/kg), sulfate de chondro\u00eftine (25 mg\/kg) et substances min\u00e9rales.<\/span><\/div>\n<\/section>\n<section class=\"related products\">\n<div class=\"tit-relacionados\"><strong style=\"color: #555555;font-size: 14.4px\"><span dir=\"ltr\" role=\"presentation\">Constituants analytiques :\u00a0<\/span><\/strong><\/div>\n<\/section>\n<div class=\"woocommerce-tabs wc-tabs-wrapper\">\n<div id=\"tab-analytical-constituents\" class=\"woocommerce-Tabs-panel woocommerce-Tabs-panel--analytical-constituents panel entry-content wc-tab\" role=\"tabpanel\" aria-labelledby=\"tab-title-analytical-constituents\">\n<p>Prot\u00e9ines brutes 28%<br \/>\nHuiles et graisses brutes 10%<br \/>\nCellulose brute 3,3%<br \/>\nMati\u00e8res inorganiques 10%<\/p>\n<\/div>\n<\/div>\n<section class=\"related products\">\n<div class=\"tit-relacionados\"><\/div>\n<\/section>\n","protected":false},"excerpt":{"rendered":"<p>Made in Italy!!<\/p>\n","protected":false},"featured_media":8927,"template":"","meta":{"jetpack_publicize_message":"","jetpack_publicize_feature_enabled":true,"jetpack_social_post_already_shared":false,"jetpack_social_options":{"image_generator_settings":{"template":"highway","default_image_id":0,"font":"","enabled":false},"version":2}},"product_brand":[],"product_cat":[40],"product_tag":[],"class_list":{"0":"post-8924","1":"product","2":"type-product","3":"status-publish","4":"has-post-thumbnail","6":"product_cat-coquettes-pour-chat","8":"first","9":"onbackorder","10":"taxable","11":"shipping-taxable","12":"purchasable","13":"product-type-simple"},"supplier_id":5588,"supplier_sku":"9262","barcode":null,"atum_controlled":true,"out_stock_date":"2026-03-23 10:21:44","out_stock_threshold":null,"inheritable":false,"inbound_stock":0,"stock_on_hold":0,"sold_today":0,"sales_last_days":0,"reserved_stock":0,"customer_returns":0,"warehouse_damage":0,"lost_in_post":0,"other_logs":0,"out_stock_days":44,"lost_sales":0,"has_location":false,"update_date":"2026-05-07T00:17:29","atum_locations":[],"atum_stock_status":"onbackorder","restock_status":false,"low_stock_amount":4,"sales_update_date":"2026-05-07T00:17:29","calc_backorders":0,"jetpack_publicize_connections":[],"jetpack_sharing_enabled":true,"batches":[{"id":"62","date_created":"2024-09-13 18:27:38","date_expiry":"2026-05-06 00:00:00","user_id":"2760","batch_number":"DOUSTIChat20kg060526","location":"","quantity":"8.0000","quantity_available":"0.0000","units":"1","status":"archived","order_ids":"[11635,13142,13759,14560,14928,15727,17018,17272,17627]","supplier":"mera","po":{"id":"59","date_created":"2024-09-13 18:27:39","batch_id":"62","po_number":"","supplier":"mera","cost":null,"regular_price":null,"sale_price":null,"price_margin":null,"price_discount":null}},{"id":"1354","date_created":"2024-12-21 17:01:49","date_expiry":"2026-07-12 00:00:00","user_id":"2760","batch_number":"DOUSTIChat20kg120726","location":"","quantity":"1.0000","quantity_available":"0.0000","units":"1","status":"archived","order_ids":"[18528]","supplier":"mera","po":{"id":"1327","date_created":"2024-12-21 17:01:52","batch_id":"1354","po_number":"","supplier":"mera","cost":null,"regular_price":null,"sale_price":null,"price_margin":null,"price_discount":null}},{"id":"1845","date_created":"2025-02-01 17:57:50","date_expiry":"2026-07-12 00:00:00","user_id":"2760","batch_number":"DOUSTIChat20kg120726","location":"","quantity":"1.0000","quantity_available":"0.0000","units":"1","status":"archived","order_ids":"[18568]","supplier":"mera","po":{"id":"1819","date_created":"2025-02-01 17:57:55","batch_id":"1845","po_number":"","supplier":"mera","cost":null,"regular_price":null,"sale_price":null,"price_margin":null,"price_discount":null}},{"id":"1974","date_created":"2025-02-12 18:43:03","date_expiry":"2026-07-12 00:00:00","user_id":"2760","batch_number":"DOUSTIChat20kg120726","location":"","quantity":"2.0000","quantity_available":"0.0000","units":"1","status":"archived","order_ids":"[18936,20443]","supplier":"mera","po":{"id":"1946","date_created":"2025-02-12 18:43:06","batch_id":"1974","po_number":"","supplier":"mera","cost":null,"regular_price":null,"sale_price":null,"price_margin":null,"price_discount":null}},{"id":"2264","date_created":"2025-03-06 21:24:25","date_expiry":"2026-07-12 00:00:00","user_id":"2760","batch_number":"DOUSTIChat20kg120726","location":"","quantity":"2.0000","quantity_available":"0.0000","units":"1","status":"archived","order_ids":"[33363,34864]","supplier":"mera","po":{"id":"2233","date_created":"2025-03-06 21:24:28","batch_id":"2264","po_number":"","supplier":"mera","cost":null,"regular_price":null,"sale_price":null,"price_margin":null,"price_discount":null}},{"id":"2376","date_created":"2025-03-14 20:53:12","date_expiry":"2026-07-12 00:00:00","user_id":"2760","batch_number":"DOUSTIChat20kg120726","location":"","quantity":"1.0000","quantity_available":"0.0000","units":"1","status":"archived","order_ids":"[23047]","supplier":"mera","po":{"id":"2345","date_created":"2025-03-14 20:53:15","batch_id":"2376","po_number":"","supplier":"mera","cost":null,"regular_price":null,"sale_price":null,"price_margin":null,"price_discount":null}},{"id":"3082","date_created":"2025-04-18 10:39:59","date_expiry":"2026-07-11 00:00:00","user_id":"2760","batch_number":"DOUSTIChat20kg110726","location":"","quantity":"1.0000","quantity_available":"0.0000","units":"1","status":"archived","order_ids":"[22481]","supplier":"mera","po":{"id":"3049","date_created":"2025-04-18 10:40:00","batch_id":"3082","po_number":"","supplier":"mera","cost":null,"regular_price":null,"sale_price":null,"price_margin":null,"price_discount":null}},{"id":"4063","date_created":"2025-06-18 21:45:53","date_expiry":"2026-07-11 00:00:00","user_id":"2760","batch_number":"DOUSTIChat20kg110726","location":"","quantity":"2.0000","quantity_available":"0.0000","units":"1","status":"archived","order_ids":"[23732,32215]","supplier":"mera","po":{"id":"4027","date_created":"2025-06-18 21:45:53","batch_id":"4063","po_number":"","supplier":"mera","cost":null,"regular_price":null,"sale_price":null,"price_margin":null,"price_discount":null}},{"id":"4144","date_created":"2025-06-27 09:13:17","date_expiry":"2026-05-06 00:00:00","user_id":"2760","batch_number":"DOUSTIChat20kg060526","location":"","quantity":"1.0000","quantity_available":"0.0000","units":"1","status":"archived","order_ids":"[27438]","supplier":"mera","po":{"id":"4108","date_created":"2025-06-27 09:13:17","batch_id":"4144","po_number":"","supplier":"mera","cost":null,"regular_price":null,"sale_price":null,"price_margin":null,"price_discount":null}},{"id":"5517","date_created":"2025-09-25 10:59:19","date_expiry":"2027-07-31 00:00:00","user_id":"2760","batch_number":"DOUSTIChat20kg310727","location":"","quantity":"0.0000","quantity_available":"0.0000","units":"1","status":"archived","order_ids":null,"supplier":"mera","po":{"id":"5471","date_created":"2025-09-25 10:59:20","batch_id":"5517","po_number":"","supplier":"mera","cost":null,"regular_price":null,"sale_price":null,"price_margin":null,"price_discount":null}},{"id":"6974","date_created":"2025-12-27 13:34:10","date_expiry":"2027-07-03 00:00:00","user_id":"2760","batch_number":"DOUSTIChat20kg310727","location":"","quantity":"0.0000","quantity_available":"0.0000","units":"1","status":"archived","order_ids":"[]","supplier":"mera","po":{"id":"6913","date_created":"2025-12-27 13:34:11","batch_id":"6974","po_number":"","supplier":"mera","cost":null,"regular_price":null,"sale_price":null,"price_margin":null,"price_discount":null}}],"_links":{"self":[{"href":"https:\/\/petworld.ma\/index.php\/wp-json\/wp\/v2\/product\/8924","targetHints":{"allow":["GET"]}}],"collection":[{"href":"https:\/\/petworld.ma\/index.php\/wp-json\/wp\/v2\/product"}],"about":[{"href":"https:\/\/petworld.ma\/index.php\/wp-json\/wp\/v2\/types\/product"}],"wp:featuredmedia":[{"embeddable":true,"href":"https:\/\/petworld.ma\/index.php\/wp-json\/wp\/v2\/media\/8927"}],"wp:attachment":[{"href":"https:\/\/petworld.ma\/index.php\/wp-json\/wp\/v2\/media?parent=8924"}],"wp:term":[{"taxonomy":"product_brand","embeddable":true,"href":"https:\/\/petworld.ma\/index.php\/wp-json\/wp\/v2\/product_brand?post=8924"},{"taxonomy":"product_cat","embeddable":true,"href":"https:\/\/petworld.ma\/index.php\/wp-json\/wp\/v2\/product_cat?post=8924"},{"taxonomy":"product_tag","embeddable":true,"href":"https:\/\/petworld.ma\/index.php\/wp-json\/wp\/v2\/product_tag?post=8924"}],"curies":[{"name":"wp","href":"https:\/\/api.w.org\/{rel}","templated":true}]}}