{"id":907,"date":"2022-12-17T20:51:22","date_gmt":"2022-12-17T20:51:22","guid":{"rendered":"https:\/\/petworld.ma\/?post_type=product&#038;p=907"},"modified":"2026-04-18T18:56:39","modified_gmt":"2026-04-18T18:56:39","slug":"bac-a-litiere-cathy-griffe-pink-stephanplast","status":"publish","type":"product","link":"https:\/\/petworld.ma\/index.php\/produit\/bac-a-litiere-cathy-griffe-pink-stephanplast\/","title":{"rendered":"Bac \u00e0 liti\u00e8re CATHY griffe beige (stephanplast)"},"content":{"rendered":"<p>Cathy Griffe est la nouvelle maison de toilette ferm\u00e9e pour chats habill\u00e9e avec des \u0153uvres d&rsquo;art dans le style proven\u00e7al. Cathy Griffe est con\u00e7ue pour donner une touche d&rsquo;amusement \u00e0 un espace de la maison qui leur est r\u00e9serv\u00e9. Il est spacieux et confortable et muni d&rsquo;une porte \u00e0 rabat pour faciliter l&rsquo;entr\u00e9e et la sortie.<\/p>\n<p>Dimension : cm 56x40x40h<\/p>\n<h3><\/h3>\n","protected":false},"excerpt":{"rendered":"<p>Made in ITALY<\/p>\n","protected":false},"featured_media":28485,"template":"","meta":{"jetpack_publicize_message":"","jetpack_publicize_feature_enabled":true,"jetpack_social_post_already_shared":true,"jetpack_social_options":{"image_generator_settings":{"template":"highway","default_image_id":0,"font":"","enabled":false},"version":2}},"product_brand":[],"product_cat":[94],"product_tag":[],"class_list":{"0":"post-907","1":"product","2":"type-product","3":"status-publish","4":"has-post-thumbnail","6":"product_cat-litieres-et-bacs","8":"first","9":"outofstock","10":"taxable","11":"shipping-taxable","12":"purchasable","13":"product-type-simple"},"supplier_id":null,"supplier_sku":"","barcode":null,"atum_controlled":true,"out_stock_date":"2026-04-18 18:56:39","out_stock_threshold":null,"inheritable":false,"inbound_stock":0,"stock_on_hold":0,"sold_today":0,"sales_last_days":1,"reserved_stock":0,"customer_returns":0,"warehouse_damage":0,"lost_in_post":0,"other_logs":0,"out_stock_days":10,"lost_sales":321,"has_location":false,"update_date":"2026-04-29T00:14:38","atum_locations":[],"atum_stock_status":"outofstock","restock_status":false,"low_stock_amount":"","sales_update_date":"2026-04-29T00:14:38","calc_backorders":null,"jetpack_publicize_connections":[],"jetpack_sharing_enabled":true,"batches":[],"_links":{"self":[{"href":"https:\/\/petworld.ma\/index.php\/wp-json\/wp\/v2\/product\/907","targetHints":{"allow":["GET"]}}],"collection":[{"href":"https:\/\/petworld.ma\/index.php\/wp-json\/wp\/v2\/product"}],"about":[{"href":"https:\/\/petworld.ma\/index.php\/wp-json\/wp\/v2\/types\/product"}],"wp:featuredmedia":[{"embeddable":true,"href":"https:\/\/petworld.ma\/index.php\/wp-json\/wp\/v2\/media\/28485"}],"wp:attachment":[{"href":"https:\/\/petworld.ma\/index.php\/wp-json\/wp\/v2\/media?parent=907"}],"wp:term":[{"taxonomy":"product_brand","embeddable":true,"href":"https:\/\/petworld.ma\/index.php\/wp-json\/wp\/v2\/product_brand?post=907"},{"taxonomy":"product_cat","embeddable":true,"href":"https:\/\/petworld.ma\/index.php\/wp-json\/wp\/v2\/product_cat?post=907"},{"taxonomy":"product_tag","embeddable":true,"href":"https:\/\/petworld.ma\/index.php\/wp-json\/wp\/v2\/product_tag?post=907"}],"curies":[{"name":"wp","href":"https:\/\/api.w.org\/{rel}","templated":true}]}}