{"id":91,"date":"2022-12-15T18:19:42","date_gmt":"2022-12-15T18:19:42","guid":{"rendered":"http:\/\/petworld.ma\/?post_type=product&#038;p=91"},"modified":"2026-04-04T17:46:50","modified_gmt":"2026-04-04T17:46:50","slug":"royal-canin-chiot-bouledogue-francais-3-kg","status":"publish","type":"product","link":"https:\/\/petworld.ma\/index.php\/produit\/royal-canin-chiot-bouledogue-francais-3-kg\/","title":{"rendered":"Royal Canin Chiot Bouledogue Fran\u00e7ais 3 Kg"},"content":{"rendered":"<div>\n<div>\n<div>\n<div>\n<h2>Aliment complet pour chiens &#8211; Sp\u00e9cialement con\u00e7u pour un Chiot Bouledogue Fran\u00e7ais, de 2 \u00e0 12 mois.<\/h2>\n<\/div>\n<\/div>\n<\/div>\n<\/div>\n<div>\n<div>\n<p>ROYAL CANIN\u00ae French Bulldog Puppy est sp\u00e9cialement formul\u00e9 pour r\u00e9pondre \u00e0 tous les besoins nutritionnels de votre chiot Bouledogue Fran\u00e7ais en pleine croissance, et convient aux chiots de moins de 12 mois. \u00a0 Gr\u00e2ce \u00e0 un complexe d\u2019antioxydants (dont la vitamine E) ROYAL CANIN\u00ae French Bulldog Puppy aide \u00e0 renforcer les d\u00e9fenses naturelles de votre chiot pendant que son syst\u00e8me immunitaire se d\u00e9veloppe progressivement. \u00a0 ROYAL CANIN\u00ae French Bulldog Puppy contient des prot\u00e9ines de tr\u00e8s haute qualit\u00e9 (L.I.P.) sp\u00e9cialement s\u00e9lectionn\u00e9es pour leur tr\u00e8s haute digestibilit\u00e9, ainsi que des pr\u00e9biotiques tr\u00e8s b\u00e9n\u00e9fiques. La combinaison de ces nutriments permet de renforcer la sant\u00e9 digestive de votre chiot. \u00a0 De plus, cette formule exclusive contribue \u00e9galement \u00e0 soutenir le r\u00f4le de \u00ab barri\u00e8re \u00bb de la peau, participant ainsi \u00e0 sa bonne sant\u00e9 cutan\u00e9e. \u00a0 Les croquettes de ROYAL CANIN\u00ae French Bulldog Puppy sont exclusivement con\u00e7ues pour votre chiot Bouledogue Fran\u00e7ais. Cette race poss\u00e9dant une m\u00e2choire typiquement brachyc\u00e9phale, la forme et la taille des croquettes sont sp\u00e9cialement adapt\u00e9es pour que votre chiot puisse saisir sa nourriture plus facilement, tandis que leur texture l\u2019encourage \u00e0 bien les m\u00e2cher avant de les avaler.<\/p>\n<p><strong>\u00a0 \u00a0BENEFICES :<\/strong><\/p>\n<ul>\n<li>\n<div>Soutien du syst\u00e8me immunitaire<\/div>\n<div>La croissance est une \u00e9tape essentielle dans la vie d\u2019un chien : c\u2019est le moment des grands changements, des d\u00e9couvertes et des nouvelles rencontres. Durant cette p\u00e9riode cl\u00e9, le syst\u00e8me immunitaire du chiot se construit progressivement. ROYAL CANIN\u00ae French Bulldog Puppy aide \u00e0 soutenir les d\u00e9fenses naturelles du chiot notamment gr\u00e2ce \u00e0 un complexe d\u2019antioxydants comprenant de la vitamine E.<\/div>\n<\/li>\n<li>\n<div>Sant\u00e9 digestive<\/div>\n<div>Combinaison de nutriments avec des prot\u00e9ines de haute qualit\u00e9 (L.I.P.*) et des pr\u00e9biotiques (FOS) pour favoriser la sant\u00e9 digestive et l\u2019\u00e9quilibre de la flore intestinale, contribuant ainsi \u00e0 la bonne qualit\u00e9 des selles. *Prot\u00e9ines s\u00e9lectionn\u00e9es pour leur tr\u00e8s haute digestibilit\u00e9.<\/div>\n<\/li>\n<li>\n<div>Peau saine<\/div>\n<div>Cette formule aide \u00e0 renforcer le r\u00f4le \u00ab barri\u00e8re \u00bb de la peau (complexe exclusif) et \u00e0 maintenir la sant\u00e9 de la peau.<\/div>\n<\/li>\n<li>\n<div>Croquette exclusive : sp\u00e9cial m\u00e2choire brachyc\u00e9phale<\/div>\n<div>Une croquette exclusivement con\u00e7ue pour faciliter la pr\u00e9hension et encourager la mastication chez le chiot Bouledogue Fran\u00e7ais.<\/div>\n<\/li>\n<\/ul>\n<p><strong>\u00a0 \u00a0INFORMATIONS NUTRITIONELLES :<\/strong><\/p>\n<div>Composition : Riz, prot\u00e9ines de volaille d\u00e9shydrat\u00e9es, bl\u00e9, isolat de prot\u00e9ines v\u00e9g\u00e9tales*, graisses animales, hydrolysat de prot\u00e9ines animales, pulpe de betterave, prot\u00e9ines de porc d\u00e9shydrat\u00e9es, sels min\u00e9raux, huile de soja, huile de poisson, fructo-oligosaccharides (0,34%), hydrolysat de levure (source de mannan-oligosaccharides), hydrolysat de crustac\u00e9 (source de glucosamine), extraits de levure (source de b\u00eata-glucans), extrait de rose d\u2019Inde (source de lut\u00e9ine), hydrolysat de cartilage (source de chondro\u00eftine). *L.I.P. : prot\u00e9ine s\u00e9lectionn\u00e9e pour sa tr\u00e8s haute digestibilit\u00e9.<\/div>\n<p>Additifs nutritionnels : Vitamine A : 31500 UI, Vitamine D3 : 800 UI, Vitamine E : 630 mg, E1 (Fer) : 41 mg, E2 (Iode) : 4,1 mg, E4 (Cuivre) : 13 mg, E5 (Mangan\u00e8se) : 54 mg, E6 (Zinc) : 137 mg, E8 (S\u00e9l\u00e9nium) : 0,09 mg &#8211; Additifs technologiques : Clinoptilolite d\u2019origine s\u00e9dimentaire : 10 g &#8211; Additifs sensoriels : Extrait de yucca : 125 mg &#8211; Conservateurs &#8211; Antioxyg\u00e8nes.<\/p>\n<p>Constituants analytiques : Prot\u00e9ines : 30.0% &#8211; Teneur en mati\u00e8res grasses : 20.0% &#8211; Cendres brutes : 8.0% &#8211; Cellulose brute : 1.2%.<\/p>\n<p>* L.I.P. : prot\u00e9ine s\u00e9lectionn\u00e9e pour sa tr\u00e8s haute digestibilit\u00e9.<\/p>\n<p>Mode d\u2019emploi : voir tableau. Num\u00e9ro de lot et d\u2019identifiant usine, \u00e0 utiliser de pr\u00e9f\u00e9rence avant : voir sur l\u2019emballage. \u00c0 conserver dans un endroit sec et frais.<\/p>\n<p><strong>\u00a0\u00a0<a href=\"https:\/\/wa.me\/212708052510\" target=\"_blank\" rel=\"noopener noreferrer\"><img loading=\"lazy\" decoding=\"async\" class=\"fr-fic fr-dib aligncenter\" src=\"https:\/\/cdn.youcan.shop\/stores\/d0742d556df94ddbc7ae4c9810aff04b\/others\/zFvwnioMI6rWF4b7JcmT1aX5vylC9bbdYm9X36Om.png\" width=\"307\" height=\"81\" data-name=\"stores\/d0742d556df94ddbc7ae4c9810aff04b\/others\/zFvwnioMI6rWF4b7JcmT1aX5vylC9bbdYm9X36Om.png\" \/><\/a>\u00a0<\/strong><\/p>\n<\/div>\n<\/div>\n","protected":false},"excerpt":{"rendered":"<p>Aliment complet pour chiens &#8211; Sp\u00e9cialement con\u00e7u pour un Chiot Bouledogue Fran\u00e7ais, de 2 \u00e0 12 mois. ROYAL CANIN\u00ae French Bulldog Puppy est sp\u00e9cialement formul\u00e9 pour r\u00e9pondre \u00e0 tous les besoins nutritionnels de votre chiot Bouledogue Fran\u00e7ais en pleine croissance, et convient aux chiots de moins de 12 mois. \u00a0 Gr\u00e2ce \u00e0 un complexe d\u2019antioxydants [&#8230;]\n","protected":false},"featured_media":314,"template":"","meta":{"jetpack_publicize_message":"","jetpack_publicize_feature_enabled":true,"jetpack_social_post_already_shared":false,"jetpack_social_options":{"image_generator_settings":{"template":"highway","default_image_id":0,"font":"","enabled":false},"version":2}},"product_brand":[],"product_cat":[26],"product_tag":[],"class_list":{"0":"post-91","1":"product","2":"type-product","3":"status-publish","4":"has-post-thumbnail","6":"product_cat-croquettes","8":"first","9":"instock","10":"taxable","11":"shipping-taxable","12":"purchasable","13":"product-type-simple"},"supplier_id":5587,"supplier_sku":"70821","barcode":null,"atum_controlled":true,"out_stock_date":null,"out_stock_threshold":null,"inheritable":false,"inbound_stock":0,"stock_on_hold":0,"sold_today":0,"sales_last_days":1,"reserved_stock":0,"customer_returns":0,"warehouse_damage":0,"lost_in_post":0,"other_logs":0,"out_stock_days":8,"lost_sales":411,"has_location":false,"update_date":"2026-04-04T17:46:52","atum_locations":[],"atum_stock_status":"instock","restock_status":false,"low_stock_amount":11,"sales_update_date":"2026-04-04T17:44:59","calc_backorders":0,"jetpack_publicize_connections":[],"jetpack_sharing_enabled":true,"batches":[{"id":"205","date_created":"2024-09-29 10:54:07","date_expiry":"2025-12-08 00:00:00","user_id":"2760","batch_number":"RCBouledogueChiot081225","location":"","quantity":"2.0000","quantity_available":"0.0000","units":"1","status":"archived","order_ids":"[12221,13817]","supplier":"Royal Canin","po":{"id":"200","date_created":"2024-09-29 10:54:08","batch_id":"205","po_number":"","supplier":"Royal Canin","cost":null,"regular_price":null,"sale_price":null,"price_margin":null,"price_discount":null}},{"id":"630","date_created":"2024-10-14 15:31:30","date_expiry":"2025-12-23 00:00:00","user_id":"2760","batch_number":"RCBouledogueChiot231225","location":"","quantity":"1.0000","quantity_available":"0.0000","units":"1","status":"archived","order_ids":"[13817,14670,14673,14885,15977,16157]","supplier":"Royal Canin","po":{"id":"613","date_created":"2024-10-14 15:31:30","batch_id":"630","po_number":"","supplier":"Royal Canin","cost":null,"regular_price":null,"sale_price":null,"price_margin":null,"price_discount":null}},{"id":"1019","date_created":"2024-12-04 23:18:20","date_expiry":"2025-12-30 00:00:00","user_id":"2760","batch_number":"RCBouledogueChiot301225","location":"","quantity":"2.0000","quantity_available":"0.0000","units":"1","status":"archived","order_ids":"[16713,16890]","supplier":"Royal Canin","po":{"id":"997","date_created":"2024-12-04 23:18:21","batch_id":"1019","po_number":"","supplier":"Royal Canin","cost":null,"regular_price":null,"sale_price":null,"price_margin":null,"price_discount":null}},{"id":"1423","date_created":"2024-12-27 00:21:42","date_expiry":"2026-02-09 00:00:00","user_id":"2760","batch_number":"RCBouledogueChiot090226","location":"","quantity":"1.0000","quantity_available":"0.0000","units":"1","status":"archived","order_ids":"[16890]","supplier":"Royal Canin","po":{"id":"1397","date_created":"2024-12-27 00:21:45","batch_id":"1423","po_number":"","supplier":"Royal Canin","cost":null,"regular_price":null,"sale_price":null,"price_margin":null,"price_discount":null}},{"id":"1582","date_created":"2025-01-10 20:23:56","date_expiry":"2026-02-09 00:00:00","user_id":"2760","batch_number":"RCBouledogueChiot090226","location":"","quantity":"1.0000","quantity_available":"0.0000","units":"1","status":"archived","order_ids":"[16890]","supplier":"Royal Canin","po":{"id":"1556","date_created":"2025-01-10 20:23:59","batch_id":"1582","po_number":"","supplier":"Royal Canin","cost":null,"regular_price":null,"sale_price":null,"price_margin":null,"price_discount":null}},{"id":"1707","date_created":"2025-01-22 21:27:15","date_expiry":"2026-05-15 00:00:00","user_id":"2760","batch_number":"RCBouledogueChiot150526","location":"","quantity":"10.0000","quantity_available":"0.0000","units":"1","status":"archived","order_ids":"[17827,18183,18516,20034]","supplier":"Royal Canin","po":{"id":"1681","date_created":"2025-01-22 21:27:19","batch_id":"1707","po_number":"","supplier":"Royal Canin","cost":null,"regular_price":null,"sale_price":null,"price_margin":null,"price_discount":null}},{"id":"2458","date_created":"2025-03-25 23:58:24","date_expiry":"2026-05-15 00:00:00","user_id":"2760","batch_number":"RCBouledogueChiot150526","location":"","quantity":"1.0000","quantity_available":"0.0000","units":"1","status":"archived","order_ids":"[20034]","supplier":"Royal Canin","po":{"id":"2427","date_created":"2025-03-25 23:58:27","batch_id":"2458","po_number":"","supplier":"Royal Canin","cost":null,"regular_price":null,"sale_price":null,"price_margin":null,"price_discount":null}},{"id":"2875","date_created":"2025-04-10 01:01:20","date_expiry":"2026-06-22 00:00:00","user_id":"2760","batch_number":"RCBouledogueChiot220626","location":"","quantity":"10.0000","quantity_available":"0.0000","units":"1","status":"archived","order_ids":"[20587,25251,30925]","supplier":"Royal Canin","po":{"id":"2842","date_created":"2025-04-10 01:01:21","batch_id":"2875","po_number":"","supplier":"Royal Canin","cost":null,"regular_price":null,"sale_price":null,"price_margin":null,"price_discount":null}},{"id":"6508","date_created":"2025-12-07 10:10:42","date_expiry":"2027-04-08 00:00:00","user_id":"2760","batch_number":"RCBouledogueChiot080427","location":"","quantity":"1.0000","quantity_available":"0.0000","units":"1","status":"archived","order_ids":"[37663]","supplier":"Royal Canin","po":{"id":"6454","date_created":"2025-12-07 10:10:43","batch_id":"6508","po_number":"","supplier":"Royal Canin","cost":null,"regular_price":null,"sale_price":null,"price_margin":null,"price_discount":null}},{"id":"6874","date_created":"2025-12-23 15:39:49","date_expiry":"2027-03-10 00:00:00","user_id":"2760","batch_number":"RCBouledogueChiot100327","location":"","quantity":"3.0000","quantity_available":"0.0000","units":"1","status":"archived","order_ids":"[32936,36407,38377]","supplier":"Royal Canin","po":{"id":"6813","date_created":"2025-12-23 15:39:49","batch_id":"6874","po_number":"","supplier":"Royal Canin","cost":null,"regular_price":null,"sale_price":null,"price_margin":null,"price_discount":null}},{"id":"7105","date_created":"2026-01-10 12:50:50","date_expiry":"2027-03-10 00:00:00","user_id":"2760","batch_number":"RCBouledogueChiot100327","location":"","quantity":"1.0000","quantity_available":"0.0000","units":"1","status":"archived","order_ids":"[36372]","supplier":"Royal Canin","po":{"id":"7041","date_created":"2026-01-10 12:50:50","batch_id":"7105","po_number":"","supplier":"Royal Canin","cost":null,"regular_price":null,"sale_price":null,"price_margin":null,"price_discount":null}},{"id":"8037","date_created":"2026-02-28 21:39:41","date_expiry":"2027-05-30 00:00:00","user_id":"2760","batch_number":"RCBouledogueChiot300527","location":"","quantity":"0.0000","quantity_available":"0.0000","units":"1","status":"archived","order_ids":null,"supplier":"Royal Canin","po":{"id":"7975","date_created":"2026-02-28 21:39:41","batch_id":"8037","po_number":"","supplier":"Royal Canin","cost":null,"regular_price":null,"sale_price":null,"price_margin":null,"price_discount":null}},{"id":"8691","date_created":"2026-04-04 17:46:20","date_expiry":"2027-07-21 00:00:00","user_id":"2760","batch_number":"RCBouledogueChiot210727","location":"","quantity":"6.0000","quantity_available":"6.0000","units":"1","status":"active","order_ids":null,"supplier":"Royal Canin","po":{"id":"8619","date_created":"2026-04-04 17:46:21","batch_id":"8691","po_number":"","supplier":"Royal Canin","cost":null,"regular_price":null,"sale_price":null,"price_margin":null,"price_discount":null}}],"_links":{"self":[{"href":"https:\/\/petworld.ma\/index.php\/wp-json\/wp\/v2\/product\/91","targetHints":{"allow":["GET"]}}],"collection":[{"href":"https:\/\/petworld.ma\/index.php\/wp-json\/wp\/v2\/product"}],"about":[{"href":"https:\/\/petworld.ma\/index.php\/wp-json\/wp\/v2\/types\/product"}],"wp:featuredmedia":[{"embeddable":true,"href":"https:\/\/petworld.ma\/index.php\/wp-json\/wp\/v2\/media\/314"}],"wp:attachment":[{"href":"https:\/\/petworld.ma\/index.php\/wp-json\/wp\/v2\/media?parent=91"}],"wp:term":[{"taxonomy":"product_brand","embeddable":true,"href":"https:\/\/petworld.ma\/index.php\/wp-json\/wp\/v2\/product_brand?post=91"},{"taxonomy":"product_cat","embeddable":true,"href":"https:\/\/petworld.ma\/index.php\/wp-json\/wp\/v2\/product_cat?post=91"},{"taxonomy":"product_tag","embeddable":true,"href":"https:\/\/petworld.ma\/index.php\/wp-json\/wp\/v2\/product_tag?post=91"}],"curies":[{"name":"wp","href":"https:\/\/api.w.org\/{rel}","templated":true}]}}