{"id":917,"date":"2022-12-17T20:56:22","date_gmt":"2022-12-17T20:56:22","guid":{"rendered":"https:\/\/petworld.ma\/?post_type=product&#038;p=917"},"modified":"2026-02-10T10:35:58","modified_gmt":"2026-02-10T10:35:58","slug":"bac-a-litiere-furba-chic","status":"publish","type":"product","link":"https:\/\/petworld.ma\/index.php\/produit\/bac-a-litiere-furba-chic\/","title":{"rendered":"Bac \u00e0 liti\u00e8re Furba Chic"},"content":{"rendered":"<div class=\"product-section description-section\">\n<div class=\"single-description fr-view\">\n<p>Toilette ouverte avec tamis autonettoyant.<\/p>\n<div>\n<div>\n<p>Furba Chic est une toilette innovante, autonettoyante, compos\u00e9e d&rsquo;un tamis et de deux vasques qui s\u00e9parent rapidement les d\u00e9jections sans gaspillage. Elle se compose d\u2019un syst\u00e8me intelligent de nettoyage, qui permet de ne pas utiliser la palette et de jeter les d\u00e9chets directement \u00e0 la poubelle. Pour obtenir le meilleur r\u00e9sultat de nettoyage, il est conseill\u00e9 d&rsquo;utiliser une liti\u00e8re agglom\u00e9rante.<\/p>\n<h3>\u00a0Dimensions :<\/h3>\n<div><img decoding=\"async\" class=\"fr-fil fr-dib\" title=\"Dimensions\" src=\"https:\/\/cdn.youcan.shop\/stores\/d0742d556df94ddbc7ae4c9810aff04b\/others\/i3vqQi9IedQBfn9kcptCaBjJvEVkNYEMbJBt3lpJ.png\" alt=\"Dimensions\" height=\"45\" data-name=\"stores\/d0742d556df94ddbc7ae4c9810aff04b\/others\/i3vqQi9IedQBfn9kcptCaBjJvEVkNYEMbJBt3lpJ.png\" \/><\/div>\n<p>cm 59x39x22h<br \/>\n23,03&Prime;x15,3&Prime;x16,8&Prime;h<\/p>\n<h3>\u00a0Mode D&#8217;emploi :<\/h3>\n<h3><a href=\"https:\/\/wa.me\/212708052510\" target=\"_blank\" rel=\"noopener noreferrer\"><img decoding=\"async\" class=\"fr-fic fr-dib aligncenter\" src=\"https:\/\/cdn.youcan.shop\/stores\/d0742d556df94ddbc7ae4c9810aff04b\/others\/HdcGYt7bNsf4TYGHsW4Nx5V9dkk4xoEfEt56QwMQ.png\" width=\"337\" height=\"89\" data-name=\"stores\/d0742d556df94ddbc7ae4c9810aff04b\/others\/HdcGYt7bNsf4TYGHsW4Nx5V9dkk4xoEfEt56QwMQ.png\" \/><\/a><\/h3>\n<\/div>\n<\/div>\n<\/div>\n<\/div>\n<div class=\"product-section add-to-cart-section\">\n<div class=\"quantity\"><\/div>\n<\/div>\n","protected":false},"excerpt":{"rendered":"<p>Toilette ouverte avec tamis autonettoyant. Furba Chic est une toilette innovante, autonettoyante, compos\u00e9e d&rsquo;un tamis et de deux vasques qui s\u00e9parent rapidement les d\u00e9jections sans gaspillage. Elle se compose d\u2019un syst\u00e8me intelligent de nettoyage, qui permet de ne pas utiliser la palette et de jeter les d\u00e9chets directement \u00e0 la poubelle. Pour obtenir le meilleur [&#8230;]\n","protected":false},"featured_media":27604,"template":"","meta":{"jetpack_publicize_message":"","jetpack_publicize_feature_enabled":true,"jetpack_social_post_already_shared":false,"jetpack_social_options":{"image_generator_settings":{"template":"highway","default_image_id":0,"font":"","enabled":false},"version":2}},"product_brand":[],"product_cat":[94],"product_tag":[],"class_list":{"0":"post-917","1":"product","2":"type-product","3":"status-publish","4":"has-post-thumbnail","6":"product_cat-litieres-et-bacs","8":"first","9":"outofstock","10":"sale","11":"taxable","12":"shipping-taxable","13":"purchasable","14":"product-type-variable"},"supplier_id":5587,"supplier_sku":"","barcode":null,"atum_controlled":true,"out_stock_date":null,"out_stock_threshold":null,"inheritable":true,"inbound_stock":0,"stock_on_hold":0,"sold_today":0,"sales_last_days":0,"reserved_stock":0,"customer_returns":0,"warehouse_damage":0,"lost_in_post":0,"other_logs":0,"out_stock_days":0,"lost_sales":0,"has_location":false,"update_date":"2026-04-25T10:36:49","atum_locations":[],"atum_stock_status":"outofstock","restock_status":false,"low_stock_amount":"","sales_update_date":"2026-04-24T00:12:42","calc_backorders":null,"jetpack_publicize_connections":[],"jetpack_sharing_enabled":true,"batches":[],"_links":{"self":[{"href":"https:\/\/petworld.ma\/index.php\/wp-json\/wp\/v2\/product\/917","targetHints":{"allow":["GET"]}}],"collection":[{"href":"https:\/\/petworld.ma\/index.php\/wp-json\/wp\/v2\/product"}],"about":[{"href":"https:\/\/petworld.ma\/index.php\/wp-json\/wp\/v2\/types\/product"}],"wp:featuredmedia":[{"embeddable":true,"href":"https:\/\/petworld.ma\/index.php\/wp-json\/wp\/v2\/media\/27604"}],"wp:attachment":[{"href":"https:\/\/petworld.ma\/index.php\/wp-json\/wp\/v2\/media?parent=917"}],"wp:term":[{"taxonomy":"product_brand","embeddable":true,"href":"https:\/\/petworld.ma\/index.php\/wp-json\/wp\/v2\/product_brand?post=917"},{"taxonomy":"product_cat","embeddable":true,"href":"https:\/\/petworld.ma\/index.php\/wp-json\/wp\/v2\/product_cat?post=917"},{"taxonomy":"product_tag","embeddable":true,"href":"https:\/\/petworld.ma\/index.php\/wp-json\/wp\/v2\/product_tag?post=917"}],"curies":[{"name":"wp","href":"https:\/\/api.w.org\/{rel}","templated":true}]}}