{"id":9441,"date":"2024-06-21T11:22:43","date_gmt":"2024-06-21T11:22:43","guid":{"rendered":"https:\/\/petworld.ma\/?post_type=product&#038;p=9441"},"modified":"2026-03-23T14:17:14","modified_gmt":"2026-03-23T14:17:14","slug":"brit-mono-protein-dinde-400g","status":"publish","type":"product","link":"https:\/\/petworld.ma\/index.php\/produit\/brit-mono-protein-dinde-400g\/","title":{"rendered":"Brit Mono Protein \u2013 Dinde 400g"},"content":{"rendered":"<div class=\"hidden-xs\">\n<div class=\"hidden-xs\">\n<p>PROT\u00c9INES DE DINDE 100\u00a0% PURES. Brit Mono Protein fournit une nutrition compl\u00e8te et \u00e9quilibr\u00e9e. La formule est bas\u00e9e sur un seul type de prot\u00e9ine et est id\u00e9ale pour r\u00e9duire le risque d&rsquo;allergies et d&rsquo;intol\u00e9rances alimentaires.<\/p>\n<\/div>\n<ul>\n<li>Id\u00e9al pour les chiens ayant une digestion sensible, des allergies alimentaires ou une intol\u00e9rance alimentaire.<\/li>\n<li>Une teneur \u00e9lev\u00e9e en viande de qualit\u00e9 et un traitement soign\u00e9 garantissent une saveur et un ar\u00f4me excellents.<\/li>\n<li>Compl\u00e9ment id\u00e9al des granul\u00e9s, il contribue \u00e0 am\u00e9liorer la prise alimentaire et l&rsquo;hydratation.<\/li>\n<li>SANS GLUTEN \/ SANS SOJA \/ SANS OGM<\/li>\n<\/ul>\n<div style=\"width: 730px;\" class=\"wp-video\"><video class=\"wp-video-shortcode\" id=\"video-9441-1\" width=\"730\" height=\"410\" loop autoplay preload=\"auto\" controls=\"controls\"><source type=\"video\/mp4\" src=\"https:\/\/petworld.ma\/wp-content\/uploads\/2023\/02\/monoprotein-rabbit-rez-can-16-9-02.mp4?_=1\" \/><a href=\"https:\/\/petworld.ma\/wp-content\/uploads\/2023\/02\/monoprotein-rabbit-rez-can-16-9-02.mp4\">https:\/\/petworld.ma\/wp-content\/uploads\/2023\/02\/monoprotein-rabbit-rez-can-16-9-02.mp4<\/a><\/video><\/div>\n<\/div>\n<div class=\"box-detail product-wrap\" data-eec-key=\"event\" data-eec-value=\"eec.detail\" data-eec-active=\"\">\n<div data-eec-key=\"ecommerce.detail.actionField.list\" data-eec-value=\"Product detail\" data-eec-active=\"\">\n<div class=\"row\" data-eec-key=\"ecommerce.detail.products[&quot;266151&quot;]\" data-eec-value=\"{&quot;id&quot;:&quot;266151&quot;,&quot;name&quot;:&quot;BRIT MONO PROTEIN \\u2013 TURKEY&quot;,&quot;category&quot;:&quot;Dogs\\\/Cans&quot;,&quot;brand&quot;:&quot;Brit Mono Protein&quot;}\" data-eec-type=\"json\" data-eec-active=\"\">\n<div class=\"col-sm-8\">\n<p class=\"composition\"><strong>Composition :<\/strong>\u00a074 % dinde (viande et organes), 3 % amidon de pois, 1 % fibres de pois.<\/p>\n<p><strong>Ingr\u00e9dients analytiques :<\/strong>\u00a0prot\u00e9ines brutes 9 %, mati\u00e8res grasses brutes 10 %, cendres brutes 2 %, humidit\u00e9 78 %, fibres brutes 0,5 %, calcium 0,2 %, phosphore 0,3 %, sodium 0,4 %.<\/p>\n<p><strong>Composition nutritionnelle :<\/strong>\u00a0vitamine D3 (3a671) 250 UI, vitamine E (3a700) 100 mg, zinc (3b606) 15 mg, fer (3b106) 10 mg, mangan\u00e8se (3b504) 3 mg, iode de potassium (3b201) 0,75 mg, cuivre (3b406). ) 0,5 mg, biotine (3a880) 0,2 mg. Additifs technologiques pour 1 kg : Gomme de caroube (E410) 5 000 mg.<\/p>\n<p><strong>\u00c9nergie m\u00e9tabolisable :<\/strong>\u00a01 260 kcal\/kg<\/p>\n<\/div>\n<\/div>\n<\/div>\n<\/div>\n","protected":false},"excerpt":{"rendered":"<p>PROT\u00c9INES DE DINDE 100\u00a0% PURES. Brit Mono Protein fournit une nutrition compl\u00e8te et \u00e9quilibr\u00e9e. La formule est bas\u00e9e sur un seul type de prot\u00e9ine et est id\u00e9ale pour r\u00e9duire le risque d&rsquo;allergies et d&rsquo;intol\u00e9rances alimentaires. Id\u00e9al pour les chiens ayant une digestion sensible, des allergies alimentaires ou une intol\u00e9rance alimentaire. Une teneur \u00e9lev\u00e9e en viande [&#8230;]\n","protected":false},"featured_media":9443,"template":"","meta":{"jetpack_publicize_message":"","jetpack_publicize_feature_enabled":true,"jetpack_social_post_already_shared":false,"jetpack_social_options":{"image_generator_settings":{"template":"highway","default_image_id":0,"font":"","enabled":false},"version":2}},"product_brand":[],"product_cat":[26,39],"product_tag":[],"class_list":{"0":"post-9441","1":"product","2":"type-product","3":"status-publish","4":"has-post-thumbnail","6":"product_cat-croquettes","7":"product_cat-friandises-et-pates-pour-chien","9":"first","10":"outofstock","11":"taxable","12":"shipping-taxable","13":"purchasable","14":"product-type-simple"},"supplier_id":5590,"supplier_sku":"","barcode":null,"atum_controlled":true,"out_stock_date":null,"out_stock_threshold":null,"inheritable":false,"inbound_stock":0,"stock_on_hold":0,"sold_today":0,"sales_last_days":0,"reserved_stock":0,"customer_returns":0,"warehouse_damage":0,"lost_in_post":0,"other_logs":0,"out_stock_days":0,"lost_sales":0,"has_location":false,"update_date":"2026-05-12T00:21:34","atum_locations":[],"atum_stock_status":"outofstock","restock_status":false,"low_stock_amount":6,"sales_update_date":"2026-05-12T00:21:34","calc_backorders":null,"jetpack_publicize_connections":[],"jetpack_sharing_enabled":true,"batches":[{"id":"2025","date_created":"2025-02-16 13:35:56","date_expiry":"2027-02-23 00:00:00","user_id":"2760","batch_number":"","location":"","quantity":"34.0000","quantity_available":"0.0000","units":"1","status":"archived","order_ids":"[18110,19322,19468,19543,20088,21636,21924,22007,22473,22985,23968]","supplier":"Brit","po":{"id":"1997","date_created":"2025-02-16 13:35:58","batch_id":"2025","po_number":"","supplier":"Brit","cost":null,"regular_price":null,"sale_price":null,"price_margin":null,"price_discount":null}},{"id":"4232","date_created":"2025-07-03 18:13:29","date_expiry":"2028-01-03 00:00:00","user_id":"2760","batch_number":"Brit Mono Protein \u2013 Dinde 400g030128","location":"","quantity":"6.0000","quantity_available":"0.0000","units":"1","status":"archived","order_ids":"[24874,25301]","supplier":"BRIT","po":{"id":"4195","date_created":"2025-07-03 18:13:29","batch_id":"4232","po_number":"","supplier":"BRIT","cost":null,"regular_price":null,"sale_price":null,"price_margin":null,"price_discount":null}},{"id":"4765","date_created":"2025-08-08 14:30:51","date_expiry":"2028-03-18 00:00:00","user_id":"2760","batch_number":"Brit Mono Protein \u2013 Dinde 400g180328","location":"","quantity":"24.0000","quantity_available":"0.0000","units":"1","status":"archived","order_ids":"[25769,26325,27186,27984]","supplier":"Brit","po":{"id":"4729","date_created":"2025-08-08 14:30:52","batch_id":"4765","po_number":"","supplier":"Brit","cost":null,"regular_price":null,"sale_price":null,"price_margin":null,"price_discount":null}},{"id":"5432","date_created":"2025-09-20 19:36:05","date_expiry":"2028-03-18 00:00:00","user_id":"2760","batch_number":"Brit Mono Protein \u2013 Dinde 400g180328","location":"","quantity":"6.0000","quantity_available":"0.0000","units":"1","status":"archived","order_ids":"[27984,29292,32966]","supplier":"Brit","po":{"id":"5389","date_created":"2025-09-20 19:36:06","batch_id":"5432","po_number":"","supplier":"Brit","cost":null,"regular_price":null,"sale_price":null,"price_margin":null,"price_discount":null}},{"id":"5526","date_created":"2025-09-26 14:37:46","date_expiry":"2026-03-18 00:00:00","user_id":"2760","batch_number":"Brit Mono Protein \u2013 Dinde 400g180328","location":"","quantity":"12.0000","quantity_available":"0.0000","units":"1","status":"archived","order_ids":"[28596,29292]","supplier":"Brit","po":{"id":"5481","date_created":"2025-09-26 14:37:51","batch_id":"5526","po_number":"","supplier":"Brit","cost":null,"regular_price":null,"sale_price":null,"price_margin":null,"price_discount":null}},{"id":"5805","date_created":"2025-10-18 17:45:02","date_expiry":"2028-08-27 00:00:00","user_id":"2760","batch_number":"Brit Mono Protein \u2013 Dinde 400g270828","location":"","quantity":"12.0000","quantity_available":"0.0000","units":"1","status":"archived","order_ids":"[29292,29887]","supplier":" Brit","po":{"id":"5755","date_created":"2025-10-18 17:45:03","batch_id":"5805","po_number":"","supplier":" Brit","cost":null,"regular_price":null,"sale_price":null,"price_margin":null,"price_discount":null}},{"id":"6589","date_created":"2025-12-09 17:21:58","date_expiry":"2028-03-30 00:00:00","user_id":"2760","batch_number":"Brit Mono Protein \u2013 Dinde 400g300328","location":"","quantity":"24.0000","quantity_available":"0.0000","units":"1","status":"archived","order_ids":"[31492,32018]","supplier":"Brit","po":{"id":"6534","date_created":"2025-12-09 17:21:59","batch_id":"6589","po_number":"","supplier":"Brit","cost":null,"regular_price":null,"sale_price":null,"price_margin":null,"price_discount":null}},{"id":"7494","date_created":"2026-02-03 23:17:35","date_expiry":"2028-11-30 00:00:00","user_id":"2760","batch_number":"Brit Mono Protein \u2013 Dinde 400g301128","location":"","quantity":"12.0000","quantity_available":"0.0000","units":"1","status":"archived","order_ids":"[36188,36281,36815]","supplier":" BRIT","po":{"id":"7429","date_created":"2026-02-03 23:17:35","batch_id":"7494","po_number":"","supplier":" BRIT","cost":null,"regular_price":null,"sale_price":null,"price_margin":null,"price_discount":null}},{"id":"8077","date_created":"2026-03-05 11:06:48","date_expiry":"2028-11-30 00:00:00","user_id":"2760","batch_number":"Brit Mono Protein \u2013 Dinde 400g301128","location":"","quantity":"12.0000","quantity_available":"0.0000","units":"1","status":"archived","order_ids":"[37388,38112]","supplier":"Brit","po":{"id":"8015","date_created":"2026-03-05 11:06:48","batch_id":"8077","po_number":"","supplier":"Brit","cost":null,"regular_price":null,"sale_price":null,"price_margin":null,"price_discount":null}}],"_links":{"self":[{"href":"https:\/\/petworld.ma\/index.php\/wp-json\/wp\/v2\/product\/9441","targetHints":{"allow":["GET"]}}],"collection":[{"href":"https:\/\/petworld.ma\/index.php\/wp-json\/wp\/v2\/product"}],"about":[{"href":"https:\/\/petworld.ma\/index.php\/wp-json\/wp\/v2\/types\/product"}],"wp:featuredmedia":[{"embeddable":true,"href":"https:\/\/petworld.ma\/index.php\/wp-json\/wp\/v2\/media\/9443"}],"wp:attachment":[{"href":"https:\/\/petworld.ma\/index.php\/wp-json\/wp\/v2\/media?parent=9441"}],"wp:term":[{"taxonomy":"product_brand","embeddable":true,"href":"https:\/\/petworld.ma\/index.php\/wp-json\/wp\/v2\/product_brand?post=9441"},{"taxonomy":"product_cat","embeddable":true,"href":"https:\/\/petworld.ma\/index.php\/wp-json\/wp\/v2\/product_cat?post=9441"},{"taxonomy":"product_tag","embeddable":true,"href":"https:\/\/petworld.ma\/index.php\/wp-json\/wp\/v2\/product_tag?post=9441"}],"curies":[{"name":"wp","href":"https:\/\/api.w.org\/{rel}","templated":true}]}}