{"id":9476,"date":"2024-06-22T14:16:55","date_gmt":"2024-06-22T14:16:55","guid":{"rendered":"https:\/\/petworld.ma\/?post_type=product&#038;p=9476"},"modified":"2026-04-19T09:20:40","modified_gmt":"2026-04-19T09:20:40","slug":"brit-care-cat-soup-tuna-soupe-au-thon-pour-chat-75g","status":"publish","type":"product","link":"https:\/\/petworld.ma\/index.php\/produit\/brit-care-cat-soup-tuna-soupe-au-thon-pour-chat-75g\/","title":{"rendered":"Brit Care Cat Soup Tuna (soupe au thon pour chat) 75g"},"content":{"rendered":"<p>Nourriture humide compl\u00e9mentaire sans c\u00e9r\u00e9ales pour chats adultes. Convient aux chats st\u00e9rilis\u00e9s.<\/p>\n<p>Id\u00e9al pour augmenter la consommation d&rsquo;eau, peut \u00eatre utilis\u00e9 comme garniture de croquettes pour augmenter l&rsquo;app\u00e9tit. Servir les aliments \u00e0 temp\u00e9rature ambiante comme aliment compl\u00e9mentaire pour compl\u00e9ter un aliment. L&rsquo;apport quotidien recommand\u00e9 peut varier en fonction de l&rsquo;\u00e2ge de votre chat, de son niveau d&rsquo;activit\u00e9 et de son environnement. En g\u00e9n\u00e9ral, 2 portions par jour pour un chat adulte constituent une quantit\u00e9 appropri\u00e9e. De l&rsquo;eau potable fra\u00eeche doit \u00eatre toujours disponible. Conserver dans un endroit sec et frais \u00e0 l&rsquo;abri de la lumi\u00e8re directe du soleil, une fois ouvert conserver au r\u00e9frig\u00e9rateur et utiliser dans les 3 jours.<\/p>\n<p class=\"composition\"><strong>Composition:<\/strong><\/p>\n<p>eau de boisson, 16% poulet, 4% thon, 0,5% foie hydrolys\u00e9, 0,5% lignocellulose, herbe \u00e0 chat s\u00e9ch\u00e9e (100 mg\/kg), fructo-oligosaccharides (100 mg\/kg), bact\u00e9ries inactiv\u00e9es et parties de celles-ci (Lactobacillus helveticus HA \u2013 122 , 1,5&#215;108 cellules\/kg).<\/p>\n<p><strong>Ingr\u00e9dients analytiques\u00a0:<\/strong><\/p>\n<p>prot\u00e9ines brutes 2,0 %, mati\u00e8res grasses brutes 1,0 %, fibres brutes 0,2 %, cendres brutes 0,5 %, humidit\u00e9 95,0 %, calcium 0,01 %, phosphore 0,02 %, sodium 0,05 %.<\/p>\n<p><strong>Composition nutritionnelle :<\/strong><\/p>\n<p>L-m\u00e9thionine (3c305) 500 mg, taurine (3a370) 500 mg.<\/p>\n<p><strong>\u00c9nergie m\u00e9tabolisable\u00a0:<\/strong><\/p>\n<p>225 kcal\/kg.<\/p>\n","protected":false},"excerpt":{"rendered":"<div class=\"hidden-xs\">\n<p>Nourriture humide compl\u00e9mentaire sans c\u00e9r\u00e9ales pour chats adultes. Convient aux chats st\u00e9rilis\u00e9s.<\/p>\n<\/div>\n","protected":false},"featured_media":9478,"template":"","meta":{"jetpack_publicize_message":"","jetpack_publicize_feature_enabled":true,"jetpack_social_post_already_shared":false,"jetpack_social_options":{"image_generator_settings":{"template":"highway","default_image_id":0,"font":"","enabled":false},"version":2}},"product_brand":[],"product_cat":[41],"product_tag":[],"class_list":{"0":"post-9476","1":"product","2":"type-product","3":"status-publish","4":"has-post-thumbnail","6":"product_cat-friandises-et-pate-pour-chat","8":"first","9":"instock","10":"taxable","11":"shipping-taxable","12":"purchasable","13":"product-type-simple"},"supplier_id":5590,"supplier_sku":"","barcode":null,"atum_controlled":true,"out_stock_date":null,"out_stock_threshold":null,"inheritable":false,"inbound_stock":0,"stock_on_hold":0,"sold_today":0,"sales_last_days":151,"reserved_stock":0,"customer_returns":0,"warehouse_damage":0,"lost_in_post":0,"other_logs":0,"out_stock_days":0,"lost_sales":0,"has_location":false,"update_date":"2026-04-22T12:05:05","atum_locations":[],"atum_stock_status":"instock","restock_status":true,"low_stock_amount":200,"sales_update_date":"2026-04-22T12:05:03","calc_backorders":null,"jetpack_publicize_connections":[],"jetpack_sharing_enabled":true,"batches":[{"id":"2626","date_created":"2025-03-30 21:59:58","date_expiry":"2027-01-13 00:00:00","user_id":"2760","batch_number":"BritCareCatSoupTuna75g130127","location":"","quantity":"75.0000","quantity_available":"0.0000","units":"1","status":"archived","order_ids":"[20023,20116,20190,20206,20365,20411,20430,20455,20519,20660,20728,20808,21101,21142,21195,21311,21338,21392,21939,22080,22517,23201,23491,23576,23657,23712,23756,23475,23800,23869,23923,23931,24030]","supplier":"Brit","po":{"id":"2594","date_created":"2025-03-30 22:00:01","batch_id":"2626","po_number":"","supplier":"Brit","cost":null,"regular_price":null,"sale_price":null,"price_margin":null,"price_discount":null}},{"id":"2670","date_created":"2025-04-04 21:51:09","date_expiry":"2027-01-13 00:00:00","user_id":"2760","batch_number":"BritCareCatSoupTuna75g130127","location":"","quantity":"15.0000","quantity_available":"0.0000","units":"1","status":"archived","order_ids":"[20236,20243,20258,20260,20262,20365]","supplier":"Brit","po":{"id":"2637","date_created":"2025-04-04 21:51:10","batch_id":"2670","po_number":"","supplier":"Brit","cost":null,"regular_price":null,"sale_price":null,"price_margin":null,"price_discount":null}},{"id":"3132","date_created":"2025-04-23 08:23:00","date_expiry":"2027-01-13 00:00:00","user_id":"2760","batch_number":"BritCareCatSoupTuna75g130127","location":"","quantity":"15.0000","quantity_available":"0.0000","units":"1","status":"archived","order_ids":"[33789,33947,34764,34792,34821,34935,34959,37899]","supplier":"Brit","po":{"id":"3099","date_created":"2025-04-23 08:23:01","batch_id":"3132","po_number":"","supplier":"Brit","cost":null,"regular_price":null,"sale_price":null,"price_margin":null,"price_discount":null}},{"id":"3242","date_created":"2025-04-30 22:48:41","date_expiry":"2027-01-13 00:00:00","user_id":"2760","batch_number":"BritCareCatSoupTuna75g130127","location":"","quantity":"90.0000","quantity_available":"0.0000","units":"1","status":"archived","order_ids":"[24030,24448,24932,25057,25211,25532,25587,25986,26051,26661,26757,26970,27416,27700,27814,28019,28108,28544,28545,28663,28693,28728,29152,29269,29358,29662,30296,30512,30818,31218,31238,31985,32016,32045,32059,32219,32796,32972,33308,33434,33616]","supplier":"Brit","po":{"id":"3210","date_created":"2025-04-30 22:48:41","batch_id":"3242","po_number":"","supplier":"Brit","cost":null,"regular_price":null,"sale_price":null,"price_margin":null,"price_discount":null}},{"id":"4716","date_created":"2025-08-08 08:56:25","date_expiry":"2027-06-10 00:00:00","user_id":"2760","batch_number":"BritCareCatSoupTuna75g100627","location":"","quantity":"244.0000","quantity_available":"216.0000","units":"1","status":"active","order_ids":"[40116,40137]","supplier":"Brit","po":{"id":"4680","date_created":"2025-08-08 08:56:29","batch_id":"4716","po_number":"","supplier":"Brit","cost":null,"regular_price":null,"sale_price":null,"price_margin":null,"price_discount":null}},{"id":"5847","date_created":"2025-10-22 13:29:23","date_expiry":"2027-06-10 00:00:00","user_id":"2760","batch_number":"BritCareCatSoupTuna75g100627","location":"","quantity":"200.0000","quantity_available":"0.0000","units":"1","status":"archived","order_ids":"[34959,34989,35841,35995,36192,36196,36227,36395,36499,36833,37016,37032,37056,37201,37404,37899,37975,38316,39148,40116]","supplier":"Brit","po":{"id":"5794","date_created":"2025-10-22 13:29:23","batch_id":"5847","po_number":"","supplier":"Brit","cost":null,"regular_price":null,"sale_price":null,"price_margin":null,"price_discount":null}}],"_links":{"self":[{"href":"https:\/\/petworld.ma\/index.php\/wp-json\/wp\/v2\/product\/9476","targetHints":{"allow":["GET"]}}],"collection":[{"href":"https:\/\/petworld.ma\/index.php\/wp-json\/wp\/v2\/product"}],"about":[{"href":"https:\/\/petworld.ma\/index.php\/wp-json\/wp\/v2\/types\/product"}],"wp:featuredmedia":[{"embeddable":true,"href":"https:\/\/petworld.ma\/index.php\/wp-json\/wp\/v2\/media\/9478"}],"wp:attachment":[{"href":"https:\/\/petworld.ma\/index.php\/wp-json\/wp\/v2\/media?parent=9476"}],"wp:term":[{"taxonomy":"product_brand","embeddable":true,"href":"https:\/\/petworld.ma\/index.php\/wp-json\/wp\/v2\/product_brand?post=9476"},{"taxonomy":"product_cat","embeddable":true,"href":"https:\/\/petworld.ma\/index.php\/wp-json\/wp\/v2\/product_cat?post=9476"},{"taxonomy":"product_tag","embeddable":true,"href":"https:\/\/petworld.ma\/index.php\/wp-json\/wp\/v2\/product_tag?post=9476"}],"curies":[{"name":"wp","href":"https:\/\/api.w.org\/{rel}","templated":true}]}}