{"id":9485,"date":"2024-06-22T15:15:29","date_gmt":"2024-06-22T15:15:29","guid":{"rendered":"https:\/\/petworld.ma\/?post_type=product&#038;p=9485"},"modified":"2026-05-06T22:38:52","modified_gmt":"2026-05-06T22:38:52","slug":"brit-meat-jerky-snack-salmon-protein-bar-80g","status":"publish","type":"product","link":"https:\/\/petworld.ma\/index.php\/produit\/brit-meat-jerky-snack-salmon-protein-bar-80g\/","title":{"rendered":"Brit Meat Jerky Snack\u2013Salmon Protein bar (80g)"},"content":{"rendered":"<div class=\"hidden-xs\">\n<p><strong>Barre prot\u00e9in\u00e9e Brit Jerky Snack \u2013 Saumon.<\/strong>\u00a0Aliment compl\u00e9mentaire pour chien adulte.<\/p>\n<p><img decoding=\"async\" src=\"https:\/\/brit-petfood.com\/file\/nodes\/icon-made-in-eu.png\" width=\"125\" \/><\/p>\n<p>&nbsp;<\/p>\n<ul>\n<li>85 % de vrais saumon et poulet \u2013 bonne source de prot\u00e9ines de haute qualit\u00e9<\/li>\n<li>Enrichi en moules vertes pour un soutien \u00e0 la mobilit\u00e9<\/li>\n<li>Saveur sup\u00e9rieure<\/li>\n<li>Antioxydants naturels : extrait de romarin<\/li>\n<li>Sans c\u00e9r\u00e9ales \u2013 Sans colorants \u2013 Sans sucre \u2013 Sans OGM<\/li>\n<li>Made in the EU<\/li>\n<\/ul>\n<\/div>\n<p class=\"composition\"><strong>Composition:<\/strong><\/p>\n<p>poulet (59%), saumon (26%), glyc\u00e9rine d&rsquo;origine v\u00e9g\u00e9tale, lignocellulose, chlorure de sodium, moule verte (100 mg\/kg).<\/p>\n<p><strong>Ingr\u00e9dients analytiques :<\/strong>\u00a0prot\u00e9ines brutes 31 %, mati\u00e8res grasses brutes 28 %, humidit\u00e9 18 %, cendres brutes 6 %, fibres brutes 2 %. Antioxydants naturels : extrait de romarin et extraits de tocoph\u00e9rol d&rsquo;huiles v\u00e9g\u00e9tales (1b306(i)).<\/p>\n<p><strong>\u00c9nergie m\u00e9tabolisable :<\/strong>\u00a04 180 kcal\/kg.<\/p>\n","protected":false},"excerpt":{"rendered":"<p><strong>Barre prot\u00e9in\u00e9e Brit Jerky Snack \u2013 Saumon.<\/strong>\u00a0Aliment compl\u00e9mentaire pour chien adulte.<\/p>\n","protected":false},"featured_media":9486,"template":"","meta":{"jetpack_publicize_message":"","jetpack_publicize_feature_enabled":true,"jetpack_social_post_already_shared":false,"jetpack_social_options":{"image_generator_settings":{"template":"highway","default_image_id":0,"font":"","enabled":false},"version":2}},"product_brand":[],"product_cat":[26,39],"product_tag":[],"class_list":{"0":"post-9485","1":"product","2":"type-product","3":"status-publish","4":"has-post-thumbnail","6":"product_cat-croquettes","7":"product_cat-friandises-et-pates-pour-chien","9":"first","10":"instock","11":"taxable","12":"shipping-taxable","13":"purchasable","14":"product-type-simple"},"supplier_id":5590,"supplier_sku":"","barcode":null,"atum_controlled":true,"out_stock_date":null,"out_stock_threshold":null,"inheritable":false,"inbound_stock":0,"stock_on_hold":1,"sold_today":0,"sales_last_days":2,"reserved_stock":0,"customer_returns":0,"warehouse_damage":0,"lost_in_post":0,"other_logs":0,"out_stock_days":0,"lost_sales":0,"has_location":false,"update_date":"2026-05-10T00:22:21","atum_locations":[],"atum_stock_status":"instock","restock_status":false,"low_stock_amount":10,"sales_update_date":"2026-05-10T00:22:20","calc_backorders":null,"jetpack_publicize_connections":[],"jetpack_sharing_enabled":true,"batches":[{"id":"819","date_created":"2024-11-15 09:54:07","date_expiry":"2026-02-08 00:00:00","user_id":"2461","batch_number":"BritJerjySalmon080226","location":"","quantity":"24.0000","quantity_available":"0.0000","units":"1","status":"archived","order_ids":"[14420,14755,15261,15777,16019,16052,16079,16142,16310,16996,17308]","supplier":"Brit","po":{"id":"796","date_created":"2024-11-15 09:54:08","batch_id":"819","po_number":"","supplier":"Brit","cost":null,"regular_price":null,"sale_price":null,"price_margin":null,"price_discount":null}},{"id":"1562","date_created":"2025-01-09 21:23:46","date_expiry":"2026-05-25 00:00:00","user_id":"2461","batch_number":"BritJerjySalmon250526","location":"","quantity":"12.0000","quantity_available":"0.0000","units":"1","status":"archived","order_ids":"[18611,18617,19109,19222,20188,21132,21596]","supplier":"Brit","po":{"id":"1536","date_created":"2025-01-09 21:23:48","batch_id":"1562","po_number":"","supplier":"Brit","cost":null,"regular_price":null,"sale_price":null,"price_margin":null,"price_discount":null}},{"id":"3847","date_created":"2025-06-05 08:40:29","date_expiry":"2026-09-18 00:00:00","user_id":"2461","batch_number":"BritJerjySalmon180926","location":"","quantity":"24.0000","quantity_available":"0.0000","units":"1","status":"archived","order_ids":"[22971,23117,23776,24821,25870,26013,26325,27783,28191,28458,29025,29930,30000,30603,31628,31876,31899,32375,32866,32967]","supplier":"Brit","po":{"id":"3811","date_created":"2025-06-05 08:40:29","batch_id":"3847","po_number":"","supplier":"Brit","cost":null,"regular_price":null,"sale_price":null,"price_margin":null,"price_discount":null}},{"id":"4758","date_created":"2025-08-08 14:12:37","date_expiry":"2026-10-11 00:00:00","user_id":"2461","batch_number":"BritJerjySalmon111026","location":"","quantity":"12.0000","quantity_available":"0.0000","units":"1","status":"archived","order_ids":"[32375,33265,33408,34746,34761,35295,35744,36308]","supplier":"BRIT","po":{"id":"4722","date_created":"2025-08-08 14:12:38","batch_id":"4758","po_number":"","supplier":"BRIT","cost":null,"regular_price":null,"sale_price":null,"price_margin":null,"price_discount":null}},{"id":"8421","date_created":"2026-03-23 12:31:21","date_expiry":"2027-08-11 00:00:00","user_id":"2461","batch_number":"BritJerjySalmon0827","location":"","quantity":"12.0000","quantity_available":"8.0000","units":"1","status":"active","order_ids":"[38762,39231,41364,41504]","supplier":"Brit","po":{"id":"8349","date_created":"2026-03-23 12:31:21","batch_id":"8421","po_number":"","supplier":"Brit","cost":null,"regular_price":null,"sale_price":null,"price_margin":null,"price_discount":null}}],"_links":{"self":[{"href":"https:\/\/petworld.ma\/index.php\/wp-json\/wp\/v2\/product\/9485","targetHints":{"allow":["GET"]}}],"collection":[{"href":"https:\/\/petworld.ma\/index.php\/wp-json\/wp\/v2\/product"}],"about":[{"href":"https:\/\/petworld.ma\/index.php\/wp-json\/wp\/v2\/types\/product"}],"wp:featuredmedia":[{"embeddable":true,"href":"https:\/\/petworld.ma\/index.php\/wp-json\/wp\/v2\/media\/9486"}],"wp:attachment":[{"href":"https:\/\/petworld.ma\/index.php\/wp-json\/wp\/v2\/media?parent=9485"}],"wp:term":[{"taxonomy":"product_brand","embeddable":true,"href":"https:\/\/petworld.ma\/index.php\/wp-json\/wp\/v2\/product_brand?post=9485"},{"taxonomy":"product_cat","embeddable":true,"href":"https:\/\/petworld.ma\/index.php\/wp-json\/wp\/v2\/product_cat?post=9485"},{"taxonomy":"product_tag","embeddable":true,"href":"https:\/\/petworld.ma\/index.php\/wp-json\/wp\/v2\/product_tag?post=9485"}],"curies":[{"name":"wp","href":"https:\/\/api.w.org\/{rel}","templated":true}]}}