{"id":949,"date":"2022-12-17T21:29:20","date_gmt":"2022-12-17T21:29:20","guid":{"rendered":"https:\/\/petworld.ma\/?post_type=product&#038;p=949"},"modified":"2026-05-05T13:09:57","modified_gmt":"2026-05-05T13:09:57","slug":"litiere-pour-chat-agglomerant-clumping-5kg-citycat","status":"publish","type":"product","link":"https:\/\/petworld.ma\/index.php\/produit\/litiere-pour-chat-agglomerant-clumping-5kg-citycat\/","title":{"rendered":"Liti\u00e8re pour chat agglom\u00e9rant Clumping 5kg &#8211; CITYCAT"},"content":{"rendered":"<p>\u00c9conomique et pratique, la liti\u00e8re City Cat \u00e0 Haut pouvoir agglom\u00e9rant 100% est hygi\u00e9nique et toujours fiable. Elle neutralise les mauvaises odeurs. Il s\u2019agit d\u2019un produit 100% \u00a0naturel, \u00e0 base de bentonite.<\/p>\n<p>Efficace et excellent rapport qualit\u00e9 \/ prix.<\/p>\n<p>Contenance : 5 Kg.<\/p>\n<p><a href=\"https:\/\/wa.me\/212708052510\" target=\"_blank\" rel=\"noopener noreferrer\"><img decoding=\"async\" class=\"fr-fic fr-dib aligncenter\" src=\"https:\/\/cdn.youcan.shop\/stores\/d0742d556df94ddbc7ae4c9810aff04b\/others\/Z7KQmCwi0p0Yegh3Vn5fg0VwhbeZiDkT3bDoY7vn.png\" width=\"326\" height=\"86\" data-name=\"stores\/d0742d556df94ddbc7ae4c9810aff04b\/others\/Z7KQmCwi0p0Yegh3Vn5fg0VwhbeZiDkT3bDoY7vn.png\" \/><\/a><\/p>\n<p>&nbsp;<\/p>\n","protected":false},"excerpt":{"rendered":"<p>\u00c9conomique et pratique, la liti\u00e8re City Cat \u00e0 Haut pouvoir agglom\u00e9rant 100% est hygi\u00e9nique et toujours fiable. Elle neutralise les mauvaises odeurs. Il s\u2019agit d\u2019un produit 100% \u00a0naturel, \u00e0 base de bentonite. Efficace et excellent rapport qualit\u00e9 \/ prix. Contenance : 5 Kg. &nbsp;<\/p>\n","protected":false},"featured_media":950,"template":"","meta":{"jetpack_publicize_message":"","jetpack_publicize_feature_enabled":true,"jetpack_social_post_already_shared":false,"jetpack_social_options":{"image_generator_settings":{"template":"highway","default_image_id":0,"font":"","enabled":false},"version":2}},"product_brand":[],"product_cat":[94],"product_tag":[],"class_list":{"0":"post-949","1":"product","2":"type-product","3":"status-publish","4":"has-post-thumbnail","6":"product_cat-litieres-et-bacs","8":"first","9":"instock","10":"taxable","11":"shipping-taxable","12":"purchasable","13":"product-type-simple"},"supplier_id":5587,"supplier_sku":"7344","barcode":null,"atum_controlled":true,"out_stock_date":null,"out_stock_threshold":null,"inheritable":false,"inbound_stock":0,"stock_on_hold":5,"sold_today":5,"sales_last_days":5,"reserved_stock":0,"customer_returns":0,"warehouse_damage":0,"lost_in_post":0,"other_logs":0,"out_stock_days":0,"lost_sales":0,"has_location":false,"update_date":"2026-05-05T13:58:47","atum_locations":[],"atum_stock_status":"instock","restock_status":false,"low_stock_amount":20,"sales_update_date":"2026-05-05T13:58:47","calc_backorders":null,"jetpack_publicize_connections":[],"jetpack_sharing_enabled":true,"batches":[{"id":"3555","date_created":"2025-05-22 21:11:07","date_expiry":"2030-01-01 00:00:00","user_id":"2461","batch_number":"Liti\u00e8re pour chat agglom\u00e9rant Clumping 5kg - CITYCAT","location":"","quantity":"15.0000","quantity_available":"0.0000","units":"1","status":"archived","order_ids":"[22271,22588,22655,23911,23998,24955,25086,26790,27702,28012,28427,28829]","supplier":"Royal Canin","po":{"id":"3522","date_created":"2025-05-22 21:11:07","batch_id":"3555","po_number":"","supplier":"Royal Canin","cost":null,"regular_price":null,"sale_price":null,"price_margin":null,"price_discount":null}},{"id":"3611","date_created":"2025-05-25 13:00:09","date_expiry":"2030-01-01 00:00:00","user_id":"2461","batch_number":"Liti\u00e8re pour chat agglom\u00e9rant Clumping 5kg - CITYCAT","location":"","quantity":"3.0000","quantity_available":"0.0000","units":"1","status":"archived","order_ids":"[22389,22588]","supplier":"Royal Canin","po":{"id":"3578","date_created":"2025-05-25 13:00:10","batch_id":"3611","po_number":"","supplier":"Royal Canin","cost":null,"regular_price":null,"sale_price":null,"price_margin":null,"price_discount":null}},{"id":"3973","date_created":"2025-06-12 09:20:11","date_expiry":"2030-01-01 00:00:00","user_id":"2461","batch_number":"Liti\u00e8re pour chat agglom\u00e9rant Clumping 5kg - CITYCAT","location":"","quantity":"10.0000","quantity_available":"0.0000","units":"1","status":"archived","order_ids":"[30933,30974,31266,31637]","supplier":"Royal Canin","po":{"id":"3937","date_created":"2025-06-12 09:20:12","batch_id":"3973","po_number":"","supplier":"Royal Canin","cost":null,"regular_price":null,"sale_price":null,"price_margin":null,"price_discount":null}},{"id":"4236","date_created":"2025-07-06 14:23:21","date_expiry":"2030-01-01 00:00:00","user_id":"2461","batch_number":"Liti\u00e8re pour chat agglom\u00e9rant Clumping 5kg - CITYCAT","location":"","quantity":"6.0000","quantity_available":"0.0000","units":"1","status":"archived","order_ids":"[24713,24899,24910]","supplier":"Royal Canin","po":{"id":"4199","date_created":"2025-07-06 14:23:22","batch_id":"4236","po_number":"","supplier":"Royal Canin","cost":null,"regular_price":null,"sale_price":null,"price_margin":null,"price_discount":null}},{"id":"4908","date_created":"2025-08-14 16:33:24","date_expiry":"2030-01-01 00:00:00","user_id":"2461","batch_number":"Liti\u00e8re pour chat agglom\u00e9rant Clumping 5kg - CITYCAT","location":"","quantity":"5.0000","quantity_available":"0.0000","units":"1","status":"archived","order_ids":"[28934,29789,29983,30102]","supplier":"Royal Canin","po":{"id":"4872","date_created":"2025-08-14 16:33:25","batch_id":"4908","po_number":"","supplier":"Royal Canin","cost":null,"regular_price":null,"sale_price":null,"price_margin":null,"price_discount":null}},{"id":"5857","date_created":"2025-10-28 22:03:33","date_expiry":"2030-01-01 00:00:00","user_id":"2461","batch_number":"Liti\u00e8re pour chat agglom\u00e9rant Clumping 5kg - CITYCAT","location":"","quantity":"4.0000","quantity_available":"0.0000","units":"1","status":"archived","order_ids":"[30102,30709]","supplier":"Royal Canin","po":{"id":"5804","date_created":"2025-10-28 22:03:34","batch_id":"5857","po_number":"","supplier":"Royal Canin","cost":null,"regular_price":null,"sale_price":null,"price_margin":null,"price_discount":null}},{"id":"6194","date_created":"2025-11-14 20:51:59","date_expiry":"2030-01-01 00:00:00","user_id":"2461","batch_number":"Liti\u00e8re pour chat agglom\u00e9rant Clumping 5kg - CITYCAT","location":"","quantity":"12.0000","quantity_available":"0.0000","units":"1","status":"archived","order_ids":"[33200,33517,34563,34710,34749,34795]","supplier":"Royal Canin","po":{"id":"6141","date_created":"2025-11-14 20:52:00","batch_id":"6194","po_number":"","supplier":"Royal Canin","cost":null,"regular_price":null,"sale_price":null,"price_margin":null,"price_discount":null}},{"id":"6494","date_created":"2025-12-07 09:53:53","date_expiry":"2030-01-01 00:00:00","user_id":"2461","batch_number":"Liti\u00e8re pour chat agglom\u00e9rant Clumping 5kg - CITYCAT","location":"","quantity":"4.0000","quantity_available":"0.0000","units":"1","status":"archived","order_ids":"[31637,31725,32282]","supplier":"Royal Canin","po":{"id":"6440","date_created":"2025-12-07 09:53:54","batch_id":"6494","po_number":"","supplier":"Royal Canin","cost":null,"regular_price":null,"sale_price":null,"price_margin":null,"price_discount":null}},{"id":"6689","date_created":"2025-12-15 11:29:37","date_expiry":"2030-01-01 00:00:00","user_id":"2461","batch_number":"Liti\u00e8re pour chat agglom\u00e9rant Clumping 5kg - CITYCAT","location":"","quantity":"7.0000","quantity_available":"0.0000","units":"1","status":"archived","order_ids":"[32302,32366,32368,32496,32898]","supplier":"Royal Canin","po":{"id":"6635","date_created":"2025-12-15 11:29:37","batch_id":"6689","po_number":"","supplier":"Royal Canin","cost":null,"regular_price":null,"sale_price":null,"price_margin":null,"price_discount":null}},{"id":"7616","date_created":"2026-02-12 09:26:48","date_expiry":"2030-01-01 00:00:00","user_id":"2461","batch_number":"Liti\u00e8re pour chat agglom\u00e9rant Clumping 5kg - CITYCAT","location":"","quantity":"20.0000","quantity_available":"0.0000","units":"1","status":"archived","order_ids":"[35699,36151,36316,36694,36761]","supplier":"Royal Canin","po":{"id":"7551","date_created":"2026-02-12 09:26:48","batch_id":"7616","po_number":"","supplier":"Royal Canin","cost":null,"regular_price":null,"sale_price":null,"price_margin":null,"price_discount":null}},{"id":"7754","date_created":"2026-02-18 11:35:08","date_expiry":"2030-01-01 00:00:00","user_id":"2461","batch_number":"Liti\u00e8re pour chat agglom\u00e9rant Clumping 5kg - CITYCAT","location":"","quantity":"4.0000","quantity_available":"0.0000","units":"1","status":"archived","order_ids":"[36084,36151]","supplier":"Royal Canin","po":{"id":"7689","date_created":"2026-02-18 11:35:08","batch_id":"7754","po_number":"","supplier":"Royal Canin","cost":null,"regular_price":null,"sale_price":null,"price_margin":null,"price_discount":null}},{"id":"8022","date_created":"2026-02-28 15:31:48","date_expiry":"2030-01-01 00:00:00","user_id":"2461","batch_number":"Liti\u00e8re pour chat agglom\u00e9rant Clumping 5kg - CITYCAT","location":"","quantity":"17.0000","quantity_available":"9.0000","units":"1","status":"active","order_ids":"[36823,36922,37118,37435]","supplier":"Royal Canin","po":{"id":"7960","date_created":"2026-02-28 15:31:48","batch_id":"8022","po_number":"","supplier":"Royal Canin","cost":null,"regular_price":null,"sale_price":null,"price_margin":null,"price_discount":null}},{"id":"8290","date_created":"2026-03-16 21:25:12","date_expiry":"2030-01-01 00:00:00","user_id":"2461","batch_number":"Liti\u00e8re pour chat agglom\u00e9rant Clumping 5kg - CITYCAT","location":"","quantity":"8.0000","quantity_available":"0.0000","units":"1","status":"archived","order_ids":"[37871,38013,38192,40011]","supplier":"Royal Canin","po":{"id":"8217","date_created":"2026-03-16 21:25:12","batch_id":"8290","po_number":"","supplier":"Royal Canin","cost":null,"regular_price":null,"sale_price":null,"price_margin":null,"price_discount":null}},{"id":"8475","date_created":"2026-03-25 16:05:11","date_expiry":"2030-01-01 00:00:00","user_id":"2461","batch_number":"Liti\u00e8re pour chat agglom\u00e9rant Clumping 5kg - CITYCAT","location":"","quantity":"2.0000","quantity_available":"0.0000","units":"1","status":"archived","order_ids":"[40011,41406]","supplier":"Royal Canin","po":{"id":"8403","date_created":"2026-03-25 16:05:11","batch_id":"8475","po_number":"","supplier":"Royal Canin","cost":null,"regular_price":null,"sale_price":null,"price_margin":null,"price_discount":null}},{"id":"8660","date_created":"2026-04-04 17:06:23","date_expiry":"2030-01-01 00:00:00","user_id":"2461","batch_number":"Liti\u00e8re pour chat agglom\u00e9rant Clumping 5kg - CITYCAT","location":"","quantity":"8.0000","quantity_available":"8.0000","units":"1","status":"active","order_ids":null,"supplier":"Royal Canin","po":{"id":"8588","date_created":"2026-04-04 17:06:24","batch_id":"8660","po_number":"","supplier":"Royal Canin","cost":null,"regular_price":null,"sale_price":null,"price_margin":null,"price_discount":null}},{"id":"9212","date_created":"2026-04-29 21:56:44","date_expiry":"2030-01-01 00:00:00","user_id":"2461","batch_number":"Liti\u00e8re pour chat agglom\u00e9rant Clumping 5kg - CITYCAT","location":"","quantity":"4.0000","quantity_available":"0.0000","units":"1","status":"archived","order_ids":"[41406]","supplier":"Royal Canin","po":{"id":"9135","date_created":"2026-04-29 21:56:44","batch_id":"9212","po_number":"","supplier":"Royal Canin","cost":null,"regular_price":null,"sale_price":null,"price_margin":null,"price_discount":null}}],"_links":{"self":[{"href":"https:\/\/petworld.ma\/index.php\/wp-json\/wp\/v2\/product\/949","targetHints":{"allow":["GET"]}}],"collection":[{"href":"https:\/\/petworld.ma\/index.php\/wp-json\/wp\/v2\/product"}],"about":[{"href":"https:\/\/petworld.ma\/index.php\/wp-json\/wp\/v2\/types\/product"}],"wp:featuredmedia":[{"embeddable":true,"href":"https:\/\/petworld.ma\/index.php\/wp-json\/wp\/v2\/media\/950"}],"wp:attachment":[{"href":"https:\/\/petworld.ma\/index.php\/wp-json\/wp\/v2\/media?parent=949"}],"wp:term":[{"taxonomy":"product_brand","embeddable":true,"href":"https:\/\/petworld.ma\/index.php\/wp-json\/wp\/v2\/product_brand?post=949"},{"taxonomy":"product_cat","embeddable":true,"href":"https:\/\/petworld.ma\/index.php\/wp-json\/wp\/v2\/product_cat?post=949"},{"taxonomy":"product_tag","embeddable":true,"href":"https:\/\/petworld.ma\/index.php\/wp-json\/wp\/v2\/product_tag?post=949"}],"curies":[{"name":"wp","href":"https:\/\/api.w.org\/{rel}","templated":true}]}}