{"id":9502,"date":"2024-06-23T10:54:39","date_gmt":"2024-06-23T10:54:39","guid":{"rendered":"https:\/\/petworld.ma\/?post_type=product&#038;p=9502"},"modified":"2026-04-30T10:20:12","modified_gmt":"2026-04-30T10:20:12","slug":"hills-science-plan-mousse-pour-chien-adulte-small-and-mini-200g","status":"publish","type":"product","link":"https:\/\/petworld.ma\/index.php\/produit\/hills-science-plan-mousse-pour-chien-adulte-small-and-mini-200g\/","title":{"rendered":"Hill\u2019s Science Plan Mousse pour Chien Adulte Small and Mini 200g"},"content":{"rendered":"<div class=\"productAwareRichText richText component section default-style even col-xs-12 initialized\">\n<div class=\"component-content\">\n<div class=\"richText-content\">\n<div class=\"conditionalBox box component section default-style odd col-xs-12\">\n<div id=\"01713843224\" class=\"component-content\">\n<div class=\"paragraphSystem content\">\n<div class=\"productAwareRichText richText component section col-xs-12 productawarerichtext default-style initialized\">\n<div class=\"component-content\">\n<div class=\"richText-content\">\n<div class=\"productAwareRichText richText component section default-style even col-xs-12 initialized\">\n<div class=\"component-content\">\n<div class=\"richText-content\">\n<p>Hill\u2019s\u00a0<span class=\"nowrap\">Science\u00a0Plan<\/span> Small &amp; Mini &#8211; Mousse pour Chien Adulte &#8211; Petites et Tr\u00e8s Petites Races au Poulet est un aliment complet pour les chiens adultes de petite taille \u00e2g\u00e9s de 1 \u00e0 6 ans. Il s\u2019agit d\u2019une alimentation adapt\u00e9e aux besoins uniques de votre petit chien pendant la p\u00e9riode la plus active de sa vie.<\/p>\n<ul>\n<li>Mousse fondante formul\u00e9e avec la bonne combinaison de prot\u00e9ines, de mati\u00e8res grasses et de glucides pour leur donner l\u2019\u00e9nergie dont ils ont besoin.<\/li>\n<li>Un puissant m\u00e9lange d\u2019antioxydants pour soutenir le syst\u00e8me immunitaire<\/li>\n<li>Des ingr\u00e9dients faciles \u00e0 dig\u00e9rer pour une digestion saine<\/li>\n<\/ul>\n<\/div>\n<\/div>\n<\/div>\n<div class=\"conditionalBox box component section default-style odd col-xs-12\">\n<div id=\"1517239228\" class=\"component-content\">\n<div class=\"paragraphSystem content\">\n<div class=\"productAwareRichText richText component section col-xs-12 productawarerichtext default-style initialized\">\n<div class=\"component-content\">\n<div class=\"richText-content\">\n<h4>Recommandations :<\/h4>\n<p>Chiens adultes \u00e2g\u00e9s de 1 \u00e0 6\u00a0ans, pesant jusqu\u2019\u00e0 10\u00a0kg \u00e0 l\u2019\u00e2ge adulte.<\/p>\n<div class=\"productAwareRichText richText component section default-style first odd col-xs-12 col-lg-12 col-lg-offset-0 initialized\">\n<div class=\"component-content\">\n<div class=\"richText-content\">\n<p>COMPOSITION\u00a0: Viandes et sous-produits animaux (b\u0153uf 9\u00a0%), c\u00e9r\u00e9ales, mati\u00e8res min\u00e9rales, huiles et graisses, sous-produits d\u2019origine v\u00e9g\u00e9tale.<\/p>\n<\/div>\n<\/div>\n<\/div>\n<div class=\"productAwareRichText richText component section default-style even col-xs-12 col-lg-12 col-lg-offset-0 initialized\">\n<div class=\"component-content\">\n<div class=\"richText-content\">\n<p>CONSTITUANTS ANALYTIQUES\u00a0: Prot\u00e9ines 5,2\u00a0%, Teneur en mati\u00e8res grasses 2,8\u00a0%, Cellulose brute 0,38\u00a0%, Cendres brutes 1,2\u00a0%, Humidit\u00e9 80,0\u00a0%, Calcium 0,16\u00a0%, Phosphore 0,14\u00a0%, Sodium 0,07\u00a0%, Potassium 0,16\u00a0%, Magn\u00e9sium 0,02\u00a0%\u00a0; par kg\u00a0: Vitamine\u00a0A 14914\u00a0UI, Vitamine\u00a0D3 273\u00a0UI.<\/p>\n<\/div>\n<\/div>\n<\/div>\n<div class=\"productAwareRichText richText component section default-style odd last col-xs-12 col-lg-12 col-lg-offset-0 initialized\">\n<div class=\"component-content\">\n<div class=\"richText-content\">\n<p>ADDITIFS PAR KG\u00a0: Additifs nutritionnels\u00a0: 3b103 (Fer) 10,1\u00a0mg, 3b202 (Iode) 0,3\u00a0mg, 3b405 (Cuivre) 1,7\u00a0mg, 3b502 (Mangan\u00e8se) 2,2\u00a0mg, 3b603 (Zinc) 26,1\u00a0mg.<\/p>\n<\/div>\n<\/div>\n<\/div>\n<\/div>\n<\/div>\n<\/div>\n<\/div>\n<\/div>\n<\/div>\n<\/div>\n<\/div>\n<\/div>\n<\/div>\n<\/div>\n<\/div>\n<\/div>\n<\/div>\n<\/div>\n","protected":false},"excerpt":{"rendered":"<div class=\"conditionalBox box component section default-style even col-xs-12\">\n<div id=\"1096030739\" class=\"component-content\">\n<div class=\"paragraphSystem content\">\n<div class=\"productAwareRichText richText component section col-xs-12 productawarerichtext default-style initialized\">\n<div class=\"component-content\">\n<div class=\"richText-content\">\n<p>Hill\u2019s\u00a0<span class=\"nowrap\">Science\u00a0Plan<\/span> Small &amp; Mini &#8211; Mousse pour Chien Adulte au poulet est un aliment complet pour les chiens adultes de petites et tr\u00e8s petites races \u00e2g\u00e9s de 1 \u00e0 6 ans.<\/p>\n<\/div>\n<\/div>\n<\/div>\n<\/div>\n<\/div>\n<\/div>\n","protected":false},"featured_media":9507,"template":"","meta":{"jetpack_publicize_message":"","jetpack_publicize_feature_enabled":true,"jetpack_social_post_already_shared":false,"jetpack_social_options":{"image_generator_settings":{"template":"highway","default_image_id":0,"font":"","enabled":false},"version":2}},"product_brand":[],"product_cat":[26,39],"product_tag":[],"class_list":{"0":"post-9502","1":"product","2":"type-product","3":"status-publish","4":"has-post-thumbnail","6":"product_cat-croquettes","7":"product_cat-friandises-et-pates-pour-chien","9":"first","10":"instock","11":"taxable","12":"shipping-taxable","13":"purchasable","14":"product-type-simple"},"supplier_id":5603,"supplier_sku":"608329","barcode":null,"atum_controlled":true,"out_stock_date":null,"out_stock_threshold":null,"inheritable":false,"inbound_stock":0,"stock_on_hold":0,"sold_today":0,"sales_last_days":0,"reserved_stock":0,"customer_returns":0,"warehouse_damage":0,"lost_in_post":0,"other_logs":0,"out_stock_days":0,"lost_sales":0,"has_location":false,"update_date":"2026-05-14T00:04:06","atum_locations":[],"atum_stock_status":"instock","restock_status":false,"low_stock_amount":24,"sales_update_date":"2026-05-14T00:04:05","calc_backorders":null,"jetpack_publicize_connections":[],"jetpack_sharing_enabled":true,"batches":[{"id":"2033","date_created":"2025-02-16 18:30:55","date_expiry":"2025-09-30 00:00:00","user_id":"2760","batch_number":"HillsMousseMini300925","location":"","quantity":"28.0000","quantity_available":"0.0000","units":"1","status":"archived","order_ids":"[24975,25303,26061,26343,27426]","supplier":"Hill&#039;s","po":{"id":"2003","date_created":"2025-02-16 18:30:58","batch_id":"2033","po_number":"","supplier":"Hill&#039;s","cost":null,"regular_price":null,"sale_price":null,"price_margin":null,"price_discount":null}},{"id":"5100","date_created":"2025-09-01 21:09:49","date_expiry":"2026-03-02 00:00:00","user_id":"2760","batch_number":"HillsMousseMini020326","location":"","quantity":"1.0000","quantity_available":"0.0000","units":"1","status":"archived","order_ids":"[31542]","supplier":"HILLS","po":{"id":"5063","date_created":"2025-09-01 21:09:50","batch_id":"5100","po_number":"","supplier":"HILLS","cost":null,"regular_price":null,"sale_price":null,"price_margin":null,"price_discount":null}},{"id":"6285","date_created":"2025-11-22 12:11:45","date_expiry":"2026-03-02 00:00:00","user_id":"2760","batch_number":"HillsMousseMini020326","location":"","quantity":"6.0000","quantity_available":"0.0000","units":"1","status":"archived","order_ids":"[31542,33668]","supplier":"HILLS","po":{"id":"6231","date_created":"2025-11-22 12:11:45","batch_id":"6285","po_number":"","supplier":"HILLS","cost":null,"regular_price":null,"sale_price":null,"price_margin":null,"price_discount":null}},{"id":"7982","date_created":"2026-02-26 16:09:31","date_expiry":"2026-07-05 00:00:00","user_id":"2760","batch_number":"HillsMousseMini050726","location":"","quantity":"10.0000","quantity_available":"0.0000","units":"1","status":"archived","order_ids":"[36746,37413,37629]","supplier":"HILLS","po":{"id":"7920","date_created":"2026-02-26 16:09:32","batch_id":"7982","po_number":"","supplier":"HILLS","cost":null,"regular_price":null,"sale_price":null,"price_margin":null,"price_discount":null}},{"id":"8360","date_created":"2026-03-19 10:32:05","date_expiry":"2026-11-17 00:00:00","user_id":"2760","batch_number":"HillsMousseMini171126","location":"","quantity":"12.0000","quantity_available":"7.0000","units":"1","status":"active","order_ids":"[39701]","supplier":"HILLS","po":{"id":"8288","date_created":"2026-03-19 10:32:05","batch_id":"8360","po_number":"","supplier":"HILLS","cost":null,"regular_price":null,"sale_price":null,"price_margin":null,"price_discount":null}},{"id":"8851","date_created":"2026-04-16 18:07:56","date_expiry":"2027-02-24 00:00:00","user_id":"2760","batch_number":"HillsMousseMini240227","location":"","quantity":"12.0000","quantity_available":"12.0000","units":"1","status":"active","order_ids":null,"supplier":"HILLS","po":{"id":"8778","date_created":"2026-04-16 18:07:56","batch_id":"8851","po_number":"","supplier":"HILLS","cost":null,"regular_price":null,"sale_price":null,"price_margin":null,"price_discount":null}},{"id":"9237","date_created":"2026-04-30 10:20:11","date_expiry":"2027-02-24 00:00:00","user_id":"2760","batch_number":"HillsMousseMini240227","location":"","quantity":"5.0000","quantity_available":"5.0000","units":"1","status":"active","order_ids":null,"supplier":"HILLS","po":{"id":"9160","date_created":"2026-04-30 10:20:11","batch_id":"9237","po_number":"","supplier":"HILLS","cost":null,"regular_price":null,"sale_price":null,"price_margin":null,"price_discount":null}}],"_links":{"self":[{"href":"https:\/\/petworld.ma\/index.php\/wp-json\/wp\/v2\/product\/9502","targetHints":{"allow":["GET"]}}],"collection":[{"href":"https:\/\/petworld.ma\/index.php\/wp-json\/wp\/v2\/product"}],"about":[{"href":"https:\/\/petworld.ma\/index.php\/wp-json\/wp\/v2\/types\/product"}],"wp:featuredmedia":[{"embeddable":true,"href":"https:\/\/petworld.ma\/index.php\/wp-json\/wp\/v2\/media\/9507"}],"wp:attachment":[{"href":"https:\/\/petworld.ma\/index.php\/wp-json\/wp\/v2\/media?parent=9502"}],"wp:term":[{"taxonomy":"product_brand","embeddable":true,"href":"https:\/\/petworld.ma\/index.php\/wp-json\/wp\/v2\/product_brand?post=9502"},{"taxonomy":"product_cat","embeddable":true,"href":"https:\/\/petworld.ma\/index.php\/wp-json\/wp\/v2\/product_cat?post=9502"},{"taxonomy":"product_tag","embeddable":true,"href":"https:\/\/petworld.ma\/index.php\/wp-json\/wp\/v2\/product_tag?post=9502"}],"curies":[{"name":"wp","href":"https:\/\/api.w.org\/{rel}","templated":true}]}}