{"id":958,"date":"2022-12-17T21:45:57","date_gmt":"2022-12-17T21:45:57","guid":{"rendered":"https:\/\/petworld.ma\/?post_type=product&#038;p=958"},"modified":"2026-04-07T14:22:17","modified_gmt":"2026-04-07T14:22:17","slug":"barquette-100g-de-pate-au-poulet","status":"publish","type":"product","link":"https:\/\/petworld.ma\/index.php\/produit\/barquette-100g-de-pate-au-poulet\/","title":{"rendered":"Plaisir Barquette 100g de p\u00e2t\u00e9 au POULET  (convient pour chat st\u00e9rilis\u00e9)"},"content":{"rendered":"<div class=\"product-section description-section\">\n<div class=\"single-description fr-view\">\n<p>Convient aux chats st\u00e9rilis\u00e9s.<\/p>\n<p>Les p\u00e2t\u00e9s Les Repas Plaisir au Poulet sont des repas complets et se pr\u00e9sentent sous la forme de terrines moelleuses avec des morceaux. Leur taux de prot\u00e9ine est de 10%, ce qui est excellent pour satisfaire les besoins nutritionnels de votre petit carnivore. Ils sont parfaitement adapt\u00e9s pour les chats adultes st\u00e9rilis\u00e9s. Votre chat saura les appr\u00e9cier.<\/p>\n<p>Compositions\u00a0:<\/p>\n<p>Viandes et sous-produits animaux (56% dont poulet 4%), Substances min\u00e9rales, Sucres.<\/p>\n<p>Mode d\u2019emploi\u00a0:<\/p>\n<p>Servir \u00e0 temp\u00e9rature ambiante. Pour un chat adulte en activit\u00e9 normale, donner en plusieurs repas par jour les quantit\u00e9s indiqu\u00e9es. Il est recommand\u00e9 d&rsquo;adapter la quantit\u00e9 selon l&rsquo;activit\u00e9, et l\u2019\u00e2ge de votre chat.\u00a0Apr\u00e8s ouverture, conserver au r\u00e9frig\u00e9rateur (+4\u00b0C).<\/p>\n<p>&nbsp;<\/p>\n<table border=\"1\" width=\"544\" cellpadding=\"0\">\n<tbody>\n<tr>\n<td width=\"25%\"><u>poids du chat<\/u><\/td>\n<td width=\"25%\">3kg<\/td>\n<td width=\"25%\">4kg<\/td>\n<td width=\"25%\">5kg<\/td>\n<\/tr>\n<tr>\n<td width=\"25%\">chat adulte (12 mois +)<\/td>\n<td width=\"25%\">260g<\/td>\n<td width=\"25%\">320g<\/td>\n<td width=\"25%\">370g<\/td>\n<\/tr>\n<tr>\n<td width=\"25%\">chat st\u00e9rilis\u00e9<\/td>\n<td width=\"25%\">200g<\/td>\n<td width=\"25%\">240g<\/td>\n<td width=\"25%\">280g<\/td>\n<\/tr>\n<\/tbody>\n<\/table>\n<p><a href=\"https:\/\/wa.me\/212708052510\" target=\"_blank\" rel=\"noopener noreferrer\"><img loading=\"lazy\" decoding=\"async\" class=\"fr-fic fr-dib aligncenter\" src=\"https:\/\/cdn.youcan.shop\/stores\/d0742d556df94ddbc7ae4c9810aff04b\/others\/P0007J0SoWqjZeG2Sg9d301ALLEgyf3naMrDHM4I.png\" width=\"262\" height=\"69\" data-name=\"stores\/d0742d556df94ddbc7ae4c9810aff04b\/others\/P0007J0SoWqjZeG2Sg9d301ALLEgyf3naMrDHM4I.png\" \/><\/a><\/p>\n<\/div>\n<\/div>\n<div class=\"product-section add-to-cart-section\">\n<div class=\"quantity\"><\/div>\n<\/div>\n","protected":false},"excerpt":{"rendered":"<p>Convient aux chats st\u00e9rilis\u00e9s. Les p\u00e2t\u00e9s Les Repas Plaisir au Poulet sont des repas complets et se pr\u00e9sentent sous la forme de terrines moelleuses avec des morceaux. Leur taux de prot\u00e9ine est de 10%, ce qui est excellent pour satisfaire les besoins nutritionnels de votre petit carnivore. Ils sont parfaitement adapt\u00e9s pour les chats adultes [&#8230;]\n","protected":false},"featured_media":959,"template":"","meta":{"jetpack_publicize_message":"","jetpack_publicize_feature_enabled":true,"jetpack_social_post_already_shared":false,"jetpack_social_options":{"image_generator_settings":{"template":"highway","default_image_id":0,"font":"","enabled":false},"version":2}},"product_brand":[],"product_cat":[41],"product_tag":[],"class_list":{"0":"post-958","1":"product","2":"type-product","3":"status-publish","4":"has-post-thumbnail","6":"product_cat-friandises-et-pate-pour-chat","8":"first","9":"instock","10":"taxable","11":"shipping-taxable","12":"purchasable","13":"product-type-simple"},"supplier_id":5587,"supplier_sku":"6773","barcode":null,"atum_controlled":true,"out_stock_date":null,"out_stock_threshold":null,"inheritable":false,"inbound_stock":0,"stock_on_hold":36,"sold_today":2,"sales_last_days":37,"reserved_stock":0,"customer_returns":0,"warehouse_damage":0,"lost_in_post":0,"other_logs":0,"out_stock_days":0,"lost_sales":0,"has_location":false,"update_date":"2026-04-07T14:22:23","atum_locations":[],"atum_stock_status":"instock","restock_status":false,"low_stock_amount":320,"sales_update_date":"2026-04-07T14:22:22","calc_backorders":null,"jetpack_publicize_connections":[],"jetpack_sharing_enabled":true,"batches":[{"id":"769","date_created":"2024-11-08 20:34:29","date_expiry":"2026-02-24 00:00:00","user_id":"2760","batch_number":"RCPATE PLAISIRPoulet240226","location":"","quantity":"66.0000","quantity_available":"0.0000","units":"1","status":"archived","order_ids":"[14181,14297,14327,14335,14429,14518,14565,14612,14657,14713,14746,14785,14799,14846,14946,14958,15035,15057,15063,15137,15165,15184]","supplier":"Royal Canin","po":{"id":"746","date_created":"2024-11-08 20:34:30","batch_id":"769","po_number":"","supplier":"Royal Canin","cost":null,"regular_price":null,"sale_price":null,"price_margin":null,"price_discount":null}},{"id":"770","date_created":"2024-11-08 20:34:30","date_expiry":"2026-07-19 00:00:00","user_id":"2760","batch_number":"RCPATE PLAISIRPoulet190726","location":"","quantity":"288.0000","quantity_available":"0.0000","units":"1","status":"archived","order_ids":"[15209,15372,15434,15444,15465,15531,15660,15663,15679,15734,15768,15787,15944,15967,16026,16040,16059,16061,16124,16163,16260,16329,16396,16397,16475,16489,16495,16530,16534,16594,16637,16668,16681,16686,16688,16691,16733,16746,16761,16816,16836,16901,16926,17001,17026,17054,17096,17159,17217,17231,17233,17278,17364,17441,17518,17537,17562,17580,17622,17626,17631,17674,17800,17809,17820,17859,17872,17906,17916,17938,17956,17965,17973,18010,18030,18089,18126,18137,18156,18203,18440,18449,18460,18520,18532,18653,18657,18717,18744,18756,18791,18922,19001,19041,19067,19074]","supplier":"Royal Canin","po":{"id":"747","date_created":"2024-11-08 20:34:31","batch_id":"770","po_number":"","supplier":"Royal Canin","cost":null,"regular_price":null,"sale_price":null,"price_margin":null,"price_discount":null}},{"id":"1084","date_created":"2024-12-08 11:06:10","date_expiry":"2026-09-02 00:00:00","user_id":"2760","batch_number":"RCPATE PLAISIRPoulet020926","location":"","quantity":"32.0000","quantity_available":"0.0000","units":"1","status":"archived","order_ids":"[19074,19100,19173,19191,19213,19221,19231,19246]","supplier":"Royal Canin","po":{"id":"1061","date_created":"2024-12-08 11:06:11","batch_id":"1084","po_number":"","supplier":"Royal Canin","cost":null,"regular_price":null,"sale_price":null,"price_margin":null,"price_discount":null}},{"id":"1593","date_created":"2025-01-10 21:18:21","date_expiry":"2026-11-11 00:00:00","user_id":"2760","batch_number":"RCPATE PLAISIRPoulet111126","location":"","quantity":"64.0000","quantity_available":"0.0000","units":"1","status":"archived","order_ids":"[19246,19309,19440,19450,19523,19524,19554,19584]","supplier":"Royal Canin","po":{"id":"1567","date_created":"2025-01-10 21:18:24","batch_id":"1593","po_number":"","supplier":"Royal Canin","cost":null,"regular_price":null,"sale_price":null,"price_margin":null,"price_discount":null}},{"id":"2333","date_created":"2025-03-10 22:23:56","date_expiry":"2026-11-23 00:00:00","user_id":"2760","batch_number":"RCPATE PLAISIRPoulet231126","location":"","quantity":"128.0000","quantity_available":"0.0000","units":"1","status":"archived","order_ids":"[20371,20396,20403,20426,20514,20515,20539,20638,20642,20655,20658,20700,20720,20727,20732,20777,20858,20889,20907,20910,20911,21050,21084,21138,21201,21210,21226,21264,21269,21285,21377,21428,21457,21459]","supplier":"ROYAL CANIN","po":{"id":"2301","date_created":"2025-03-10 22:23:58","batch_id":"2333","po_number":"","supplier":"ROYAL CANIN","cost":null,"regular_price":null,"sale_price":null,"price_margin":null,"price_discount":null}},{"id":"2334","date_created":"2025-03-10 22:24:00","date_expiry":"2026-12-12 00:00:00","user_id":"2760","batch_number":"RCPATE PLAISIRPoulet121226","location":"","quantity":"96.0000","quantity_available":"0.0000","units":"1","status":"archived","order_ids":"[21509,21516,21575,21609,21612,21648,21771,21773,21807,21812,21845,21897,21930,21931,21937]","supplier":"ROYAL CANIN","po":{"id":"2302","date_created":"2025-03-10 22:24:02","batch_id":"2334","po_number":"","supplier":"ROYAL CANIN","cost":null,"regular_price":null,"sale_price":null,"price_margin":null,"price_discount":null}},{"id":"2335","date_created":"2025-03-10 22:24:04","date_expiry":"2026-11-18 00:00:00","user_id":"2760","batch_number":"RCPATE PLAISIRPoulet111126","location":"","quantity":"32.0000","quantity_available":"0.0000","units":"1","status":"archived","order_ids":"[19584,19616,19646,19717,20086,20147,20174,20178,20214,20221,20245,20259]","supplier":"Rabat","po":{"id":"2303","date_created":"2025-03-10 22:24:06","batch_id":"2335","po_number":"","supplier":"Rabat","cost":null,"regular_price":null,"sale_price":null,"price_margin":null,"price_discount":null}},{"id":"2800","date_created":"2025-04-06 02:17:08","date_expiry":"2026-12-13 00:00:00","user_id":"2760","batch_number":"RCPATE PLAISIRPoulet131226","location":"","quantity":"320.0000","quantity_available":"0.0000","units":"1","status":"archived","order_ids":"[21937,21942,21980,22011,22031,22041,22062,22078,22125,22165,22172,22389,22399,22428,22444,22509,22578,22656,22721,22735,22805,22948,22961,22963,22987,22989,23000,23023,23045,23136,23146,23189,23192,23278,23280,23296,23308,23336,23369,23445,23464,23468,23470,23493,23512,23516,23579,23593,23616,23626,23668,23711,23737,23745,23762,23838,23866,23911,23912,24011,24016,24068,24078,24080,24166,24171,24214,24319]","supplier":"ROYAL CANIN","po":{"id":"2767","date_created":"2025-04-06 02:17:09","batch_id":"2800","po_number":"","supplier":"ROYAL CANIN","cost":null,"regular_price":null,"sale_price":null,"price_margin":null,"price_discount":null}},{"id":"3783","date_created":"2025-06-04 20:02:40","date_expiry":"2027-02-10 00:00:00","user_id":"2760","batch_number":"RCPATE PLAISIRPoulet100227","location":"","quantity":"128.0000","quantity_available":"0.0000","units":"1","status":"archived","order_ids":"[24319,24322,24346,24356,24410,24468,24471,24481,24710,24779,24792,24805,24817,24843,24848,24950,25006,25027,25038,25158,25231,25271,25276,25279,25380,25385,25398,25500,25547,25566,25614,25623,25658]","supplier":"Royal Canin","po":{"id":"3748","date_created":"2025-06-04 20:02:40","batch_id":"3783","po_number":"","supplier":"Royal Canin","cost":null,"regular_price":null,"sale_price":null,"price_margin":null,"price_discount":null}},{"id":"4304","date_created":"2025-07-09 15:14:33","date_expiry":"2027-03-03 00:00:00","user_id":"2760","batch_number":"RCPATE PLAISIRPoulet030327","location":"","quantity":"320.0000","quantity_available":"0.0000","units":"1","status":"archived","order_ids":"[25658,25664,25668,25777,25834,25981,26019,26025,26033,26053,26079,26155,26162,26226,26264,26278,26284,26294,26303,26406,26431,26472,26480,26498,26504,26553,26577,26581,26627,26697,26742,26760,26768,26921,26937,27007,27108,27115,27321,27475,27502,27696,27767,27808,27980,27991,28084,28121,28172,28182,28187,28226,28258,28438,28453,28461,28472,28579,28678,28742,28778,28837,28878,28902,28926,28995,29012,29044,29046,29187,29189,29201,29208,29210]","supplier":"Royal Canin","po":{"id":"4267","date_created":"2025-07-09 15:14:34","batch_id":"4304","po_number":"","supplier":"Royal Canin","cost":null,"regular_price":null,"sale_price":null,"price_margin":null,"price_discount":null}},{"id":"5334","date_created":"2025-09-16 10:40:38","date_expiry":"2027-04-18 00:00:00","user_id":"2760","batch_number":"RCPATE PLAISIRPoulet180427","location":"","quantity":"1600.0000","quantity_available":"923.0000","units":"1","status":"active","order_ids":"[29219,29240,29258,29275,29359,29365,29388,29403,29458,29558,29578,29585,29602,29759,29822,29825,29866,29879,30010,30015,30166,30169,30251,30317,30361,30527,30652,30802,30815,30875,30988,30990,30991,31011,31023,31043,31051,31251,31270,31271,31447,31476,31573,31589,31783,31843,31918,31921,32004,32066,32069,32098,32119,32179,32183,32315,32324,32333,32373,32421,32424,32547,32633,32672,32691,32714,32728,32813,32899,33119,33159,33168,33176,33289,33387,33450,33732,34074,34129,34557,34652,34715,34730,34769,34781,34817,35109,35226,35227,35418,35453,35496,35562,35569,35635,35688,35736,35756,35792,35878,35881,35998,36012,36023,36128,36168,36194,36233,36401,36425,36455,36544,36759,36795,36807,36836,36881,36921,36971,37072,37089,37157,37315,37320,37433,37458,37601,37621,37722,37728,37812,37919,37973,37996,38003,38111,38197,38331,38362,38407,38450,38553,38594,38646,38783,38943,38944,38953,38987,38998,39123]","supplier":"Royal Canin","po":{"id":"5291","date_created":"2025-09-16 10:40:41","batch_id":"5334","po_number":"","supplier":"Royal Canin","cost":null,"regular_price":null,"sale_price":null,"price_margin":null,"price_discount":null}}],"_links":{"self":[{"href":"https:\/\/petworld.ma\/index.php\/wp-json\/wp\/v2\/product\/958","targetHints":{"allow":["GET"]}}],"collection":[{"href":"https:\/\/petworld.ma\/index.php\/wp-json\/wp\/v2\/product"}],"about":[{"href":"https:\/\/petworld.ma\/index.php\/wp-json\/wp\/v2\/types\/product"}],"wp:featuredmedia":[{"embeddable":true,"href":"https:\/\/petworld.ma\/index.php\/wp-json\/wp\/v2\/media\/959"}],"wp:attachment":[{"href":"https:\/\/petworld.ma\/index.php\/wp-json\/wp\/v2\/media?parent=958"}],"wp:term":[{"taxonomy":"product_brand","embeddable":true,"href":"https:\/\/petworld.ma\/index.php\/wp-json\/wp\/v2\/product_brand?post=958"},{"taxonomy":"product_cat","embeddable":true,"href":"https:\/\/petworld.ma\/index.php\/wp-json\/wp\/v2\/product_cat?post=958"},{"taxonomy":"product_tag","embeddable":true,"href":"https:\/\/petworld.ma\/index.php\/wp-json\/wp\/v2\/product_tag?post=958"}],"curies":[{"name":"wp","href":"https:\/\/api.w.org\/{rel}","templated":true}]}}