{"id":961,"date":"2022-12-17T21:50:42","date_gmt":"2022-12-17T21:50:42","guid":{"rendered":"https:\/\/petworld.ma\/?post_type=product&#038;p=961"},"modified":"2026-04-07T14:22:16","modified_gmt":"2026-04-07T14:22:16","slug":"barquette-100g-de-pate-au-boeuf","status":"publish","type":"product","link":"https:\/\/petworld.ma\/index.php\/produit\/barquette-100g-de-pate-au-boeuf\/","title":{"rendered":"Plaisir Barquette 100g de p\u00e2t\u00e9 au BOEUF (convient pour chat st\u00e9rilis\u00e9)"},"content":{"rendered":"<div class=\"product-section description-section\">\n<div class=\"single-description fr-view\">\n<p>Convient aux chats st\u00e9rilis\u00e9s.<\/p>\n<div class=\"product-section description-section\">\n<div class=\"single-description fr-view\">\n<p>Les p\u00e2t\u00e9s Les Repas Plaisir au B\u0153uf contiennent 56% de viandes et sous produits animaux, dont 4% de b\u0153uf. Cela constitue pour votre chat un apport en prot\u00e9ine suffisamment \u00e9lev\u00e9, pour r\u00e9pondre \u00e0 ses besoins quotidiens. De plus, leur texture fondante avec des morceaux est tr\u00e8s gourmande. Ils sont destin\u00e9s aux chats adultes st\u00e9rilis\u00e9s, gr\u00e2ce \u00e0 un apport en DL m\u00e9thionine et un faible taux de mati\u00e8res grasses.<\/p>\n<p><strong><u>Compositions :<\/u><\/strong><\/p>\n<p>Viandes et sous-produits animaux (56% dont b\u0153uf 4%), Substances min\u00e9rales, Sucres.<\/p>\n<p><u><strong>Mode d\u2019emploi :<\/strong><\/u><\/p>\n<p>Servir \u00e0 temp\u00e9rature ambiante. Pour un chat adulte en activit\u00e9 normale, donner en plusieurs repas par jour les quantit\u00e9s indiqu\u00e9es. Il est recommand\u00e9 d&rsquo;adapter la quantit\u00e9 selon l&rsquo;activit\u00e9, et l\u2019\u00e2ge de votre chat.\u00a0Apr\u00e8s ouverture, conserver au r\u00e9frig\u00e9rateur (+4\u00b0C).<\/p>\n<p>&nbsp;<\/p>\n<table border=\"1\" width=\"544\" cellspacing=\"0\" cellpadding=\"0\">\n<tbody>\n<tr>\n<td valign=\"top\" width=\"25%\"><u>poids du chat<\/u><\/td>\n<td valign=\"top\" width=\"25%\">3kg<\/td>\n<td valign=\"top\" width=\"25%\">4kg<\/td>\n<td valign=\"top\" width=\"25%\">5kg<\/td>\n<\/tr>\n<tr>\n<td valign=\"top\" width=\"25%\">chat adulte (12 mois +)<\/td>\n<td valign=\"top\" width=\"25%\">260g<\/td>\n<td valign=\"top\" width=\"25%\">320g<\/td>\n<td valign=\"top\" width=\"25%\">370g<\/td>\n<\/tr>\n<tr>\n<td valign=\"top\" width=\"25%\">chat st\u00e9rilis\u00e9<\/td>\n<td valign=\"top\" width=\"25%\">200g<\/td>\n<td valign=\"top\" width=\"25%\">240g<\/td>\n<td valign=\"top\" width=\"25%\">280g<\/td>\n<\/tr>\n<\/tbody>\n<\/table>\n<\/div>\n<\/div>\n<p><a href=\"https:\/\/wa.me\/212708052510\" target=\"_blank\" rel=\"noopener noreferrer\"><img loading=\"lazy\" decoding=\"async\" class=\"fr-fic fr-dib aligncenter\" src=\"https:\/\/cdn.youcan.shop\/stores\/d0742d556df94ddbc7ae4c9810aff04b\/others\/P0007J0SoWqjZeG2Sg9d301ALLEgyf3naMrDHM4I.png\" width=\"262\" height=\"69\" data-name=\"stores\/d0742d556df94ddbc7ae4c9810aff04b\/others\/P0007J0SoWqjZeG2Sg9d301ALLEgyf3naMrDHM4I.png\" \/><\/a><\/p>\n<\/div>\n<\/div>\n<div class=\"product-section add-to-cart-section\">\n<div class=\"quantity\"><\/div>\n<\/div>\n","protected":false},"excerpt":{"rendered":"<p>Convient aux chats st\u00e9rilis\u00e9s. Les p\u00e2t\u00e9s Les Repas Plaisir au B\u0153uf contiennent 56% de viandes et sous produits animaux, dont 4% de b\u0153uf. Cela constitue pour votre chat un apport en prot\u00e9ine suffisamment \u00e9lev\u00e9, pour r\u00e9pondre \u00e0 ses besoins quotidiens. De plus, leur texture fondante avec des morceaux est tr\u00e8s gourmande. Ils sont destin\u00e9s aux [&#8230;]\n","protected":false},"featured_media":962,"template":"","meta":{"jetpack_publicize_message":"","jetpack_publicize_feature_enabled":true,"jetpack_social_post_already_shared":false,"jetpack_social_options":{"image_generator_settings":{"template":"highway","default_image_id":0,"font":"","enabled":false},"version":2}},"product_brand":[],"product_cat":[41],"product_tag":[],"class_list":{"0":"post-961","1":"product","2":"type-product","3":"status-publish","4":"has-post-thumbnail","6":"product_cat-friandises-et-pate-pour-chat","8":"first","9":"instock","10":"taxable","11":"shipping-taxable","12":"purchasable","13":"product-type-simple"},"supplier_id":5587,"supplier_sku":"6772","barcode":null,"atum_controlled":true,"out_stock_date":null,"out_stock_threshold":null,"inheritable":false,"inbound_stock":0,"stock_on_hold":35,"sold_today":1,"sales_last_days":39,"reserved_stock":0,"customer_returns":0,"warehouse_damage":0,"lost_in_post":0,"other_logs":0,"out_stock_days":0,"lost_sales":0,"has_location":false,"update_date":"2026-04-07T14:22:21","atum_locations":[],"atum_stock_status":"instock","restock_status":false,"low_stock_amount":320,"sales_update_date":"2026-04-07T14:22:19","calc_backorders":null,"jetpack_publicize_connections":[],"jetpack_sharing_enabled":true,"batches":[{"id":"771","date_created":"2024-11-08 20:38:34","date_expiry":"2026-06-08 00:00:00","user_id":"2461","batch_number":"RCPATEPlaisirBoeuf080626","location":"","quantity":"138.0000","quantity_available":"0.0000","units":"1","status":"archived","order_ids":"[14211,14259,14378,14404,14408,14565,14577,14619,14657,14713,14846,15035,15057,15063,15088,15137,15295,15434,15444,15531,15595,15660,15679,15787,15862,15995,16026,16061,16329]","supplier":"Royal Canin","po":{"id":"748","date_created":"2024-11-08 20:38:34","batch_id":"771","po_number":"","supplier":"Royal Canin","cost":null,"regular_price":null,"sale_price":null,"price_margin":null,"price_discount":null}},{"id":"772","date_created":"2024-11-08 20:38:34","date_expiry":"2026-08-18 00:00:00","user_id":"2461","batch_number":"RCPATEPlaisirBoeuf180826","location":"","quantity":"192.0000","quantity_available":"0.0000","units":"1","status":"archived","order_ids":"[16355,16397,16489,16594,16691,16708,16761,17103,17231,17232,17270,17346,17364,17429,17449,17537,17580,17800,17883,17940,17956,18010,18098,18345,18454,18466,18520,18532,18653,18657,18756,18791,18916,18922,18926,19067,19201,19213,19246]","supplier":"Royal Canin","po":{"id":"749","date_created":"2024-11-08 20:38:35","batch_id":"772","po_number":"","supplier":"Royal Canin","cost":null,"regular_price":null,"sale_price":null,"price_margin":null,"price_discount":null}},{"id":"1085","date_created":"2024-12-08 11:10:55","date_expiry":"2026-10-21 00:00:00","user_id":"2461","batch_number":"RCPATEPlaisirBoeuf211026","location":"","quantity":"32.0000","quantity_available":"0.0000","units":"1","status":"archived","order_ids":"[19246,19450,19523,19584,20086,20176]","supplier":"Royal Canin","po":{"id":"1062","date_created":"2024-12-08 11:10:55","batch_id":"1085","po_number":"","supplier":"Royal Canin","cost":null,"regular_price":null,"sale_price":null,"price_margin":null,"price_discount":null}},{"id":"1247","date_created":"2024-12-17 22:53:54","date_expiry":"2026-10-21 00:00:00","user_id":"2461","batch_number":"RCPATEPlaisirBoeuf211026","location":"","quantity":"32.0000","quantity_available":"0.0000","units":"1","status":"archived","order_ids":"[19584,20176,20214]","supplier":"Royal Canin","po":{"id":"1220","date_created":"2024-12-17 22:53:56","batch_id":"1247","po_number":"","supplier":"Royal Canin","cost":null,"regular_price":null,"sale_price":null,"price_margin":null,"price_discount":null}},{"id":"1594","date_created":"2025-01-10 21:19:44","date_expiry":"2026-10-22 00:00:00","user_id":"2461","batch_number":"RCPATEPlaisirBoeuf221026","location":"","quantity":"64.0000","quantity_available":"0.0000","units":"1","status":"archived","order_ids":"[19731,20214,20221,20224,20276,20314,20403,20515,20530,20539,20604,20732,20834]","supplier":"Royal Canin","po":{"id":"1568","date_created":"2025-01-10 21:19:47","batch_id":"1594","po_number":"","supplier":"Royal Canin","cost":null,"regular_price":null,"sale_price":null,"price_margin":null,"price_discount":null}},{"id":"2518","date_created":"2025-03-27 21:41:46","date_expiry":"2026-12-13 00:00:00","user_id":"2461","batch_number":"RCPATEPlaisirBoeuf131226","location":"","quantity":"96.0000","quantity_available":"0.0000","units":"1","status":"archived","order_ids":"[20834,20911,20944,21029,21224,21269,21286,21358,21381,21401,21612,21897]","supplier":"Royal Canin","po":{"id":"2486","date_created":"2025-03-27 21:41:49","batch_id":"2518","po_number":"","supplier":"Royal Canin","cost":null,"regular_price":null,"sale_price":null,"price_margin":null,"price_discount":null}},{"id":"2797","date_created":"2025-04-06 02:14:16","date_expiry":"2026-12-20 00:00:00","user_id":"2461","batch_number":"RCPATEPlaisirBoeuf201226","location":"","quantity":"320.0000","quantity_available":"0.0000","units":"1","status":"archived","order_ids":"[21897,21931,22011,22092,22114,22125,22165,22389,22924,22961,23136,23146,23278,23280,23296,23336,23381,23453,23493,23516,23593,23626,23666,23668,23711,23722,23737,23744,23745,23759,23838,23845,23996,24016,24203,24283,24297,24346,24413,24436,24620,24817,25158,25182,25276,25385,27702,27767]","supplier":"Royal Canin","po":{"id":"2766","date_created":"2025-04-06 02:14:23","batch_id":"2797","po_number":"","supplier":"Royal Canin","cost":null,"regular_price":null,"sale_price":null,"price_margin":null,"price_discount":null}},{"id":"3786","date_created":"2025-06-04 20:08:52","date_expiry":"2027-02-20 00:00:00","user_id":"2461","batch_number":"RCPATEPlaisirBoeuf200227","location":"","quantity":"160.0000","quantity_available":"0.0000","units":"1","status":"archived","order_ids":"[25385,25398,25400,25459,25496,25522,25547,25566,25623,25658,25779,26019,26025,26071,26294,26434,26460,26468,26471,26472,26480,26504,26627,26657,26699,26706]","supplier":"Royal Canin","po":{"id":"3751","date_created":"2025-06-04 20:08:53","batch_id":"3786","po_number":"","supplier":"Royal Canin","cost":null,"regular_price":null,"sale_price":null,"price_margin":null,"price_discount":null}},{"id":"4305","date_created":"2025-07-09 15:15:36","date_expiry":"2027-03-09 00:00:00","user_id":"2461","batch_number":"RCPATEPlaisirBoeuf090327","location":"","quantity":"320.0000","quantity_available":"0.0000","units":"1","status":"archived","order_ids":"[26706,26758,26964,27192,27579,27861,27911,28047,28048,28146,28182,28226,28311,28453,28461,28556,28579,28678,28742,29044,29046,29122,29166,29201,29240,29258,29275,29365,29403,29489,29501,29578,29717,29822,29825,29602,29879,29923,30015,30052,30084,30251,30318,30306,30572,30802,30886,30940,30983,31023,31044,31121,31174,31182,31234,29388,31316,31455,31476,31573]","supplier":"GROWMANIA","po":{"id":"4268","date_created":"2025-07-09 15:15:37","batch_id":"4305","po_number":"","supplier":"GROWMANIA","cost":null,"regular_price":null,"sale_price":null,"price_margin":null,"price_discount":null}},{"id":"5338","date_created":"2025-09-16 10:46:42","date_expiry":"2027-04-25 00:00:00","user_id":"2461","batch_number":"RCPATEPlaisirBoeuf250427","location":"","quantity":"1600.0000","quantity_available":"1179.0000","units":"1","status":"active","order_ids":"[31573,31607,31783,31921,32004,32095,32179,32255,32257,32266,32324,32373,32421,32424,32446,32714,33139,33159,33165,33168,33184,33257,33367,33732,33868,34074,34203,34652,34693,34715,34743,34769,34781,34863,35037,35418,35496,35562,35756,35881,35998,36012,36233,36425,36455,36550,36730,36881,37072,37315,37367,37379,37433,37457,37628,37728,37973,38111,38162,38331,38362,38450,38553,38641,38646,38953,38987,38998,39095,39123]","supplier":"Royal Canin","po":{"id":"5295","date_created":"2025-09-16 10:46:43","batch_id":"5338","po_number":"","supplier":"Royal Canin","cost":null,"regular_price":null,"sale_price":null,"price_margin":null,"price_discount":null}}],"_links":{"self":[{"href":"https:\/\/petworld.ma\/index.php\/wp-json\/wp\/v2\/product\/961","targetHints":{"allow":["GET"]}}],"collection":[{"href":"https:\/\/petworld.ma\/index.php\/wp-json\/wp\/v2\/product"}],"about":[{"href":"https:\/\/petworld.ma\/index.php\/wp-json\/wp\/v2\/types\/product"}],"wp:featuredmedia":[{"embeddable":true,"href":"https:\/\/petworld.ma\/index.php\/wp-json\/wp\/v2\/media\/962"}],"wp:attachment":[{"href":"https:\/\/petworld.ma\/index.php\/wp-json\/wp\/v2\/media?parent=961"}],"wp:term":[{"taxonomy":"product_brand","embeddable":true,"href":"https:\/\/petworld.ma\/index.php\/wp-json\/wp\/v2\/product_brand?post=961"},{"taxonomy":"product_cat","embeddable":true,"href":"https:\/\/petworld.ma\/index.php\/wp-json\/wp\/v2\/product_cat?post=961"},{"taxonomy":"product_tag","embeddable":true,"href":"https:\/\/petworld.ma\/index.php\/wp-json\/wp\/v2\/product_tag?post=961"}],"curies":[{"name":"wp","href":"https:\/\/api.w.org\/{rel}","templated":true}]}}