{"id":9660,"date":"2024-06-29T10:06:20","date_gmt":"2024-06-29T10:06:20","guid":{"rendered":"https:\/\/petworld.ma\/index.php\/produit\/repulsif-urinaire-interieur-et-exterieur-pour-chat-et-chien-vetocare-200ml\/"},"modified":"2026-04-28T21:17:24","modified_gmt":"2026-04-28T21:17:24","slug":"repulsif-urinaire-interieur-et-exterieur-pour-chat-et-chien-vetocare-200ml","status":"publish","type":"product","link":"https:\/\/petworld.ma\/index.php\/produit\/repulsif-urinaire-interieur-et-exterieur-pour-chat-et-chien-vetocare-200ml\/","title":{"rendered":"Repulsif Urinaire Interieur et Exterieur pour Chat et Chien VetoCare 200ml"},"content":{"rendered":"<p>Le spray dissuasif vetocare permettra de repousser a \u00e9duquer votre chien ou chat ? il vous aidera a stopper de mani\u00e8re imm\u00e9diate et durable les comportements ind\u00e9sirables de votre animal .<\/p>\n<p>Le spray contient des ar\u00f4mes qui incitent la plupart des chiens et chats \u00e0 \u00e9viter les zones marqu\u00e9es. Ce spray est tr\u00e9s facile \u00e0 utiliser. Il suffit de vaporiser sur la zone pendant plusieurs jours pour apprendre \u00e0 votre chien ou chat a ne pas y aller<span style=\"font-size: 14.4px\">.<\/span><\/p>\n","protected":false},"excerpt":{"rendered":"<p>Le spray dissuasif vetocare permettra de repousser a \u00e9duquer votre chien ou chat ? il vous aidera a stopper de mani\u00e8re imm\u00e9diate et durable les comportements ind\u00e9sirables de votre animal . Le spray contient des ar\u00f4mes qui incitent la plupart des chiens et chats \u00e0 \u00e9viter les zones marqu\u00e9es. Ce spray est tr\u00e9s facile \u00e0 [&#8230;]\n","protected":false},"featured_media":9659,"template":"","meta":{"jetpack_publicize_message":"","jetpack_publicize_feature_enabled":true,"jetpack_social_post_already_shared":true,"jetpack_social_options":{"image_generator_settings":{"template":"highway","default_image_id":0,"font":"","enabled":false},"version":2}},"product_brand":[],"product_cat":[95,92,106,94],"product_tag":[],"class_list":{"0":"post-9660","1":"product","2":"type-product","3":"status-publish","4":"has-post-thumbnail","6":"product_cat-arbres-a-chat","7":"product_cat-harnais-et-laisses-pour-chien","8":"product_cat-jouet-et-dressage","9":"product_cat-litieres-et-bacs","11":"first","12":"instock","13":"sale","14":"taxable","15":"shipping-taxable","16":"purchasable","17":"product-type-simple"},"supplier_id":5588,"supplier_sku":"","barcode":null,"atum_controlled":true,"out_stock_date":null,"out_stock_threshold":null,"inheritable":false,"inbound_stock":0,"stock_on_hold":1,"sold_today":0,"sales_last_days":2,"reserved_stock":0,"customer_returns":0,"warehouse_damage":0,"lost_in_post":0,"other_logs":0,"out_stock_days":0,"lost_sales":0,"has_location":false,"update_date":"2026-04-29T12:26:16","atum_locations":[],"atum_stock_status":"instock","restock_status":false,"low_stock_amount":12,"sales_update_date":"2026-04-29T12:26:16","calc_backorders":null,"jetpack_publicize_connections":[],"jetpack_sharing_enabled":true,"batches":[{"id":"492","date_created":"2024-10-03 09:18:07","date_expiry":"2027-01-31 00:00:00","user_id":"50","batch_number":"SPRAYDissuasif200ML310127","location":"","quantity":"18.0000","quantity_available":"0.0000","units":"1","status":"archived","order_ids":"[12271,12296,12860,12947,13775,13865,14213,14265,14362,14845,14885,14961,15021,15098,15110,15116,15190,15585,15845]","supplier":"mera","po":{"id":"475","date_created":"2024-10-03 09:18:08","batch_id":"492","po_number":"","supplier":"mera","cost":null,"regular_price":null,"sale_price":null,"price_margin":null,"price_discount":null}},{"id":"971","date_created":"2024-11-29 10:04:06","date_expiry":"2027-07-31 00:00:00","user_id":"50","batch_number":"SPRAYDissuasif200ML310727","location":"","quantity":"2.0000","quantity_available":"0.0000","units":"1","status":"archived","order_ids":"[16180,16246]","supplier":"mera","po":{"id":"949","date_created":"2024-11-29 10:04:06","batch_id":"971","po_number":"","supplier":"mera","cost":null,"regular_price":null,"sale_price":null,"price_margin":null,"price_discount":null}},{"id":"1004","date_created":"2024-12-03 23:57:18","date_expiry":"2027-07-31 00:00:00","user_id":"50","batch_number":"SPRAYDissuasif200ML310727","location":"","quantity":"12.0000","quantity_available":"0.0000","units":"1","status":"archived","order_ids":"[16247,16314,16467,16506,16796,16935,16962,17190,17552,17824]","supplier":"mera","po":{"id":"982","date_created":"2024-12-03 23:57:21","batch_id":"1004","po_number":"","supplier":"mera","cost":null,"regular_price":null,"sale_price":null,"price_margin":null,"price_discount":null}},{"id":"1692","date_created":"2025-01-20 21:30:50","date_expiry":"2028-01-31 00:00:00","user_id":"50","batch_number":"SPRAYDissuasif200ML310128","location":"","quantity":"5.0000","quantity_available":"0.0000","units":"1","status":"archived","order_ids":"[19532,19623,20124,20185]","supplier":"mera","po":{"id":"1666","date_created":"2025-01-20 21:30:53","batch_id":"1692","po_number":"","supplier":"mera","cost":null,"regular_price":null,"sale_price":null,"price_margin":null,"price_discount":null}},{"id":"1846","date_created":"2025-02-01 18:14:38","date_expiry":"2028-01-31 00:00:00","user_id":"50","batch_number":"SPRAYDissuasif200ML310128","location":"","quantity":"3.0000","quantity_available":"0.0000","units":"1","status":"archived","order_ids":"[17860,18153]","supplier":"mera","po":{"id":"1820","date_created":"2025-02-01 18:14:41","batch_id":"1846","po_number":"","supplier":"mera","cost":null,"regular_price":null,"sale_price":null,"price_margin":null,"price_discount":null}},{"id":"1975","date_created":"2025-02-12 18:44:23","date_expiry":"2028-01-31 00:00:00","user_id":"50","batch_number":"SPRAYDissuasif200ML310128","location":"","quantity":"3.0000","quantity_available":"0.0000","units":"1","status":"archived","order_ids":"[18498,19232]","supplier":"mera","po":{"id":"1947","date_created":"2025-02-12 18:44:26","batch_id":"1975","po_number":"","supplier":"mera","cost":null,"regular_price":null,"sale_price":null,"price_margin":null,"price_discount":null}},{"id":"2119","date_created":"2025-02-21 17:21:57","date_expiry":"2028-01-31 00:00:00","user_id":"50","batch_number":"SPRAYDissuasif200ML310128","location":"","quantity":"2.0000","quantity_available":"0.0000","units":"1","status":"archived","order_ids":"[18196,18214]","supplier":"mera","po":{"id":"2089","date_created":"2025-02-21 17:22:00","batch_id":"2119","po_number":"","supplier":"mera","cost":null,"regular_price":null,"sale_price":null,"price_margin":null,"price_discount":null}},{"id":"2212","date_created":"2025-02-27 21:26:25","date_expiry":"2028-01-31 00:00:00","user_id":"50","batch_number":"SPRAYDissuasif200ML310128","location":"","quantity":"4.0000","quantity_available":"0.0000","units":"1","status":"archived","order_ids":"[19235,19508,19526,19528]","supplier":"mera","po":{"id":"2181","date_created":"2025-02-27 21:26:28","batch_id":"2212","po_number":"","supplier":"mera","cost":null,"regular_price":null,"sale_price":null,"price_margin":null,"price_discount":null}},{"id":"2265","date_created":"2025-03-06 21:26:18","date_expiry":"2028-01-31 00:00:00","user_id":"50","batch_number":"SPRAYDissuasif200ML310128","location":"","quantity":"1.0000","quantity_available":"0.0000","units":"1","status":"archived","order_ids":"[18793]","supplier":"mera","po":{"id":"2234","date_created":"2025-03-06 21:26:21","batch_id":"2265","po_number":"","supplier":"mera","cost":null,"regular_price":null,"sale_price":null,"price_margin":null,"price_discount":null}},{"id":"2374","date_created":"2025-03-14 20:49:59","date_expiry":"2028-01-31 00:00:00","user_id":"50","batch_number":"SPRAYDissuasif200ML310128","location":"","quantity":"1.0000","quantity_available":"0.0000","units":"1","status":"archived","order_ids":"[19156]","supplier":"mera","po":{"id":"2343","date_created":"2025-03-14 20:50:02","batch_id":"2374","po_number":"","supplier":"mera","cost":null,"regular_price":null,"sale_price":null,"price_margin":null,"price_discount":null}},{"id":"3290","date_created":"2025-05-02 21:42:08","date_expiry":"2028-01-31 00:00:00","user_id":"50","batch_number":"SPRAYDissuasif200ML310128","location":"","quantity":"12.0000","quantity_available":"0.0000","units":"1","status":"archived","order_ids":"[21380,21394,21453,21473,21475,21556,21754,21890]","supplier":"mera","po":{"id":"3257","date_created":"2025-05-02 21:42:09","batch_id":"3290","po_number":"","supplier":"mera","cost":null,"regular_price":null,"sale_price":null,"price_margin":null,"price_discount":null}},{"id":"3372","date_created":"2025-05-08 23:05:18","date_expiry":"2028-01-31 00:00:00","user_id":"50","batch_number":"SPRAYDissuasif200ML310128","location":"","quantity":"48.0000","quantity_available":"0.0000","units":"1","status":"archived","order_ids":"[22499,22672,22931,23184,23271,25528,25552,25629,25672,25853,26331,26345,26933,27176,27183,27546,27631,28037,28212,28581,28611,28662,28909,29051,29063,29255,29518,29763,30072,31230,31315,31552,31867,32184,32378,32650,32718,32808,32826,32807,33058,33224,33231,33284]","supplier":"mera","po":{"id":"3339","date_created":"2025-05-08 23:05:18","batch_id":"3372","po_number":"","supplier":"mera","cost":null,"regular_price":null,"sale_price":null,"price_margin":null,"price_discount":null}},{"id":"3993","date_created":"2025-06-15 12:01:27","date_expiry":"2028-01-31 00:00:00","user_id":"50","batch_number":"SPRAYDissuasif200ML310128","location":"","quantity":"12.0000","quantity_available":"0.0000","units":"1","status":"archived","order_ids":"[23679,23743,23879,23986,24188,24767,24782,25069,25097]","supplier":"mera","po":{"id":"3956","date_created":"2025-06-15 12:01:27","batch_id":"3993","po_number":"","supplier":"mera","cost":null,"regular_price":null,"sale_price":null,"price_margin":null,"price_discount":null}},{"id":"7080","date_created":"2026-01-07 14:34:41","date_expiry":"2028-12-31 00:00:00","user_id":"50","batch_number":"SPRAYDissuasif200ML311228","location":"","quantity":"12.0000","quantity_available":"0.0000","units":"1","status":"archived","order_ids":"[33284,33391,33486,33545,33748,33776,33823,34030,34195,34196]","supplier":"MERA","po":{"id":"7016","date_created":"2026-01-07 14:34:41","batch_id":"7080","po_number":"","supplier":"MERA","cost":null,"regular_price":null,"sale_price":null,"price_margin":null,"price_discount":null}},{"id":"7292","date_created":"2026-01-22 12:08:47","date_expiry":"2028-12-31 00:00:00","user_id":"50","batch_number":"SPRAYDissuasif200ML311228","location":"","quantity":"10.0000","quantity_available":"0.0000","units":"1","status":"archived","order_ids":"[34436,34591,34768,34900,35295,35303,37501]","supplier":"MERA","po":{"id":"7228","date_created":"2026-01-22 12:08:48","batch_id":"7292","po_number":"","supplier":"MERA","cost":null,"regular_price":null,"sale_price":null,"price_margin":null,"price_discount":null}},{"id":"7360","date_created":"2026-01-27 14:36:23","date_expiry":"2028-12-31 00:00:00","user_id":"50","batch_number":"SPRAYDissuasif200ML311228","location":"","quantity":"10.0000","quantity_available":"0.0000","units":"1","status":"archived","order_ids":"[35397,35485,35528,35554,35710,35796,35851,36216]","supplier":"MERA","po":{"id":"7296","date_created":"2026-01-27 14:36:23","batch_id":"7360","po_number":"","supplier":"MERA","cost":null,"regular_price":null,"sale_price":null,"price_margin":null,"price_discount":null}},{"id":"7709","date_created":"2026-02-14 14:14:41","date_expiry":"2028-12-31 00:00:00","user_id":"50","batch_number":"SPRAYDissuasif200ML311228","location":"","quantity":"12.0000","quantity_available":"5.0000","units":"1","status":"active","order_ids":"[36216,36619,36675,37530,37832,40499,40946]","supplier":"MERA","po":{"id":"7644","date_created":"2026-02-14 14:14:41","batch_id":"7709","po_number":"","supplier":"MERA","cost":null,"regular_price":null,"sale_price":null,"price_margin":null,"price_discount":null}},{"id":"8069","date_created":"2026-03-05 10:50:44","date_expiry":"2028-12-31 00:00:00","user_id":"50","batch_number":"SPRAYDissuasif200ML311228","location":"","quantity":"2.0000","quantity_available":"0.0000","units":"1","status":"archived","order_ids":"[37411,37501]","supplier":"MERA","po":{"id":"8007","date_created":"2026-03-05 10:50:44","batch_id":"8069","po_number":"","supplier":"MERA","cost":null,"regular_price":null,"sale_price":null,"price_margin":null,"price_discount":null}},{"id":"9090","date_created":"2026-04-25 09:28:44","date_expiry":"2029-04-30 00:00:00","user_id":"50","batch_number":"SPRAYDissuasif200ML310429","location":"","quantity":"12.0000","quantity_available":"12.0000","units":"1","status":"active","order_ids":null,"supplier":"mera","po":{"id":"9013","date_created":"2026-04-25 09:28:45","batch_id":"9090","po_number":"","supplier":"mera","cost":null,"regular_price":null,"sale_price":null,"price_margin":null,"price_discount":null}}],"_links":{"self":[{"href":"https:\/\/petworld.ma\/index.php\/wp-json\/wp\/v2\/product\/9660","targetHints":{"allow":["GET"]}}],"collection":[{"href":"https:\/\/petworld.ma\/index.php\/wp-json\/wp\/v2\/product"}],"about":[{"href":"https:\/\/petworld.ma\/index.php\/wp-json\/wp\/v2\/types\/product"}],"wp:featuredmedia":[{"embeddable":true,"href":"https:\/\/petworld.ma\/index.php\/wp-json\/wp\/v2\/media\/9659"}],"wp:attachment":[{"href":"https:\/\/petworld.ma\/index.php\/wp-json\/wp\/v2\/media?parent=9660"}],"wp:term":[{"taxonomy":"product_brand","embeddable":true,"href":"https:\/\/petworld.ma\/index.php\/wp-json\/wp\/v2\/product_brand?post=9660"},{"taxonomy":"product_cat","embeddable":true,"href":"https:\/\/petworld.ma\/index.php\/wp-json\/wp\/v2\/product_cat?post=9660"},{"taxonomy":"product_tag","embeddable":true,"href":"https:\/\/petworld.ma\/index.php\/wp-json\/wp\/v2\/product_tag?post=9660"}],"curies":[{"name":"wp","href":"https:\/\/api.w.org\/{rel}","templated":true}]}}