{"id":9742,"date":"2024-07-02T16:07:10","date_gmt":"2024-07-02T16:07:10","guid":{"rendered":"https:\/\/petworld.ma\/?post_type=product&#038;p=9742"},"modified":"2026-04-13T14:54:35","modified_gmt":"2026-04-13T14:54:35","slug":"ownat-grain-free-sans-cereale-prime-hair-skin-3kg","status":"publish","type":"product","link":"https:\/\/petworld.ma\/index.php\/produit\/ownat-grain-free-sans-cereale-prime-hair-skin-3kg\/","title":{"rendered":"Ownat Grain Free (sans c\u00e9r\u00e9ale) Prime Hair And Skin 3kg"},"content":{"rendered":"<p>Sp\u00e9cialement indiqu\u00e9 pour le soin de la peau et du poil, il contient une combinaison \u00e9quilibr\u00e9e d&rsquo;acides om\u00e9ga-3 et om\u00e9ga-6, associ\u00e9e \u00e0 un complexe de vitamines A, E, de biotine et de min\u00e9raux (zinc, s\u00e9l\u00e9nium), qui donnent une peau saine et un poil brillant et soyeux.<\/p>\n<p><strong>Composition:<\/strong><\/p>\n<p>Viande fra\u00eeche de poulet et de dinde* (min. 50% avant l&rsquo;extrusion), viande d\u00e9shydrat\u00e9e (20%), racines de manioc*, graisse de volaille (pr\u00e9serv\u00e9e avec des antioxydants naturels), petits pois entiers*, poissons d\u00e9shydrat\u00e9s (anchois du P\u00e9rou, chinchard et maquereau), pomme de terre d\u00e9shydrat\u00e9e*, pulpe de betterave, \u0153uf d\u00e9shydrat\u00e9*, levure de bi\u00e8re*, prot\u00e9ines de poulet hydrolys\u00e9es, huile de poisson (pr\u00e9serv\u00e9e avec des antioxydants naturels), graines de lin*, pomme fra\u00eeche* (1%), sel gemme*, luzerne d\u00e9shydrat\u00e9e*, fructo-oligosaccharides et mannane-oligosaccharides, algues marines d\u00e9shydrat\u00e9es*, glucosamine, chondro\u00eftine, yucca schidigera, airelles*, thym*, fleur de camomille*, fenouil*, \u00e9chinac\u00e9es*, th\u00e9 vert*. *Ingr\u00e9dients naturels<\/p>\n<p><strong>Constituants analytiques:<\/strong><\/p>\n<p>Prot\u00e9ine: 40%, teneur en mati\u00e8res grasses: 20%, cellulose brute: 3%, mati\u00e8re inorganique: 8,5%, humidit\u00e9: 8%, Om\u00e9ga 6: 3,6%, Om\u00e9ga 3: 0,65%, calcium: 1,4%, phosphore: 1%.<\/p>\n<p><strong>Tableau des rations<\/strong><\/p>\n<table>\n<tbody>\n<tr>\n<td>Poids chat (kg)<\/td>\n<td>Gr.\/ jour<\/td>\n<\/tr>\n<tr>\n<td>1-3<\/td>\n<td>15-45<\/td>\n<\/tr>\n<tr>\n<td>4<\/td>\n<td>45-55<\/td>\n<\/tr>\n<tr>\n<td>5<\/td>\n<td>55-65<\/td>\n<\/tr>\n<tr>\n<td>Chatte gestante<\/td>\n<td>80-100<\/td>\n<\/tr>\n<tr>\n<td>Chatte allaitante<\/td>\n<td>Disposition libre<\/td>\n<\/tr>\n<\/tbody>\n<\/table>\n","protected":false},"excerpt":{"rendered":"<p>Sp\u00e9cialement indiqu\u00e9 pour le soin de la peau et du poil, il contient une combinaison \u00e9quilibr\u00e9e d&rsquo;acides om\u00e9ga-3 et om\u00e9ga-6, associ\u00e9e \u00e0 un complexe de vitamines A, E, de biotine et de min\u00e9raux (zinc, s\u00e9l\u00e9nium), qui donnent une peau saine et un poil brillant et soyeux. Composition: Viande fra\u00eeche de poulet et de dinde* (min. [&#8230;]\n","protected":false},"featured_media":9744,"template":"","meta":{"jetpack_publicize_message":"","jetpack_publicize_feature_enabled":true,"jetpack_social_post_already_shared":true,"jetpack_social_options":{"image_generator_settings":{"template":"highway","default_image_id":0,"font":"","enabled":false},"version":2}},"product_brand":[],"product_cat":[40],"product_tag":[],"class_list":{"0":"post-9742","1":"product","2":"type-product","3":"status-publish","4":"has-post-thumbnail","6":"product_cat-coquettes-pour-chat","8":"first","9":"instock","10":"taxable","11":"shipping-taxable","12":"purchasable","13":"product-type-simple"},"supplier_id":5595,"supplier_sku":"72","barcode":null,"atum_controlled":true,"out_stock_date":null,"out_stock_threshold":null,"inheritable":false,"inbound_stock":0,"stock_on_hold":0,"sold_today":0,"sales_last_days":0,"reserved_stock":0,"customer_returns":0,"warehouse_damage":0,"lost_in_post":0,"other_logs":0,"out_stock_days":0,"lost_sales":0,"has_location":false,"update_date":"2026-04-28T00:14:26","atum_locations":[],"atum_stock_status":"instock","restock_status":false,"low_stock_amount":2,"sales_update_date":"2026-04-28T00:14:26","calc_backorders":null,"jetpack_publicize_connections":[],"jetpack_sharing_enabled":true,"batches":[{"id":"1011","date_created":"2024-12-04 10:45:10","date_expiry":"2024-12-31 00:00:00","user_id":"50","batch_number":"OwnatGFSkin3kg3112224","location":"","quantity":"1.0000","quantity_available":"0.0000","units":"1","status":"archived","order_ids":"[15715]","supplier":"Ownat","po":{"id":"989","date_created":"2024-12-04 10:45:11","batch_id":"1011","po_number":"","supplier":"Ownat","cost":null,"regular_price":null,"sale_price":null,"price_margin":null,"price_discount":null}},{"id":"2317","date_created":"2025-03-08 09:20:30","date_expiry":"2026-05-31 00:00:00","user_id":"50","batch_number":"OwnatGFSkin3kg310726","location":"","quantity":"1.0000","quantity_available":"0.0000","units":"1","status":"archived","order_ids":"[24777]","supplier":"Ownat","po":{"id":"2285","date_created":"2025-03-08 09:20:33","batch_id":"2317","po_number":"","supplier":"Ownat","cost":null,"regular_price":null,"sale_price":null,"price_margin":null,"price_discount":null}},{"id":"4645","date_created":"2025-08-01 08:47:13","date_expiry":"2026-09-30 00:00:00","user_id":"50","batch_number":"OwnatGFSkin3kg300926","location":"","quantity":"3.0000","quantity_available":"0.0000","units":"1","status":"archived","order_ids":"[26953,27092,28708]","supplier":"Ownat","po":{"id":"4609","date_created":"2025-08-01 08:47:13","batch_id":"4645","po_number":"","supplier":"Ownat","cost":null,"regular_price":null,"sale_price":null,"price_margin":null,"price_discount":null}},{"id":"6238","date_created":"2025-11-16 12:37:54","date_expiry":"2026-09-30 00:00:00","user_id":"50","batch_number":"OwnatGFSkin3kg300926","location":"","quantity":"2.0000","quantity_available":"0.0000","units":"1","status":"archived","order_ids":"[32084,32318]","supplier":"Ownat","po":{"id":"6184","date_created":"2025-11-16 12:37:55","batch_id":"6238","po_number":"","supplier":"Ownat","cost":null,"regular_price":null,"sale_price":null,"price_margin":null,"price_discount":null}},{"id":"8063","date_created":"2026-02-28 21:59:29","date_expiry":"2026-12-30 00:00:00","user_id":"50","batch_number":"OwnatGFSkin3kg301226","location":"","quantity":"2.0000","quantity_available":"0.0000","units":"1","status":"archived","order_ids":"[37950,38915]","supplier":"Ownat","po":{"id":"8001","date_created":"2026-02-28 21:59:30","batch_id":"8063","po_number":"","supplier":"Ownat","cost":null,"regular_price":null,"sale_price":null,"price_margin":null,"price_discount":null}},{"id":"8531","date_created":"2026-03-26 14:16:31","date_expiry":"2026-12-30 00:00:00","user_id":"50","batch_number":"OwnatGFSkin3kg301226","location":"","quantity":"1.0000","quantity_available":"0.0000","units":"1","status":"archived","order_ids":"[38915]","supplier":"Ownat","po":{"id":"8459","date_created":"2026-03-26 14:16:31","batch_id":"8531","po_number":"","supplier":"Ownat","cost":null,"regular_price":null,"sale_price":null,"price_margin":null,"price_discount":null}},{"id":"8805","date_created":"2026-04-13 14:54:34","date_expiry":"2026-12-30 00:00:00","user_id":"50","batch_number":"OwnatGFSkin3kg301226","location":"","quantity":"2.0000","quantity_available":"2.0000","units":"1","status":"active","order_ids":null,"supplier":"Ownat","po":{"id":"8732","date_created":"2026-04-13 14:54:35","batch_id":"8805","po_number":"","supplier":"Ownat","cost":null,"regular_price":null,"sale_price":null,"price_margin":null,"price_discount":null}}],"_links":{"self":[{"href":"https:\/\/petworld.ma\/index.php\/wp-json\/wp\/v2\/product\/9742","targetHints":{"allow":["GET"]}}],"collection":[{"href":"https:\/\/petworld.ma\/index.php\/wp-json\/wp\/v2\/product"}],"about":[{"href":"https:\/\/petworld.ma\/index.php\/wp-json\/wp\/v2\/types\/product"}],"wp:featuredmedia":[{"embeddable":true,"href":"https:\/\/petworld.ma\/index.php\/wp-json\/wp\/v2\/media\/9744"}],"wp:attachment":[{"href":"https:\/\/petworld.ma\/index.php\/wp-json\/wp\/v2\/media?parent=9742"}],"wp:term":[{"taxonomy":"product_brand","embeddable":true,"href":"https:\/\/petworld.ma\/index.php\/wp-json\/wp\/v2\/product_brand?post=9742"},{"taxonomy":"product_cat","embeddable":true,"href":"https:\/\/petworld.ma\/index.php\/wp-json\/wp\/v2\/product_cat?post=9742"},{"taxonomy":"product_tag","embeddable":true,"href":"https:\/\/petworld.ma\/index.php\/wp-json\/wp\/v2\/product_tag?post=9742"}],"curies":[{"name":"wp","href":"https:\/\/api.w.org\/{rel}","templated":true}]}}